{"id":11060,"date":"2015-09-19T14:00:40","date_gmt":"2015-09-19T12:00:40","guid":{"rendered":"http:\/\/welem.com\/enr\/?page_id=11060"},"modified":"2019-02-25T14:38:29","modified_gmt":"2019-02-25T13:38:29","slug":"newsletter-signup","status":"publish","type":"page","link":"https:\/\/welem.com\/enr\/newsletter-signup\/","title":{"rendered":"Newsletter"},"content":{"rendered":"<style type=\"text\/css\">.mailster-embeded-form body{background:0;padding:0;margin:0}.mailster-embeded-form .mailster-form-body{padding:5px !important;margin:auto !important}.mailster-form-wrap{max-width:100%;max-height:95%;min-width:100px;-webkit-overflow-scrolling:touch}.mailster-form{margin-bottom:20px;position:relative}.mailster-form:before{content:'';position:absolute;display:block;height:100%;width:100%;z-index:1;background-repeat:no-repeat;background-position:center center;background-size:20px 20px;background-image:url('https:\/\/welem.com\/enr\/wp-content\/plugins\/mailster\/assets\/css\/..\/img\/loading.gif');visibility:hidden;opacity:0;transition:opacity .15s ease-in-out}.mailster-form.loading:before{opacity:1;visibility:visible}@media only screen and (-webkit-min-device-pixel-ratio:2),only screen and (min-resolution:192dpi){.mailster-form:before{background-image:url('https:\/\/welem.com\/enr\/wp-content\/plugins\/mailster\/assets\/css\/..\/img\/loading_2x.gif')}}.mailster-form:after,.mailster-form-fields:after{content:'.';visibility:hidden;display:block;height:0;clear:both}.mailster-form .mailster-form-fields{transition:all .15s ease-in-out}.mailster-form.completed .mailster-form-fields{height:0;min-height:0;opacity:0;overflow:hidden}.mailster-form,.mailster-form .input,.mailster-form .mailster-form-info{width:100%;box-sizing:border-box}.mailster-embeded-form .mailster-form{margin-bottom:3px}.mailster-form .mailster-wrapper{position:relative;margin-bottom:2px;transition:opacity .15s ease-in-out}.mailster-form.loading .mailster-wrapper{opacity:.2}.mailster-form textarea.input{resize:vertical;height:150px}.mailster-form li{list-style:none !important;margin-left:0;padding-left:0}span.mailster-required{font-size:120%;font-weight:700;color:#bf4d4d}.mailster-lists-wrapper ul{list-style:none;margin-left:0;padding-left:0}.mailster-lists-wrapper ul li{margin-left:0}.mailster-list-description{color:inherit;display:block;margin-left:25px;font-size:.8em}.mailster-form-info{height:0;border-radius:2px;padding:5px;margin-bottom:4px;color:#fff;padding:9px 16px;transition:all .2s;-webkit-transform:scale(0);-moz-transform:scale(0);-ms-transform:scale(0);transform:scale(0)}.mailster-form.loading .mailster-form-info{opacity:0}.mailster-form-info a{color:#fff}.mailster-form-info.success,.mailster-form-info.error{display:block;height:100%;-webkit-transform:scale(1);-moz-transform:scale(1);-ms-transform:scale(1);transform:scale(1)}.mailster-form .error input,.mailster-form .error select,.mailster-form .error textarea{outline:2px solid #bf4d4d;outline-offset:0}.mailster-form-info.error{background:#bf4d4d}.mailster-form-info.success{background-color:#6fbf4d;text-align:center}.mailster-form-info ul,.mailster-form .mailster-form-info p{margin:0;padding:0;max-width:initial}.mailster-form-info ul li{color:inherit;margin-left:0}.mailster-submit-wrapper{margin-top:6px}.mailster-form .submit-button{cursor:pointer}.mailster-form .submit-button:focus{outline:0}\n.mailster-form-0{margin-bottom:20px;}\n.mailster-form-0 .input, .mailster-form-0 .mailster-form-info{width:100%;-webkit-box-sizing:border-box;-moz-box-sizing:border-box;box-sizing:border-box;}\n.mailster-form-0 label{line-height:1.6em;}\n.mailster-form-0 li{list-style:none !important;margin-left:0;}\n.mailster-form-0 label .required{color:#f33;}\n.mailster-form-0 input.required{color:inherit;}\n.mailster-form-0 .mailster-email{}\n.mailster-form-0 .mailster-firstname{}\n.mailster-form-0 .mailster-lastname{}\n.mailster-form-0 .mailster-lists-wrapper ul{list-style:none;margin-left:0;}\n.mailster-form-0 .mailster-lists-wrapper ul li{margin-left:0;}\n.mailster-form-0 .mailster-list-description{color:inherit;display:block;margin-left:25px;font-size:0.8em;}\n.mailster-form-0 .mailster-form-info{display:none;border-radius:2px;padding:5px;margin-bottom:4px;color:#fff;}\n.mailster-form-0 .error input{border:1px solid #f33;}\n.mailster-form-0 .mailster-form-info.error{background:#f33;}\n.mailster-form-0 .mailster-form-info ul li{color:inherit;margin-left:0;}\n.mailster-form-0 .mailster-form-info.success{background-color: #24890D;}\n.mailster-form-0 .mailster-form-info p{margin-bottom:0;}\n.mailster-form-0 .mailster-form-info ul{list-style-type:circle;margin-left:0;margin-bottom:0;}\n.mailster-form-0 .submit-button{margin:6px 0 0;}\n.mailster-form-0 .mailster-loader{display: none;width:16px;height:16px;margin:4px;vertical-align: middle;background-image:url('http:\/\/welem.com\/enr\/wp-content\/plugins\/myMail\/assets\/img\/loading.gif');background-repeat:no-repeat;background-position:center center;}\n.mailster-form-0 .mailster-loader.loading{display: inline-block;}\n@media only screen and (-webkit-min-device-pixel-ratio: 2),only screen and (min--moz-device-pixel-ratio: 2),only screen and (-o-min-device-pixel-ratio: 2\/1),only screen and (min-device-pixel-ratio: 2),only screen and ( min-resolution: 192dpi),only screen and ( min-resolution: 2dppx){.mailster-form-0 .mailster-loader{background-image:url('http:\/\/welem.com\/enr\/wp-content\/plugins\/myMail\/assets\/img\/loading_2x.gif');background-size:100%;}\n}\n<\/style><p>S'inscrire \u00e0 newsletter\n<form action=\"https:\/\/welem.com\/enr\/mailster\/subscribe\" method=\"post\" class=\"mailster-form mailster-form-submit mailster-ajax-form mailster-form-1\" novalidate><input name=\"_action\" type=\"hidden\" value=\"subscribe\">\n<input name=\"_timestamp\" type=\"hidden\" value=\"1777571343\">\n<input name=\"_referer\" type=\"hidden\" value=\"https:\/\/welem.com\/enr\/enr\/wp-json\/wp\/v2\/pages\/11060\">\n<input name=\"_nonce\" type=\"hidden\" value=\"49aa6604d0\">\n<input name=\"formid\" type=\"hidden\" value=\"1\">\n<div class=\"mailster-form-fields\">\n<div class=\"mailster-wrapper mailster-email-wrapper\"><label for=\"mailster-email-1\">Email <span class=\"mailster-required\">*<\/span><\/label><input id=\"mailster-email-1\" name=\"email\" type=\"email\" value=\"\" class=\"input mailster-email mailster-required\" aria-required=\"true\" aria-label=\"Email\" spellcheck=\"false\"><\/div>\n<div class=\"mailster-wrapper mailster-firstname-wrapper\"><label for=\"mailster-firstname-1\">Pr\u00e9nom<\/label><input id=\"mailster-firstname-1\" name=\"firstname\" type=\"text\" value=\"\" class=\"input mailster-firstname\" aria-required=\"false\" aria-label=\"Pr\u00e9nom\"><\/div>\n<div class=\"mailster-wrapper mailster-lastname-wrapper\"><label for=\"mailster-lastname-1\">Nom<\/label><input id=\"mailster-lastname-1\" name=\"lastname\" type=\"text\" value=\"\" class=\"input mailster-lastname\" aria-required=\"false\" aria-label=\"Nom\"><\/div>\n<div class=\"mailster-wrapper mailster-submit-wrapper form-submit\"><input name=\"submit\" type=\"submit\" value=\"Je m&#039;inscris\" class=\"submit-button button\" aria-label=\"Je m&#039;inscris\"><\/div>\n<\/div>\n<\/form>\n<\/p>\n  \n","protected":false},"excerpt":{"rendered":"","protected":false},"author":75,"featured_media":11054,"parent":0,"menu_order":7,"comment_status":"closed","ping_status":"closed","template":"","meta":{"footnotes":""},"class_list":["post-11060","page","type-page","status-publish","has-post-thumbnail","hentry"],"yoast_head":"<!-- This site is optimized with the Yoast SEO plugin v27.5 - https:\/\/yoast.com\/product\/yoast-seo-wordpress\/ -->\n<title>Newsletter - WELEM<\/title>\n<meta name=\"robots\" content=\"index, follow, max-snippet:-1, max-image-preview:large, max-video-preview:-1\" \/>\n<link rel=\"canonical\" href=\"https:\/\/welem.com\/enr\/newsletter-signup\/\" \/>\n<meta property=\"og:locale\" content=\"fr_FR\" \/>\n<meta property=\"og:type\" content=\"article\" \/>\n<meta property=\"og:title\" content=\"Newsletter - WELEM\" \/>\n<meta property=\"og:url\" content=\"https:\/\/welem.com\/enr\/newsletter-signup\/\" \/>\n<meta property=\"og:site_name\" content=\"WELEM\" \/>\n<meta property=\"article:publisher\" content=\"https:\/\/www.facebook.com\/WELEM-105304956191421\" \/>\n<meta property=\"article:modified_time\" content=\"2019-02-25T13:38:29+00:00\" \/>\n<meta property=\"og:image\" content=\"https:\/\/welem.com\/enr\/wp-content\/uploads\/2015\/09\/logoWelemBoisEtSolaire.jpg\" \/>\n\t<meta property=\"og:image:width\" content=\"900\" \/>\n\t<meta property=\"og:image:height\" content=\"400\" \/>\n\t<meta property=\"og:image:type\" content=\"image\/jpeg\" \/>\n<meta name=\"twitter:card\" content=\"summary_large_image\" \/>\n<meta name=\"twitter:site\" content=\"@societewelem\" \/>\n<script type=\"application\/ld+json\" class=\"yoast-schema-graph\">{\"@context\":\"https:\\\/\\\/schema.org\",\"@graph\":[{\"@type\":\"WebPage\",\"@id\":\"https:\\\/\\\/welem.com\\\/enr\\\/newsletter-signup\\\/\",\"url\":\"https:\\\/\\\/welem.com\\\/enr\\\/newsletter-signup\\\/\",\"name\":\"Newsletter - WELEM\",\"isPartOf\":{\"@id\":\"https:\\\/\\\/welem.com\\\/enr\\\/#website\"},\"primaryImageOfPage\":{\"@id\":\"https:\\\/\\\/welem.com\\\/enr\\\/newsletter-signup\\\/#primaryimage\"},\"image\":{\"@id\":\"https:\\\/\\\/welem.com\\\/enr\\\/newsletter-signup\\\/#primaryimage\"},\"thumbnailUrl\":\"https:\\\/\\\/welem.com\\\/enr\\\/wp-content\\\/uploads\\\/2015\\\/09\\\/logoWelemBoisEtSolaire.jpg\",\"datePublished\":\"2015-09-19T12:00:40+00:00\",\"dateModified\":\"2019-02-25T13:38:29+00:00\",\"breadcrumb\":{\"@id\":\"https:\\\/\\\/welem.com\\\/enr\\\/newsletter-signup\\\/#breadcrumb\"},\"inLanguage\":\"fr-FR\",\"potentialAction\":[{\"@type\":\"ReadAction\",\"target\":[\"https:\\\/\\\/welem.com\\\/enr\\\/newsletter-signup\\\/\"]}]},{\"@type\":\"ImageObject\",\"inLanguage\":\"fr-FR\",\"@id\":\"https:\\\/\\\/welem.com\\\/enr\\\/newsletter-signup\\\/#primaryimage\",\"url\":\"https:\\\/\\\/welem.com\\\/enr\\\/wp-content\\\/uploads\\\/2015\\\/09\\\/logoWelemBoisEtSolaire.jpg\",\"contentUrl\":\"https:\\\/\\\/welem.com\\\/enr\\\/wp-content\\\/uploads\\\/2015\\\/09\\\/logoWelemBoisEtSolaire.jpg\",\"width\":900,\"height\":400},{\"@type\":\"BreadcrumbList\",\"@id\":\"https:\\\/\\\/welem.com\\\/enr\\\/newsletter-signup\\\/#breadcrumb\",\"itemListElement\":[{\"@type\":\"ListItem\",\"position\":1,\"name\":\"Accueil\",\"item\":\"https:\\\/\\\/welem.com\\\/enr\\\/\"},{\"@type\":\"ListItem\",\"position\":2,\"name\":\"Newsletter\"}]},{\"@type\":\"WebSite\",\"@id\":\"https:\\\/\\\/welem.com\\\/enr\\\/#website\",\"url\":\"https:\\\/\\\/welem.com\\\/enr\\\/\",\"name\":\"WELEM - L'\u00e9nergie autrement\",\"description\":\"La r\u00e9novation \u00e9nerg\u00e9tique globale\",\"publisher\":{\"@id\":\"https:\\\/\\\/welem.com\\\/enr\\\/#organization\"},\"potentialAction\":[{\"@type\":\"SearchAction\",\"target\":{\"@type\":\"EntryPoint\",\"urlTemplate\":\"https:\\\/\\\/welem.com\\\/enr\\\/?s={search_term_string}\"},\"query-input\":{\"@type\":\"PropertyValueSpecification\",\"valueRequired\":true,\"valueName\":\"search_term_string\"}}],\"inLanguage\":\"fr-FR\"},{\"@type\":\"Organization\",\"@id\":\"https:\\\/\\\/welem.com\\\/enr\\\/#organization\",\"name\":\"WELEM\",\"url\":\"https:\\\/\\\/welem.com\\\/enr\\\/\",\"logo\":{\"@type\":\"ImageObject\",\"inLanguage\":\"fr-FR\",\"@id\":\"https:\\\/\\\/welem.com\\\/enr\\\/#\\\/schema\\\/logo\\\/image\\\/\",\"url\":\"https:\\\/\\\/welem.com\\\/enr\\\/wp-content\\\/uploads\\\/logoWelemRetina.png\",\"contentUrl\":\"https:\\\/\\\/welem.com\\\/enr\\\/wp-content\\\/uploads\\\/logoWelemRetina.png\",\"width\":900,\"height\":311,\"caption\":\"WELEM\"},\"image\":{\"@id\":\"https:\\\/\\\/welem.com\\\/enr\\\/#\\\/schema\\\/logo\\\/image\\\/\"},\"sameAs\":[\"https:\\\/\\\/www.facebook.com\\\/WELEM-105304956191421\",\"https:\\\/\\\/x.com\\\/societewelem\",\"https:\\\/\\\/www.youtube.com\\\/channel\\\/UCx7WBxMNWO_SgykAVYK0xzQ\"]}]}<\/script>\n<!-- \/ Yoast SEO plugin. -->","yoast_head_json":{"title":"Newsletter - WELEM","robots":{"index":"index","follow":"follow","max-snippet":"max-snippet:-1","max-image-preview":"max-image-preview:large","max-video-preview":"max-video-preview:-1"},"canonical":"https:\/\/welem.com\/enr\/newsletter-signup\/","og_locale":"fr_FR","og_type":"article","og_title":"Newsletter - WELEM","og_url":"https:\/\/welem.com\/enr\/newsletter-signup\/","og_site_name":"WELEM","article_publisher":"https:\/\/www.facebook.com\/WELEM-105304956191421","article_modified_time":"2019-02-25T13:38:29+00:00","og_image":[{"width":900,"height":400,"url":"https:\/\/welem.com\/enr\/wp-content\/uploads\/2015\/09\/logoWelemBoisEtSolaire.jpg","type":"image\/jpeg"}],"twitter_card":"summary_large_image","twitter_site":"@societewelem","schema":{"@context":"https:\/\/schema.org","@graph":[{"@type":"WebPage","@id":"https:\/\/welem.com\/enr\/newsletter-signup\/","url":"https:\/\/welem.com\/enr\/newsletter-signup\/","name":"Newsletter - WELEM","isPartOf":{"@id":"https:\/\/welem.com\/enr\/#website"},"primaryImageOfPage":{"@id":"https:\/\/welem.com\/enr\/newsletter-signup\/#primaryimage"},"image":{"@id":"https:\/\/welem.com\/enr\/newsletter-signup\/#primaryimage"},"thumbnailUrl":"https:\/\/welem.com\/enr\/wp-content\/uploads\/2015\/09\/logoWelemBoisEtSolaire.jpg","datePublished":"2015-09-19T12:00:40+00:00","dateModified":"2019-02-25T13:38:29+00:00","breadcrumb":{"@id":"https:\/\/welem.com\/enr\/newsletter-signup\/#breadcrumb"},"inLanguage":"fr-FR","potentialAction":[{"@type":"ReadAction","target":["https:\/\/welem.com\/enr\/newsletter-signup\/"]}]},{"@type":"ImageObject","inLanguage":"fr-FR","@id":"https:\/\/welem.com\/enr\/newsletter-signup\/#primaryimage","url":"https:\/\/welem.com\/enr\/wp-content\/uploads\/2015\/09\/logoWelemBoisEtSolaire.jpg","contentUrl":"https:\/\/welem.com\/enr\/wp-content\/uploads\/2015\/09\/logoWelemBoisEtSolaire.jpg","width":900,"height":400},{"@type":"BreadcrumbList","@id":"https:\/\/welem.com\/enr\/newsletter-signup\/#breadcrumb","itemListElement":[{"@type":"ListItem","position":1,"name":"Accueil","item":"https:\/\/welem.com\/enr\/"},{"@type":"ListItem","position":2,"name":"Newsletter"}]},{"@type":"WebSite","@id":"https:\/\/welem.com\/enr\/#website","url":"https:\/\/welem.com\/enr\/","name":"WELEM - L'\u00e9nergie autrement","description":"La r\u00e9novation \u00e9nerg\u00e9tique globale","publisher":{"@id":"https:\/\/welem.com\/enr\/#organization"},"potentialAction":[{"@type":"SearchAction","target":{"@type":"EntryPoint","urlTemplate":"https:\/\/welem.com\/enr\/?s={search_term_string}"},"query-input":{"@type":"PropertyValueSpecification","valueRequired":true,"valueName":"search_term_string"}}],"inLanguage":"fr-FR"},{"@type":"Organization","@id":"https:\/\/welem.com\/enr\/#organization","name":"WELEM","url":"https:\/\/welem.com\/enr\/","logo":{"@type":"ImageObject","inLanguage":"fr-FR","@id":"https:\/\/welem.com\/enr\/#\/schema\/logo\/image\/","url":"https:\/\/welem.com\/enr\/wp-content\/uploads\/logoWelemRetina.png","contentUrl":"https:\/\/welem.com\/enr\/wp-content\/uploads\/logoWelemRetina.png","width":900,"height":311,"caption":"WELEM"},"image":{"@id":"https:\/\/welem.com\/enr\/#\/schema\/logo\/image\/"},"sameAs":["https:\/\/www.facebook.com\/WELEM-105304956191421","https:\/\/x.com\/societewelem","https:\/\/www.youtube.com\/channel\/UCx7WBxMNWO_SgykAVYK0xzQ"]}]}},"_links":{"self":[{"href":"https:\/\/welem.com\/enr\/wp-json\/wp\/v2\/pages\/11060","targetHints":{"allow":["GET"]}}],"collection":[{"href":"https:\/\/welem.com\/enr\/wp-json\/wp\/v2\/pages"}],"about":[{"href":"https:\/\/welem.com\/enr\/wp-json\/wp\/v2\/types\/page"}],"author":[{"embeddable":true,"href":"https:\/\/welem.com\/enr\/wp-json\/wp\/v2\/users\/75"}],"replies":[{"embeddable":true,"href":"https:\/\/welem.com\/enr\/wp-json\/wp\/v2\/comments?post=11060"}],"version-history":[{"count":0,"href":"https:\/\/welem.com\/enr\/wp-json\/wp\/v2\/pages\/11060\/revisions"}],"wp:featuredmedia":[{"embeddable":true,"href":"https:\/\/welem.com\/enr\/wp-json\/wp\/v2\/media\/11054"}],"wp:attachment":[{"href":"https:\/\/welem.com\/enr\/wp-json\/wp\/v2\/media?parent=11060"}],"curies":[{"name":"wp","href":"https:\/\/api.w.org\/{rel}","templated":true}]}}