{"id":14029,"date":"2015-11-18T21:46:29","date_gmt":"2015-11-18T20:46:29","guid":{"rendered":"http:\/\/welem.com\/enr\/?page_id=14029"},"modified":"2023-12-11T12:31:28","modified_gmt":"2023-12-11T11:31:28","slug":"livre-dor","status":"publish","type":"page","link":"https:\/\/welem.com\/enr\/livre-dor\/","title":{"rendered":"Livre d&rsquo;or"},"content":{"rendered":"<style type=\"text\/css\"> \n#cmsms_row_69f6362454d1f .cmsms_row_outer_parent { \n\tpadding-top: 0px; \n} \n\n#cmsms_row_69f6362454d1f .cmsms_row_outer_parent { \n\tpadding-bottom: 50px; \n} \n\n<\/style><div id=\"cmsms_row_69f6362454d1f\" class=\"cmsms_row cmsms_color_scheme_default\">\n<div class=\"cmsms_row_outer_parent\">\n<div class=\"cmsms_row_outer\">\n<div class=\"cmsms_row_inner\">\n<div class=\"cmsms_row_margin\">\n<div class=\"cmsms_column one_first\">\n<div class=\"cmsms_text\">\n<div class=\"testimonials-widget-testimonials listing\">\n<div class=\"paging prepend\"><div class=\"alignleft\"><\/div><div class=\"alignright\"><a href=\"https:\/\/welem.com\/enr\/wp-json\/wp\/v2\/pages\/14029\/page\/2\/\" >&raquo;<\/a><\/div><\/div>\n<div class=\"testimonials-widget-testimonial list odd post-55699 testimonials-widget type-testimonials-widget status-publish has-post-thumbnail category-temoignages\" style=\"\">\n<!-- testimonials-widget-testimonials:55699: -->\n<span class=\"image\"><img loading=\"lazy\" decoding=\"async\" width=\"150\" height=\"150\" src=\"\/\/welem.com\/enr\/wp-content\/uploads\/P1010388-150x150.jpg\" class=\"attachment-thumbnail size-thumbnail wp-post-image\" alt=\"\" srcset=\"\/\/welem.com\/enr\/wp-content\/uploads\/P1010388-150x150.jpg 150w, \/\/welem.com\/enr\/wp-content\/uploads\/P1010388-scaled-540x540.jpg 540w, \/\/welem.com\/enr\/wp-content\/uploads\/P1010388-scaled-100x100.jpg 100w, \/\/welem.com\/enr\/wp-content\/uploads\/P1010388-55x55.jpg 55w, \/\/welem.com\/enr\/wp-content\/uploads\/P1010388-250x250.jpg 250w\" sizes=\"auto, (max-width: 150px) 100vw, 150px\" \/><\/span>\n<!-- testimonials-widget-testimonials:55699: -->\n<div id=\"raty_1_55699\" class=\"ratings\"><\/div>\t\t<blockquote><p><span class=\"open-quote\"><\/span>Nous avons fait installer des panneaux photovolta\u00efques et sommes tr\u00e8s satisfaits de la prestation: travail s\u00e9rieux et efficace, \u00e9quipe sympathique. Tr\u00e8s bon rapport qualit\u00e9\/prix, excellents contacts avec la direction. Bravo \u00e0 tous et encore merci!<span class=\"close-quote\"><\/span><\/p>\n<\/blockquote>\n\t\t\t<div class=\"credit\"><span class=\"author\">Christian et Fran\u00e7oise<\/span><span class=\"join-location\"><\/span><span class=\"location\">Le Conquet<\/span><\/div>\n\t<div class=\"bottom_text\"><br><\/div>\n<\/div>\n<div class=\"testimonials-widget-testimonial list even post-34071 testimonials-widget type-testimonials-widget status-publish has-post-thumbnail category-temoignages\" style=\"\">\n<!-- testimonials-widget-testimonials:34071: -->\n<span class=\"image\"><img loading=\"lazy\" decoding=\"async\" width=\"150\" height=\"150\" src=\"\/\/welem.com\/enr\/wp-content\/uploads\/poeleThermorossiPOP8-150x150.jpg\" class=\"attachment-thumbnail size-thumbnail wp-post-image\" alt=\"\" srcset=\"\/\/welem.com\/enr\/wp-content\/uploads\/poeleThermorossiPOP8-150x150.jpg 150w, \/\/welem.com\/enr\/wp-content\/uploads\/poeleThermorossiPOP8-100x100.jpg 100w, \/\/welem.com\/enr\/wp-content\/uploads\/poeleThermorossiPOP8-55x55.jpg 55w, \/\/welem.com\/enr\/wp-content\/uploads\/poeleThermorossiPOP8-250x250.jpg 250w\" sizes=\"auto, (max-width: 150px) 100vw, 150px\" \/><\/span>\n<!-- testimonials-widget-testimonials:34071: -->\n<div id=\"raty_1_34071\" class=\"ratings\"><\/div>\t\t<blockquote><p><span class=\"open-quote\"><\/span>Int\u00e9ress\u00e9 par un po\u00eale \u00e0 pellets, nous sommes naturellement pass\u00e9s visiter cette soci\u00e9t\u00e9, proche de chez nous, et nous en sommes tr\u00e8s heureux !<br \/>\nLes conseils \u00e9taient parfaits. L&rsquo;installation a eu lieu avant la date pr\u00e9vue, je ne m&rsquo;en plains pas : nous aurons notre po\u00eale pour l&rsquo;hiver ! Les installateurs ont effectu\u00e9 un travail rapide, soign\u00e9 et propre. La prise en main a \u00e9t\u00e9 compl\u00e8te et explicite, \u00e0 nous maintenant de nous approprier notre po\u00eale !<br \/>\nMerci \u00e0 toute l&rsquo;\u00e9quipe !<span class=\"close-quote\"><\/span><\/p>\n<\/blockquote>\n\t\t\t<div class=\"credit\"><span class=\"author\">Array<\/span><span class=\"join-location\"><\/span><span class=\"location\">brest<\/span><\/div>\n\t<div class=\"bottom_text\"><br><\/div>\n<\/div>\n<div class=\"testimonials-widget-testimonial list odd post-31884 testimonials-widget type-testimonials-widget status-publish has-post-thumbnail category-temoignages tag-clients-poele tag-clients-ramonage\" style=\"\">\n<!-- testimonials-widget-testimonials:31884: -->\n<span class=\"image\"><img loading=\"lazy\" decoding=\"async\" width=\"150\" height=\"150\" src=\"\/\/welem.com\/enr\/wp-content\/uploads\/20190327_163212-e1554274590606-150x150.jpg\" class=\"attachment-thumbnail size-thumbnail wp-post-image\" alt=\"\" srcset=\"\/\/welem.com\/enr\/wp-content\/uploads\/20190327_163212-e1554274590606-150x150.jpg 150w, \/\/welem.com\/enr\/wp-content\/uploads\/20190327_163212-e1554274590606-540x540.jpg 540w, \/\/welem.com\/enr\/wp-content\/uploads\/20190327_163212-e1554274590606-100x100.jpg 100w, \/\/welem.com\/enr\/wp-content\/uploads\/20190327_163212-e1554274590606-55x55.jpg 55w, \/\/welem.com\/enr\/wp-content\/uploads\/20190327_163212-e1554274590606-250x250.jpg 250w\" sizes=\"auto, (max-width: 150px) 100vw, 150px\" \/><\/span>\n<!-- testimonials-widget-testimonials:31884: -->\n<div id=\"raty_1_31884\" class=\"ratings\"><\/div>\t\t<blockquote><p><span class=\"open-quote\"><\/span>Sinc\u00e8rement nous sommes tr\u00e8s satisfait de la prestation et surtout de votre s\u00e9rieux et de votre professionnalisme.Travail bien soign\u00e9 et respect des d\u00e9lais et je peux m\u00eame vous recommand\u00e9. je vous remercie vivement.<span class=\"close-quote\"><\/span><\/p>\n<\/blockquote>\n\t\t\t<div class=\"credit\"><span class=\"author\">Rachid<\/span><span class=\"join-location\"><\/span><span class=\"location\">Brest<\/span><\/div>\n\t<div class=\"bottom_text\"><br><\/div>\n<\/div>\n<div class=\"testimonials-widget-testimonial list even post-29902 testimonials-widget type-testimonials-widget status-publish has-post-thumbnail category-temoignages tag-clients-poele tag-clients-ramonage\" style=\"\">\n<!-- testimonials-widget-testimonials:29902: -->\n<span class=\"image\"><img loading=\"lazy\" decoding=\"async\" width=\"150\" height=\"150\" src=\"\/\/welem.com\/enr\/wp-content\/uploads\/InstallationScuba-150x150.jpg\" class=\"attachment-thumbnail size-thumbnail wp-post-image\" alt=\"\" srcset=\"\/\/welem.com\/enr\/wp-content\/uploads\/InstallationScuba-150x150.jpg 150w, \/\/welem.com\/enr\/wp-content\/uploads\/InstallationScuba-540x540.jpg 540w, \/\/welem.com\/enr\/wp-content\/uploads\/InstallationScuba-100x100.jpg 100w, \/\/welem.com\/enr\/wp-content\/uploads\/InstallationScuba-55x55.jpg 55w, \/\/welem.com\/enr\/wp-content\/uploads\/InstallationScuba-250x250.jpg 250w\" sizes=\"auto, (max-width: 150px) 100vw, 150px\" \/><\/span>\n<!-- testimonials-widget-testimonials:29902: -->\n<div id=\"raty_1_29902\" class=\"ratings\"><\/div>\t\t<blockquote><p><span class=\"open-quote\"><\/span>J\u2019ai remplac\u00e9 ma chemin\u00e9e traditionnelle par un po\u00eale \u00e0 granul\u00e9s Scuba de Thermorossi, le professionnalisme des dirigeants et des intervenants pour les conseils, l\u2019installation et la mise en service, le respect des d\u00e9lais, la qualit\u00e9 et performances du mat\u00e9riel m\u2019ont totalement satisfait et je ne peux que conseiller Welem \u00e0 tous ceux qui souhaitent modifier leur installation ou investir dans un mat\u00e9riel performant.<br \/>\nBravo pour le travail accompli<span class=\"close-quote\"><\/span><\/p>\n<\/blockquote>\n\t\t\t<div class=\"credit\"><span class=\"author\">Patrick<\/span><span class=\"join-location\"><\/span><span class=\"location\">Plougastel-Daoulas<\/span><\/div>\n\t<div class=\"bottom_text\"><br><\/div>\n<\/div>\n<div class=\"testimonials-widget-testimonial list odd post-26835 testimonials-widget type-testimonials-widget status-publish has-post-thumbnail category-temoignages tag-clients-poele tag-clients-ramonage\" style=\"\">\n<!-- testimonials-widget-testimonials:26835: -->\n<span class=\"image\"><img loading=\"lazy\" decoding=\"async\" width=\"150\" height=\"150\" src=\"\/\/welem.com\/enr\/wp-content\/uploads\/20180308_134726-e1520711794874-150x150.jpg\" class=\"attachment-thumbnail size-thumbnail wp-post-image\" alt=\"\" srcset=\"\/\/welem.com\/enr\/wp-content\/uploads\/20180308_134726-e1520711794874-150x150.jpg 150w, \/\/welem.com\/enr\/wp-content\/uploads\/20180308_134726-e1520711794874-540x540.jpg 540w, \/\/welem.com\/enr\/wp-content\/uploads\/20180308_134726-e1520711794874-100x100.jpg 100w, \/\/welem.com\/enr\/wp-content\/uploads\/20180308_134726-e1520711794874-55x55.jpg 55w, \/\/welem.com\/enr\/wp-content\/uploads\/20180308_134726-e1520711794874-250x250.jpg 250w\" sizes=\"auto, (max-width: 150px) 100vw, 150px\" \/><\/span>\n<!-- testimonials-widget-testimonials:26835: -->\n<div id=\"raty_1_26835\" class=\"ratings\"><\/div>\t\t<blockquote><p><span class=\"open-quote\"><\/span>Travail s\u00e9rieux, tr\u00e8s bien au niveau qualit\u00e9\/prix, tr\u00e8s contents de welem et de l&rsquo;investissement. Un grand merci.<span class=\"close-quote\"><\/span><\/p>\n<\/blockquote>\n\t\t\t<div class=\"credit\"><span class=\"author\">Anne<\/span><span class=\"join-location\"><\/span><span class=\"location\">Finist\u00e8re<\/span><\/div>\n\t<div class=\"bottom_text\"><br><\/div>\n<\/div>\n<div class=\"testimonials-widget-testimonial list even post-25208 testimonials-widget type-testimonials-widget status-publish has-post-thumbnail category-temoignages tag-clients-chaudiere\" style=\"\">\n<!-- testimonials-widget-testimonials:25208: -->\n<span class=\"image\"><img loading=\"lazy\" decoding=\"async\" width=\"150\" height=\"150\" src=\"\/\/welem.com\/enr\/wp-content\/uploads\/P4_Lannilis-150x150.jpg\" class=\"attachment-thumbnail size-thumbnail wp-post-image\" alt=\"\" srcset=\"\/\/welem.com\/enr\/wp-content\/uploads\/P4_Lannilis-150x150.jpg 150w, \/\/welem.com\/enr\/wp-content\/uploads\/P4_Lannilis-540x540.jpg 540w, \/\/welem.com\/enr\/wp-content\/uploads\/P4_Lannilis-100x100.jpg 100w, \/\/welem.com\/enr\/wp-content\/uploads\/P4_Lannilis-55x55.jpg 55w, \/\/welem.com\/enr\/wp-content\/uploads\/P4_Lannilis-250x250.jpg 250w\" sizes=\"auto, (max-width: 150px) 100vw, 150px\" \/><\/span>\n<!-- testimonials-widget-testimonials:25208: -->\n<div id=\"raty_1_25208\" class=\"ratings\"><\/div>\t\t<blockquote><p><span class=\"open-quote\"><\/span>Installation chaudi\u00e8re \u00e0 pellet dans une cave difficile d\u2019acc\u00e8s : Impossible pour beaucoup, r\u00e9alis\u00e9e par Welem, et pleinement op\u00e9rationnelle depuis 5 ans.<span class=\"close-quote\"><\/span><\/p>\n<\/blockquote>\n\t\t\t<div class=\"credit\"><span class=\"author\">Vincent<\/span><span class=\"join-location\"><\/span><span class=\"location\">Lannilis<\/span><\/div>\n\t<div class=\"bottom_text\"><br><\/div>\n<\/div>\n<div class=\"testimonials-widget-testimonial list odd post-19084 testimonials-widget type-testimonials-widget status-publish has-post-thumbnail category-temoignages tag-clients-poele\" style=\"\">\n<!-- testimonials-widget-testimonials:19084: -->\n<span class=\"image\"><img loading=\"lazy\" decoding=\"async\" width=\"113\" height=\"150\" src=\"\/\/welem.com\/enr\/wp-content\/uploads\/P1040392-e1469967738324.jpg\" class=\"attachment-thumbnail size-thumbnail wp-post-image\" alt=\"\" srcset=\"\/\/welem.com\/enr\/wp-content\/uploads\/P1040392-e1469967738324.jpg 1920w, \/\/welem.com\/enr\/wp-content\/uploads\/P1040392-e1469967738324-600x800.jpg 600w\" sizes=\"auto, (max-width: 113px) 100vw, 113px\" \/><\/span>\n<!-- testimonials-widget-testimonials:19084: -->\n<div id=\"raty_1_19084\" class=\"ratings\"><\/div>\t\t<blockquote><p><span class=\"open-quote\"><\/span>Merci \u00e0 toute l&rsquo;\u00e9quipe de Welem pour les conseils, l&rsquo;installation puis les explications sur le po\u00eale qui vient d&rsquo;\u00eatre install\u00e9 chez nous. Le po\u00eale est la finition de nos travaux de r\u00e9novation, youpi!!<span class=\"close-quote\"><\/span><\/p>\n<\/blockquote>\n\t\t\t<div class=\"credit\"><span class=\"author\">Jo &amp; L\u00e9na<\/span><span class=\"join-location\"><\/span><span class=\"location\">Brest<\/span><\/div>\n\t<div class=\"bottom_text\"><br><\/div>\n<\/div>\n<div class=\"testimonials-widget-testimonial list even post-14534 testimonials-widget type-testimonials-widget status-publish has-post-thumbnail category-temoignages tag-clients-chaudiere tag-clients-ramonage\" style=\"\">\n<!-- testimonials-widget-testimonials:14534: -->\n<span class=\"image\"><img loading=\"lazy\" decoding=\"async\" width=\"150\" height=\"136\" src=\"\/\/welem.com\/enr\/wp-content\/uploads\/P4Legall-150x136.jpg\" class=\"attachment-thumbnail size-thumbnail wp-post-image\" alt=\"\" \/><\/span>\n<!-- testimonials-widget-testimonials:14534: -->\n<div id=\"raty_1_14534\" class=\"ratings\"><\/div>\t\t<blockquote><p><span class=\"open-quote\"><\/span>Nous avons un grand volume a chauffer, et la chaudi\u00e8re \u00e0 granul\u00e9s bois install\u00e9e par la soci\u00e9t\u00e9 Welem nous donne enti\u00e8re satisfaction.<span class=\"close-quote\"><\/span><\/p>\n<\/blockquote>\n\t\t\t<div class=\"credit\"><span class=\"author\">Mr Le Gall<\/span><span class=\"join-location\"><\/span><span class=\"location\">LE DRENNEC<\/span><\/div>\n\t<div class=\"bottom_text\"><br><\/div>\n<\/div>\n<div class=\"testimonials-widget-testimonial list odd post-14524 testimonials-widget type-testimonials-widget status-publish has-post-thumbnail category-temoignages tag-clients-poele tag-clients-ramonage\" style=\"\">\n<!-- testimonials-widget-testimonials:14524: -->\n<span class=\"image\"><img loading=\"lazy\" decoding=\"async\" width=\"150\" height=\"136\" src=\"\/\/welem.com\/enr\/wp-content\/uploads\/130529-150x136.jpg\" class=\"attachment-thumbnail size-thumbnail wp-post-image\" alt=\"\" \/><\/span>\n<!-- testimonials-widget-testimonials:14524: -->\n<div id=\"raty_1_14524\" class=\"ratings\"><\/div>\t\t<blockquote><p><span class=\"open-quote\"><\/span>J&rsquo;ai remplac\u00e9 ma chemin\u00e9e traditionnelle par un po\u00eale \u00e0 granul\u00e9s. Apr\u00e8s avoir fait le tour des diff\u00e9rents installateurs, j&rsquo;ai retenu la soci\u00e9t\u00e9 Welem pour ses conseils avis\u00e9s, son professionnalisme et son accueil. Ce que j&rsquo;ai tout particuli\u00e8rement appr\u00e9ci\u00e9 c&rsquo;est que notre interlocuteur sait de quoi il parle puisqu&rsquo;il est technicien lui m\u00eame.<br \/>\nAucune surprise dans l&rsquo;installation tant en mati\u00e8re de d\u00e9lais que de facturation. Quant \u00e0 l&rsquo;entretien annuel, il est fait avec rigueur y compris la v\u00e9rification, sur le toit, de la sortie du conduit des fum\u00e9es.<br \/>\nL&rsquo;accueil dans l&rsquo;entreprise est toujours remarquable.<br \/>\nJe ne peux que recommander cette entreprise \u00e0 taille humaine et o\u00f9 ne sommes pas que de simples clients.<span class=\"close-quote\"><\/span><\/p>\n<\/blockquote>\n\t\t\t<div class=\"credit\"><span class=\"author\">Jean-Luc<\/span><span class=\"join-location\"><\/span><span class=\"location\">GUILERS<\/span><\/div>\n\t<div class=\"bottom_text\"><br><\/div>\n<\/div>\n<div class=\"testimonials-widget-testimonial list even post-14229 testimonials-widget type-testimonials-widget status-publish category-temoignages tag-clients-poele tag-clients-ramonage\" style=\"\">\n<!-- testimonials-widget-testimonials:14229: -->\n<!-- testimonials-widget-testimonials:14229: -->\n<div id=\"raty_1_14229\" class=\"ratings\"><\/div>\t\t<blockquote><p><span class=\"open-quote\"><\/span>L&rsquo;installation et le fonctionnement de l&rsquo;insert me donnent enti\u00e8re satisfaction. Les conseils ont \u00e9t\u00e9 d&rsquo;une bonne clart\u00e9, notamment, au niveau des d\u00e9tails techniques sur le produit et l&rsquo;habillage de l&rsquo;appareil. Le personnel charg\u00e9 de la pose est tr\u00e8s comp\u00e9tent et efficace.<span class=\"close-quote\"><\/span><\/p>\n<\/blockquote>\n\t\t\t<div class=\"credit\"><span class=\"author\">Andr\u00e9 G.<\/span><span class=\"join-location\"><\/span><span class=\"location\">Plouzan\u00e9<\/span><\/div>\n\t<div class=\"bottom_text\"><br><\/div>\n<\/div>\n<div class=\"paging append\"><div class=\"alignleft\"><\/div><div class=\"alignright\"><a href=\"https:\/\/welem.com\/enr\/wp-json\/wp\/v2\/pages\/14029\/page\/2\/\" >&raquo;<\/a><\/div><\/div>\n<\/div>\n<\/div>\n<\/div>\n<\/div>\n<\/div>\n<\/div>\n<\/div>\n<\/div>\n\n","protected":false},"excerpt":{"rendered":"","protected":false},"author":75,"featured_media":0,"parent":0,"menu_order":10,"comment_status":"closed","ping_status":"closed","template":"","meta":{"footnotes":""},"class_list":["post-14029","page","type-page","status-publish","hentry"],"yoast_head":"<!-- This site is optimized with the Yoast SEO plugin v27.5 - https:\/\/yoast.com\/product\/yoast-seo-wordpress\/ -->\n<title>Livre d&#039;or - WELEM<\/title>\n<meta name=\"robots\" content=\"index, follow, max-snippet:-1, max-image-preview:large, max-video-preview:-1\" \/>\n<link rel=\"canonical\" href=\"https:\/\/welem.com\/enr\/livre-dor\/\" \/>\n<meta property=\"og:locale\" content=\"fr_FR\" \/>\n<meta property=\"og:type\" content=\"article\" \/>\n<meta property=\"og:title\" content=\"Livre d&#039;or - WELEM\" \/>\n<meta property=\"og:url\" content=\"https:\/\/welem.com\/enr\/livre-dor\/\" \/>\n<meta property=\"og:site_name\" content=\"WELEM\" \/>\n<meta property=\"article:publisher\" content=\"https:\/\/www.facebook.com\/WELEM-105304956191421\" \/>\n<meta property=\"article:modified_time\" content=\"2023-12-11T11:31:28+00:00\" \/>\n<meta name=\"twitter:card\" content=\"summary_large_image\" \/>\n<meta name=\"twitter:site\" content=\"@societewelem\" \/>\n<meta name=\"twitter:label1\" content=\"Dur\u00e9e de lecture estim\u00e9e\" \/>\n\t<meta name=\"twitter:data1\" content=\"1 minute\" \/>\n<script type=\"application\/ld+json\" class=\"yoast-schema-graph\">{\"@context\":\"https:\\\/\\\/schema.org\",\"@graph\":[{\"@type\":\"WebPage\",\"@id\":\"https:\\\/\\\/welem.com\\\/enr\\\/livre-dor\\\/\",\"url\":\"https:\\\/\\\/welem.com\\\/enr\\\/livre-dor\\\/\",\"name\":\"Livre d'or - WELEM\",\"isPartOf\":{\"@id\":\"https:\\\/\\\/welem.com\\\/enr\\\/#website\"},\"datePublished\":\"2015-11-18T20:46:29+00:00\",\"dateModified\":\"2023-12-11T11:31:28+00:00\",\"breadcrumb\":{\"@id\":\"https:\\\/\\\/welem.com\\\/enr\\\/livre-dor\\\/#breadcrumb\"},\"inLanguage\":\"fr-FR\",\"potentialAction\":[{\"@type\":\"ReadAction\",\"target\":[\"https:\\\/\\\/welem.com\\\/enr\\\/livre-dor\\\/\"]}]},{\"@type\":\"BreadcrumbList\",\"@id\":\"https:\\\/\\\/welem.com\\\/enr\\\/livre-dor\\\/#breadcrumb\",\"itemListElement\":[{\"@type\":\"ListItem\",\"position\":1,\"name\":\"Accueil\",\"item\":\"https:\\\/\\\/welem.com\\\/enr\\\/\"},{\"@type\":\"ListItem\",\"position\":2,\"name\":\"Livre d&#8217;or\"}]},{\"@type\":\"WebSite\",\"@id\":\"https:\\\/\\\/welem.com\\\/enr\\\/#website\",\"url\":\"https:\\\/\\\/welem.com\\\/enr\\\/\",\"name\":\"WELEM - L'\u00e9nergie autrement\",\"description\":\"La r\u00e9novation \u00e9nerg\u00e9tique globale\",\"publisher\":{\"@id\":\"https:\\\/\\\/welem.com\\\/enr\\\/#organization\"},\"potentialAction\":[{\"@type\":\"SearchAction\",\"target\":{\"@type\":\"EntryPoint\",\"urlTemplate\":\"https:\\\/\\\/welem.com\\\/enr\\\/?s={search_term_string}\"},\"query-input\":{\"@type\":\"PropertyValueSpecification\",\"valueRequired\":true,\"valueName\":\"search_term_string\"}}],\"inLanguage\":\"fr-FR\"},{\"@type\":\"Organization\",\"@id\":\"https:\\\/\\\/welem.com\\\/enr\\\/#organization\",\"name\":\"WELEM\",\"url\":\"https:\\\/\\\/welem.com\\\/enr\\\/\",\"logo\":{\"@type\":\"ImageObject\",\"inLanguage\":\"fr-FR\",\"@id\":\"https:\\\/\\\/welem.com\\\/enr\\\/#\\\/schema\\\/logo\\\/image\\\/\",\"url\":\"https:\\\/\\\/welem.com\\\/enr\\\/wp-content\\\/uploads\\\/logoWelemRetina.png\",\"contentUrl\":\"https:\\\/\\\/welem.com\\\/enr\\\/wp-content\\\/uploads\\\/logoWelemRetina.png\",\"width\":900,\"height\":311,\"caption\":\"WELEM\"},\"image\":{\"@id\":\"https:\\\/\\\/welem.com\\\/enr\\\/#\\\/schema\\\/logo\\\/image\\\/\"},\"sameAs\":[\"https:\\\/\\\/www.facebook.com\\\/WELEM-105304956191421\",\"https:\\\/\\\/x.com\\\/societewelem\",\"https:\\\/\\\/www.youtube.com\\\/channel\\\/UCx7WBxMNWO_SgykAVYK0xzQ\"]}]}<\/script>\n<!-- \/ Yoast SEO plugin. -->","yoast_head_json":{"title":"Livre d'or - WELEM","robots":{"index":"index","follow":"follow","max-snippet":"max-snippet:-1","max-image-preview":"max-image-preview:large","max-video-preview":"max-video-preview:-1"},"canonical":"https:\/\/welem.com\/enr\/livre-dor\/","og_locale":"fr_FR","og_type":"article","og_title":"Livre d'or - WELEM","og_url":"https:\/\/welem.com\/enr\/livre-dor\/","og_site_name":"WELEM","article_publisher":"https:\/\/www.facebook.com\/WELEM-105304956191421","article_modified_time":"2023-12-11T11:31:28+00:00","twitter_card":"summary_large_image","twitter_site":"@societewelem","twitter_misc":{"Dur\u00e9e de lecture estim\u00e9e":"1 minute"},"schema":{"@context":"https:\/\/schema.org","@graph":[{"@type":"WebPage","@id":"https:\/\/welem.com\/enr\/livre-dor\/","url":"https:\/\/welem.com\/enr\/livre-dor\/","name":"Livre d'or - WELEM","isPartOf":{"@id":"https:\/\/welem.com\/enr\/#website"},"datePublished":"2015-11-18T20:46:29+00:00","dateModified":"2023-12-11T11:31:28+00:00","breadcrumb":{"@id":"https:\/\/welem.com\/enr\/livre-dor\/#breadcrumb"},"inLanguage":"fr-FR","potentialAction":[{"@type":"ReadAction","target":["https:\/\/welem.com\/enr\/livre-dor\/"]}]},{"@type":"BreadcrumbList","@id":"https:\/\/welem.com\/enr\/livre-dor\/#breadcrumb","itemListElement":[{"@type":"ListItem","position":1,"name":"Accueil","item":"https:\/\/welem.com\/enr\/"},{"@type":"ListItem","position":2,"name":"Livre d&#8217;or"}]},{"@type":"WebSite","@id":"https:\/\/welem.com\/enr\/#website","url":"https:\/\/welem.com\/enr\/","name":"WELEM - L'\u00e9nergie autrement","description":"La r\u00e9novation \u00e9nerg\u00e9tique globale","publisher":{"@id":"https:\/\/welem.com\/enr\/#organization"},"potentialAction":[{"@type":"SearchAction","target":{"@type":"EntryPoint","urlTemplate":"https:\/\/welem.com\/enr\/?s={search_term_string}"},"query-input":{"@type":"PropertyValueSpecification","valueRequired":true,"valueName":"search_term_string"}}],"inLanguage":"fr-FR"},{"@type":"Organization","@id":"https:\/\/welem.com\/enr\/#organization","name":"WELEM","url":"https:\/\/welem.com\/enr\/","logo":{"@type":"ImageObject","inLanguage":"fr-FR","@id":"https:\/\/welem.com\/enr\/#\/schema\/logo\/image\/","url":"https:\/\/welem.com\/enr\/wp-content\/uploads\/logoWelemRetina.png","contentUrl":"https:\/\/welem.com\/enr\/wp-content\/uploads\/logoWelemRetina.png","width":900,"height":311,"caption":"WELEM"},"image":{"@id":"https:\/\/welem.com\/enr\/#\/schema\/logo\/image\/"},"sameAs":["https:\/\/www.facebook.com\/WELEM-105304956191421","https:\/\/x.com\/societewelem","https:\/\/www.youtube.com\/channel\/UCx7WBxMNWO_SgykAVYK0xzQ"]}]}},"_links":{"self":[{"href":"https:\/\/welem.com\/enr\/wp-json\/wp\/v2\/pages\/14029","targetHints":{"allow":["GET"]}}],"collection":[{"href":"https:\/\/welem.com\/enr\/wp-json\/wp\/v2\/pages"}],"about":[{"href":"https:\/\/welem.com\/enr\/wp-json\/wp\/v2\/types\/page"}],"author":[{"embeddable":true,"href":"https:\/\/welem.com\/enr\/wp-json\/wp\/v2\/users\/75"}],"replies":[{"embeddable":true,"href":"https:\/\/welem.com\/enr\/wp-json\/wp\/v2\/comments?post=14029"}],"version-history":[{"count":0,"href":"https:\/\/welem.com\/enr\/wp-json\/wp\/v2\/pages\/14029\/revisions"}],"wp:attachment":[{"href":"https:\/\/welem.com\/enr\/wp-json\/wp\/v2\/media?parent=14029"}],"curies":[{"name":"wp","href":"https:\/\/api.w.org\/{rel}","templated":true}]}}