{"id":1733,"date":"2015-07-15T16:30:21","date_gmt":"2015-07-15T14:30:21","guid":{"rendered":"http:\/\/welem.com\/enr\/?page_id=1733"},"modified":"2019-02-22T08:12:29","modified_gmt":"2019-02-22T07:12:29","slug":"installations","status":"publish","type":"page","link":"https:\/\/welem.com\/enr\/installations\/","title":{"rendered":"Carte des installations"},"content":{"rendered":"<style type=\"text\/css\"> \n#cmsms_row_6a05e856e931b .cmsms_row_outer_parent { \n\tpadding-top: 0px; \n} \n\n#cmsms_row_6a05e856e931b .cmsms_row_outer_parent { \n\tpadding-bottom: 50px; \n} \n\n<\/style><div id=\"cmsms_row_6a05e856e931b\" class=\"cmsms_row cmsms_color_scheme_default\">\n<div class=\"cmsms_row_outer_parent\">\n<div class=\"cmsms_row_outer\">\n<div class=\"cmsms_row_inner\">\n<div class=\"cmsms_row_margin\">\n<div class=\"cmsms_column one_first\">\n<div class=\"cmsms_text\">\n<p>Voici une cartographie de quelques-unes de nos installations dans le Finist\u00e8re et d\u00e9partements limitrophes. pour obtenir plus de d\u00e9tail sur chaque installation, cliquez sur l&rsquo;icone de votre choix et les d\u00e9tails apparaissent.<\/p>\n<iframe loading=\"lazy\" src=\"https:\/\/maps.google.fr\/maps\/ms?msa=0&amp;msid=210982090594441205633.0004a8fbaef412d048cba&amp;ie=UTF8&amp;source=embed&amp;t=m&amp;ll=48.468369,-4.523621&amp;spn=0.318688,0.583649&amp;z=10&amp;output=embed\" width=\"100%\" height=\"350\" frameborder=\"0\" marginwidth=\"0\" marginheight=\"0\" scrolling=\"no\"><\/iframe>\n<p>Voir <a href=\"https:\/\/maps.google.fr\/maps\/ms?msa=0&amp;msid=210982090594441205633.0004a8fbaef412d048cba&amp;ie=UTF8&amp;source=embed&amp;t=m&amp;ll=48.468369,-4.523621&amp;spn=0.318688,0.583649&amp;z=10\" target=\"_blank\" rel=\"noopener noreferrer\">les installations WELEM<\/a> sur une plus grande carte.<\/p>\n<\/div>\n<\/div>\n<\/div>\n<\/div>\n<\/div>\n<\/div>\n<\/div>\n\n","protected":false},"excerpt":{"rendered":"","protected":false},"author":75,"featured_media":0,"parent":0,"menu_order":35,"comment_status":"closed","ping_status":"open","template":"","meta":{"footnotes":""},"class_list":["post-1733","page","type-page","status-publish","hentry"],"yoast_head":"<!-- This site is optimized with the Yoast SEO plugin v27.6 - https:\/\/yoast.com\/product\/yoast-seo-wordpress\/ -->\n<title>Carte des installations - WELEM<\/title>\n<meta name=\"description\" content=\"installation po\u00eale et chaudi\u00e8re Welem\" \/>\n<meta name=\"robots\" content=\"index, follow, max-snippet:-1, max-image-preview:large, max-video-preview:-1\" \/>\n<link rel=\"canonical\" href=\"https:\/\/welem.com\/enr\/installations\/\" \/>\n<meta property=\"og:locale\" content=\"fr_FR\" \/>\n<meta property=\"og:type\" content=\"article\" \/>\n<meta property=\"og:title\" content=\"Carte des installations - WELEM\" \/>\n<meta property=\"og:description\" content=\"installation po\u00eale et chaudi\u00e8re Welem\" \/>\n<meta property=\"og:url\" content=\"https:\/\/welem.com\/enr\/installations\/\" \/>\n<meta property=\"og:site_name\" content=\"WELEM\" \/>\n<meta property=\"article:publisher\" content=\"https:\/\/www.facebook.com\/WELEM-105304956191421\" \/>\n<meta property=\"article:modified_time\" content=\"2019-02-22T07:12:29+00:00\" \/>\n<meta name=\"twitter:card\" content=\"summary_large_image\" \/>\n<meta name=\"twitter:site\" content=\"@societewelem\" \/>\n<meta name=\"twitter:label1\" content=\"Dur\u00e9e de lecture estim\u00e9e\" \/>\n\t<meta name=\"twitter:data1\" content=\"1 minute\" \/>\n<script type=\"application\/ld+json\" class=\"yoast-schema-graph\">{\"@context\":\"https:\\\/\\\/schema.org\",\"@graph\":[{\"@type\":\"WebPage\",\"@id\":\"https:\\\/\\\/welem.com\\\/enr\\\/installations\\\/\",\"url\":\"https:\\\/\\\/welem.com\\\/enr\\\/installations\\\/\",\"name\":\"Carte des installations - WELEM\",\"isPartOf\":{\"@id\":\"https:\\\/\\\/welem.com\\\/enr\\\/#website\"},\"datePublished\":\"2015-07-15T14:30:21+00:00\",\"dateModified\":\"2019-02-22T07:12:29+00:00\",\"description\":\"installation po\u00eale et chaudi\u00e8re Welem\",\"breadcrumb\":{\"@id\":\"https:\\\/\\\/welem.com\\\/enr\\\/installations\\\/#breadcrumb\"},\"inLanguage\":\"fr-FR\",\"potentialAction\":[{\"@type\":\"ReadAction\",\"target\":[\"https:\\\/\\\/welem.com\\\/enr\\\/installations\\\/\"]}]},{\"@type\":\"BreadcrumbList\",\"@id\":\"https:\\\/\\\/welem.com\\\/enr\\\/installations\\\/#breadcrumb\",\"itemListElement\":[{\"@type\":\"ListItem\",\"position\":1,\"name\":\"Accueil\",\"item\":\"https:\\\/\\\/welem.com\\\/enr\\\/\"},{\"@type\":\"ListItem\",\"position\":2,\"name\":\"Carte des installations\"}]},{\"@type\":\"WebSite\",\"@id\":\"https:\\\/\\\/welem.com\\\/enr\\\/#website\",\"url\":\"https:\\\/\\\/welem.com\\\/enr\\\/\",\"name\":\"WELEM - L'\u00e9nergie autrement\",\"description\":\"La r\u00e9novation \u00e9nerg\u00e9tique globale\",\"publisher\":{\"@id\":\"https:\\\/\\\/welem.com\\\/enr\\\/#organization\"},\"potentialAction\":[{\"@type\":\"SearchAction\",\"target\":{\"@type\":\"EntryPoint\",\"urlTemplate\":\"https:\\\/\\\/welem.com\\\/enr\\\/?s={search_term_string}\"},\"query-input\":{\"@type\":\"PropertyValueSpecification\",\"valueRequired\":true,\"valueName\":\"search_term_string\"}}],\"inLanguage\":\"fr-FR\"},{\"@type\":\"Organization\",\"@id\":\"https:\\\/\\\/welem.com\\\/enr\\\/#organization\",\"name\":\"WELEM\",\"url\":\"https:\\\/\\\/welem.com\\\/enr\\\/\",\"logo\":{\"@type\":\"ImageObject\",\"inLanguage\":\"fr-FR\",\"@id\":\"https:\\\/\\\/welem.com\\\/enr\\\/#\\\/schema\\\/logo\\\/image\\\/\",\"url\":\"https:\\\/\\\/welem.com\\\/enr\\\/wp-content\\\/uploads\\\/logoWelemRetina.png\",\"contentUrl\":\"https:\\\/\\\/welem.com\\\/enr\\\/wp-content\\\/uploads\\\/logoWelemRetina.png\",\"width\":900,\"height\":311,\"caption\":\"WELEM\"},\"image\":{\"@id\":\"https:\\\/\\\/welem.com\\\/enr\\\/#\\\/schema\\\/logo\\\/image\\\/\"},\"sameAs\":[\"https:\\\/\\\/www.facebook.com\\\/WELEM-105304956191421\",\"https:\\\/\\\/x.com\\\/societewelem\",\"https:\\\/\\\/www.youtube.com\\\/channel\\\/UCx7WBxMNWO_SgykAVYK0xzQ\"]}]}<\/script>\n<!-- \/ Yoast SEO plugin. -->","yoast_head_json":{"title":"Carte des installations - WELEM","description":"installation po\u00eale et chaudi\u00e8re Welem","robots":{"index":"index","follow":"follow","max-snippet":"max-snippet:-1","max-image-preview":"max-image-preview:large","max-video-preview":"max-video-preview:-1"},"canonical":"https:\/\/welem.com\/enr\/installations\/","og_locale":"fr_FR","og_type":"article","og_title":"Carte des installations - WELEM","og_description":"installation po\u00eale et chaudi\u00e8re Welem","og_url":"https:\/\/welem.com\/enr\/installations\/","og_site_name":"WELEM","article_publisher":"https:\/\/www.facebook.com\/WELEM-105304956191421","article_modified_time":"2019-02-22T07:12:29+00:00","twitter_card":"summary_large_image","twitter_site":"@societewelem","twitter_misc":{"Dur\u00e9e de lecture estim\u00e9e":"1 minute"},"schema":{"@context":"https:\/\/schema.org","@graph":[{"@type":"WebPage","@id":"https:\/\/welem.com\/enr\/installations\/","url":"https:\/\/welem.com\/enr\/installations\/","name":"Carte des installations - WELEM","isPartOf":{"@id":"https:\/\/welem.com\/enr\/#website"},"datePublished":"2015-07-15T14:30:21+00:00","dateModified":"2019-02-22T07:12:29+00:00","description":"installation po\u00eale et chaudi\u00e8re Welem","breadcrumb":{"@id":"https:\/\/welem.com\/enr\/installations\/#breadcrumb"},"inLanguage":"fr-FR","potentialAction":[{"@type":"ReadAction","target":["https:\/\/welem.com\/enr\/installations\/"]}]},{"@type":"BreadcrumbList","@id":"https:\/\/welem.com\/enr\/installations\/#breadcrumb","itemListElement":[{"@type":"ListItem","position":1,"name":"Accueil","item":"https:\/\/welem.com\/enr\/"},{"@type":"ListItem","position":2,"name":"Carte des installations"}]},{"@type":"WebSite","@id":"https:\/\/welem.com\/enr\/#website","url":"https:\/\/welem.com\/enr\/","name":"WELEM - L'\u00e9nergie autrement","description":"La r\u00e9novation \u00e9nerg\u00e9tique globale","publisher":{"@id":"https:\/\/welem.com\/enr\/#organization"},"potentialAction":[{"@type":"SearchAction","target":{"@type":"EntryPoint","urlTemplate":"https:\/\/welem.com\/enr\/?s={search_term_string}"},"query-input":{"@type":"PropertyValueSpecification","valueRequired":true,"valueName":"search_term_string"}}],"inLanguage":"fr-FR"},{"@type":"Organization","@id":"https:\/\/welem.com\/enr\/#organization","name":"WELEM","url":"https:\/\/welem.com\/enr\/","logo":{"@type":"ImageObject","inLanguage":"fr-FR","@id":"https:\/\/welem.com\/enr\/#\/schema\/logo\/image\/","url":"https:\/\/welem.com\/enr\/wp-content\/uploads\/logoWelemRetina.png","contentUrl":"https:\/\/welem.com\/enr\/wp-content\/uploads\/logoWelemRetina.png","width":900,"height":311,"caption":"WELEM"},"image":{"@id":"https:\/\/welem.com\/enr\/#\/schema\/logo\/image\/"},"sameAs":["https:\/\/www.facebook.com\/WELEM-105304956191421","https:\/\/x.com\/societewelem","https:\/\/www.youtube.com\/channel\/UCx7WBxMNWO_SgykAVYK0xzQ"]}]}},"_links":{"self":[{"href":"https:\/\/welem.com\/enr\/wp-json\/wp\/v2\/pages\/1733","targetHints":{"allow":["GET"]}}],"collection":[{"href":"https:\/\/welem.com\/enr\/wp-json\/wp\/v2\/pages"}],"about":[{"href":"https:\/\/welem.com\/enr\/wp-json\/wp\/v2\/types\/page"}],"author":[{"embeddable":true,"href":"https:\/\/welem.com\/enr\/wp-json\/wp\/v2\/users\/75"}],"replies":[{"embeddable":true,"href":"https:\/\/welem.com\/enr\/wp-json\/wp\/v2\/comments?post=1733"}],"version-history":[{"count":0,"href":"https:\/\/welem.com\/enr\/wp-json\/wp\/v2\/pages\/1733\/revisions"}],"wp:attachment":[{"href":"https:\/\/welem.com\/enr\/wp-json\/wp\/v2\/media?parent=1733"}],"curies":[{"name":"wp","href":"https:\/\/api.w.org\/{rel}","templated":true}]}}