{"id":1779,"date":"2015-07-16T17:28:54","date_gmt":"2015-07-16T15:28:54","guid":{"rendered":"http:\/\/welem.com\/enr\/?page_id=1779"},"modified":"2019-02-25T14:40:25","modified_gmt":"2019-02-25T13:40:25","slug":"pressbook","status":"publish","type":"page","link":"https:\/\/welem.com\/enr\/pressbook\/","title":{"rendered":"Pressbook"},"content":{"rendered":"<style type=\"text\/css\"> \n#cmsms_row_69df1cb942022 .cmsms_row_outer_parent { \n\tpadding-top: 0px; \n} \n\n#cmsms_row_69df1cb942022 .cmsms_row_outer_parent { \n\tpadding-bottom: 50px; \n} \n\n<\/style><div id=\"cmsms_row_69df1cb942022\" class=\"cmsms_row cmsms_color_scheme_default\">\n<div class=\"cmsms_row_outer_parent\">\n<div class=\"cmsms_row_outer\">\n<div class=\"cmsms_row_inner\">\n<div class=\"cmsms_row_margin\">\n<div class=\"cmsms_column one_first\">\n<div class=\"cmsms_wrap_blog entry-summary\" id=\"blog_69df1cb9420d6\"><script type=\"text\/javascript\">\r\njQuery(document).ready(function () {\r\n\t(function ($) {\r\n\t\tif ($('#blog_69df1cb9420d6').find('article').length == '0') {\r\n\t\t\treturn false;\r\n\t\t}\r\n\t\t\r\n\t\r\n\t\tstartBlog( \r\n\t\t\t'69df1cb9420d6', \r\n\t\t\t'timeline', \r\n\t\t\t'', \r\n\t\t\t'https:\/\/welem.com\/enr\/wp-content\/plugins\/cmsms-content-composer\/', \r\n\t\t\t'date', \r\n\t\t\t'DESC', \r\n\t\t\t'6', \r\n\t\t\t'articles-de-presse', \r\n\t\t\t'date,likes,tags,more' \r\n\t\t);\r\n\t} )(jQuery);\r\n} );\r\n<\/script>\r\n<div class=\"blog timeline\">\r\n<!--_________________________ Start Standard Article _________________________ -->\r\n\r\n<article id=\"post-27993\" class=\"cmsms_post_timeline post-27993 post type-post status-publish format-standard has-post-thumbnail hentry category-articles-de-presse\">\r\n\t<div class=\"cmsms_post_info entry-meta\">\r\n\t\t<span class=\"cmsms_post_format_img cmsms-icon-desktop-3\"><\/span>\r\n\t\t\r\n\t\t<abbr class=\"published cmsms_post_date\" title=\"28 juillet 2018\"><span class=\"cmsms_day_mon\">28.07<\/span><span class=\"cmsms_year\">2018<\/span><\/abbr><abbr class=\"dn date updated\" title=\"27 juillet 2025\">27 juillet 2025<\/abbr>\t<\/div>\r\n\t<div class=\"cmsms_post_cont\">\r\n\t<figure><a href=\"https:\/\/welem.com\/enr\/chauffe-eau-solaire-maison-de-la-mer-a-plouguerneau\/\" title=\"Chauffe-eau solaire Maison de la mer \u00e0 Plouguerneau\" class=\"cmsms_img_link preloader\"><img loading=\"lazy\" decoding=\"async\" width=\"706\" height=\"490\" src=\"https:\/\/welem.com\/enr\/wp-content\/uploads\/180728_Telegramme_Welem_MaisonMerPlouguerneau-scaled.jpg\" class=\"full-width wp-post-image\" alt=\"Chauffe-eau solaire Maison de la mer \u00e0 Plouguerneau\" title=\"Chauffe-eau solaire Maison de la mer \u00e0 Plouguerneau\" srcset=\"https:\/\/welem.com\/enr\/wp-content\/uploads\/180728_Telegramme_Welem_MaisonMerPlouguerneau-scaled.jpg 2560w, https:\/\/welem.com\/enr\/wp-content\/uploads\/180728_Telegramme_Welem_MaisonMerPlouguerneau-scaled-600x416.jpg 600w\" sizes=\"auto, (max-width: 706px) 100vw, 706px\" \/><\/a><\/figure><header class=\"cmsms_post_header entry-header\"><h3 class=\"cmsms_post_title entry-title cmsms_h1_font_style\"><a href=\"https:\/\/welem.com\/enr\/chauffe-eau-solaire-maison-de-la-mer-a-plouguerneau\/\">Chauffe-eau solaire Maison de la mer \u00e0 Plouguerneau<\/a><\/h3><\/header><div class=\"cmsms_post_content entry-content\">\n<\/div>\n<footer class=\"cmsms_post_footer entry-meta\"><div class=\"cmsms_post_meta_info\"><a href=\"#\" onclick=\"cmsmsLike(27993); return false;\" id=\"cmsmsLike-27993\" class=\"cmsmsLike cmsms-icon-heart-7\"><span>0<\/span><\/a><\/div><a class=\"button cmsms_post_read_more\" href=\"https:\/\/welem.com\/enr\/chauffe-eau-solaire-maison-de-la-mer-a-plouguerneau\/\">Read More<\/a><\/footer>\t\t<div class=\"cl\"><\/div>\r\n\t<\/div>\r\n<\/article>\r\n<!--_________________________ Finish Standard Article _________________________ -->\r\n\r\n\r\n<!--_________________________ Start Standard Article _________________________ -->\r\n\r\n<article id=\"post-1804\" class=\"cmsms_post_timeline post-1804 post type-post status-publish format-standard has-post-thumbnail hentry category-articles-de-presse tag-telegramme-de-brest\">\r\n\t<div class=\"cmsms_post_info entry-meta\">\r\n\t\t<span class=\"cmsms_post_format_img cmsms-icon-desktop-3\"><\/span>\r\n\t\t\r\n\t\t<abbr class=\"published cmsms_post_date\" title=\"29 septembre 2011\"><span class=\"cmsms_day_mon\">29.09<\/span><span class=\"cmsms_year\">2011<\/span><\/abbr><abbr class=\"dn date updated\" title=\"17 d\u00e9cembre 2022\">17 d\u00e9cembre 2022<\/abbr>\t<\/div>\r\n\t<div class=\"cmsms_post_cont\">\r\n\t<figure><a href=\"https:\/\/welem.com\/enr\/salon-de-lhabitat-dautomne-2011\/\" title=\"Salon de l&rsquo;habitat d&rsquo;automne 2011\" class=\"cmsms_img_link preloader\"><img loading=\"lazy\" decoding=\"async\" width=\"820\" height=\"490\" src=\"https:\/\/welem.com\/enr\/wp-content\/uploads\/2015\/07\/110929_Telegramme_Welem_PuitsDeLumiere-820x490.jpg\" class=\"full-width wp-post-image\" alt=\"Salon de l&rsquo;habitat d&rsquo;automne 2011\" title=\"Salon de l&rsquo;habitat d&rsquo;automne 2011\" \/><\/a><\/figure><header class=\"cmsms_post_header entry-header\"><h3 class=\"cmsms_post_title entry-title cmsms_h1_font_style\"><a href=\"https:\/\/welem.com\/enr\/salon-de-lhabitat-dautomne-2011\/\">Salon de l&rsquo;habitat d&rsquo;automne 2011<\/a><\/h3><\/header><div class=\"cmsms_post_cont_info entry-meta\"><span class=\"cmsms_post_tags\">\u00c9tiquettes <a href=\"https:\/\/welem.com\/enr\/tag\/telegramme-de-brest\/\" rel=\"tag\">T\u00e9l\u00e9gramme de Brest<\/a><\/span><\/div><div class=\"cmsms_post_content entry-content\">\n<\/div>\n<footer class=\"cmsms_post_footer entry-meta\"><div class=\"cmsms_post_meta_info\"><a href=\"#\" onclick=\"cmsmsLike(1804); return false;\" id=\"cmsmsLike-1804\" class=\"cmsmsLike cmsms-icon-heart-7\"><span>1<\/span><\/a><\/div><a class=\"button cmsms_post_read_more\" href=\"https:\/\/welem.com\/enr\/salon-de-lhabitat-dautomne-2011\/\">Read More<\/a><\/footer>\t\t<div class=\"cl\"><\/div>\r\n\t<\/div>\r\n<\/article>\r\n<!--_________________________ Finish Standard Article _________________________ -->\r\n\r\n\r\n<!--_________________________ Start Standard Article _________________________ -->\r\n\r\n<article id=\"post-1798\" class=\"cmsms_post_timeline post-1798 post type-post status-publish format-standard has-post-thumbnail hentry category-articles-de-presse tag-telegramme-de-brest\">\r\n\t<div class=\"cmsms_post_info entry-meta\">\r\n\t\t<span class=\"cmsms_post_format_img cmsms-icon-desktop-3\"><\/span>\r\n\t\t\r\n\t\t<abbr class=\"published cmsms_post_date\" title=\"11 octobre 2009\"><span class=\"cmsms_day_mon\">11.10<\/span><span class=\"cmsms_year\">2009<\/span><\/abbr><abbr class=\"dn date updated\" title=\"16 juillet 2015\">16 juillet 2015<\/abbr>\t<\/div>\r\n\t<div class=\"cmsms_post_cont\">\r\n\t<figure><a href=\"https:\/\/welem.com\/enr\/salon-habitat-dautomne-2009\/\" title=\"Salon habitat d&rsquo;automne 2009\" class=\"cmsms_img_link preloader\"><img loading=\"lazy\" decoding=\"async\" width=\"499\" height=\"490\" src=\"https:\/\/welem.com\/enr\/wp-content\/uploads\/2009\/10\/091011_Telegramme_Welem_RecyclageEauxUsees.jpg\" class=\"full-width wp-post-image\" alt=\"Salon habitat d&rsquo;automne 2009\" title=\"Salon habitat d&rsquo;automne 2009\" srcset=\"https:\/\/welem.com\/enr\/wp-content\/uploads\/2009\/10\/091011_Telegramme_Welem_RecyclageEauxUsees.jpg 1944w, https:\/\/welem.com\/enr\/wp-content\/uploads\/2009\/10\/091011_Telegramme_Welem_RecyclageEauxUsees-600x589.jpg 600w\" sizes=\"auto, (max-width: 499px) 100vw, 499px\" \/><\/a><\/figure><header class=\"cmsms_post_header entry-header\"><h3 class=\"cmsms_post_title entry-title cmsms_h1_font_style\"><a href=\"https:\/\/welem.com\/enr\/salon-habitat-dautomne-2009\/\">Salon habitat d&rsquo;automne 2009<\/a><\/h3><\/header><div class=\"cmsms_post_cont_info entry-meta\"><span class=\"cmsms_post_tags\">\u00c9tiquettes <a href=\"https:\/\/welem.com\/enr\/tag\/telegramme-de-brest\/\" rel=\"tag\">T\u00e9l\u00e9gramme de Brest<\/a><\/span><\/div><div class=\"cmsms_post_content entry-content\">\n<\/div>\n<footer class=\"cmsms_post_footer entry-meta\"><div class=\"cmsms_post_meta_info\"><a href=\"#\" onclick=\"cmsmsLike(1798); return false;\" id=\"cmsmsLike-1798\" class=\"cmsmsLike cmsms-icon-heart-7\"><span>1<\/span><\/a><\/div><a class=\"button cmsms_post_read_more\" href=\"https:\/\/welem.com\/enr\/salon-habitat-dautomne-2009\/\">Read More<\/a><\/footer>\t\t<div class=\"cl\"><\/div>\r\n\t<\/div>\r\n<\/article>\r\n<!--_________________________ Finish Standard Article _________________________ -->\r\n\r\n\r\n<!--_________________________ Start Standard Article _________________________ -->\r\n\r\n<article id=\"post-1787\" class=\"cmsms_post_timeline post-1787 post type-post status-publish format-standard has-post-thumbnail hentry category-articles-de-presse tag-telegramme-de-brest\">\r\n\t<div class=\"cmsms_post_info entry-meta\">\r\n\t\t<span class=\"cmsms_post_format_img cmsms-icon-desktop-3\"><\/span>\r\n\t\t\r\n\t\t<abbr class=\"published cmsms_post_date\" title=\"6 mars 2008\"><span class=\"cmsms_day_mon\">06.03<\/span><span class=\"cmsms_year\">2008<\/span><\/abbr><abbr class=\"dn date updated\" title=\"16 juillet 2015\">16 juillet 2015<\/abbr>\t<\/div>\r\n\t<div class=\"cmsms_post_cont\">\r\n\t<figure><a href=\"https:\/\/welem.com\/enr\/salon-habitat-de-printemps-2008\/\" title=\"Salon habitat de printemps 2008\" class=\"cmsms_img_link preloader\"><img loading=\"lazy\" decoding=\"async\" width=\"820\" height=\"490\" src=\"https:\/\/welem.com\/enr\/wp-content\/uploads\/2015\/07\/080306_Telegramme_Welem_CombineBoisSolaire-820x490.jpg\" class=\"full-width wp-post-image\" alt=\"Salon habitat de printemps 2008\" title=\"Salon habitat de printemps 2008\" \/><\/a><\/figure><header class=\"cmsms_post_header entry-header\"><h3 class=\"cmsms_post_title entry-title cmsms_h1_font_style\"><a href=\"https:\/\/welem.com\/enr\/salon-habitat-de-printemps-2008\/\">Salon habitat de printemps 2008<\/a><\/h3><\/header><div class=\"cmsms_post_cont_info entry-meta\"><span class=\"cmsms_post_tags\">\u00c9tiquettes <a href=\"https:\/\/welem.com\/enr\/tag\/telegramme-de-brest\/\" rel=\"tag\">T\u00e9l\u00e9gramme de Brest<\/a><\/span><\/div><div class=\"cmsms_post_content entry-content\">\n<\/div>\n<footer class=\"cmsms_post_footer entry-meta\"><div class=\"cmsms_post_meta_info\"><a href=\"#\" onclick=\"cmsmsLike(1787); return false;\" id=\"cmsmsLike-1787\" class=\"cmsmsLike cmsms-icon-heart-7\"><span>0<\/span><\/a><\/div><a class=\"button cmsms_post_read_more\" href=\"https:\/\/welem.com\/enr\/salon-habitat-de-printemps-2008\/\">Read More<\/a><\/footer>\t\t<div class=\"cl\"><\/div>\r\n\t<\/div>\r\n<\/article>\r\n<!--_________________________ Finish Standard Article _________________________ -->\r\n\r\n<\/div><div class=\"cmsms_wrap_more_posts cmsms_wrap_more_items\"><\/div><\/div>\n<\/div>\n<\/div>\n<\/div>\n<\/div>\n<\/div>\n<\/div>\n\n","protected":false},"excerpt":{"rendered":"","protected":false},"author":75,"featured_media":0,"parent":0,"menu_order":36,"comment_status":"closed","ping_status":"open","template":"","meta":{"footnotes":""},"class_list":["post-1779","page","type-page","status-publish","hentry"],"yoast_head":"<!-- This site is optimized with the Yoast SEO plugin v27.4 - https:\/\/yoast.com\/product\/yoast-seo-wordpress\/ -->\n<title>Pressbook - WELEM<\/title>\n<meta name=\"robots\" content=\"index, follow, max-snippet:-1, max-image-preview:large, max-video-preview:-1\" \/>\n<link rel=\"canonical\" href=\"https:\/\/welem.com\/enr\/pressbook\/\" \/>\n<meta property=\"og:locale\" content=\"fr_FR\" \/>\n<meta property=\"og:type\" content=\"article\" \/>\n<meta property=\"og:title\" content=\"Pressbook - WELEM\" \/>\n<meta property=\"og:url\" content=\"https:\/\/welem.com\/enr\/pressbook\/\" \/>\n<meta property=\"og:site_name\" content=\"WELEM\" \/>\n<meta property=\"article:publisher\" content=\"https:\/\/www.facebook.com\/WELEM-105304956191421\" \/>\n<meta property=\"article:modified_time\" content=\"2019-02-25T13:40:25+00:00\" \/>\n<meta name=\"twitter:card\" content=\"summary_large_image\" \/>\n<meta name=\"twitter:site\" content=\"@societewelem\" \/>\n<script type=\"application\/ld+json\" class=\"yoast-schema-graph\">{\"@context\":\"https:\\\/\\\/schema.org\",\"@graph\":[{\"@type\":\"WebPage\",\"@id\":\"https:\\\/\\\/welem.com\\\/enr\\\/pressbook\\\/\",\"url\":\"https:\\\/\\\/welem.com\\\/enr\\\/pressbook\\\/\",\"name\":\"Pressbook - WELEM\",\"isPartOf\":{\"@id\":\"https:\\\/\\\/welem.com\\\/enr\\\/#website\"},\"datePublished\":\"2015-07-16T15:28:54+00:00\",\"dateModified\":\"2019-02-25T13:40:25+00:00\",\"breadcrumb\":{\"@id\":\"https:\\\/\\\/welem.com\\\/enr\\\/pressbook\\\/#breadcrumb\"},\"inLanguage\":\"fr-FR\",\"potentialAction\":[{\"@type\":\"ReadAction\",\"target\":[\"https:\\\/\\\/welem.com\\\/enr\\\/pressbook\\\/\"]}]},{\"@type\":\"BreadcrumbList\",\"@id\":\"https:\\\/\\\/welem.com\\\/enr\\\/pressbook\\\/#breadcrumb\",\"itemListElement\":[{\"@type\":\"ListItem\",\"position\":1,\"name\":\"Accueil\",\"item\":\"https:\\\/\\\/welem.com\\\/enr\\\/\"},{\"@type\":\"ListItem\",\"position\":2,\"name\":\"Pressbook\"}]},{\"@type\":\"WebSite\",\"@id\":\"https:\\\/\\\/welem.com\\\/enr\\\/#website\",\"url\":\"https:\\\/\\\/welem.com\\\/enr\\\/\",\"name\":\"WELEM - L'\u00e9nergie autrement\",\"description\":\"La r\u00e9novation \u00e9nerg\u00e9tique globale\",\"publisher\":{\"@id\":\"https:\\\/\\\/welem.com\\\/enr\\\/#organization\"},\"potentialAction\":[{\"@type\":\"SearchAction\",\"target\":{\"@type\":\"EntryPoint\",\"urlTemplate\":\"https:\\\/\\\/welem.com\\\/enr\\\/?s={search_term_string}\"},\"query-input\":{\"@type\":\"PropertyValueSpecification\",\"valueRequired\":true,\"valueName\":\"search_term_string\"}}],\"inLanguage\":\"fr-FR\"},{\"@type\":\"Organization\",\"@id\":\"https:\\\/\\\/welem.com\\\/enr\\\/#organization\",\"name\":\"WELEM\",\"url\":\"https:\\\/\\\/welem.com\\\/enr\\\/\",\"logo\":{\"@type\":\"ImageObject\",\"inLanguage\":\"fr-FR\",\"@id\":\"https:\\\/\\\/welem.com\\\/enr\\\/#\\\/schema\\\/logo\\\/image\\\/\",\"url\":\"https:\\\/\\\/welem.com\\\/enr\\\/wp-content\\\/uploads\\\/logoWelemRetina.png\",\"contentUrl\":\"https:\\\/\\\/welem.com\\\/enr\\\/wp-content\\\/uploads\\\/logoWelemRetina.png\",\"width\":900,\"height\":311,\"caption\":\"WELEM\"},\"image\":{\"@id\":\"https:\\\/\\\/welem.com\\\/enr\\\/#\\\/schema\\\/logo\\\/image\\\/\"},\"sameAs\":[\"https:\\\/\\\/www.facebook.com\\\/WELEM-105304956191421\",\"https:\\\/\\\/x.com\\\/societewelem\",\"https:\\\/\\\/www.youtube.com\\\/channel\\\/UCx7WBxMNWO_SgykAVYK0xzQ\"]}]}<\/script>\n<!-- \/ Yoast SEO plugin. -->","yoast_head_json":{"title":"Pressbook - WELEM","robots":{"index":"index","follow":"follow","max-snippet":"max-snippet:-1","max-image-preview":"max-image-preview:large","max-video-preview":"max-video-preview:-1"},"canonical":"https:\/\/welem.com\/enr\/pressbook\/","og_locale":"fr_FR","og_type":"article","og_title":"Pressbook - WELEM","og_url":"https:\/\/welem.com\/enr\/pressbook\/","og_site_name":"WELEM","article_publisher":"https:\/\/www.facebook.com\/WELEM-105304956191421","article_modified_time":"2019-02-25T13:40:25+00:00","twitter_card":"summary_large_image","twitter_site":"@societewelem","schema":{"@context":"https:\/\/schema.org","@graph":[{"@type":"WebPage","@id":"https:\/\/welem.com\/enr\/pressbook\/","url":"https:\/\/welem.com\/enr\/pressbook\/","name":"Pressbook - WELEM","isPartOf":{"@id":"https:\/\/welem.com\/enr\/#website"},"datePublished":"2015-07-16T15:28:54+00:00","dateModified":"2019-02-25T13:40:25+00:00","breadcrumb":{"@id":"https:\/\/welem.com\/enr\/pressbook\/#breadcrumb"},"inLanguage":"fr-FR","potentialAction":[{"@type":"ReadAction","target":["https:\/\/welem.com\/enr\/pressbook\/"]}]},{"@type":"BreadcrumbList","@id":"https:\/\/welem.com\/enr\/pressbook\/#breadcrumb","itemListElement":[{"@type":"ListItem","position":1,"name":"Accueil","item":"https:\/\/welem.com\/enr\/"},{"@type":"ListItem","position":2,"name":"Pressbook"}]},{"@type":"WebSite","@id":"https:\/\/welem.com\/enr\/#website","url":"https:\/\/welem.com\/enr\/","name":"WELEM - L'\u00e9nergie autrement","description":"La r\u00e9novation \u00e9nerg\u00e9tique globale","publisher":{"@id":"https:\/\/welem.com\/enr\/#organization"},"potentialAction":[{"@type":"SearchAction","target":{"@type":"EntryPoint","urlTemplate":"https:\/\/welem.com\/enr\/?s={search_term_string}"},"query-input":{"@type":"PropertyValueSpecification","valueRequired":true,"valueName":"search_term_string"}}],"inLanguage":"fr-FR"},{"@type":"Organization","@id":"https:\/\/welem.com\/enr\/#organization","name":"WELEM","url":"https:\/\/welem.com\/enr\/","logo":{"@type":"ImageObject","inLanguage":"fr-FR","@id":"https:\/\/welem.com\/enr\/#\/schema\/logo\/image\/","url":"https:\/\/welem.com\/enr\/wp-content\/uploads\/logoWelemRetina.png","contentUrl":"https:\/\/welem.com\/enr\/wp-content\/uploads\/logoWelemRetina.png","width":900,"height":311,"caption":"WELEM"},"image":{"@id":"https:\/\/welem.com\/enr\/#\/schema\/logo\/image\/"},"sameAs":["https:\/\/www.facebook.com\/WELEM-105304956191421","https:\/\/x.com\/societewelem","https:\/\/www.youtube.com\/channel\/UCx7WBxMNWO_SgykAVYK0xzQ"]}]}},"_links":{"self":[{"href":"https:\/\/welem.com\/enr\/wp-json\/wp\/v2\/pages\/1779","targetHints":{"allow":["GET"]}}],"collection":[{"href":"https:\/\/welem.com\/enr\/wp-json\/wp\/v2\/pages"}],"about":[{"href":"https:\/\/welem.com\/enr\/wp-json\/wp\/v2\/types\/page"}],"author":[{"embeddable":true,"href":"https:\/\/welem.com\/enr\/wp-json\/wp\/v2\/users\/75"}],"replies":[{"embeddable":true,"href":"https:\/\/welem.com\/enr\/wp-json\/wp\/v2\/comments?post=1779"}],"version-history":[{"count":0,"href":"https:\/\/welem.com\/enr\/wp-json\/wp\/v2\/pages\/1779\/revisions"}],"wp:attachment":[{"href":"https:\/\/welem.com\/enr\/wp-json\/wp\/v2\/media?parent=1779"}],"curies":[{"name":"wp","href":"https:\/\/api.w.org\/{rel}","templated":true}]}}