{"id":18881,"date":"2016-07-25T16:33:49","date_gmt":"2016-07-25T14:33:49","guid":{"rendered":"http:\/\/welem.com\/enr\/?page_id=18881"},"modified":"2019-02-22T08:16:38","modified_gmt":"2019-02-22T07:16:38","slug":"expertise-fumisterie-vmc","status":"publish","type":"page","link":"https:\/\/welem.com\/enr\/expertise-fumisterie-vmc\/","title":{"rendered":"Expertise fumisterie et ventilation"},"content":{"rendered":"<style type=\"text\/css\"> \n#cmsms_row_69dec3ba7ab8b .cmsms_row_outer_parent { \n\tpadding-top: 20px; \n} \n\n#cmsms_row_69dec3ba7ab8b .cmsms_row_outer_parent { \n\tpadding-bottom: 50px; \n} \n\n<\/style><div id=\"cmsms_row_69dec3ba7ab8b\" class=\"cmsms_row cmsms_color_scheme_default\">\n<div class=\"cmsms_row_outer_parent\">\n<div class=\"cmsms_row_outer\">\n<div class=\"cmsms_row_inner\">\n<div class=\"cmsms_row_margin\">\n<div class=\"cmsms_column one_first\">\n<div class=\"cmsms_text\">\n<blockquote>\n<p><span style=\"color: #ffcc00;\"><strong>Attention \u00e0 bien choisir votre ramoneur<\/strong><\/span><\/p>\n<\/blockquote>\n<\/div>\n<div class=\"cmsms_wrap_portfolio entry-summary\" id=\"portfolio_69dec3ba7ad29\"><script type=\"text\/javascript\">\r\njQuery(document).ready(function () {\r\n\t(function ($) {\r\n\t\tif ($('#portfolio_69dec3ba7ad29').find('article').length == '0') {\r\n\t\t\treturn false;\r\n\t\t}\r\n\t\t\r\n\t\r\n\t\tstartPortfolio( \r\n\t\t\t'69dec3ba7ad29', \r\n\t\t\t'grid', \r\n\t\t\t'masonry', \r\n\t\t\t'https:\/\/welem.com\/enr\/wp-content\/plugins\/cmsms-content-composer\/', \r\n\t\t\t'id', \r\n\t\t\t'ASC', \r\n\t\t\t'5', \r\n\t\t\t'', \r\n\t\t\t'title' \r\n\t\t);\r\n\t} )(jQuery);\r\n} );\r\n<\/script>\r\n<div class=\"portfolio grid small_gap masonry cmsms_4\">\r\n<!--_________________________ Start Standard Project _________________________ -->\r\n\r\n<article id=\"post-1610\" class=\"post-1610 project type-project status-publish format-standard has-post-thumbnail hentry pj-categs-expertise-fumisterie\" data-category=\"expertise-fumisterie\">\r\n\t<div class=\"project_outer\">\r\n\t<figure class=\"cmsms_img_rollover_wrap preloader highImg\"><img loading=\"lazy\" decoding=\"async\" width=\"580\" height=\"237\" src=\"https:\/\/welem.com\/enr\/wp-content\/uploads\/ServiceRamonage-580x237.jpg\" class=\"full-width wp-post-image\" alt=\"Ramonage\" title=\"Ramonage\" srcset=\"https:\/\/welem.com\/enr\/wp-content\/uploads\/ServiceRamonage-580x237.jpg 580w, https:\/\/welem.com\/enr\/wp-content\/uploads\/ServiceRamonage-600x245.jpg 600w, https:\/\/welem.com\/enr\/wp-content\/uploads\/ServiceRamonage-300x122.jpg 300w, https:\/\/welem.com\/enr\/wp-content\/uploads\/ServiceRamonage-820x335.jpg 820w, https:\/\/welem.com\/enr\/wp-content\/uploads\/ServiceRamonage.jpg 931w\" sizes=\"auto, (max-width: 580px) 100vw, 580px\" \/><div class=\"cmsms_img_rollover\"><a href=\"https:\/\/welem.com\/enr\/project\/ramonage\/\" title=\"Ramonage\" class=\"cmsms_open_post_link\"><\/a><\/div><\/figure><div class=\"project_inner\"><header class=\"cmsms_project_header entry-header\"><h3 class=\"cmsms_project_title entry-title\"><a href=\"https:\/\/welem.com\/enr\/project\/ramonage\/\" target=\"_blank\">Ramonage<\/a><\/h3><\/header><\/div><span class=\"dn meta-date\">20150710123817<\/span>\t\t<div class=\"cl\"><\/div>\r\n\t<\/div>\r\n<\/article>\r\n<!--_________________________ Finish Standard Project _________________________ -->\r\n\r\n\r\n<!--_________________________ Start Standard Project _________________________ -->\r\n\r\n<article id=\"post-18850\" class=\"post-18850 project type-project status-publish format-standard has-post-thumbnail hentry pj-categs-expertise-fumisterie\" data-category=\"expertise-fumisterie\">\r\n\t<div class=\"project_outer\">\r\n\t<figure class=\"cmsms_img_rollover_wrap preloader highImg\"><img loading=\"lazy\" decoding=\"async\" width=\"343\" height=\"400\" src=\"https:\/\/welem.com\/enr\/wp-content\/uploads\/diagnosticConduitFumeeReglemetaire.png\" class=\"full-width wp-post-image\" alt=\"Diagnostic de conduit de fum\u00e9e\" title=\"Diagnostic de conduit de fum\u00e9e\" srcset=\"https:\/\/welem.com\/enr\/wp-content\/uploads\/diagnosticConduitFumeeReglemetaire.png 343w, https:\/\/welem.com\/enr\/wp-content\/uploads\/diagnosticConduitFumeeReglemetaire-300x350.png 300w, https:\/\/welem.com\/enr\/wp-content\/uploads\/diagnosticConduitFumeeReglemetaire-257x300.png 257w\" sizes=\"auto, (max-width: 343px) 100vw, 343px\" \/><div class=\"cmsms_img_rollover\"><a href=\"https:\/\/welem.com\/enr\/project\/diagnostic-de-conduit-de-fumee\/\" title=\"Diagnostic de conduit de fum\u00e9e\" class=\"cmsms_open_post_link\"><\/a><\/div><\/figure><div class=\"project_inner\"><header class=\"cmsms_project_header entry-header\"><h3 class=\"cmsms_project_title entry-title\"><a href=\"https:\/\/welem.com\/enr\/project\/diagnostic-de-conduit-de-fumee\/\" target=\"_blank\">Diagnostic de conduit de fum\u00e9e<\/a><\/h3><\/header><\/div><span class=\"dn meta-date\">20160725123028<\/span>\t\t<div class=\"cl\"><\/div>\r\n\t<\/div>\r\n<\/article>\r\n<!--_________________________ Finish Standard Project _________________________ -->\r\n\r\n\r\n<!--_________________________ Start Standard Project _________________________ -->\r\n\r\n<article id=\"post-18875\" class=\"post-18875 project type-project status-publish format-standard has-post-thumbnail hentry pj-categs-expertise-fumisterie\" data-category=\"expertise-fumisterie\">\r\n\t<div class=\"project_outer\">\r\n\t<figure class=\"cmsms_img_rollover_wrap preloader highImg\"><img loading=\"lazy\" decoding=\"async\" width=\"431\" height=\"400\" src=\"https:\/\/welem.com\/enr\/wp-content\/uploads\/debistrageConduitFumee.jpg\" class=\"full-width wp-post-image\" alt=\"D\u00e9bistrage de conduit\" title=\"D\u00e9bistrage de conduit\" srcset=\"https:\/\/welem.com\/enr\/wp-content\/uploads\/debistrageConduitFumee.jpg 431w, https:\/\/welem.com\/enr\/wp-content\/uploads\/debistrageConduitFumee-300x278.jpg 300w\" sizes=\"auto, (max-width: 431px) 100vw, 431px\" \/><div class=\"cmsms_img_rollover\"><a href=\"https:\/\/welem.com\/enr\/project\/debistrage-de-conduit\/\" title=\"D\u00e9bistrage de conduit\" class=\"cmsms_open_post_link\"><\/a><\/div><\/figure><div class=\"project_inner\"><header class=\"cmsms_project_header entry-header\"><h3 class=\"cmsms_project_title entry-title\"><a href=\"https:\/\/welem.com\/enr\/project\/debistrage-de-conduit\/\" target=\"_blank\">D\u00e9bistrage de conduit<\/a><\/h3><\/header><\/div><span class=\"dn meta-date\">20160725155603<\/span>\t\t<div class=\"cl\"><\/div>\r\n\t<\/div>\r\n<\/article>\r\n<!--_________________________ Finish Standard Project _________________________ -->\r\n\r\n\r\n<!--_________________________ Start Standard Project _________________________ -->\r\n\r\n<article id=\"post-18891\" class=\"post-18891 project type-project status-publish format-standard has-post-thumbnail hentry pj-categs-expertise-fumisterie\" data-category=\"expertise-fumisterie\">\r\n\t<div class=\"project_outer\">\r\n\t<figure class=\"cmsms_img_rollover_wrap preloader highImg\"><img loading=\"lazy\" decoding=\"async\" width=\"566\" height=\"291\" src=\"https:\/\/welem.com\/enr\/wp-content\/uploads\/bonUsageRamonage.jpg\" class=\"full-width wp-post-image\" alt=\"Bon \u00e0 savoir\" title=\"Bon \u00e0 savoir\" srcset=\"https:\/\/welem.com\/enr\/wp-content\/uploads\/bonUsageRamonage.jpg 566w, https:\/\/welem.com\/enr\/wp-content\/uploads\/bonUsageRamonage-300x154.jpg 300w\" sizes=\"auto, (max-width: 566px) 100vw, 566px\" \/><div class=\"cmsms_img_rollover\"><a href=\"https:\/\/welem.com\/enr\/project\/bon-a-savoir\/\" title=\"Bon \u00e0 savoir\" class=\"cmsms_open_post_link\"><\/a><\/div><\/figure><div class=\"project_inner\"><header class=\"cmsms_project_header entry-header\"><h3 class=\"cmsms_project_title entry-title\"><a href=\"https:\/\/welem.com\/enr\/project\/bon-a-savoir\/\" target=\"_blank\">Bon \u00e0 savoir<\/a><\/h3><\/header><\/div><span class=\"dn meta-date\">20160725170815<\/span>\t\t<div class=\"cl\"><\/div>\r\n\t<\/div>\r\n<\/article>\r\n<!--_________________________ Finish Standard Project _________________________ -->\r\n\r\n\r\n<!--_________________________ Start Standard Project _________________________ -->\r\n\r\n<article id=\"post-18994\" class=\"post-18994 project type-project status-publish format-standard has-post-thumbnail hentry pj-categs-expertise-aeraulique\" data-category=\"expertise-aeraulique\">\r\n\t<div class=\"project_outer\">\r\n\t<figure class=\"cmsms_img_rollover_wrap preloader highImg\"><img loading=\"lazy\" decoding=\"async\" width=\"318\" height=\"300\" src=\"https:\/\/welem.com\/enr\/wp-content\/uploads\/diagnosticVentilation.jpg\" class=\"full-width wp-post-image\" alt=\"Diagnostic de ventilation\" title=\"Diagnostic de ventilation\" srcset=\"https:\/\/welem.com\/enr\/wp-content\/uploads\/diagnosticVentilation.jpg 318w, https:\/\/welem.com\/enr\/wp-content\/uploads\/diagnosticVentilation-300x283.jpg 300w\" sizes=\"auto, (max-width: 318px) 100vw, 318px\" \/><div class=\"cmsms_img_rollover\"><a href=\"https:\/\/welem.com\/enr\/project\/diagnostic-de-ventilation\/\" title=\"Diagnostic de ventilation\" class=\"cmsms_open_post_link\"><\/a><\/div><\/figure><div class=\"project_inner\"><header class=\"cmsms_project_header entry-header\"><h3 class=\"cmsms_project_title entry-title\"><a href=\"https:\/\/welem.com\/enr\/project\/diagnostic-de-ventilation\/\" target=\"_blank\">Diagnostic de ventilation<\/a><\/h3><\/header><\/div><span class=\"dn meta-date\">20160728141740<\/span>\t\t<div class=\"cl\"><\/div>\r\n\t<\/div>\r\n<\/article>\r\n<!--_________________________ Finish Standard Project _________________________ -->\r\n\r\n<\/div><div class=\"cmsms_wrap_more_projects cmsms_wrap_more_items\"><\/div><\/div>\n<\/div>\n<\/div>\n<\/div>\n<\/div>\n<\/div>\n<\/div>\n\n","protected":false},"excerpt":{"rendered":"","protected":false},"author":75,"featured_media":0,"parent":0,"menu_order":18,"comment_status":"closed","ping_status":"closed","template":"","meta":{"footnotes":""},"class_list":["post-18881","page","type-page","status-publish","hentry"],"yoast_head":"<!-- This site is optimized with the Yoast SEO plugin v27.4 - https:\/\/yoast.com\/product\/yoast-seo-wordpress\/ -->\n<title>Expertise fumisterie et ventilation - WELEM<\/title>\n<meta name=\"robots\" content=\"index, follow, max-snippet:-1, max-image-preview:large, max-video-preview:-1\" \/>\n<link rel=\"canonical\" href=\"https:\/\/welem.com\/enr\/expertise-fumisterie-vmc\/\" \/>\n<meta property=\"og:locale\" content=\"fr_FR\" \/>\n<meta property=\"og:type\" content=\"article\" \/>\n<meta property=\"og:title\" content=\"Expertise fumisterie et ventilation - WELEM\" \/>\n<meta property=\"og:url\" content=\"https:\/\/welem.com\/enr\/expertise-fumisterie-vmc\/\" \/>\n<meta property=\"og:site_name\" content=\"WELEM\" \/>\n<meta property=\"article:publisher\" content=\"https:\/\/www.facebook.com\/WELEM-105304956191421\" \/>\n<meta property=\"article:modified_time\" content=\"2019-02-22T07:16:38+00:00\" \/>\n<meta name=\"twitter:card\" content=\"summary_large_image\" \/>\n<meta name=\"twitter:site\" content=\"@societewelem\" \/>\n<script type=\"application\/ld+json\" class=\"yoast-schema-graph\">{\"@context\":\"https:\\\/\\\/schema.org\",\"@graph\":[{\"@type\":\"WebPage\",\"@id\":\"https:\\\/\\\/welem.com\\\/enr\\\/expertise-fumisterie-vmc\\\/\",\"url\":\"https:\\\/\\\/welem.com\\\/enr\\\/expertise-fumisterie-vmc\\\/\",\"name\":\"Expertise fumisterie et ventilation - WELEM\",\"isPartOf\":{\"@id\":\"https:\\\/\\\/welem.com\\\/enr\\\/#website\"},\"datePublished\":\"2016-07-25T14:33:49+00:00\",\"dateModified\":\"2019-02-22T07:16:38+00:00\",\"breadcrumb\":{\"@id\":\"https:\\\/\\\/welem.com\\\/enr\\\/expertise-fumisterie-vmc\\\/#breadcrumb\"},\"inLanguage\":\"fr-FR\",\"potentialAction\":[{\"@type\":\"ReadAction\",\"target\":[\"https:\\\/\\\/welem.com\\\/enr\\\/expertise-fumisterie-vmc\\\/\"]}]},{\"@type\":\"BreadcrumbList\",\"@id\":\"https:\\\/\\\/welem.com\\\/enr\\\/expertise-fumisterie-vmc\\\/#breadcrumb\",\"itemListElement\":[{\"@type\":\"ListItem\",\"position\":1,\"name\":\"Accueil\",\"item\":\"https:\\\/\\\/welem.com\\\/enr\\\/\"},{\"@type\":\"ListItem\",\"position\":2,\"name\":\"Expertise fumisterie et ventilation\"}]},{\"@type\":\"WebSite\",\"@id\":\"https:\\\/\\\/welem.com\\\/enr\\\/#website\",\"url\":\"https:\\\/\\\/welem.com\\\/enr\\\/\",\"name\":\"WELEM - L'\u00e9nergie autrement\",\"description\":\"La r\u00e9novation \u00e9nerg\u00e9tique globale\",\"publisher\":{\"@id\":\"https:\\\/\\\/welem.com\\\/enr\\\/#organization\"},\"potentialAction\":[{\"@type\":\"SearchAction\",\"target\":{\"@type\":\"EntryPoint\",\"urlTemplate\":\"https:\\\/\\\/welem.com\\\/enr\\\/?s={search_term_string}\"},\"query-input\":{\"@type\":\"PropertyValueSpecification\",\"valueRequired\":true,\"valueName\":\"search_term_string\"}}],\"inLanguage\":\"fr-FR\"},{\"@type\":\"Organization\",\"@id\":\"https:\\\/\\\/welem.com\\\/enr\\\/#organization\",\"name\":\"WELEM\",\"url\":\"https:\\\/\\\/welem.com\\\/enr\\\/\",\"logo\":{\"@type\":\"ImageObject\",\"inLanguage\":\"fr-FR\",\"@id\":\"https:\\\/\\\/welem.com\\\/enr\\\/#\\\/schema\\\/logo\\\/image\\\/\",\"url\":\"https:\\\/\\\/welem.com\\\/enr\\\/wp-content\\\/uploads\\\/logoWelemRetina.png\",\"contentUrl\":\"https:\\\/\\\/welem.com\\\/enr\\\/wp-content\\\/uploads\\\/logoWelemRetina.png\",\"width\":900,\"height\":311,\"caption\":\"WELEM\"},\"image\":{\"@id\":\"https:\\\/\\\/welem.com\\\/enr\\\/#\\\/schema\\\/logo\\\/image\\\/\"},\"sameAs\":[\"https:\\\/\\\/www.facebook.com\\\/WELEM-105304956191421\",\"https:\\\/\\\/x.com\\\/societewelem\",\"https:\\\/\\\/www.youtube.com\\\/channel\\\/UCx7WBxMNWO_SgykAVYK0xzQ\"]}]}<\/script>\n<!-- \/ Yoast SEO plugin. -->","yoast_head_json":{"title":"Expertise fumisterie et ventilation - WELEM","robots":{"index":"index","follow":"follow","max-snippet":"max-snippet:-1","max-image-preview":"max-image-preview:large","max-video-preview":"max-video-preview:-1"},"canonical":"https:\/\/welem.com\/enr\/expertise-fumisterie-vmc\/","og_locale":"fr_FR","og_type":"article","og_title":"Expertise fumisterie et ventilation - WELEM","og_url":"https:\/\/welem.com\/enr\/expertise-fumisterie-vmc\/","og_site_name":"WELEM","article_publisher":"https:\/\/www.facebook.com\/WELEM-105304956191421","article_modified_time":"2019-02-22T07:16:38+00:00","twitter_card":"summary_large_image","twitter_site":"@societewelem","schema":{"@context":"https:\/\/schema.org","@graph":[{"@type":"WebPage","@id":"https:\/\/welem.com\/enr\/expertise-fumisterie-vmc\/","url":"https:\/\/welem.com\/enr\/expertise-fumisterie-vmc\/","name":"Expertise fumisterie et ventilation - WELEM","isPartOf":{"@id":"https:\/\/welem.com\/enr\/#website"},"datePublished":"2016-07-25T14:33:49+00:00","dateModified":"2019-02-22T07:16:38+00:00","breadcrumb":{"@id":"https:\/\/welem.com\/enr\/expertise-fumisterie-vmc\/#breadcrumb"},"inLanguage":"fr-FR","potentialAction":[{"@type":"ReadAction","target":["https:\/\/welem.com\/enr\/expertise-fumisterie-vmc\/"]}]},{"@type":"BreadcrumbList","@id":"https:\/\/welem.com\/enr\/expertise-fumisterie-vmc\/#breadcrumb","itemListElement":[{"@type":"ListItem","position":1,"name":"Accueil","item":"https:\/\/welem.com\/enr\/"},{"@type":"ListItem","position":2,"name":"Expertise fumisterie et ventilation"}]},{"@type":"WebSite","@id":"https:\/\/welem.com\/enr\/#website","url":"https:\/\/welem.com\/enr\/","name":"WELEM - L'\u00e9nergie autrement","description":"La r\u00e9novation \u00e9nerg\u00e9tique globale","publisher":{"@id":"https:\/\/welem.com\/enr\/#organization"},"potentialAction":[{"@type":"SearchAction","target":{"@type":"EntryPoint","urlTemplate":"https:\/\/welem.com\/enr\/?s={search_term_string}"},"query-input":{"@type":"PropertyValueSpecification","valueRequired":true,"valueName":"search_term_string"}}],"inLanguage":"fr-FR"},{"@type":"Organization","@id":"https:\/\/welem.com\/enr\/#organization","name":"WELEM","url":"https:\/\/welem.com\/enr\/","logo":{"@type":"ImageObject","inLanguage":"fr-FR","@id":"https:\/\/welem.com\/enr\/#\/schema\/logo\/image\/","url":"https:\/\/welem.com\/enr\/wp-content\/uploads\/logoWelemRetina.png","contentUrl":"https:\/\/welem.com\/enr\/wp-content\/uploads\/logoWelemRetina.png","width":900,"height":311,"caption":"WELEM"},"image":{"@id":"https:\/\/welem.com\/enr\/#\/schema\/logo\/image\/"},"sameAs":["https:\/\/www.facebook.com\/WELEM-105304956191421","https:\/\/x.com\/societewelem","https:\/\/www.youtube.com\/channel\/UCx7WBxMNWO_SgykAVYK0xzQ"]}]}},"_links":{"self":[{"href":"https:\/\/welem.com\/enr\/wp-json\/wp\/v2\/pages\/18881","targetHints":{"allow":["GET"]}}],"collection":[{"href":"https:\/\/welem.com\/enr\/wp-json\/wp\/v2\/pages"}],"about":[{"href":"https:\/\/welem.com\/enr\/wp-json\/wp\/v2\/types\/page"}],"author":[{"embeddable":true,"href":"https:\/\/welem.com\/enr\/wp-json\/wp\/v2\/users\/75"}],"replies":[{"embeddable":true,"href":"https:\/\/welem.com\/enr\/wp-json\/wp\/v2\/comments?post=18881"}],"version-history":[{"count":0,"href":"https:\/\/welem.com\/enr\/wp-json\/wp\/v2\/pages\/18881\/revisions"}],"wp:attachment":[{"href":"https:\/\/welem.com\/enr\/wp-json\/wp\/v2\/media?parent=18881"}],"curies":[{"name":"wp","href":"https:\/\/api.w.org\/{rel}","templated":true}]}}