{"id":1935,"date":"2015-08-01T12:45:52","date_gmt":"2015-08-01T10:45:52","guid":{"rendered":"http:\/\/welem.com\/enr\/?page_id=1935"},"modified":"2025-07-27T20:16:38","modified_gmt":"2025-07-27T18:16:38","slug":"showroom","status":"publish","type":"page","link":"https:\/\/welem.com\/enr\/showroom\/","title":{"rendered":"Showroom"},"content":{"rendered":"<style type=\"text\/css\"> \n#cmsms_row_69e4950dc9407 .cmsms_row_outer_parent { \n\tpadding-top: 0px; \n} \n\n#cmsms_row_69e4950dc9407 .cmsms_row_outer_parent { \n\tpadding-bottom: 30px; \n} \n\n \n#cmsms_row_69e4950e0bee6 .cmsms_row_outer_parent { \n\tpadding-top: 0px; \n} \n\n#cmsms_row_69e4950e0bee6 .cmsms_row_outer_parent { \n\tpadding-bottom: 0px; \n} \n\n \n#cmsms_heading_69e4950e0c04d, #cmsms_heading_69e4950e0c04d a { \n\tfont-weight:400; \n\tfont-style:normal; \n\tmargin-top:0px; \n\tmargin-bottom:20px; \n} \n \n#cmsms_icon_list_items_69e4950e0c069.cmsms_icon_list_items .cmsms_icon_list_item:before { \n\tleft:24.5px; \n} \n#cmsms_icon_list_items_69e4950e0c069.cmsms_icon_list_type_block .cmsms_icon_list_item:before { \n\twidth:1px; \n} \n\n#cmsms_icon_list_items_69e4950e0c069 .cmsms_icon_list_icon { \n\tborder-width:5px; \n\twidth:50px; \n\theight:50px; \n\t-webkit-border-radius:50%; \n\t-moz-border-radius:50%; \n\tborder-radius:50%; \n} \n\n#cmsms_icon_list_items_69e4950e0c069 .cmsms_icon_list_icon:before { \n\tfont-size:20px; \n\tline-height:40px; \n} \n\n.cmsms_icon_list_items.cmsms_color_type_border #cmsms_icon_list_item_69e4950e0c0e6:hover .cmsms_icon_list_icon { \n\tborder-color:transparent; \n} \n\n.cmsms_icon_list_items.cmsms_color_type_border #cmsms_icon_list_item_69e4950e0c11b:hover .cmsms_icon_list_icon { \n\tborder-color:transparent; \n} \n \n#cmsms_row_69e4950e0c21d .cmsms_row_outer_parent { \n\tpadding-top: 0px; \n} \n\n#cmsms_row_69e4950e0c21d .cmsms_row_outer_parent { \n\tpadding-bottom: 0px; \n} \n\n \n#cmsms_row_69e4950e0e5e0 .cmsms_row_outer_parent { \n\tpadding-top: 0px; \n} \n\n#cmsms_row_69e4950e0e5e0 .cmsms_row_outer_parent { \n\tpadding-bottom: 50px; \n} \n\n \n#cmsms_icon_box_69e4950e0e70e h1:before { \n\tcolor:#bfd029; \n} \n#cmsms_icon_box_69e4950e0e70e .cmsms_button { \n\tfont-weight:100; \n\tfont-style:normal; \n\tpadding-right:20px; \n\tpadding-left:20px; \n} \n#cmsms_icon_box_69e4950e0e70e .cmsms_button:hover { \n} \n<\/style><div id=\"cmsms_row_69e4950dc9407\" class=\"cmsms_row cmsms_color_scheme_default\">\n<div class=\"cmsms_row_outer_parent\">\n<div class=\"cmsms_row_outer\">\n<div class=\"cmsms_row_inner\">\n<div class=\"cmsms_row_margin\">\n<div class=\"cmsms_column one_first\">\n<div class=\"cmsms_slider\"><script type=\"text\/javascript\">jQuery(function() { _initLayerSlider( '#layerslider_13_1923aos2gubs8', {sliderVersion: '7.15.1', responsiveUnder: 0, layersContainer: 0, allowFullscreen: true, slideBGSize: 'auto', pauseOnHover: 1, twoWaySlideshow: true, skin: 'borderlessdark3d', sliderFadeInDuration: 350, globalBGColor: '#000000', tnInactiveOpacity: 45, useSrcset: true, skinsPath: 'https:\/\/welem.com\/enr\/wp-content\/plugins\/LayerSlider\/assets\/static\/layerslider\/skins\/', performanceMode: true}); });<\/script><div id=\"layerslider_13_1923aos2gubs8\"  class=\"ls-wp-container fitvidsignore ls-selectable\" style=\"width:640px;height:360px;margin:0 auto;margin-bottom: 0px;border-radius:14px;overflow: hidden;\"><div class=\"ls-slide\" data-ls=\"duration:3800;\"><img loading=\"lazy\" decoding=\"async\" width=\"640\" height=\"360\" src=\"https:\/\/welem.com\/enr\/wp-content\/uploads\/2015\/09\/ShowroomFacadeWelem.jpg\" class=\"ls-bg\" alt=\"\" srcset=\"https:\/\/welem.com\/enr\/wp-content\/uploads\/2015\/09\/ShowroomFacadeWelem.jpg 640w, https:\/\/welem.com\/enr\/wp-content\/uploads\/2015\/09\/ShowroomFacadeWelem-600x338.jpg 600w, https:\/\/welem.com\/enr\/wp-content\/uploads\/2015\/09\/ShowroomFacadeWelem-300x169.jpg 300w, https:\/\/welem.com\/enr\/wp-content\/uploads\/2015\/09\/ShowroomFacadeWelem-580x326.jpg 580w\" sizes=\"auto, (max-width: 640px) 100vw, 640px\" \/><h3 style=\"text-align: right; font-weight: normal; opacity: 0.5;width:600px;height:30px;padding-top:8px;padding-right:40px;font-family:Arial, sans serif;font-size:34px;line-height:20px;color:#222222;top:30px;left:0px;background-color:#ffffff;white-space:normal;\" class=\"ls-l ls-text-layer\" data-ls=\"offsetxin:left;delayin:200;scalexin:1.0;scaleyin:1.0;offsetxout:right;scalexout:1.0;scaleyout:1.0;parallaxlevel:0;\">Le Showroom<\/h3><\/div><div class=\"ls-slide\" data-ls=\"duration:4000;\"><img loading=\"lazy\" decoding=\"async\" width=\"640\" height=\"360\" src=\"https:\/\/welem.com\/enr\/wp-content\/uploads\/2015\/09\/ShowroomSalle1Welem.jpg\" class=\"ls-bg\" alt=\"\" srcset=\"https:\/\/welem.com\/enr\/wp-content\/uploads\/2015\/09\/ShowroomSalle1Welem.jpg 640w, https:\/\/welem.com\/enr\/wp-content\/uploads\/2015\/09\/ShowroomSalle1Welem-600x338.jpg 600w, https:\/\/welem.com\/enr\/wp-content\/uploads\/2015\/09\/ShowroomSalle1Welem-300x169.jpg 300w, https:\/\/welem.com\/enr\/wp-content\/uploads\/2015\/09\/ShowroomSalle1Welem-580x326.jpg 580w\" sizes=\"auto, (max-width: 640px) 100vw, 640px\" \/><h3 style=\"text-align: right; font-weight: normal; opacity: 0.5;width:600px;height:30px;padding-top:8px;padding-right:40px;font-family:Arial, sans serif;font-size:34px;line-height:20px;color:#222222;top:30px;left:0px;background-color:#ffffff;white-space:normal;\" class=\"ls-l ls-text-layer\" data-ls=\"offsetxin:left;delayin:300;scalexin:1.0;scaleyin:1.0;offsetxout:right;scalexout:1.0;scaleyout:1.0;parallaxlevel:0;\">Les po\u00eales \u00e0 b\u00fbches<\/h3><\/div><div class=\"ls-slide\" data-ls=\"duration:4000;\"><img loading=\"lazy\" decoding=\"async\" width=\"640\" height=\"360\" src=\"https:\/\/welem.com\/enr\/wp-content\/uploads\/2015\/09\/ShowroomVitrine1Welem.jpg\" class=\"ls-bg\" alt=\"\" srcset=\"https:\/\/welem.com\/enr\/wp-content\/uploads\/2015\/09\/ShowroomVitrine1Welem.jpg 640w, https:\/\/welem.com\/enr\/wp-content\/uploads\/2015\/09\/ShowroomVitrine1Welem-600x338.jpg 600w, https:\/\/welem.com\/enr\/wp-content\/uploads\/2015\/09\/ShowroomVitrine1Welem-300x169.jpg 300w, https:\/\/welem.com\/enr\/wp-content\/uploads\/2015\/09\/ShowroomVitrine1Welem-580x326.jpg 580w\" sizes=\"auto, (max-width: 640px) 100vw, 640px\" \/><h3 style=\"text-align: right; font-weight: normal; opacity: 0.5;width:600px;height:30px;padding-top:8px;padding-right:40px;font-family:Arial, sans serif;font-size:34px;line-height:20px;color:#222222;top:30px;left:0px;background-color:#ffffff;white-space:normal;\" class=\"ls-l ls-text-layer\" data-ls=\"offsetxin:left;delayin:200;scalexin:1.0;scaleyin:1.0;offsetxout:right;scalexout:1.0;scaleyout:1.0;parallaxlevel:0;\">Cuisni\u00e8re mixte b\u00fbches et granul\u00e9s<\/h3><\/div><div class=\"ls-slide\" data-ls=\"duration:4000;\"><img loading=\"lazy\" decoding=\"async\" width=\"640\" height=\"360\" src=\"https:\/\/welem.com\/enr\/wp-content\/uploads\/2015\/09\/ShowroomSalle2Welem.jpg\" class=\"ls-bg\" alt=\"\" srcset=\"https:\/\/welem.com\/enr\/wp-content\/uploads\/2015\/09\/ShowroomSalle2Welem.jpg 640w, https:\/\/welem.com\/enr\/wp-content\/uploads\/2015\/09\/ShowroomSalle2Welem-600x338.jpg 600w, https:\/\/welem.com\/enr\/wp-content\/uploads\/2015\/09\/ShowroomSalle2Welem-300x169.jpg 300w, https:\/\/welem.com\/enr\/wp-content\/uploads\/2015\/09\/ShowroomSalle2Welem-580x326.jpg 580w\" sizes=\"auto, (max-width: 640px) 100vw, 640px\" \/><h3 style=\"text-align: right; font-weight: normal; opacity: 0.5;width:600px;height:30px;padding-top:8px;padding-right:40px;font-family:Arial, sans serif;font-size:34px;line-height:20px;color:#222222;top:30px;left:0px;background-color:#ffffff;white-space:normal;\" class=\"ls-l ls-text-layer\" data-ls=\"offsetxin:left;delayin:200;scalexin:1.0;scaleyin:1.0;offsetxout:right;scalexout:1.0;scaleyout:1.0;parallaxlevel:0;\">Les po\u00eales \u00e0 granul\u00e9s<\/h3><\/div><div class=\"ls-slide\" data-ls=\"duration:4000;\"><img loading=\"lazy\" decoding=\"async\" width=\"640\" height=\"360\" src=\"https:\/\/welem.com\/enr\/wp-content\/uploads\/2015\/09\/ShowroomSalle4Welem.jpg\" class=\"ls-bg\" alt=\"\" srcset=\"https:\/\/welem.com\/enr\/wp-content\/uploads\/2015\/09\/ShowroomSalle4Welem.jpg 640w, https:\/\/welem.com\/enr\/wp-content\/uploads\/2015\/09\/ShowroomSalle4Welem-600x338.jpg 600w, https:\/\/welem.com\/enr\/wp-content\/uploads\/2015\/09\/ShowroomSalle4Welem-300x169.jpg 300w, https:\/\/welem.com\/enr\/wp-content\/uploads\/2015\/09\/ShowroomSalle4Welem-580x326.jpg 580w\" sizes=\"auto, (max-width: 640px) 100vw, 640px\" \/><h3 style=\"text-align: right; font-weight: normal; opacity: 0.5;width:600px;height:30px;padding-top:8px;padding-right:40px;font-family:Arial, sans serif;font-size:34px;line-height:20px;color:#222222;top:30px;left:0px;background-color:#ffffff;white-space:normal;\" class=\"ls-l ls-text-layer\" data-ls=\"offsetxin:left;delayin:200;scalexin:1.0;scaleyin:1.0;offsetxout:right;scalexout:1.0;scaleyout:1.0;parallaxlevel:0;\">Insert \u00e0 granul\u00e9s en d\u00e9monstration<\/h3><\/div><div class=\"ls-slide\" data-ls=\"duration:4000;\"><img loading=\"lazy\" decoding=\"async\" width=\"640\" height=\"360\" src=\"https:\/\/welem.com\/enr\/wp-content\/uploads\/2015\/09\/ShowroomSalle3Welem.jpg\" class=\"ls-bg\" alt=\"\" srcset=\"https:\/\/welem.com\/enr\/wp-content\/uploads\/2015\/09\/ShowroomSalle3Welem.jpg 640w, https:\/\/welem.com\/enr\/wp-content\/uploads\/2015\/09\/ShowroomSalle3Welem-600x338.jpg 600w, https:\/\/welem.com\/enr\/wp-content\/uploads\/2015\/09\/ShowroomSalle3Welem-300x169.jpg 300w, https:\/\/welem.com\/enr\/wp-content\/uploads\/2015\/09\/ShowroomSalle3Welem-580x326.jpg 580w\" sizes=\"auto, (max-width: 640px) 100vw, 640px\" \/><h3 style=\"text-align: right; font-weight: normal; opacity: 0.5;width:600px;height:30px;padding-top:8px;padding-right:40px;font-family:Arial, sans serif;font-size:34px;line-height:20px;color:#222222;top:30px;left:0px;background-color:#ffffff;white-space:normal;\" class=\"ls-l ls-text-layer\" data-ls=\"offsetxin:left;delayin:200;scalexin:1.0;scaleyin:1.0;offsetxout:right;scalexout:1.0;scaleyout:1.0;parallaxlevel:0;\">Chaudi\u00e8res et po\u00eales bouilleurs<\/h3><\/div><div class=\"ls-slide\" data-ls=\"duration:4000;\"><img loading=\"lazy\" decoding=\"async\" width=\"640\" height=\"360\" src=\"https:\/\/welem.com\/enr\/wp-content\/uploads\/2015\/09\/ShowroomChaudiereMixteWelem.jpg\" class=\"ls-bg\" alt=\"\" srcset=\"https:\/\/welem.com\/enr\/wp-content\/uploads\/2015\/09\/ShowroomChaudiereMixteWelem.jpg 640w, https:\/\/welem.com\/enr\/wp-content\/uploads\/2015\/09\/ShowroomChaudiereMixteWelem-600x338.jpg 600w, https:\/\/welem.com\/enr\/wp-content\/uploads\/2015\/09\/ShowroomChaudiereMixteWelem-300x169.jpg 300w, https:\/\/welem.com\/enr\/wp-content\/uploads\/2015\/09\/ShowroomChaudiereMixteWelem-580x326.jpg 580w\" sizes=\"auto, (max-width: 640px) 100vw, 640px\" \/><h3 style=\"text-align: right; font-weight: normal; opacity: 0.5;width:600px;height:30px;padding-top:8px;padding-right:40px;font-family:Arial, sans serif;font-size:34px;line-height:20px;color:#222222;top:30px;left:0px;background-color:#ffffff;white-space:normal;\" class=\"ls-l ls-text-layer\" data-ls=\"offsetxin:left;delayin:200;scalexin:1.0;scaleyin:1.0;offsetxout:right;scalexout:1.0;scaleyout:1.0;parallaxlevel:0;\">Chaudi\u00e8re mixte b\u00fbches et granul\u00e9s<\/h3><\/div><\/div><\/div>\n<\/div>\n<\/div>\n<\/div>\n<\/div>\n<\/div>\n<\/div>\n<div id=\"cmsms_row_69e4950e0bee6\" class=\"cmsms_row cmsms_color_scheme_default\">\n<div class=\"cmsms_row_outer_parent\">\n<div class=\"cmsms_row_outer\">\n<div class=\"cmsms_row_inner\">\n<div class=\"cmsms_row_margin\">\n<div class=\"cmsms_column one_third\">\n<h4 id=\"cmsms_heading_69e4950e0c04d\" class=\"cmsms_heading\">Horaires d&rsquo;ouverture<\/h4> \n<ul id=\"cmsms_icon_list_items_69e4950e0c069\" class=\"cmsms_icon_list_items cmsms_icon_list_type_block cmsms_icon_list_pos_left cmsms_color_type_border\"><li id=\"cmsms_icon_list_item_69e4950e0c0e6\" class=\"cmsms_icon_list_item\">\n<div class=\"cmsms_icon_list_item_inner\">\n<div class=\"cmsms_icon_list_icon_wrap\">\n<span class=\"cmsms_icon_list_icon cmsms-icon-clock-7\"><\/span>\n<\/div>\n<div class=\"cmsms_icon_list_item_content\">\n<h4 class=\"cmsms_icon_list_item_title\">Mardi au vendredi<\/h4>\n<div class=\"cmsms_icon_list_item_text\">\n<p>De 10h \u00e0 12h30<\/p>\n<p>De 14h30 \u00e0 19h<\/p>\n<\/div>\n<\/div>\n<\/div>\n<\/li><li id=\"cmsms_icon_list_item_69e4950e0c11b\" class=\"cmsms_icon_list_item\">\n<div class=\"cmsms_icon_list_item_inner\">\n<div class=\"cmsms_icon_list_icon_wrap\">\n<span class=\"cmsms_icon_list_icon cmsms-icon-clock-7\"><\/span>\n<\/div>\n<div class=\"cmsms_icon_list_item_content\">\n<h4 class=\"cmsms_icon_list_item_title\">Samedi<\/h4>\n<div class=\"cmsms_icon_list_item_text\">\n<p>De 10h \u00e0 18h<\/p>\n<\/div>\n<\/div>\n<\/div>\n<\/li><\/ul>\n<\/div>\n<div class=\"cmsms_column two_third\">\n<div class=\"cmsms_text\">\n<p>Venez d\u00e9couvrir nos diff\u00e9rentes marques de po\u00eales et chaudi\u00e8res \u00e0 bois et \u00e0 granul\u00e9s dans notre showroom situ\u00e9 au 3 rue Beaumanoir \u00e0 Brest. Vous y trouverez des po\u00eales \u00e0 air ou \u00e0 eau et des chaudi\u00e8res en fonctionnement, vous pourrez ainsi mieux vous rendre compte des caract\u00e9ristiques de marche des diff\u00e9rents appareils.<\/p>\n<p>Nous s\u00e9lectionnons avec soins nos fournisseurs d&rsquo;appareil de chauffage au bois afin de vous proposer des produits performants, construits avec des mat\u00e9riaux de qualit\u00e9 (norme NF 13240, Rendement &gt; 70%, CO &lt; 0.06%).<\/p>\n<p>En travaillant avec nous, vous choisissez une entreprise de professionnels rigoureusement form\u00e9s et riche d&rsquo;exp\u00e9riences. C&rsquo;est pour vous, la garantie d&rsquo;une installation respectant les normes d&rsquo;aujourd&rsquo;hui (norme de mise en \u0153uvre des appareils \u00e0 bois NF DTU 24.1 et 24.2, norme de conception des conduits de fum\u00e9e NF EN 15287-1 ,et norme d&rsquo;isolation suivant la R.T 2012).<\/p>\n<p>&nbsp;<\/p>\n<\/div>\n<\/div>\n<\/div>\n<\/div>\n<\/div>\n<\/div>\n<\/div>\n<div id=\"cmsms_row_69e4950e0c21d\" class=\"cmsms_row cmsms_color_scheme_default\">\n<div class=\"cmsms_row_outer_parent\">\n<div class=\"cmsms_row_outer\">\n<div class=\"cmsms_row_inner\">\n<div class=\"cmsms_row_margin\">\n<div class=\"cmsms_column one_first\">\n<div class=\"cmsms_text\">\n<p>Nous vous proposons exclusivement du mat\u00e9riel de qualit\u00e9 et \u00e9prouv\u00e9, ainsi qu&rsquo;une garantie d\u00e9cennale sur toutes nos installations bois et solaire.<\/p>\n<p>Nos marques :<\/p>\n<\/div>\n<div class=\"cmsms_gallery\" data-animation=\"rotateInUpRight\" data-delay=\"0\">\n<ul>\n<li class=\"one_third\"><figure><img loading=\"lazy\" decoding=\"async\" width=\"150\" height=\"150\" src=\"https:\/\/welem.com\/enr\/wp-content\/uploads\/logoThermorossi.jpg\" class=\"attachment-full size-full\" alt=\"Showroom Thermorossi\" srcset=\"https:\/\/welem.com\/enr\/wp-content\/uploads\/logoThermorossi.jpg 150w, https:\/\/welem.com\/enr\/wp-content\/uploads\/logoThermorossi-100x100.jpg 100w, https:\/\/welem.com\/enr\/wp-content\/uploads\/logoThermorossi-55x55.jpg 55w\" sizes=\"auto, (max-width: 150px) 100vw, 150px\" \/><figcaption>Po\u00eales et cuisini\u00e8res tous styles<\/figcaption><\/figure><\/li><li class=\"one_third\"><figure><img loading=\"lazy\" decoding=\"async\" width=\"150\" height=\"150\" src=\"https:\/\/welem.com\/enr\/wp-content\/uploads\/logoEdilkamin.jpg\" class=\"attachment-full size-full\" alt=\"Showroom Edilkamin\" srcset=\"https:\/\/welem.com\/enr\/wp-content\/uploads\/logoEdilkamin.jpg 150w, https:\/\/welem.com\/enr\/wp-content\/uploads\/logoEdilkamin-100x100.jpg 100w, https:\/\/welem.com\/enr\/wp-content\/uploads\/logoEdilkamin-55x55.jpg 55w\" sizes=\"auto, (max-width: 150px) 100vw, 150px\" \/><figcaption>Plus grande gamme de po\u00eales d'Europe<\/figcaption><\/figure><\/li><li class=\"one_third\"><figure><img loading=\"lazy\" decoding=\"async\" width=\"150\" height=\"150\" src=\"https:\/\/welem.com\/enr\/wp-content\/uploads\/LogoDeManincor.jpg\" class=\"attachment-full size-full\" alt=\"\" srcset=\"https:\/\/welem.com\/enr\/wp-content\/uploads\/LogoDeManincor.jpg 150w, https:\/\/welem.com\/enr\/wp-content\/uploads\/LogoDeManincor-100x100.jpg 100w, https:\/\/welem.com\/enr\/wp-content\/uploads\/LogoDeManincor-55x55.jpg 55w\" sizes=\"auto, (max-width: 150px) 100vw, 150px\" \/><figcaption>Cuisini\u00e8res \u00e0 b\u00fbches ou \u00e0 gaze<\/figcaption><\/figure><\/li><li class=\"one_third\"><figure><img loading=\"lazy\" decoding=\"async\" width=\"150\" height=\"150\" src=\"https:\/\/welem.com\/enr\/wp-content\/uploads\/LogoHaasEtSohn.jpg\" class=\"attachment-full size-full\" alt=\"Showroom Haas+Sohn\" srcset=\"https:\/\/welem.com\/enr\/wp-content\/uploads\/LogoHaasEtSohn.jpg 150w, https:\/\/welem.com\/enr\/wp-content\/uploads\/LogoHaasEtSohn-100x100.jpg 100w, https:\/\/welem.com\/enr\/wp-content\/uploads\/LogoHaasEtSohn-55x55.jpg 55w\" sizes=\"auto, (max-width: 150px) 100vw, 150px\" \/><figcaption>Cr\u00e9ateur de po\u00eale haute performance<\/figcaption><\/figure><\/li><li class=\"one_third\"><figure><img loading=\"lazy\" decoding=\"async\" width=\"150\" height=\"150\" src=\"https:\/\/welem.com\/enr\/wp-content\/uploads\/LogoFroling.jpg\" class=\"attachment-full size-full\" alt=\"Showroom Froling\" srcset=\"https:\/\/welem.com\/enr\/wp-content\/uploads\/LogoFroling.jpg 150w, https:\/\/welem.com\/enr\/wp-content\/uploads\/LogoFroling-100x100.jpg 100w, https:\/\/welem.com\/enr\/wp-content\/uploads\/LogoFroling-55x55.jpg 55w\" sizes=\"auto, (max-width: 150px) 100vw, 150px\" \/><figcaption>Chaudi\u00e8re biomasse haut-rendement<\/figcaption><\/figure><\/li><li class=\"one_third\"><figure><img loading=\"lazy\" decoding=\"async\" width=\"150\" height=\"150\" src=\"https:\/\/welem.com\/enr\/wp-content\/uploads\/logoZehnder.jpg\" class=\"attachment-full size-full\" alt=\"Showroom Zehnder\" srcset=\"https:\/\/welem.com\/enr\/wp-content\/uploads\/logoZehnder.jpg 150w, https:\/\/welem.com\/enr\/wp-content\/uploads\/logoZehnder-100x100.jpg 100w, https:\/\/welem.com\/enr\/wp-content\/uploads\/logoZehnder-55x55.jpg 55w\" sizes=\"auto, (max-width: 150px) 100vw, 150px\" \/><figcaption>Ventilation double-flux<\/figcaption><\/figure><\/li><\/ul>\n<\/div>\n<\/div>\n<\/div>\n<\/div>\n<\/div>\n<\/div>\n<\/div>\n<div id=\"cmsms_row_69e4950e0e5e0\" class=\"cmsms_row cmsms_color_scheme_default\">\n<div class=\"cmsms_row_outer_parent\">\n<div class=\"cmsms_row_outer\">\n<div class=\"cmsms_row_inner\">\n<div class=\"cmsms_row_margin\">\n<div class=\"cmsms_column one_first\">\n<div id=\"cmsms_icon_box_69e4950e0e70e\" class=\"cmsms_icon_box cmsms_box_heading\">\n<div class=\"icon_box_inner\">\n<h3 class=\"cmsms-icon-location-7\">Aller au showroom<\/h3>\n<div class=\"icon_box_text\">\n<p>Venez voir nos produits en fonctionnement dans notre showroom \u00e0 Brest<\/p>\n<\/div>\n<a href=\"\/enr\/contact\" class=\"cmsms_button icon_box_button\">J\u2032y vais !<\/a>\n<\/div>\n<\/div>\n<\/div>\n<\/div>\n<\/div>\n<\/div>\n<\/div>\n<\/div>\n\n","protected":false},"excerpt":{"rendered":"","protected":false},"author":75,"featured_media":0,"parent":0,"menu_order":39,"comment_status":"closed","ping_status":"open","template":"","meta":{"footnotes":""},"class_list":["post-1935","page","type-page","status-publish","hentry"],"yoast_head":"<!-- This site is optimized with the Yoast SEO plugin v27.4 - https:\/\/yoast.com\/product\/yoast-seo-wordpress\/ -->\n<title>Showroom - WELEM<\/title>\n<meta name=\"robots\" content=\"index, follow, max-snippet:-1, max-image-preview:large, max-video-preview:-1\" \/>\n<link rel=\"canonical\" href=\"https:\/\/welem.com\/enr\/showroom\/\" \/>\n<meta property=\"og:locale\" content=\"fr_FR\" \/>\n<meta property=\"og:type\" content=\"article\" \/>\n<meta property=\"og:title\" content=\"Showroom - WELEM\" \/>\n<meta property=\"og:url\" content=\"https:\/\/welem.com\/enr\/showroom\/\" \/>\n<meta property=\"og:site_name\" content=\"WELEM\" \/>\n<meta property=\"article:publisher\" content=\"https:\/\/www.facebook.com\/WELEM-105304956191421\" \/>\n<meta property=\"article:modified_time\" content=\"2025-07-27T18:16:38+00:00\" \/>\n<meta name=\"twitter:card\" content=\"summary_large_image\" \/>\n<meta name=\"twitter:site\" content=\"@societewelem\" \/>\n<meta name=\"twitter:label1\" content=\"Dur\u00e9e de lecture estim\u00e9e\" \/>\n\t<meta name=\"twitter:data1\" content=\"2 minutes\" \/>\n<script type=\"application\/ld+json\" class=\"yoast-schema-graph\">{\"@context\":\"https:\\\/\\\/schema.org\",\"@graph\":[{\"@type\":\"WebPage\",\"@id\":\"https:\\\/\\\/welem.com\\\/enr\\\/showroom\\\/\",\"url\":\"https:\\\/\\\/welem.com\\\/enr\\\/showroom\\\/\",\"name\":\"Showroom - WELEM\",\"isPartOf\":{\"@id\":\"https:\\\/\\\/welem.com\\\/enr\\\/#website\"},\"datePublished\":\"2015-08-01T10:45:52+00:00\",\"dateModified\":\"2025-07-27T18:16:38+00:00\",\"breadcrumb\":{\"@id\":\"https:\\\/\\\/welem.com\\\/enr\\\/showroom\\\/#breadcrumb\"},\"inLanguage\":\"fr-FR\",\"potentialAction\":[{\"@type\":\"ReadAction\",\"target\":[\"https:\\\/\\\/welem.com\\\/enr\\\/showroom\\\/\"]}]},{\"@type\":\"BreadcrumbList\",\"@id\":\"https:\\\/\\\/welem.com\\\/enr\\\/showroom\\\/#breadcrumb\",\"itemListElement\":[{\"@type\":\"ListItem\",\"position\":1,\"name\":\"Accueil\",\"item\":\"https:\\\/\\\/welem.com\\\/enr\\\/\"},{\"@type\":\"ListItem\",\"position\":2,\"name\":\"Showroom\"}]},{\"@type\":\"WebSite\",\"@id\":\"https:\\\/\\\/welem.com\\\/enr\\\/#website\",\"url\":\"https:\\\/\\\/welem.com\\\/enr\\\/\",\"name\":\"WELEM - L'\u00e9nergie autrement\",\"description\":\"La r\u00e9novation \u00e9nerg\u00e9tique globale\",\"publisher\":{\"@id\":\"https:\\\/\\\/welem.com\\\/enr\\\/#organization\"},\"potentialAction\":[{\"@type\":\"SearchAction\",\"target\":{\"@type\":\"EntryPoint\",\"urlTemplate\":\"https:\\\/\\\/welem.com\\\/enr\\\/?s={search_term_string}\"},\"query-input\":{\"@type\":\"PropertyValueSpecification\",\"valueRequired\":true,\"valueName\":\"search_term_string\"}}],\"inLanguage\":\"fr-FR\"},{\"@type\":\"Organization\",\"@id\":\"https:\\\/\\\/welem.com\\\/enr\\\/#organization\",\"name\":\"WELEM\",\"url\":\"https:\\\/\\\/welem.com\\\/enr\\\/\",\"logo\":{\"@type\":\"ImageObject\",\"inLanguage\":\"fr-FR\",\"@id\":\"https:\\\/\\\/welem.com\\\/enr\\\/#\\\/schema\\\/logo\\\/image\\\/\",\"url\":\"https:\\\/\\\/welem.com\\\/enr\\\/wp-content\\\/uploads\\\/logoWelemRetina.png\",\"contentUrl\":\"https:\\\/\\\/welem.com\\\/enr\\\/wp-content\\\/uploads\\\/logoWelemRetina.png\",\"width\":900,\"height\":311,\"caption\":\"WELEM\"},\"image\":{\"@id\":\"https:\\\/\\\/welem.com\\\/enr\\\/#\\\/schema\\\/logo\\\/image\\\/\"},\"sameAs\":[\"https:\\\/\\\/www.facebook.com\\\/WELEM-105304956191421\",\"https:\\\/\\\/x.com\\\/societewelem\",\"https:\\\/\\\/www.youtube.com\\\/channel\\\/UCx7WBxMNWO_SgykAVYK0xzQ\"]}]}<\/script>\n<!-- \/ Yoast SEO plugin. -->","yoast_head_json":{"title":"Showroom - WELEM","robots":{"index":"index","follow":"follow","max-snippet":"max-snippet:-1","max-image-preview":"max-image-preview:large","max-video-preview":"max-video-preview:-1"},"canonical":"https:\/\/welem.com\/enr\/showroom\/","og_locale":"fr_FR","og_type":"article","og_title":"Showroom - WELEM","og_url":"https:\/\/welem.com\/enr\/showroom\/","og_site_name":"WELEM","article_publisher":"https:\/\/www.facebook.com\/WELEM-105304956191421","article_modified_time":"2025-07-27T18:16:38+00:00","twitter_card":"summary_large_image","twitter_site":"@societewelem","twitter_misc":{"Dur\u00e9e de lecture estim\u00e9e":"2 minutes"},"schema":{"@context":"https:\/\/schema.org","@graph":[{"@type":"WebPage","@id":"https:\/\/welem.com\/enr\/showroom\/","url":"https:\/\/welem.com\/enr\/showroom\/","name":"Showroom - WELEM","isPartOf":{"@id":"https:\/\/welem.com\/enr\/#website"},"datePublished":"2015-08-01T10:45:52+00:00","dateModified":"2025-07-27T18:16:38+00:00","breadcrumb":{"@id":"https:\/\/welem.com\/enr\/showroom\/#breadcrumb"},"inLanguage":"fr-FR","potentialAction":[{"@type":"ReadAction","target":["https:\/\/welem.com\/enr\/showroom\/"]}]},{"@type":"BreadcrumbList","@id":"https:\/\/welem.com\/enr\/showroom\/#breadcrumb","itemListElement":[{"@type":"ListItem","position":1,"name":"Accueil","item":"https:\/\/welem.com\/enr\/"},{"@type":"ListItem","position":2,"name":"Showroom"}]},{"@type":"WebSite","@id":"https:\/\/welem.com\/enr\/#website","url":"https:\/\/welem.com\/enr\/","name":"WELEM - L'\u00e9nergie autrement","description":"La r\u00e9novation \u00e9nerg\u00e9tique globale","publisher":{"@id":"https:\/\/welem.com\/enr\/#organization"},"potentialAction":[{"@type":"SearchAction","target":{"@type":"EntryPoint","urlTemplate":"https:\/\/welem.com\/enr\/?s={search_term_string}"},"query-input":{"@type":"PropertyValueSpecification","valueRequired":true,"valueName":"search_term_string"}}],"inLanguage":"fr-FR"},{"@type":"Organization","@id":"https:\/\/welem.com\/enr\/#organization","name":"WELEM","url":"https:\/\/welem.com\/enr\/","logo":{"@type":"ImageObject","inLanguage":"fr-FR","@id":"https:\/\/welem.com\/enr\/#\/schema\/logo\/image\/","url":"https:\/\/welem.com\/enr\/wp-content\/uploads\/logoWelemRetina.png","contentUrl":"https:\/\/welem.com\/enr\/wp-content\/uploads\/logoWelemRetina.png","width":900,"height":311,"caption":"WELEM"},"image":{"@id":"https:\/\/welem.com\/enr\/#\/schema\/logo\/image\/"},"sameAs":["https:\/\/www.facebook.com\/WELEM-105304956191421","https:\/\/x.com\/societewelem","https:\/\/www.youtube.com\/channel\/UCx7WBxMNWO_SgykAVYK0xzQ"]}]}},"_links":{"self":[{"href":"https:\/\/welem.com\/enr\/wp-json\/wp\/v2\/pages\/1935","targetHints":{"allow":["GET"]}}],"collection":[{"href":"https:\/\/welem.com\/enr\/wp-json\/wp\/v2\/pages"}],"about":[{"href":"https:\/\/welem.com\/enr\/wp-json\/wp\/v2\/types\/page"}],"author":[{"embeddable":true,"href":"https:\/\/welem.com\/enr\/wp-json\/wp\/v2\/users\/75"}],"replies":[{"embeddable":true,"href":"https:\/\/welem.com\/enr\/wp-json\/wp\/v2\/comments?post=1935"}],"version-history":[{"count":0,"href":"https:\/\/welem.com\/enr\/wp-json\/wp\/v2\/pages\/1935\/revisions"}],"wp:attachment":[{"href":"https:\/\/welem.com\/enr\/wp-json\/wp\/v2\/media?parent=1935"}],"curies":[{"name":"wp","href":"https:\/\/api.w.org\/{rel}","templated":true}]}}