{"id":2003,"date":"2015-08-03T11:01:29","date_gmt":"2015-08-03T09:01:29","guid":{"rendered":"http:\/\/welem.com\/enr\/?page_id=2003"},"modified":"2023-02-12T20:17:54","modified_gmt":"2023-02-12T19:17:54","slug":"rendez-vous-pour-un-entretien","status":"publish","type":"page","link":"https:\/\/welem.com\/enr\/rendez-vous-pour-un-entretien\/","title":{"rendered":"Rendez-vous pour un entretien"},"content":{"rendered":"<style type=\"text\/css\"> \n#cmsms_row_69fcaa4d527cf .cmsms_row_outer_parent { \n\tpadding-top: 30px; \n} \n\n#cmsms_row_69fcaa4d527cf .cmsms_row_outer_parent { \n\tpadding-bottom: 10px; \n} \n\n \n#cmsms_heading_69fcaa4d528b7, #cmsms_heading_69fcaa4d528b7 a { \n\tfont-weight:400; \n\tfont-style:normal; \n\tmargin-top:0px; \n\tmargin-bottom:20px; \n} \n \n#cmsms_heading_69fcaa4d5299e, #cmsms_heading_69fcaa4d5299e a { \n\tfont-weight:400; \n\tfont-style:normal; \n\tmargin-top:0px; \n\tmargin-bottom:20px; \n} \n\n    :root {\n        --bookly-main-color: #fcbd16 !important;\n        --bookly-color: #fcbd16 !important;\n    }\n\n     \n#cmsms_row_69fcaa4d536df .cmsms_row_outer_parent { \n\tpadding-top: 0px; \n} \n\n#cmsms_row_69fcaa4d536df .cmsms_row_outer_parent { \n\tpadding-bottom: 50px; \n} \n\n \n#cmsms_heading_69fcaa4d537e2, #cmsms_heading_69fcaa4d537e2 a { \n\tfont-weight:400; \n\tfont-style:normal; \n\tmargin-top:0px; \n\tmargin-bottom:20px; \n} \n \n#cmsms_row_69fcaa4d59738 .cmsms_row_outer_parent { \n\tpadding-top: 0px; \n} \n\n#cmsms_row_69fcaa4d59738 .cmsms_row_outer_parent { \n\tpadding-bottom: 50px; \n} \n\n \n#cmsms_heading_69fcaa4d5985c, #cmsms_heading_69fcaa4d5985c a { \n\tfont-weight:400; \n\tfont-style:normal; \n\tmargin-top:0px; \n\tmargin-bottom:20px; \n} \n<\/style><div id=\"cmsms_row_69fcaa4d527cf\" class=\"cmsms_row cmsms_color_scheme_default\">\n<div class=\"cmsms_row_outer_parent\">\n<div class=\"cmsms_row_outer\">\n<div class=\"cmsms_row_inner\">\n<div class=\"cmsms_row_margin\">\n<div class=\"cmsms_column one_first\">\n<h3 id=\"cmsms_heading_69fcaa4d528b7\" class=\"cmsms_heading\">Prendre rendez-vous par t\u00e9l\u00e9phone<\/h3><div class=\"cmsms_text\">\n<p>Appelez le 02.22.06.70.70 pendant les <a href=\"https:\/\/welem.com\/enr\/showroom\/\">horaires d&rsquo;ouverture<\/a>.<\/p>\n<\/div>\n<h3 id=\"cmsms_heading_69fcaa4d5299e\" class=\"cmsms_heading\">Planifier un rendez-vous en ligne pour votre entretien<\/h3><div class=\"cmsms_text\">\n<p>Choisir la cat\u00e9gorie de services qui vous int\u00e9resse ci-dessous puis rechercher dans le calendrier un cr\u00e9neau libre qui fait apparaitre les prestations d&rsquo;entretien disponibles.\u00a0 Dans cette liste, s\u00e9lectionner le service d&rsquo;entretien souhait\u00e9 (prix indicatif HT), puis le cr\u00e9neau horaire.<br \/>\n<!-- Lors de la validation de votre rendez-vous, vous pouvez <strong>b\u00e9n\u00e9ficier de 5% de remise<\/strong> si vous acceptez que notre syst\u00e8me de r\u00e9servation envoie une publicit\u00e9 sur la soci\u00e9t\u00e9 Welem \u00e0 vos amis sur Facebook; pour cela il vous suffit de cliquer sur le 'bouton remise de 5%' lorsque le formulaire vous le propose.  --><\/p>\n<p>Le rendez-vous est confirm\u00e9 ou refus\u00e9 par un email du service technique. Toute demande d&rsquo;annulation du rendez-vous doit \u00eatre effectu\u00e9e par t\u00e9l\u00e9phone, au minimum 24h avant la date et l&rsquo;heure pr\u00e9vue.<\/p>\n<p>Compter une TVA r\u00e9duite pour les habitations de plus de 2 ans. Une TVA normale s&rsquo;applique dans tous les autres cas.<\/p>\n<p><span style=\"color: #ffcc00;\">Attention toutes ces prestations s&rsquo;adressent exclusivement \u00e0 nos clients r\u00e9f\u00e9renc\u00e9s et qui disposent d&rsquo;une installation r\u00e9alis\u00e9e par Welem. Si votre appareil n&rsquo;a pas \u00e9t\u00e9 install\u00e9 par Welem, vous pouvez faire une demande par t\u00e9l\u00e9phone ou par email qui sera soumise \u00e0 validation par notre service technique.<\/span><\/p>\n<\/div>\n<!--\nPlugin Name: Bookly - Responsive WordPress Appointment Booking and Scheduling Plugin\nPlugin URI: https:\/\/www.booking-wp-plugin.com\/?utm_source=bookly_admin&utm_medium=plugins_page&utm_campaign=plugins_page\nVersion: 27.5-->\n<div class=\"bookly-css-root\">\n    <div id=\"bookly-form-container-69fcaa4d535e0\" class=\"bookly-form\" data-form_id=\"\" aria-live=\"polite\">\n        <div style=\"text-align: center\"><img decoding=\"async\" src=\"https:\/\/welem.com\/enr\/wp-includes\/js\/tinymce\/skins\/lightgray\/img\/loader.gif\" alt=\"Chargement...\"\/><\/div>\n    <\/div>\n<\/div>\n<script type=\"text\/javascript\">\n    (function (win, fn) {\n        var done = false, top = true,\n            doc = win.document,\n            root = doc.documentElement,\n            modern = doc.addEventListener,\n            add = modern ? 'addEventListener' : 'attachEvent',\n            rem = modern ? 'removeEventListener' : 'detachEvent',\n            pre = modern ? '' : 'on',\n            init = function (e) {\n                if (e.type == 'readystatechange') if (doc.readyState != 'complete') return;\n                (e.type == 'load' ? win : doc)[rem](pre + e.type, init, false);\n                if (!done) {\n                    done = true;\n                    fn.call(win, e.type || e);\n                }\n            },\n            poll = function () {\n                try {\n                    root.doScroll('left');\n                } catch (e) {\n                    setTimeout(poll, 50);\n                    return;\n                }\n                init('poll');\n            };\n        if (doc.readyState == 'complete') fn.call(win, 'lazy');\n        else {\n            if (!modern) if (root.doScroll) {\n                try {\n                    top = !win.frameElement;\n                } catch (e) {\n                }\n                if (top) poll();\n            }\n            doc[add](pre + 'DOMContentLoaded', init, false);\n            doc[add](pre + 'readystatechange', init, false);\n            win[add](pre + 'load', init, false);\n        }\n    })(window, function () {\n        window.bookly( {\"form_id\":\"69fcaa4d535e0\",\"form_data\":{\"skip_service_step\":0,\"hide_service_part1\":0,\"hide_service_part2\":1,\"defaults\":{\"service_id\":0,\"staff_id\":0,\"location_id\":0,\"category_id\":0,\"units\":0,\"date_from\":0,\"time_from\":0,\"time_to\":0}},\"status\":{\"booking\":\"new\"},\"form_token\":null,\"skip_steps\":{\"service_part1\":0,\"service_part2\":1,\"extras\":1,\"time\":0,\"repeat\":1,\"cart\":1},\"errors\":{\"session_error\":\"Erreur Session.\",\"form_id_error\":\"ID Formulaire d'erreur.\",\"cart_item_not_available\":\"Le cr\\u00e9neau horaire s\\u00e9lectionn\\u00e9 n'est plus disponible. Merci d'en choisir un autre.\",\"pay_locally_not_available\":\"Le paiement local n'est pas disponible.\",\"invalid_gateway\":\"Portail invalide.\",\"payment_error\":\"Erreur.\",\"incorrect_username_password\":\"Identifiant ou mot de passe incorrect.\"},\"form_attributes\":{\"hide_categories\":false,\"hide_services\":false,\"hide_staff_members\":false,\"show_number_of_persons\":false,\"hide_service_duration\":true,\"hide_locations\":true,\"hide_quantity\":true,\"hide_date\":true,\"hide_week_days\":true,\"hide_time_range\":true},\"use_client_time_zone\":0,\"defaults\":{\"service_id\":0,\"staff_id\":0,\"location_id\":0,\"category_id\":0},\"datepicker_mode\":\"text-accent\",\"facebook\":{\"enabled\":0,\"appId\":\"\"}} );\n    });\n<\/script><\/p>\n<\/div>\n<\/div>\n<\/div>\n<\/div>\n<\/div>\n<\/div>\n<div id=\"cmsms_row_69fcaa4d536df\" class=\"cmsms_row cmsms_color_scheme_default\">\n<div class=\"cmsms_row_outer_parent\">\n<div class=\"cmsms_row_outer\">\n<div class=\"cmsms_row_inner\">\n<div class=\"cmsms_row_margin\">\n<div class=\"cmsms_column one_first\">\n<h3 id=\"cmsms_heading_69fcaa4d537e2\" class=\"cmsms_heading\">Zones d&rsquo;interventions<\/h3><div class=\"cmsms_text\">\n<p>Pour les interventions de notre service technique, des frais de d\u00e9placements sont factur\u00e9s en fonction de la zone g\u00e9ographique d&rsquo;intervention. Pour en prendre connaissance merci de cliquer sur la zone dans laquelle se trouve le lieu de l&rsquo;intervention.<\/p>\n<p>A noter, que nous faisons aussi des interventions hors zones. Dans ce cas, appliquer un <strong>taux de 1,00\u20acHT\/km en tenant compte des distances aller et retour<\/strong>.<br \/>\n\r\n            \r\n            \r\n            \r\n            <a name='map2'><\/a>\r\n            \r\n            \r\n            \r\n            \r\n            <div class=\"wpgmza_map \"  id=\"wpgmza_map_2\" style=\"display:block; overflow:auto; width:100%; height:350px; float:left;\" data-settings='{\"id\":\"2\",\"map_title\":\"Zones interventions\",\"map_width\":\"100\",\"map_height\":\"350\",\"map_start_lat\":\"48.448239\",\"map_start_lng\":\"-4.438447\",\"map_start_location\":\"48.448239465593915,-4.438446830078195\",\"map_start_zoom\":\"10\",\"default_marker\":\"0\",\"type\":\"1\",\"alignment\":\"4\",\"directions_enabled\":\"0\",\"styling_enabled\":\"0\",\"styling_json\":\"\",\"active\":\"0\",\"kml\":\"\",\"bicycle\":\"0\",\"traffic\":\"0\",\"dbox\":\"1\",\"dbox_width\":\"500\",\"listmarkers\":\"0\",\"listmarkers_advanced\":\"0\",\"filterbycat\":\"0\",\"ugm_enabled\":\"0\",\"ugm_category_enabled\":\"0\",\"fusion\":\"\",\"map_width_type\":\"\\\\%\",\"map_height_type\":\"px\",\"mass_marker_support\":\"0\",\"ugm_access\":\"0\",\"order_markers_by\":\"1\",\"order_markers_choice\":\"1\",\"show_user_location\":\"2\",\"default_to\":\"\",\"other_settings\":{\"store_locator_enabled\":2,\"wpgmza_store_locator_restrict\":\"\",\"store_locator_distance\":2,\"store_locator_bounce\":1,\"store_locator_hide_before_search\":2,\"store_locator_use_their_location\":2,\"store_locator_name_search\":2,\"store_locator_category\":2,\"store_locator_query_string\":\"Code Postal \\\/ Adresse\",\"store_locator_name_string\":\"Titre \\\/ Description\",\"wpgmza_dbox_width_type\":\"px\",\"map_max_zoom\":\"3\",\"sl_stroke_color\":\"FF0000\",\"sl_stroke_opacity\":\"0.25\",\"sl_fill_color\":\"FF0000\",\"sl_fill_opacity\":\"0.15\",\"click_open_link\":2,\"weather_layer\":2,\"weather_layer_temp_type\":1,\"cloud_layer\":2,\"transport_layer\":0,\"wpgmza_iw_type\":\"\",\"list_markers_by\":\"4\",\"push_in_map\":\"\",\"push_in_map_placement\":\"9\",\"wpgmza_push_in_map_width\":\"\",\"wpgmza_push_in_map_height\":\"\",\"shortcodeAttributes\":{\"id\":\"2\"}}}' data-map-id='2' data-shortcode-attributes='{\"id\":\"2\"}'> <\/div>\r\n            \r\n            <div data-wpgmza-table data-wpgmza-php-class=\"WPGMZA\\MarkerListing\\BasicList\" data-wpgmza-rest-api-route=\"\/marker-listing\/\" data-wpgmza-marker-listing=\"true\" class=\"wpgmza_marker_list_class\" style=\"width:100%;\" data-wpgmza-ajax-parameters='{\"map_id\":\"2\"}' id=\"wpgmza_marker_list_2\"><\/div>\n<\/div>\n<\/div>\n<\/div>\n<\/div>\n<\/div>\n<\/div>\n<\/div>\n<div id=\"cmsms_row_69fcaa4d59738\" class=\"cmsms_row cmsms_color_scheme_default\">\n<div class=\"cmsms_row_outer_parent\">\n<div class=\"cmsms_row_outer\">\n<div class=\"cmsms_row_inner\">\n<div class=\"cmsms_row_margin\">\n<div class=\"cmsms_column one_first\">\n<h3 id=\"cmsms_heading_69fcaa4d5985c\" class=\"cmsms_heading\">Maintenance annuelle obligatoire et r\u00e8glementaires<\/h3><div class=\"cmsms_text\">\n<p>Pour votre s\u00e9curit\u00e9 et conserver vos garanties sur les installations r\u00e9alis\u00e9es par Welem, il faut:<\/p>\n<ul>\n<li><span style=\"color: #ffcc00;\"><strong>1 entretien annuel obligatoire pour tous type d&rsquo;installation<\/strong><\/span> (Bois, Solaire thermique, Photovolta\u00efque, R\u00e9cup\u00e9ration eau de pluie, Osmoseur, Ventilation double-flux).<\/li>\n<li><strong><span style=\"color: #ffcc00;\">2 ramonages par an<\/span> <\/strong>(pour les appareils \u00e0 bois, il y 1 ramonage d\u00e9j\u00e0 inclus dans l&rsquo;entretien annuel).\u00a0Il est conseill\u00e9 de faire un permier ramonage entre avril et septembre, puis un second en janvier ou f\u00e9vrier.<\/li>\n<\/ul>\n<\/div>\n<\/div>\n<\/div>\n<\/div>\n<\/div>\n<\/div>\n<\/div>\n\n","protected":false},"excerpt":{"rendered":"","protected":false},"author":75,"featured_media":14089,"parent":0,"menu_order":40,"comment_status":"closed","ping_status":"open","template":"","meta":{"footnotes":""},"class_list":["post-2003","page","type-page","status-publish","has-post-thumbnail","hentry"],"yoast_head":"<!-- This site is optimized with the Yoast SEO plugin v27.5 - https:\/\/yoast.com\/product\/yoast-seo-wordpress\/ -->\n<title>Rendez-vous pour un entretien - WELEM<\/title>\n<meta name=\"description\" content=\"Entretien de chaudi\u00e8re b\u00fbche et granul\u00e9s, po\u00eales \u00e0 pellet et \u00e0 b\u00fbche, chauffe-eau solaire, ventilation double-flux et r\u00e9cup\u00e9ration eau de pluie.\" \/>\n<meta name=\"robots\" content=\"index, follow, max-snippet:-1, max-image-preview:large, max-video-preview:-1\" \/>\n<link rel=\"canonical\" href=\"https:\/\/welem.com\/enr\/rendez-vous-pour-un-entretien\/\" \/>\n<meta property=\"og:locale\" content=\"fr_FR\" \/>\n<meta property=\"og:type\" content=\"article\" \/>\n<meta property=\"og:title\" content=\"Rendez-vous pour un entretien - WELEM\" \/>\n<meta property=\"og:description\" content=\"Entretien de chaudi\u00e8re b\u00fbche et granul\u00e9s, po\u00eales \u00e0 pellet et \u00e0 b\u00fbche, chauffe-eau solaire, ventilation double-flux et r\u00e9cup\u00e9ration eau de pluie.\" \/>\n<meta property=\"og:url\" content=\"https:\/\/welem.com\/enr\/rendez-vous-pour-un-entretien\/\" \/>\n<meta property=\"og:site_name\" content=\"WELEM\" \/>\n<meta property=\"article:publisher\" content=\"https:\/\/www.facebook.com\/WELEM-105304956191421\" \/>\n<meta property=\"article:modified_time\" content=\"2023-02-12T19:17:54+00:00\" \/>\n<meta property=\"og:image\" content=\"https:\/\/welem.com\/enr\/wp-content\/uploads\/ServiceRamonage.jpg\" \/>\n\t<meta property=\"og:image:width\" content=\"931\" \/>\n\t<meta property=\"og:image:height\" content=\"380\" \/>\n\t<meta property=\"og:image:type\" content=\"image\/jpeg\" \/>\n<meta name=\"twitter:card\" content=\"summary_large_image\" \/>\n<meta name=\"twitter:site\" content=\"@societewelem\" \/>\n<meta name=\"twitter:label1\" content=\"Dur\u00e9e de lecture estim\u00e9e\" \/>\n\t<meta name=\"twitter:data1\" content=\"3 minutes\" \/>\n<script type=\"application\/ld+json\" class=\"yoast-schema-graph\">{\"@context\":\"https:\\\/\\\/schema.org\",\"@graph\":[{\"@type\":\"WebPage\",\"@id\":\"https:\\\/\\\/welem.com\\\/enr\\\/rendez-vous-pour-un-entretien\\\/\",\"url\":\"https:\\\/\\\/welem.com\\\/enr\\\/rendez-vous-pour-un-entretien\\\/\",\"name\":\"Rendez-vous pour un entretien - WELEM\",\"isPartOf\":{\"@id\":\"https:\\\/\\\/welem.com\\\/enr\\\/#website\"},\"primaryImageOfPage\":{\"@id\":\"https:\\\/\\\/welem.com\\\/enr\\\/rendez-vous-pour-un-entretien\\\/#primaryimage\"},\"image\":{\"@id\":\"https:\\\/\\\/welem.com\\\/enr\\\/rendez-vous-pour-un-entretien\\\/#primaryimage\"},\"thumbnailUrl\":\"https:\\\/\\\/welem.com\\\/enr\\\/wp-content\\\/uploads\\\/ServiceRamonage.jpg\",\"datePublished\":\"2015-08-03T09:01:29+00:00\",\"dateModified\":\"2023-02-12T19:17:54+00:00\",\"description\":\"Entretien de chaudi\u00e8re b\u00fbche et granul\u00e9s, po\u00eales \u00e0 pellet et \u00e0 b\u00fbche, chauffe-eau solaire, ventilation double-flux et r\u00e9cup\u00e9ration eau de pluie.\",\"breadcrumb\":{\"@id\":\"https:\\\/\\\/welem.com\\\/enr\\\/rendez-vous-pour-un-entretien\\\/#breadcrumb\"},\"inLanguage\":\"fr-FR\",\"potentialAction\":[{\"@type\":\"ReadAction\",\"target\":[\"https:\\\/\\\/welem.com\\\/enr\\\/rendez-vous-pour-un-entretien\\\/\"]}]},{\"@type\":\"ImageObject\",\"inLanguage\":\"fr-FR\",\"@id\":\"https:\\\/\\\/welem.com\\\/enr\\\/rendez-vous-pour-un-entretien\\\/#primaryimage\",\"url\":\"https:\\\/\\\/welem.com\\\/enr\\\/wp-content\\\/uploads\\\/ServiceRamonage.jpg\",\"contentUrl\":\"https:\\\/\\\/welem.com\\\/enr\\\/wp-content\\\/uploads\\\/ServiceRamonage.jpg\",\"width\":931,\"height\":380,\"caption\":\"ramonage, entretien po\u00eale et chaudi\u00e8re\"},{\"@type\":\"BreadcrumbList\",\"@id\":\"https:\\\/\\\/welem.com\\\/enr\\\/rendez-vous-pour-un-entretien\\\/#breadcrumb\",\"itemListElement\":[{\"@type\":\"ListItem\",\"position\":1,\"name\":\"Accueil\",\"item\":\"https:\\\/\\\/welem.com\\\/enr\\\/\"},{\"@type\":\"ListItem\",\"position\":2,\"name\":\"Rendez-vous pour un entretien\"}]},{\"@type\":\"WebSite\",\"@id\":\"https:\\\/\\\/welem.com\\\/enr\\\/#website\",\"url\":\"https:\\\/\\\/welem.com\\\/enr\\\/\",\"name\":\"WELEM - L'\u00e9nergie autrement\",\"description\":\"La r\u00e9novation \u00e9nerg\u00e9tique globale\",\"publisher\":{\"@id\":\"https:\\\/\\\/welem.com\\\/enr\\\/#organization\"},\"potentialAction\":[{\"@type\":\"SearchAction\",\"target\":{\"@type\":\"EntryPoint\",\"urlTemplate\":\"https:\\\/\\\/welem.com\\\/enr\\\/?s={search_term_string}\"},\"query-input\":{\"@type\":\"PropertyValueSpecification\",\"valueRequired\":true,\"valueName\":\"search_term_string\"}}],\"inLanguage\":\"fr-FR\"},{\"@type\":\"Organization\",\"@id\":\"https:\\\/\\\/welem.com\\\/enr\\\/#organization\",\"name\":\"WELEM\",\"url\":\"https:\\\/\\\/welem.com\\\/enr\\\/\",\"logo\":{\"@type\":\"ImageObject\",\"inLanguage\":\"fr-FR\",\"@id\":\"https:\\\/\\\/welem.com\\\/enr\\\/#\\\/schema\\\/logo\\\/image\\\/\",\"url\":\"https:\\\/\\\/welem.com\\\/enr\\\/wp-content\\\/uploads\\\/logoWelemRetina.png\",\"contentUrl\":\"https:\\\/\\\/welem.com\\\/enr\\\/wp-content\\\/uploads\\\/logoWelemRetina.png\",\"width\":900,\"height\":311,\"caption\":\"WELEM\"},\"image\":{\"@id\":\"https:\\\/\\\/welem.com\\\/enr\\\/#\\\/schema\\\/logo\\\/image\\\/\"},\"sameAs\":[\"https:\\\/\\\/www.facebook.com\\\/WELEM-105304956191421\",\"https:\\\/\\\/x.com\\\/societewelem\",\"https:\\\/\\\/www.youtube.com\\\/channel\\\/UCx7WBxMNWO_SgykAVYK0xzQ\"]}]}<\/script>\n<!-- \/ Yoast SEO plugin. -->","yoast_head_json":{"title":"Rendez-vous pour un entretien - WELEM","description":"Entretien de chaudi\u00e8re b\u00fbche et granul\u00e9s, po\u00eales \u00e0 pellet et \u00e0 b\u00fbche, chauffe-eau solaire, ventilation double-flux et r\u00e9cup\u00e9ration eau de pluie.","robots":{"index":"index","follow":"follow","max-snippet":"max-snippet:-1","max-image-preview":"max-image-preview:large","max-video-preview":"max-video-preview:-1"},"canonical":"https:\/\/welem.com\/enr\/rendez-vous-pour-un-entretien\/","og_locale":"fr_FR","og_type":"article","og_title":"Rendez-vous pour un entretien - WELEM","og_description":"Entretien de chaudi\u00e8re b\u00fbche et granul\u00e9s, po\u00eales \u00e0 pellet et \u00e0 b\u00fbche, chauffe-eau solaire, ventilation double-flux et r\u00e9cup\u00e9ration eau de pluie.","og_url":"https:\/\/welem.com\/enr\/rendez-vous-pour-un-entretien\/","og_site_name":"WELEM","article_publisher":"https:\/\/www.facebook.com\/WELEM-105304956191421","article_modified_time":"2023-02-12T19:17:54+00:00","og_image":[{"width":931,"height":380,"url":"https:\/\/welem.com\/enr\/wp-content\/uploads\/ServiceRamonage.jpg","type":"image\/jpeg"}],"twitter_card":"summary_large_image","twitter_site":"@societewelem","twitter_misc":{"Dur\u00e9e de lecture estim\u00e9e":"3 minutes"},"schema":{"@context":"https:\/\/schema.org","@graph":[{"@type":"WebPage","@id":"https:\/\/welem.com\/enr\/rendez-vous-pour-un-entretien\/","url":"https:\/\/welem.com\/enr\/rendez-vous-pour-un-entretien\/","name":"Rendez-vous pour un entretien - WELEM","isPartOf":{"@id":"https:\/\/welem.com\/enr\/#website"},"primaryImageOfPage":{"@id":"https:\/\/welem.com\/enr\/rendez-vous-pour-un-entretien\/#primaryimage"},"image":{"@id":"https:\/\/welem.com\/enr\/rendez-vous-pour-un-entretien\/#primaryimage"},"thumbnailUrl":"https:\/\/welem.com\/enr\/wp-content\/uploads\/ServiceRamonage.jpg","datePublished":"2015-08-03T09:01:29+00:00","dateModified":"2023-02-12T19:17:54+00:00","description":"Entretien de chaudi\u00e8re b\u00fbche et granul\u00e9s, po\u00eales \u00e0 pellet et \u00e0 b\u00fbche, chauffe-eau solaire, ventilation double-flux et r\u00e9cup\u00e9ration eau de pluie.","breadcrumb":{"@id":"https:\/\/welem.com\/enr\/rendez-vous-pour-un-entretien\/#breadcrumb"},"inLanguage":"fr-FR","potentialAction":[{"@type":"ReadAction","target":["https:\/\/welem.com\/enr\/rendez-vous-pour-un-entretien\/"]}]},{"@type":"ImageObject","inLanguage":"fr-FR","@id":"https:\/\/welem.com\/enr\/rendez-vous-pour-un-entretien\/#primaryimage","url":"https:\/\/welem.com\/enr\/wp-content\/uploads\/ServiceRamonage.jpg","contentUrl":"https:\/\/welem.com\/enr\/wp-content\/uploads\/ServiceRamonage.jpg","width":931,"height":380,"caption":"ramonage, entretien po\u00eale et chaudi\u00e8re"},{"@type":"BreadcrumbList","@id":"https:\/\/welem.com\/enr\/rendez-vous-pour-un-entretien\/#breadcrumb","itemListElement":[{"@type":"ListItem","position":1,"name":"Accueil","item":"https:\/\/welem.com\/enr\/"},{"@type":"ListItem","position":2,"name":"Rendez-vous pour un entretien"}]},{"@type":"WebSite","@id":"https:\/\/welem.com\/enr\/#website","url":"https:\/\/welem.com\/enr\/","name":"WELEM - L'\u00e9nergie autrement","description":"La r\u00e9novation \u00e9nerg\u00e9tique globale","publisher":{"@id":"https:\/\/welem.com\/enr\/#organization"},"potentialAction":[{"@type":"SearchAction","target":{"@type":"EntryPoint","urlTemplate":"https:\/\/welem.com\/enr\/?s={search_term_string}"},"query-input":{"@type":"PropertyValueSpecification","valueRequired":true,"valueName":"search_term_string"}}],"inLanguage":"fr-FR"},{"@type":"Organization","@id":"https:\/\/welem.com\/enr\/#organization","name":"WELEM","url":"https:\/\/welem.com\/enr\/","logo":{"@type":"ImageObject","inLanguage":"fr-FR","@id":"https:\/\/welem.com\/enr\/#\/schema\/logo\/image\/","url":"https:\/\/welem.com\/enr\/wp-content\/uploads\/logoWelemRetina.png","contentUrl":"https:\/\/welem.com\/enr\/wp-content\/uploads\/logoWelemRetina.png","width":900,"height":311,"caption":"WELEM"},"image":{"@id":"https:\/\/welem.com\/enr\/#\/schema\/logo\/image\/"},"sameAs":["https:\/\/www.facebook.com\/WELEM-105304956191421","https:\/\/x.com\/societewelem","https:\/\/www.youtube.com\/channel\/UCx7WBxMNWO_SgykAVYK0xzQ"]}]}},"_links":{"self":[{"href":"https:\/\/welem.com\/enr\/wp-json\/wp\/v2\/pages\/2003","targetHints":{"allow":["GET"]}}],"collection":[{"href":"https:\/\/welem.com\/enr\/wp-json\/wp\/v2\/pages"}],"about":[{"href":"https:\/\/welem.com\/enr\/wp-json\/wp\/v2\/types\/page"}],"author":[{"embeddable":true,"href":"https:\/\/welem.com\/enr\/wp-json\/wp\/v2\/users\/75"}],"replies":[{"embeddable":true,"href":"https:\/\/welem.com\/enr\/wp-json\/wp\/v2\/comments?post=2003"}],"version-history":[{"count":0,"href":"https:\/\/welem.com\/enr\/wp-json\/wp\/v2\/pages\/2003\/revisions"}],"wp:featuredmedia":[{"embeddable":true,"href":"https:\/\/welem.com\/enr\/wp-json\/wp\/v2\/media\/14089"}],"wp:attachment":[{"href":"https:\/\/welem.com\/enr\/wp-json\/wp\/v2\/media?parent=2003"}],"curies":[{"name":"wp","href":"https:\/\/api.w.org\/{rel}","templated":true}]}}