{"id":45728,"date":"2022-03-21T11:07:21","date_gmt":"2022-03-21T10:07:21","guid":{"rendered":"https:\/\/welem.com\/enr\/?page_id=45728"},"modified":"2025-01-26T12:24:50","modified_gmt":"2025-01-26T11:24:50","slug":"bien-utiliser-ma-chaudiere","status":"publish","type":"page","link":"https:\/\/welem.com\/enr\/bien-utiliser-ma-chaudiere\/","title":{"rendered":"Bien utiliser ma chaudi\u00e8re"},"content":{"rendered":"<style type=\"text\/css\"> \n#cmsms_row_69f635d127319 .cmsms_row_outer_parent { \n\tpadding-top: 20px; \n} \n\n#cmsms_row_69f635d127319 .cmsms_row_outer_parent { \n\tpadding-bottom: 0px; \n} \n\n \n#cmsms_row_69f635d1274d9 .cmsms_row_outer_parent { \n\tpadding-top: 0px; \n} \n\n#cmsms_row_69f635d1274d9 .cmsms_row_outer_parent { \n\tpadding-bottom: 30px; \n} \n\n \n#cmsms_heading_69f635d127588, #cmsms_heading_69f635d127588 a { \n\tfont-weight:400; \n\tfont-style:normal; \n\tmargin-top:0px; \n\tmargin-bottom:20px; \n} \n\n#cmsms_button_69f635d127ad6 { \n\ttext-align:center; \n} \n\n#cmsms_button_69f635d127ad6 .cmsms_button:before { \n\tmargin-right:.5em; \n\tmargin-left:0; \n\tvertical-align:baseline; \n} \n\n#cmsms_button_69f635d127ad6 .cmsms_button { \n\tfont-weight:100; \n\tfont-style:normal; \n\tpadding-right:20px; \n\tpadding-left:20px; \n} \n#cmsms_button_69f635d127ad6 .cmsms_button:hover { \n} \n \n#cmsms_heading_69f635d127b2c, #cmsms_heading_69f635d127b2c a { \n\tfont-weight:400; \n\tfont-style:normal; \n\tmargin-top:0px; \n\tmargin-bottom:20px; \n} \n\n#cmsms_button_69f635d127ec1 { \n\ttext-align:center; \n} \n\n#cmsms_button_69f635d127ec1 .cmsms_button:before { \n\tmargin-right:.5em; \n\tmargin-left:0; \n\tvertical-align:baseline; \n} \n\n#cmsms_button_69f635d127ec1 .cmsms_button { \n\tfont-weight:100; \n\tfont-style:normal; \n\tpadding-right:20px; \n\tpadding-left:20px; \n} \n#cmsms_button_69f635d127ec1 .cmsms_button:hover { \n} \n \n#cmsms_row_69f635d127ede .cmsms_row_outer_parent { \n\tpadding-top: 0px; \n} \n\n#cmsms_row_69f635d127ede .cmsms_row_outer_parent { \n\tpadding-bottom: 30px; \n} \n\n \n#cmsms_heading_69f635d127f3d, #cmsms_heading_69f635d127f3d a { \n\tfont-weight:400; \n\tfont-style:normal; \n\tmargin-top:0px; \n\tmargin-bottom:20px; \n} \n\n#cmsms_button_69f635d128295 { \n\ttext-align:center; \n} \n\n#cmsms_button_69f635d128295 .cmsms_button:before { \n\tmargin-right:.5em; \n\tmargin-left:0; \n\tvertical-align:baseline; \n} \n\n#cmsms_button_69f635d128295 .cmsms_button { \n\tfont-weight:100; \n\tfont-style:normal; \n\tpadding-right:20px; \n\tpadding-left:20px; \n} \n#cmsms_button_69f635d128295 .cmsms_button:hover { \n} \n \n#cmsms_heading_69f635d1282e3, #cmsms_heading_69f635d1282e3 a { \n\tfont-weight:400; \n\tfont-style:normal; \n\tmargin-top:0px; \n\tmargin-bottom:20px; \n} \n\n#cmsms_button_69f635d12864e { \n\ttext-align:center; \n} \n\n#cmsms_button_69f635d12864e .cmsms_button:before { \n\tmargin-right:.5em; \n\tmargin-left:0; \n\tvertical-align:baseline; \n} \n\n#cmsms_button_69f635d12864e .cmsms_button { \n\tfont-weight:100; \n\tfont-style:normal; \n\tpadding-right:20px; \n\tpadding-left:20px; \n} \n#cmsms_button_69f635d12864e .cmsms_button:hover { \n} \n \n#cmsms_row_69f635d12866a .cmsms_row_outer_parent { \n\tpadding-top: 0px; \n} \n\n#cmsms_row_69f635d12866a .cmsms_row_outer_parent { \n\tpadding-bottom: 30px; \n} \n\n \n#cmsms_heading_69f635d1286d4, #cmsms_heading_69f635d1286d4 a { \n\tfont-weight:400; \n\tfont-style:normal; \n\tmargin-top:0px; \n\tmargin-bottom:20px; \n} \n\n#cmsms_button_69f635d128a74 { \n\ttext-align:center; \n} \n\n#cmsms_button_69f635d128a74 .cmsms_button:before { \n\tmargin-right:.5em; \n\tmargin-left:0; \n\tvertical-align:baseline; \n} \n\n#cmsms_button_69f635d128a74 .cmsms_button { \n\tfont-weight:100; \n\tfont-style:normal; \n\tpadding-right:20px; \n\tpadding-left:20px; \n} \n#cmsms_button_69f635d128a74 .cmsms_button:hover { \n} \n \n#cmsms_heading_69f635d128ac8, #cmsms_heading_69f635d128ac8 a { \n\tfont-weight:400; \n\tfont-style:normal; \n\tmargin-top:0px; \n\tmargin-bottom:20px; \n} \n\n#cmsms_button_69f635d128e43 { \n\ttext-align:center; \n} \n\n#cmsms_button_69f635d128e43 .cmsms_button:before { \n\tmargin-right:.5em; \n\tmargin-left:0; \n\tvertical-align:baseline; \n} \n\n#cmsms_button_69f635d128e43 .cmsms_button { \n\tfont-weight:100; \n\tfont-style:normal; \n\tpadding-right:20px; \n\tpadding-left:20px; \n} \n#cmsms_button_69f635d128e43 .cmsms_button:hover { \n} \n\n#cmsms_button_69f635d128e52 { \n\ttext-align:center; \n} \n\n#cmsms_button_69f635d128e52 .cmsms_button:before { \n\tmargin-right:.5em; \n\tmargin-left:0; \n\tvertical-align:baseline; \n} \n\n#cmsms_button_69f635d128e52 .cmsms_button { \n\tfont-weight:100; \n\tfont-style:normal; \n\tpadding-right:20px; \n\tpadding-left:20px; \n} \n#cmsms_button_69f635d128e52 .cmsms_button:hover { \n} \n<\/style><div id=\"cmsms_row_69f635d127319\" class=\"cmsms_row cmsms_color_scheme_default\">\n<div class=\"cmsms_row_outer_parent\">\n<div class=\"cmsms_row_outer\">\n<div class=\"cmsms_row_inner\">\n<div class=\"cmsms_row_margin\">\n<div class=\"cmsms_column one_first\">\n<div class=\"cmsms_text\">\n<p>N&rsquo;h\u00e9sitez pas \u00e0 vous abonner et mettre un pouce en l&rsquo;air pour am\u00e9liorer notre r\u00e9f\u00e9rencement et nous aider dans notre travail de support aux utilisateurs.<\/p>\n<\/div>\n<\/div>\n<\/div>\n<\/div>\n<\/div>\n<\/div>\n<\/div>\n<div id=\"cmsms_row_69f635d1274d9\" class=\"cmsms_row cmsms_color_scheme_default\">\n<div class=\"cmsms_row_outer_parent\">\n<div class=\"cmsms_row_outer\">\n<div class=\"cmsms_row_inner\">\n<div class=\"cmsms_row_margin\">\n<div class=\"cmsms_column one_half\">\n<h3 id=\"cmsms_heading_69f635d127588\" class=\"cmsms_heading\">R\u00e9gler le chauffage avec une chaudi\u00e8re Froling<\/h3>\n<div id=\"cmsms_video_wrap_69f635d127aa2\" class=\"cmsms_video_wrap\">\n<iframe loading=\"lazy\" title=\"R\u00e9gler le chauffage avec la chaudi\u00e8re Froling\" width=\"1160\" height=\"653\" src=\"https:\/\/www.youtube.com\/embed\/z3c316k7bW4?feature=oembed\" frameborder=\"0\" allow=\"accelerometer; autoplay; clipboard-write; encrypted-media; gyroscope; picture-in-picture\" allowfullscreen><\/iframe>\n<\/div>\n\n<div class=\"cmsms_text\">\n<p>Comment bien r\u00e9gler le chauffage au niveau de la chaudi\u00e8re et de la sonde d&rsquo;ambiance pour un confort optimum.<\/p>\n<\/div>\n\n<div id=\"cmsms_button_69f635d127ad6\" class=\"button_wrap\"><a href=\"https:\/\/drive.google.com\/file\/d\/1Up8wu417woK4-ngJ85Ozvc9SU55vCwux\/view?usp=sharing\" class=\"cmsms_button\" target=\"_blank\">En savoir plus<\/a><\/div>\n<\/div>\n<div class=\"cmsms_column one_half\">\n<h3 id=\"cmsms_heading_69f635d127b2c\" class=\"cmsms_heading\">Vider le cendrier d&rsquo;une chaudi\u00e8re pellet PE1<\/h3>\n<div id=\"cmsms_video_wrap_69f635d127e89\" class=\"cmsms_video_wrap\">\n<iframe loading=\"lazy\" title=\"Comment vider cendrier chaudi\u00e8re Froling PE1\" width=\"1160\" height=\"653\" src=\"https:\/\/www.youtube.com\/embed\/I1wKKvFejcI?feature=oembed\" frameborder=\"0\" allow=\"accelerometer; autoplay; clipboard-write; encrypted-media; gyroscope; picture-in-picture\" allowfullscreen><\/iframe>\n<\/div>\n\n<div class=\"cmsms_text\">\n<p>Op\u00e9ration \u00e0 r\u00e9aliser toutes les 400 heures de fonctionnement ou quand la machine le demande.<\/p>\n<\/div>\n\n<div id=\"cmsms_button_69f635d127ec1\" class=\"button_wrap\"><a href=\"https:\/\/drive.google.com\/file\/d\/1Up8wu417woK4-ngJ85Ozvc9SU55vCwux\/view?usp=sharing\" class=\"cmsms_button\" target=\"_blank\">En savoir plus<\/a><\/div>\n<\/div>\n<\/div>\n<\/div>\n<\/div>\n<\/div>\n<\/div>\n<div id=\"cmsms_row_69f635d127ede\" class=\"cmsms_row cmsms_color_scheme_default\">\n<div class=\"cmsms_row_outer_parent\">\n<div class=\"cmsms_row_outer\">\n<div class=\"cmsms_row_inner\">\n<div class=\"cmsms_row_margin\">\n<div class=\"cmsms_column one_half\">\n<h3 id=\"cmsms_heading_69f635d127f3d\" class=\"cmsms_heading\">Quand refaire l&rsquo;appoint du petit silo de stockage<\/h3>\n<div id=\"cmsms_video_wrap_69f635d12826b\" class=\"cmsms_video_wrap\">\n<iframe loading=\"lazy\" title=\"Quand refaire  l&#039;appoint du petit silo Cube 330kg de capacit\u00e9\" width=\"1160\" height=\"653\" src=\"https:\/\/www.youtube.com\/embed\/J8gRAZfIlQs?feature=oembed\" frameborder=\"0\" allow=\"accelerometer; autoplay; clipboard-write; encrypted-media; gyroscope; picture-in-picture\" allowfullscreen><\/iframe>\n<\/div>\n\n<div class=\"cmsms_text\">\n<p>Important de ne pas attendre d&rsquo;avoir un silo vide pour refaire l&rsquo;appoint en granul\u00e9s.<\/p>\n<\/div>\n\n<div id=\"cmsms_button_69f635d128295\" class=\"button_wrap\"><a href=\"https:\/\/drive.google.com\/file\/d\/1Uq6ImiAqmGdMKDBFhw55uHmJuOWcGufZ\/view?usp=sharing\" class=\"cmsms_button\" target=\"_blank\">En savoir plus<\/a><\/div>\n<\/div>\n<div class=\"cmsms_column one_half\">\n<h3 id=\"cmsms_heading_69f635d1282e3\" class=\"cmsms_heading\">R\u00e9gulation chaudi\u00e8re Froling Lambdatronic P3200<\/h3>\n<div id=\"cmsms_video_wrap_69f635d128623\" class=\"cmsms_video_wrap\">\n<iframe loading=\"lazy\" title=\"R\u00e9gulation chaudi\u00e8re Froling Lambdatronic P3200\" width=\"1160\" height=\"653\" src=\"https:\/\/www.youtube.com\/embed\/f_03rfAGG3Q?feature=oembed\" frameborder=\"0\" allow=\"accelerometer; autoplay; clipboard-write; encrypted-media; gyroscope; picture-in-picture\" allowfullscreen><\/iframe>\n<\/div>\n\n<div class=\"cmsms_text\">\n<p>Les points cl\u00e9s pour bien comprendre le fonctionnement de la r\u00e9gulation Lambdatronic commune \u00e0 toutes les chaudi\u00e8res Froling.<\/p>\n<\/div>\n\n<div id=\"cmsms_button_69f635d12864e\" class=\"button_wrap\"><a href=\"https:\/\/drive.google.com\/file\/d\/1UmdrZdRAOq1s0XT6jkd8nbGf_XI0PKlN\/view?usp=sharing\" class=\"cmsms_button\" target=\"_blank\">En savoir plus<\/a><\/div>\n<\/div>\n<\/div>\n<\/div>\n<\/div>\n<\/div>\n<\/div>\n<div id=\"cmsms_row_69f635d12866a\" class=\"cmsms_row cmsms_color_scheme_default\">\n<div class=\"cmsms_row_outer_parent\">\n<div class=\"cmsms_row_outer\">\n<div class=\"cmsms_row_inner\">\n<div class=\"cmsms_row_margin\">\n<div class=\"cmsms_column one_half\">\n<h3 id=\"cmsms_heading_69f635d1286d4\" class=\"cmsms_heading\">Comprendre la r\u00e9gulation solaire RESOL<\/h3>\n<div id=\"cmsms_video_wrap_69f635d128a44\" class=\"cmsms_video_wrap\">\n<iframe loading=\"lazy\" title=\"Comprendre la r\u00e9gulation solaire RESOL\" width=\"1160\" height=\"653\" src=\"https:\/\/www.youtube.com\/embed\/I_tRd_XP24o?feature=oembed\" frameborder=\"0\" allow=\"accelerometer; autoplay; clipboard-write; encrypted-media; gyroscope; picture-in-picture\" allowfullscreen><\/iframe>\n<\/div>\n\n<div class=\"cmsms_text\">\n<p>Permet l&rsquo;appoint en \u00e9nergie thermique d&rsquo;un ballon ECS solaire parfois coupl\u00e9 \u00e0 une chaudi\u00e8re.<\/p>\n<\/div>\n\n<div id=\"cmsms_button_69f635d128a74\" class=\"button_wrap\"><a href=\"https:\/\/drive.google.com\/file\/d\/0B_27DKoVq15VaEhXZTUtUjBnWlE\/view?usp=sharing&#038;resourcekey=0-1gJJJcAsikQYqHGWt-Aq3Q\" class=\"cmsms_button\" target=\"_blank\">En savoir plus<\/a><\/div>\n<\/div>\n<div class=\"cmsms_column one_half\">\n<h3 id=\"cmsms_heading_69f635d128ac8\" class=\"cmsms_heading\">Que faire en cas de bourrage de l&rsquo;aspiration du silo \u00e0 granul\u00e9s<\/h3>\n<div id=\"cmsms_video_wrap_69f635d128e0e\" class=\"cmsms_video_wrap\">\n<iframe loading=\"lazy\" title=\"D\u00e9bourrage silo de stockage pellet\" width=\"1160\" height=\"653\" src=\"https:\/\/www.youtube.com\/embed\/FZ5e1VUbg5Y?feature=oembed\" frameborder=\"0\" allow=\"accelerometer; autoplay; clipboard-write; encrypted-media; gyroscope; picture-in-picture\" allowfullscreen><\/iframe>\n<\/div>\n\n<div class=\"cmsms_text\">\n<p>En g\u00e9n\u00e9rale, c&rsquo;est l&rsquo;erreur 16 qui s&rsquo;affiche sur l&rsquo;\u00e9cran de la chaudi\u00e8re \u00ab\u00a0Dur\u00e9e de s\u00e9curit\u00e9 \u00e9coul\u00e9e, Contr\u00f4ler le syst\u00e8me d&rsquo;extraction du silo\u00a0\u00bb.<\/p>\n<\/div>\n\n<div id=\"cmsms_button_69f635d128e43\" class=\"button_wrap\"><a href=\"https:\/\/drive.google.com\/file\/d\/1V1v7ZmM_0LGwdFNYHDBXhIRonJe1J4aF\/view?usp=sharing\" class=\"cmsms_button\" target=\"_blank\">En savoir plus pour PE1<\/a><\/div>\n\n<div id=\"cmsms_button_69f635d128e52\" class=\"button_wrap\"><a href=\"https:\/\/drive.google.com\/file\/d\/1UwjbHfimJHj_bOkZ0X10kDKh3PO7RXxS\/view?usp=sharing\" class=\"cmsms_button\" target=\"_blank\">En savoir plus pour P4<\/a><\/div>\n<\/div>\n<\/div>\n<\/div>\n<\/div>\n<\/div>\n<\/div>\n\n","protected":false},"excerpt":{"rendered":"","protected":false},"author":75,"featured_media":0,"parent":0,"menu_order":22,"comment_status":"closed","ping_status":"closed","template":"","meta":{"footnotes":""},"class_list":["post-45728","page","type-page","status-publish","hentry"],"yoast_head":"<!-- This site is optimized with the Yoast SEO plugin v27.5 - https:\/\/yoast.com\/product\/yoast-seo-wordpress\/ -->\n<title>Bien utiliser ma chaudi\u00e8re - WELEM<\/title>\n<meta name=\"robots\" content=\"index, follow, max-snippet:-1, max-image-preview:large, max-video-preview:-1\" \/>\n<link rel=\"canonical\" href=\"https:\/\/welem.com\/enr\/bien-utiliser-ma-chaudiere\/\" \/>\n<meta property=\"og:locale\" content=\"fr_FR\" \/>\n<meta property=\"og:type\" content=\"article\" \/>\n<meta property=\"og:title\" content=\"Bien utiliser ma chaudi\u00e8re - WELEM\" \/>\n<meta property=\"og:url\" content=\"https:\/\/welem.com\/enr\/bien-utiliser-ma-chaudiere\/\" \/>\n<meta property=\"og:site_name\" content=\"WELEM\" \/>\n<meta property=\"article:publisher\" content=\"https:\/\/www.facebook.com\/WELEM-105304956191421\" \/>\n<meta property=\"article:modified_time\" content=\"2025-01-26T11:24:50+00:00\" \/>\n<meta name=\"twitter:card\" content=\"summary_large_image\" \/>\n<meta name=\"twitter:site\" content=\"@societewelem\" \/>\n<meta name=\"twitter:label1\" content=\"Dur\u00e9e de lecture estim\u00e9e\" \/>\n\t<meta name=\"twitter:data1\" content=\"2 minutes\" \/>\n<script type=\"application\/ld+json\" class=\"yoast-schema-graph\">{\"@context\":\"https:\\\/\\\/schema.org\",\"@graph\":[{\"@type\":\"WebPage\",\"@id\":\"https:\\\/\\\/welem.com\\\/enr\\\/bien-utiliser-ma-chaudiere\\\/\",\"url\":\"https:\\\/\\\/welem.com\\\/enr\\\/bien-utiliser-ma-chaudiere\\\/\",\"name\":\"Bien utiliser ma chaudi\u00e8re - WELEM\",\"isPartOf\":{\"@id\":\"https:\\\/\\\/welem.com\\\/enr\\\/#website\"},\"datePublished\":\"2022-03-21T10:07:21+00:00\",\"dateModified\":\"2025-01-26T11:24:50+00:00\",\"breadcrumb\":{\"@id\":\"https:\\\/\\\/welem.com\\\/enr\\\/bien-utiliser-ma-chaudiere\\\/#breadcrumb\"},\"inLanguage\":\"fr-FR\",\"potentialAction\":[{\"@type\":\"ReadAction\",\"target\":[\"https:\\\/\\\/welem.com\\\/enr\\\/bien-utiliser-ma-chaudiere\\\/\"]}]},{\"@type\":\"BreadcrumbList\",\"@id\":\"https:\\\/\\\/welem.com\\\/enr\\\/bien-utiliser-ma-chaudiere\\\/#breadcrumb\",\"itemListElement\":[{\"@type\":\"ListItem\",\"position\":1,\"name\":\"Accueil\",\"item\":\"https:\\\/\\\/welem.com\\\/enr\\\/\"},{\"@type\":\"ListItem\",\"position\":2,\"name\":\"Bien utiliser ma chaudi\u00e8re\"}]},{\"@type\":\"WebSite\",\"@id\":\"https:\\\/\\\/welem.com\\\/enr\\\/#website\",\"url\":\"https:\\\/\\\/welem.com\\\/enr\\\/\",\"name\":\"WELEM - L'\u00e9nergie autrement\",\"description\":\"La r\u00e9novation \u00e9nerg\u00e9tique globale\",\"publisher\":{\"@id\":\"https:\\\/\\\/welem.com\\\/enr\\\/#organization\"},\"potentialAction\":[{\"@type\":\"SearchAction\",\"target\":{\"@type\":\"EntryPoint\",\"urlTemplate\":\"https:\\\/\\\/welem.com\\\/enr\\\/?s={search_term_string}\"},\"query-input\":{\"@type\":\"PropertyValueSpecification\",\"valueRequired\":true,\"valueName\":\"search_term_string\"}}],\"inLanguage\":\"fr-FR\"},{\"@type\":\"Organization\",\"@id\":\"https:\\\/\\\/welem.com\\\/enr\\\/#organization\",\"name\":\"WELEM\",\"url\":\"https:\\\/\\\/welem.com\\\/enr\\\/\",\"logo\":{\"@type\":\"ImageObject\",\"inLanguage\":\"fr-FR\",\"@id\":\"https:\\\/\\\/welem.com\\\/enr\\\/#\\\/schema\\\/logo\\\/image\\\/\",\"url\":\"https:\\\/\\\/welem.com\\\/enr\\\/wp-content\\\/uploads\\\/logoWelemRetina.png\",\"contentUrl\":\"https:\\\/\\\/welem.com\\\/enr\\\/wp-content\\\/uploads\\\/logoWelemRetina.png\",\"width\":900,\"height\":311,\"caption\":\"WELEM\"},\"image\":{\"@id\":\"https:\\\/\\\/welem.com\\\/enr\\\/#\\\/schema\\\/logo\\\/image\\\/\"},\"sameAs\":[\"https:\\\/\\\/www.facebook.com\\\/WELEM-105304956191421\",\"https:\\\/\\\/x.com\\\/societewelem\",\"https:\\\/\\\/www.youtube.com\\\/channel\\\/UCx7WBxMNWO_SgykAVYK0xzQ\"]}]}<\/script>\n<!-- \/ Yoast SEO plugin. -->","yoast_head_json":{"title":"Bien utiliser ma chaudi\u00e8re - WELEM","robots":{"index":"index","follow":"follow","max-snippet":"max-snippet:-1","max-image-preview":"max-image-preview:large","max-video-preview":"max-video-preview:-1"},"canonical":"https:\/\/welem.com\/enr\/bien-utiliser-ma-chaudiere\/","og_locale":"fr_FR","og_type":"article","og_title":"Bien utiliser ma chaudi\u00e8re - WELEM","og_url":"https:\/\/welem.com\/enr\/bien-utiliser-ma-chaudiere\/","og_site_name":"WELEM","article_publisher":"https:\/\/www.facebook.com\/WELEM-105304956191421","article_modified_time":"2025-01-26T11:24:50+00:00","twitter_card":"summary_large_image","twitter_site":"@societewelem","twitter_misc":{"Dur\u00e9e de lecture estim\u00e9e":"2 minutes"},"schema":{"@context":"https:\/\/schema.org","@graph":[{"@type":"WebPage","@id":"https:\/\/welem.com\/enr\/bien-utiliser-ma-chaudiere\/","url":"https:\/\/welem.com\/enr\/bien-utiliser-ma-chaudiere\/","name":"Bien utiliser ma chaudi\u00e8re - WELEM","isPartOf":{"@id":"https:\/\/welem.com\/enr\/#website"},"datePublished":"2022-03-21T10:07:21+00:00","dateModified":"2025-01-26T11:24:50+00:00","breadcrumb":{"@id":"https:\/\/welem.com\/enr\/bien-utiliser-ma-chaudiere\/#breadcrumb"},"inLanguage":"fr-FR","potentialAction":[{"@type":"ReadAction","target":["https:\/\/welem.com\/enr\/bien-utiliser-ma-chaudiere\/"]}]},{"@type":"BreadcrumbList","@id":"https:\/\/welem.com\/enr\/bien-utiliser-ma-chaudiere\/#breadcrumb","itemListElement":[{"@type":"ListItem","position":1,"name":"Accueil","item":"https:\/\/welem.com\/enr\/"},{"@type":"ListItem","position":2,"name":"Bien utiliser ma chaudi\u00e8re"}]},{"@type":"WebSite","@id":"https:\/\/welem.com\/enr\/#website","url":"https:\/\/welem.com\/enr\/","name":"WELEM - L'\u00e9nergie autrement","description":"La r\u00e9novation \u00e9nerg\u00e9tique globale","publisher":{"@id":"https:\/\/welem.com\/enr\/#organization"},"potentialAction":[{"@type":"SearchAction","target":{"@type":"EntryPoint","urlTemplate":"https:\/\/welem.com\/enr\/?s={search_term_string}"},"query-input":{"@type":"PropertyValueSpecification","valueRequired":true,"valueName":"search_term_string"}}],"inLanguage":"fr-FR"},{"@type":"Organization","@id":"https:\/\/welem.com\/enr\/#organization","name":"WELEM","url":"https:\/\/welem.com\/enr\/","logo":{"@type":"ImageObject","inLanguage":"fr-FR","@id":"https:\/\/welem.com\/enr\/#\/schema\/logo\/image\/","url":"https:\/\/welem.com\/enr\/wp-content\/uploads\/logoWelemRetina.png","contentUrl":"https:\/\/welem.com\/enr\/wp-content\/uploads\/logoWelemRetina.png","width":900,"height":311,"caption":"WELEM"},"image":{"@id":"https:\/\/welem.com\/enr\/#\/schema\/logo\/image\/"},"sameAs":["https:\/\/www.facebook.com\/WELEM-105304956191421","https:\/\/x.com\/societewelem","https:\/\/www.youtube.com\/channel\/UCx7WBxMNWO_SgykAVYK0xzQ"]}]}},"_links":{"self":[{"href":"https:\/\/welem.com\/enr\/wp-json\/wp\/v2\/pages\/45728","targetHints":{"allow":["GET"]}}],"collection":[{"href":"https:\/\/welem.com\/enr\/wp-json\/wp\/v2\/pages"}],"about":[{"href":"https:\/\/welem.com\/enr\/wp-json\/wp\/v2\/types\/page"}],"author":[{"embeddable":true,"href":"https:\/\/welem.com\/enr\/wp-json\/wp\/v2\/users\/75"}],"replies":[{"embeddable":true,"href":"https:\/\/welem.com\/enr\/wp-json\/wp\/v2\/comments?post=45728"}],"version-history":[{"count":0,"href":"https:\/\/welem.com\/enr\/wp-json\/wp\/v2\/pages\/45728\/revisions"}],"wp:attachment":[{"href":"https:\/\/welem.com\/enr\/wp-json\/wp\/v2\/media?parent=45728"}],"curies":[{"name":"wp","href":"https:\/\/api.w.org\/{rel}","templated":true}]}}