{"id":5901,"date":"2015-08-31T12:14:40","date_gmt":"2015-08-31T10:14:40","guid":{"rendered":"http:\/\/welem.com\/enr\/?page_id=5901"},"modified":"2023-12-22T21:45:42","modified_gmt":"2023-12-22T20:45:42","slug":"bien-choisir-ma-vmc","status":"publish","type":"page","link":"https:\/\/welem.com\/enr\/bien-choisir-ma-vmc\/","title":{"rendered":"Bien choisir ma VMC"},"content":{"rendered":"<style type=\"text\/css\"> \n#cmsms_row_69df1c61edc92 .cmsms_row_outer_parent { \n\tpadding-top: 0px; \n} \n\n#cmsms_row_69df1c61edc92 .cmsms_row_outer_parent { \n\tpadding-bottom: 30px; \n} \n\n \n#cmsms_heading_69df1c61edd57, #cmsms_heading_69df1c61edd57 a { \n\tfont-weight:400; \n\tfont-style:normal; \n\tmargin-top:0px; \n\tmargin-bottom:20px; \n} \n \n#cmsms_row_69df1c61ede4d .cmsms_row_outer_parent { \n\tpadding-top: 0px; \n} \n\n#cmsms_row_69df1c61ede4d .cmsms_row_outer_parent { \n\tpadding-bottom: 30px; \n} \n\n \n#cmsms_heading_69df1c61edf8b, #cmsms_heading_69df1c61edf8b a { \n\tfont-weight:400; \n\tfont-style:normal; \n\tmargin-top:0px; \n\tmargin-bottom:20px; \n} \n<\/style><div id=\"cmsms_row_69df1c61edc92\" class=\"cmsms_row cmsms_color_scheme_default\">\n<div class=\"cmsms_row_outer_parent\">\n<div class=\"cmsms_row_outer\">\n<div class=\"cmsms_row_inner\">\n<div class=\"cmsms_row_margin\">\n<div class=\"cmsms_column one_first\">\n<h3 id=\"cmsms_heading_69df1c61edd57\" class=\"cmsms_heading\">Pourquoi renouveler l&rsquo;air dans l&rsquo;habitat ?<\/h3><div class=\"cmsms_text\">\n<blockquote>\n<p>Une maison saine est une maison qui respire.<\/p>\n<\/blockquote>\n<p>Une circulation d\u2019air est indispensable pour \u00e9viter les probl\u00e8mes d\u2019humidit\u00e9 et de moisissures, car chaque jour, un \u00eatre humain d\u00e9gage en moyenne 1,5 litre d\u2019eau sous forme de vapeur, \u00e0 cela rajouter les vapeurs de salle de bain, de cuisine \u2026 d\u2019o\u00f9 la n\u00e9cessit\u00e9 de ventiler notre habitat qui devient de plus en plus isol\u00e9.<\/p>\n<p>La ventilation la plus simple et la plus connue, a\u00e9rer en ouvrant ses fen\u00eatres r\u00e9guli\u00e8rement. Syst\u00e8me tr\u00e8s naturel, il peut devenir plus complexe dans certaines situations : pollutions, bruits, manque de temps, pluie \u2026. Et ceci sans compter sur le chauffage que l\u2019on offre aux oiseaux.<\/p>\n<\/div>\n<\/div>\n<\/div>\n<\/div>\n<\/div>\n<\/div>\n<\/div>\n<div id=\"cmsms_row_69df1c61ede4d\" class=\"cmsms_row cmsms_color_scheme_default\">\n<div class=\"cmsms_row_outer_parent\">\n<div class=\"cmsms_row_outer\">\n<div class=\"cmsms_row_inner\">\n<div class=\"cmsms_row_margin\">\n<div class=\"cmsms_column one_first\">\n<h3 id=\"cmsms_heading_69df1c61edf8b\" class=\"cmsms_heading\">Quelle ventilation choisir ?<\/h3><div class=\"cmsms_text\">\n<p>Il existe diff\u00e9rents types de ventilations m\u00e9caniques, chacun avec ses avantages et inconv\u00e9nients. Si pour votre voisin une VMC double flux est la plus appropri\u00e9e, peut-\u00eatre qu\u2019une VMI ou une VMC hydror\u00e9glable sera plus conforme \u00e0 votre besoin. La localisation de votre maison, sa structure, son exposition, son isolation, votre mani\u00e8re de vous chauffer \u2026 de nombreux \u00e9l\u00e9ments rentrent en ligne de compte pour trouver <strong>VOTRE SOLUTION<\/strong>.<br \/>\nSeul un professionnel pourra vous aider \u00e0 d\u00e9terminer l\u2019appareil qui vous conviendra le mieux.<\/p>\n<p>N\u2019h\u00e9sitez pas \u00e0 nous contacter pour de plus amples informations; nos \u00e9quipes sauront vous \u00e9couter et vous conseillert<\/p>\n<\/div>\n<div class=\"cmsms_tabs tabs_mode_tab\">\n<ul class=\"cmsms_tabs_list\">\n<li id=\"cmsms_tabs_list_item_69df1c61ee015\" class=\"cmsms_tabs_list_item current_tab\">\n<a href=\"#\">\n<span>VMC simple-flux<\/span>\n<\/a>\n<\/li><li id=\"cmsms_tabs_list_item_69df1c61ee03b\" class=\"cmsms_tabs_list_item\">\n<a href=\"#\">\n<span>WMC hygro-r\u00e9glable<\/span>\n<\/a>\n<\/li><li id=\"cmsms_tabs_list_item_69df1c61ee071\" class=\"cmsms_tabs_list_item\">\n<a href=\"#\">\n<span>VMI<\/span>\n<\/a>\n<\/li><li id=\"cmsms_tabs_list_item_69df1c61ee099\" class=\"cmsms_tabs_list_item\">\n<a href=\"#\">\n<span>VMC double-flux<\/span>\n<\/a>\n<\/li><\/ul>\n<div class=\"cmsms_tabs_wrap\">\n<div id=\"cmsms_tab_69df1c61ee015\" class=\"cmsms_tab active_tab\">\n<div class=\"cmsms_tab_inner\">\n<p><strong>Le principe:<\/strong> extraire des pi\u00e8ces humides cuisine, salle de bain, WC, l\u2019air vici\u00e9 et le rejeter \u00e0 l\u2019ext\u00e9rieur. Ce syst\u00e8me fonctionne en permanence pour assurer le renouvellement de l\u2019air int\u00e9rieur, les polluants ainsi que la vapeur d\u2019eau en exc\u00e8s. Il est dot\u00e9 de deux vitesses, une pour l\u2019usage normal et la deuxi\u00e8me vitesse pour les \u00e9vacuations d\u2019humidit\u00e9 plus importantes, prise de douche, bain, cuisson.<\/p>\n<p><a href=\"http:\/\/welem.com\/enr\/wp-content\/uploads\/2015\/08\/PrincipeVMCSimpleFlux.jpg\" data-rel=\"lightbox-image-0\" data-rl_title=\"\" data-rl_caption=\"\" title=\"\"><img loading=\"lazy\" decoding=\"async\" class=\"size-medium wp-image-10826 alignright\" src=\"http:\/\/welem.com\/enr\/wp-content\/uploads\/2015\/08\/PrincipeVMCSimpleFlux-300x218.jpg\" alt=\"PrincipeVMCSimpleFlux\" width=\"300\" height=\"218\" srcset=\"https:\/\/welem.com\/enr\/wp-content\/uploads\/2015\/08\/PrincipeVMCSimpleFlux-300x218.jpg 300w, https:\/\/welem.com\/enr\/wp-content\/uploads\/2015\/08\/PrincipeVMCSimpleFlux.jpg 600w, https:\/\/welem.com\/enr\/wp-content\/uploads\/2015\/08\/PrincipeVMCSimpleFlux-580x421.jpg 580w\" sizes=\"auto, (max-width: 300px) 100vw, 300px\" \/><\/a><\/p>\n<p><strong>L\u2019inconv\u00e9nient<\/strong> avec ce syst\u00e8me est qu\u2019il reste manuel, \u00e0 charge de l\u2019habitant de moduler la vitesse en fonction du besoin et, de ne pas oublier de revenir \u00e0 la vitesse basse, car la facture d\u2019\u00e9lectricit\u00e9 et de chauffage pourrait bien en ressentir les effets.<\/p>\n<\/div>\n<\/div><div id=\"cmsms_tab_69df1c61ee03b\" class=\"cmsms_tab\">\n<div class=\"cmsms_tab_inner\">\n<p><strong>Le principe<\/strong>\u00a0d&rsquo;extraction est identique \u00e0 celui d&rsquo;une VMC simple flux classique, \u00e0 la diff\u00e9rence qu&rsquo;une VMC hygror\u00e9glable adapte le d\u00e9bit d&rsquo;air extrait en fonction du degr\u00e9 d\u2019humidit\u00e9.<\/p>\n<p>Deux configurations sont possibles\u00a0:<\/p>\n<ul>\n<li><strong>Les caissons hygror\u00e9glables: <\/strong>Un capteur d\u2019humidit\u00e9 g\u00e8re automatiquement le basculement entre petite et grande vitesse<strong>.<\/strong><\/li>\n<li><strong>Les bouches hygror\u00e9glables:<\/strong> Ce sont les bouches d\u2019extraction qui modulent le d\u00e9bit de ventilation en fonction de l\u2019hygrom\u00e9trie. Le d\u00e9bit varie en fonction du besoin r\u00e9el et permet donc des \u00e9conomies de chauffage. Elles peuvent \u00eatre passives ou motoris\u00e9es<\/li>\n<\/ul>\n<p><strong>Les avantages: <\/strong>Ce syst\u00e8me donne un confort r\u00e9el d\u2019utilisation par rapport \u00e0 une simple flux. Il permet des \u00e9conomies de chauffage et d\u2019\u00e9lectricit\u00e9. Mieux ventil\u00e9e, la maison reste plus saine et les d\u00e9sagr\u00e9ments li\u00e9s \u00e0 l\u2019humidit\u00e9 (moisissures et condensation) sont \u00e9limin\u00e9s.<\/p>\n<p><strong>L&rsquo;inconv\u00e9nient <\/strong>commun avec la VMC simple flux (mais dans une moindre mesure): en \u00e9vacuant l\u2019air vici\u00e9 et humide, on \u00e9vacue aussi les calories. De plus le taux de renouvellement d&rsquo;air descend parfois en dessous des 0,3 volume\/heure, ce qui g\u00e9n\u00e8re une qualit\u00e9 d&rsquo;air tr\u00e8s m\u00e9diocre par accumulations du CO2, et des COV (Compos\u00e9s Organique Volatiles).<\/p>\n<\/div>\n<\/div><div id=\"cmsms_tab_69df1c61ee071\" class=\"cmsms_tab\">\n<div class=\"cmsms_tab_inner\">\n<p><strong>Le principe:<\/strong> A l&rsquo;inverse de la VMC simple flux, pour r\u00e9g\u00e9n\u00e9rer l\u2019air int\u00e9rieur de votre maison, la VMI insuffle de l\u2019air filtr\u00e9 et pr\u00e9chauff\u00e9 dans l\u2019habitat via une \u00e0 deux bouches. L\u2019air vici\u00e9 est \u00e9vacu\u00e9 par les grilles de ventilation des pi\u00e8ces humides (cuisine, WC et salle de bains) et par les a\u00e9rations des menuiseries des pi\u00e8ces s\u00e8ches (salons, chambres, s\u00e9jour\u00a0\u2026). L\u2019appareil est install\u00e9 dans les combles o\u00f9 l\u2019air est plus sec et plus chaud qu\u2019\u00e0 l\u2019ext\u00e9rieur. Cet air est filtr\u00e9 et souffl\u00e9 dans le logement par un diffuseur au plafond. Le d\u00e9bit est \u00e9tabli suivant le volume du logement et command\u00e9 par les sondes int\u00e9gr\u00e9es. Son mode <strong>r\u00e9cup\u00e9ration de chaleur<\/strong> s&rsquo;enclenche automatiquement en fonction de la temp\u00e9rature des combles Plus il y a de l&rsquo;air chaud \u00e0 r\u00e9cup\u00e9rer, plus le d\u00e9bit augmente pour profiter de ce \u00ab\u00a0chauffage gratuit\u00a0\u00bb. Un arr\u00eat est programm\u00e9 au-dessus de 25\u00b0C, et \u00e0 basse temp\u00e9rature, l&rsquo;air est temp\u00e9r\u00e9 par un syst\u00e8me de pr\u00e9chauffage automatique progressif.<\/p>\n<p><a href=\"http:\/\/welem.com\/enr\/wp-content\/uploads\/2015\/08\/PrincipeVMI.jpg\" data-rel=\"lightbox-image-1\" data-rl_title=\"\" data-rl_caption=\"\" title=\"\"><img loading=\"lazy\" decoding=\"async\" class=\"size-medium wp-image-10827 alignright\" src=\"http:\/\/welem.com\/enr\/wp-content\/uploads\/2015\/08\/PrincipeVMI-300x279.jpg\" alt=\"PrincipeVMI\" width=\"300\" height=\"279\" srcset=\"https:\/\/welem.com\/enr\/wp-content\/uploads\/2015\/08\/PrincipeVMI-300x279.jpg 300w, https:\/\/welem.com\/enr\/wp-content\/uploads\/2015\/08\/PrincipeVMI.jpg 535w\" sizes=\"auto, (max-width: 300px) 100vw, 300px\" \/><\/a><\/p>\n<p><strong>Les avantages:<\/strong><\/p>\n<ul>\n<li>Pas de sentiments de pi\u00e8ces plus froides ou plus humides.<\/li>\n<li>Moins de chauffage donc moins de rejets de CO2 dans l\u2019atmosph\u00e8re.<\/li>\n<li>Maison bien ventil\u00e9e et avec un air \u00a0\u00ab\u00a0plus sec\u00a0\u00ab\u00a0, donc moins de probl\u00e8mes de moisissures ou de condensation.<\/li>\n<li>Filtration des polluants et des poussi\u00e8res.<\/li>\n<li>Plus d\u2019obligation d\u2019ouvrir les fen\u00eatres pour a\u00e9rer la maison. Le syst\u00e8me a pour fonction de renouveler enti\u00e8rement l\u2019air de la maison au moins toutes les heures et demi.<\/li>\n<\/ul>\n<\/div>\n<\/div><div id=\"cmsms_tab_69df1c61ee099\" class=\"cmsms_tab\">\n<div class=\"cmsms_tab_inner\">\n<p><strong>Le principe: <\/strong>La ventilation double flux est un syst\u00e8me de renouvellement d\u2019air des pi\u00e8ces int\u00e9rieures pour une meilleure hygi\u00e8ne, confort et bien-\u00eatre des habitants. Elle se compose d\u2019un boitier central \u00e9quip\u00e9 d\u2019un \u00e9changeur thermique et d\u2019un circuit de gaines distribuant toute les pi\u00e8ces de la maison. Le but,\u00a0 r\u00e9cup\u00e9rer les calories de l\u2019air vici\u00e9 pr\u00e9lev\u00e9 dans les pi\u00e8ces humides (cuisine, WC, salle de bain et chaufferie) pour les transmettre \u00e0 l\u2019air neuf entrant avant de le r\u00e9injecter dans les pi\u00e8ces de vie salon, salle \u00e0 manger, chambres. Les d\u00e9bits d\u2019air neuf sont\u00a0parfaitement adapt\u00e9s \u00e0 l\u2019hygi\u00e8ne des occupants. Plus besoin d\u2019ouvrir les fen\u00eatres pour a\u00e9rer la maison. Le syst\u00e8me s\u2019en charge. Quelque que soit l\u2019heure, le temps ou la saison, la ventilation double flux vous assure un air sain et hygi\u00e9nique \u00e0 tout moment.<\/p>\n<p><a href=\"http:\/\/welem.com\/enr\/wp-content\/uploads\/2015\/08\/PrincipeVMCDoubleFlux.jpg\" data-rel=\"lightbox-image-2\" data-rl_title=\"\" data-rl_caption=\"\" title=\"\"><img loading=\"lazy\" decoding=\"async\" class=\"size-medium wp-image-10828 alignright\" src=\"http:\/\/welem.com\/enr\/wp-content\/uploads\/2015\/08\/PrincipeVMCDoubleFlux-300x229.jpg\" alt=\"PrincipeVMCDoubleFlux\" width=\"300\" height=\"229\" srcset=\"https:\/\/welem.com\/enr\/wp-content\/uploads\/2015\/08\/PrincipeVMCDoubleFlux-300x229.jpg 300w, https:\/\/welem.com\/enr\/wp-content\/uploads\/2015\/08\/PrincipeVMCDoubleFlux.jpg 600w, https:\/\/welem.com\/enr\/wp-content\/uploads\/2015\/08\/PrincipeVMCDoubleFlux-580x442.jpg 580w\" sizes=\"auto, (max-width: 300px) 100vw, 300px\" \/><\/a><\/p>\n<p><strong>Les avantages:<\/strong><\/p>\n<ul>\n<li>Le syst\u00e8me r\u00e9cup\u00e8re jusqu\u2019\u00e0 93% de chaleur sur l\u2019air extrait, ce qui permet des \u00e9conomies de 20 \u00e0 30% sur les factures de chauffage.<\/li>\n<li>Moins de chauffage donc moins de rejets de CO2 dans l\u2019atmosph\u00e8re<\/li>\n<li>Fonctionnement automatique permanent et silencieux de jour comme de nuit<\/li>\n<li><strong>L\u2019oxyg\u00e9nation optimale favorise le bien \u00eatre, le sommeil et la concentration<\/strong><\/li>\n<li>La concentration de CO2 est inf\u00e9rieure au seuil maximum de tol\u00e9rance de 1000ppm(limite fix\u00e9e par Pettenkofer).<\/li>\n<li>Le syst\u00e8me est muni d\u2019un filtre \u00e0 pollens et poussi\u00e8res fines. Une bonne pr\u00e9vention contre le rhume des foins\u00a0\u2026<\/li>\n<li>Pr\u00e9vention des moisissures, cette ventilation permanente prot\u00e8ge votre maison ou b\u00e2timent des d\u00e9g\u00e2ts li\u00e9s \u00e0 l\u2019humidit\u00e9.<\/li>\n<li>Peut \u00eatre coupl\u00e9 \u00e0 un puits canadien pour augmenter encore la performance thermique du syst\u00e8me.<\/li>\n<li>Particuli\u00e8rement adapt\u00e9 aux maisons avec une bonne \u00e9tanch\u00e9it\u00e9 \u00e0 l&rsquo;air et une forte isolation, type BBC ou passive haus.<\/li>\n<\/ul>\n<p>En savoir plus sur la r\u00e9cup\u00e9ration d&rsquo;\u00e9nergie avec <a href=\"\/enr?page_id=5914\">Ventilation double-flux&#8230;<\/a><\/p>\n<\/div>\n<\/div><\/div>\n<\/div>\n<\/div>\n<\/div>\n<\/div>\n<\/div>\n<\/div>\n<\/div>\n\n","protected":false},"excerpt":{"rendered":"","protected":false},"author":75,"featured_media":0,"parent":0,"menu_order":44,"comment_status":"closed","ping_status":"closed","template":"","meta":{"footnotes":""},"class_list":["post-5901","page","type-page","status-publish","hentry"],"yoast_head":"<!-- This site is optimized with the Yoast SEO plugin v27.4 - https:\/\/yoast.com\/product\/yoast-seo-wordpress\/ -->\n<title>Bien choisir ma VMC - WELEM<\/title>\n<meta name=\"robots\" content=\"index, follow, max-snippet:-1, max-image-preview:large, max-video-preview:-1\" \/>\n<link rel=\"canonical\" href=\"https:\/\/welem.com\/enr\/bien-choisir-ma-vmc\/\" \/>\n<meta property=\"og:locale\" content=\"fr_FR\" \/>\n<meta property=\"og:type\" content=\"article\" \/>\n<meta property=\"og:title\" content=\"Bien choisir ma VMC - WELEM\" \/>\n<meta property=\"og:url\" content=\"https:\/\/welem.com\/enr\/bien-choisir-ma-vmc\/\" \/>\n<meta property=\"og:site_name\" content=\"WELEM\" \/>\n<meta property=\"article:publisher\" content=\"https:\/\/www.facebook.com\/WELEM-105304956191421\" \/>\n<meta property=\"article:modified_time\" content=\"2023-12-22T20:45:42+00:00\" \/>\n<meta property=\"og:image\" content=\"http:\/\/welem.com\/enr\/wp-content\/uploads\/2015\/08\/PrincipeVMCSimpleFlux-300x218.jpg\" \/>\n<meta name=\"twitter:card\" content=\"summary_large_image\" \/>\n<meta name=\"twitter:site\" content=\"@societewelem\" \/>\n<meta name=\"twitter:label1\" content=\"Dur\u00e9e de lecture estim\u00e9e\" \/>\n\t<meta name=\"twitter:data1\" content=\"7 minutes\" \/>\n<script type=\"application\/ld+json\" class=\"yoast-schema-graph\">{\"@context\":\"https:\\\/\\\/schema.org\",\"@graph\":[{\"@type\":\"WebPage\",\"@id\":\"https:\\\/\\\/welem.com\\\/enr\\\/bien-choisir-ma-vmc\\\/\",\"url\":\"https:\\\/\\\/welem.com\\\/enr\\\/bien-choisir-ma-vmc\\\/\",\"name\":\"Bien choisir ma VMC - WELEM\",\"isPartOf\":{\"@id\":\"https:\\\/\\\/welem.com\\\/enr\\\/#website\"},\"primaryImageOfPage\":{\"@id\":\"https:\\\/\\\/welem.com\\\/enr\\\/bien-choisir-ma-vmc\\\/#primaryimage\"},\"image\":{\"@id\":\"https:\\\/\\\/welem.com\\\/enr\\\/bien-choisir-ma-vmc\\\/#primaryimage\"},\"thumbnailUrl\":\"http:\\\/\\\/welem.com\\\/enr\\\/wp-content\\\/uploads\\\/2015\\\/08\\\/PrincipeVMCSimpleFlux-300x218.jpg\",\"datePublished\":\"2015-08-31T10:14:40+00:00\",\"dateModified\":\"2023-12-22T20:45:42+00:00\",\"breadcrumb\":{\"@id\":\"https:\\\/\\\/welem.com\\\/enr\\\/bien-choisir-ma-vmc\\\/#breadcrumb\"},\"inLanguage\":\"fr-FR\",\"potentialAction\":[{\"@type\":\"ReadAction\",\"target\":[\"https:\\\/\\\/welem.com\\\/enr\\\/bien-choisir-ma-vmc\\\/\"]}]},{\"@type\":\"ImageObject\",\"inLanguage\":\"fr-FR\",\"@id\":\"https:\\\/\\\/welem.com\\\/enr\\\/bien-choisir-ma-vmc\\\/#primaryimage\",\"url\":\"https:\\\/\\\/welem.com\\\/enr\\\/wp-content\\\/uploads\\\/2015\\\/08\\\/PrincipeVMCSimpleFlux.jpg\",\"contentUrl\":\"https:\\\/\\\/welem.com\\\/enr\\\/wp-content\\\/uploads\\\/2015\\\/08\\\/PrincipeVMCSimpleFlux.jpg\",\"width\":600,\"height\":435},{\"@type\":\"BreadcrumbList\",\"@id\":\"https:\\\/\\\/welem.com\\\/enr\\\/bien-choisir-ma-vmc\\\/#breadcrumb\",\"itemListElement\":[{\"@type\":\"ListItem\",\"position\":1,\"name\":\"Accueil\",\"item\":\"https:\\\/\\\/welem.com\\\/enr\\\/\"},{\"@type\":\"ListItem\",\"position\":2,\"name\":\"Bien choisir ma VMC\"}]},{\"@type\":\"WebSite\",\"@id\":\"https:\\\/\\\/welem.com\\\/enr\\\/#website\",\"url\":\"https:\\\/\\\/welem.com\\\/enr\\\/\",\"name\":\"WELEM - L'\u00e9nergie autrement\",\"description\":\"La r\u00e9novation \u00e9nerg\u00e9tique globale\",\"publisher\":{\"@id\":\"https:\\\/\\\/welem.com\\\/enr\\\/#organization\"},\"potentialAction\":[{\"@type\":\"SearchAction\",\"target\":{\"@type\":\"EntryPoint\",\"urlTemplate\":\"https:\\\/\\\/welem.com\\\/enr\\\/?s={search_term_string}\"},\"query-input\":{\"@type\":\"PropertyValueSpecification\",\"valueRequired\":true,\"valueName\":\"search_term_string\"}}],\"inLanguage\":\"fr-FR\"},{\"@type\":\"Organization\",\"@id\":\"https:\\\/\\\/welem.com\\\/enr\\\/#organization\",\"name\":\"WELEM\",\"url\":\"https:\\\/\\\/welem.com\\\/enr\\\/\",\"logo\":{\"@type\":\"ImageObject\",\"inLanguage\":\"fr-FR\",\"@id\":\"https:\\\/\\\/welem.com\\\/enr\\\/#\\\/schema\\\/logo\\\/image\\\/\",\"url\":\"https:\\\/\\\/welem.com\\\/enr\\\/wp-content\\\/uploads\\\/logoWelemRetina.png\",\"contentUrl\":\"https:\\\/\\\/welem.com\\\/enr\\\/wp-content\\\/uploads\\\/logoWelemRetina.png\",\"width\":900,\"height\":311,\"caption\":\"WELEM\"},\"image\":{\"@id\":\"https:\\\/\\\/welem.com\\\/enr\\\/#\\\/schema\\\/logo\\\/image\\\/\"},\"sameAs\":[\"https:\\\/\\\/www.facebook.com\\\/WELEM-105304956191421\",\"https:\\\/\\\/x.com\\\/societewelem\",\"https:\\\/\\\/www.youtube.com\\\/channel\\\/UCx7WBxMNWO_SgykAVYK0xzQ\"]}]}<\/script>\n<!-- \/ Yoast SEO plugin. -->","yoast_head_json":{"title":"Bien choisir ma VMC - WELEM","robots":{"index":"index","follow":"follow","max-snippet":"max-snippet:-1","max-image-preview":"max-image-preview:large","max-video-preview":"max-video-preview:-1"},"canonical":"https:\/\/welem.com\/enr\/bien-choisir-ma-vmc\/","og_locale":"fr_FR","og_type":"article","og_title":"Bien choisir ma VMC - WELEM","og_url":"https:\/\/welem.com\/enr\/bien-choisir-ma-vmc\/","og_site_name":"WELEM","article_publisher":"https:\/\/www.facebook.com\/WELEM-105304956191421","article_modified_time":"2023-12-22T20:45:42+00:00","og_image":[{"url":"http:\/\/welem.com\/enr\/wp-content\/uploads\/2015\/08\/PrincipeVMCSimpleFlux-300x218.jpg","type":"","width":"","height":""}],"twitter_card":"summary_large_image","twitter_site":"@societewelem","twitter_misc":{"Dur\u00e9e de lecture estim\u00e9e":"7 minutes"},"schema":{"@context":"https:\/\/schema.org","@graph":[{"@type":"WebPage","@id":"https:\/\/welem.com\/enr\/bien-choisir-ma-vmc\/","url":"https:\/\/welem.com\/enr\/bien-choisir-ma-vmc\/","name":"Bien choisir ma VMC - WELEM","isPartOf":{"@id":"https:\/\/welem.com\/enr\/#website"},"primaryImageOfPage":{"@id":"https:\/\/welem.com\/enr\/bien-choisir-ma-vmc\/#primaryimage"},"image":{"@id":"https:\/\/welem.com\/enr\/bien-choisir-ma-vmc\/#primaryimage"},"thumbnailUrl":"http:\/\/welem.com\/enr\/wp-content\/uploads\/2015\/08\/PrincipeVMCSimpleFlux-300x218.jpg","datePublished":"2015-08-31T10:14:40+00:00","dateModified":"2023-12-22T20:45:42+00:00","breadcrumb":{"@id":"https:\/\/welem.com\/enr\/bien-choisir-ma-vmc\/#breadcrumb"},"inLanguage":"fr-FR","potentialAction":[{"@type":"ReadAction","target":["https:\/\/welem.com\/enr\/bien-choisir-ma-vmc\/"]}]},{"@type":"ImageObject","inLanguage":"fr-FR","@id":"https:\/\/welem.com\/enr\/bien-choisir-ma-vmc\/#primaryimage","url":"https:\/\/welem.com\/enr\/wp-content\/uploads\/2015\/08\/PrincipeVMCSimpleFlux.jpg","contentUrl":"https:\/\/welem.com\/enr\/wp-content\/uploads\/2015\/08\/PrincipeVMCSimpleFlux.jpg","width":600,"height":435},{"@type":"BreadcrumbList","@id":"https:\/\/welem.com\/enr\/bien-choisir-ma-vmc\/#breadcrumb","itemListElement":[{"@type":"ListItem","position":1,"name":"Accueil","item":"https:\/\/welem.com\/enr\/"},{"@type":"ListItem","position":2,"name":"Bien choisir ma VMC"}]},{"@type":"WebSite","@id":"https:\/\/welem.com\/enr\/#website","url":"https:\/\/welem.com\/enr\/","name":"WELEM - L'\u00e9nergie autrement","description":"La r\u00e9novation \u00e9nerg\u00e9tique globale","publisher":{"@id":"https:\/\/welem.com\/enr\/#organization"},"potentialAction":[{"@type":"SearchAction","target":{"@type":"EntryPoint","urlTemplate":"https:\/\/welem.com\/enr\/?s={search_term_string}"},"query-input":{"@type":"PropertyValueSpecification","valueRequired":true,"valueName":"search_term_string"}}],"inLanguage":"fr-FR"},{"@type":"Organization","@id":"https:\/\/welem.com\/enr\/#organization","name":"WELEM","url":"https:\/\/welem.com\/enr\/","logo":{"@type":"ImageObject","inLanguage":"fr-FR","@id":"https:\/\/welem.com\/enr\/#\/schema\/logo\/image\/","url":"https:\/\/welem.com\/enr\/wp-content\/uploads\/logoWelemRetina.png","contentUrl":"https:\/\/welem.com\/enr\/wp-content\/uploads\/logoWelemRetina.png","width":900,"height":311,"caption":"WELEM"},"image":{"@id":"https:\/\/welem.com\/enr\/#\/schema\/logo\/image\/"},"sameAs":["https:\/\/www.facebook.com\/WELEM-105304956191421","https:\/\/x.com\/societewelem","https:\/\/www.youtube.com\/channel\/UCx7WBxMNWO_SgykAVYK0xzQ"]}]}},"_links":{"self":[{"href":"https:\/\/welem.com\/enr\/wp-json\/wp\/v2\/pages\/5901","targetHints":{"allow":["GET"]}}],"collection":[{"href":"https:\/\/welem.com\/enr\/wp-json\/wp\/v2\/pages"}],"about":[{"href":"https:\/\/welem.com\/enr\/wp-json\/wp\/v2\/types\/page"}],"author":[{"embeddable":true,"href":"https:\/\/welem.com\/enr\/wp-json\/wp\/v2\/users\/75"}],"replies":[{"embeddable":true,"href":"https:\/\/welem.com\/enr\/wp-json\/wp\/v2\/comments?post=5901"}],"version-history":[{"count":0,"href":"https:\/\/welem.com\/enr\/wp-json\/wp\/v2\/pages\/5901\/revisions"}],"wp:attachment":[{"href":"https:\/\/welem.com\/enr\/wp-json\/wp\/v2\/media?parent=5901"}],"curies":[{"name":"wp","href":"https:\/\/api.w.org\/{rel}","templated":true}]}}