{"id":5945,"date":"2015-08-31T16:01:58","date_gmt":"2015-08-31T14:01:58","guid":{"rendered":"http:\/\/welem.com\/enr\/?page_id=5945"},"modified":"2025-01-26T11:25:21","modified_gmt":"2025-01-26T10:25:21","slug":"bien-utiliser-mon-poele","status":"publish","type":"page","link":"https:\/\/welem.com\/enr\/bien-utiliser-mon-poele\/","title":{"rendered":"Bien utiliser mon po\u00eale"},"content":{"rendered":"<style type=\"text\/css\"> \n#cmsms_row_6a0201437835d .cmsms_row_outer_parent { \n\tpadding-top: 0px; \n} \n\n#cmsms_row_6a0201437835d .cmsms_row_outer_parent { \n\tpadding-bottom: 30px; \n} \n\n \n#cmsms_heading_6a02014378437, #cmsms_heading_6a02014378437 a { \n\tfont-weight:400; \n\tfont-style:normal; \n\tmargin-top:0px; \n\tmargin-bottom:20px; \n} \n \n#cmsms_row_6a0201437853f .cmsms_row_outer_parent { \n\tpadding-top: 0px; \n} \n\n#cmsms_row_6a0201437853f .cmsms_row_outer_parent { \n\tpadding-bottom: 30px; \n} \n\n \n#cmsms_heading_6a020143785bf, #cmsms_heading_6a020143785bf a { \n\tfont-weight:400; \n\tfont-style:normal; \n\tmargin-top:0px; \n\tmargin-bottom:20px; \n} \n \n#cmsms_row_6a020143785fe .cmsms_row_outer_parent { \n\tpadding-top: 0px; \n} \n\n#cmsms_row_6a020143785fe .cmsms_row_outer_parent { \n\tpadding-bottom: 30px; \n} \n\n \n#cmsms_heading_6a0201437864c, #cmsms_heading_6a0201437864c a { \n\tfont-weight:400; \n\tfont-style:normal; \n\tmargin-top:0px; \n\tmargin-bottom:20px; \n} \n \n#cmsms_row_6a02014378668 .cmsms_row_outer_parent { \n\tpadding-top: 0px; \n} \n\n#cmsms_row_6a02014378668 .cmsms_row_outer_parent { \n\tpadding-bottom: 0px; \n} \n\n \n#cmsms_heading_6a020143786e2, #cmsms_heading_6a020143786e2 a { \n\tfont-weight:400; \n\tfont-style:normal; \n\tmargin-top:0px; \n\tmargin-bottom:20px; \n} \n \n#cmsms_row_6a0201437871f .cmsms_row_outer_parent { \n\tpadding-top: 0px; \n} \n\n#cmsms_row_6a0201437871f .cmsms_row_outer_parent { \n\tpadding-bottom: 0px; \n} \n\n \n#cmsms_heading_6a020143787b6, #cmsms_heading_6a020143787b6 a { \n\tfont-weight:400; \n\tfont-style:normal; \n\tmargin-top:0px; \n\tmargin-bottom:20px; \n} \n \n#cmsms_heading_6a02014388165, #cmsms_heading_6a02014388165 a { \n\tfont-weight:400; \n\tfont-style:normal; \n\tmargin-top:0px; \n\tmargin-bottom:20px; \n} \n \n#cmsms_row_6a02014399f8c .cmsms_row_outer_parent { \n\tpadding-top: 0px; \n} \n\n#cmsms_row_6a02014399f8c .cmsms_row_outer_parent { \n\tpadding-bottom: 30px; \n} \n\n \n#cmsms_heading_6a0201439a017, #cmsms_heading_6a0201439a017 a { \n\tfont-weight:400; \n\tfont-style:normal; \n\tmargin-top:0px; \n\tmargin-bottom:20px; \n} \n \n#cmsms_heading_6a020143ac64c, #cmsms_heading_6a020143ac64c a { \n\tfont-weight:400; \n\tfont-style:normal; \n\tmargin-top:0px; \n\tmargin-bottom:20px; \n} \n \n#cmsms_row_6a020143b8d25 .cmsms_row_outer_parent { \n\tpadding-top: 0px; \n} \n\n#cmsms_row_6a020143b8d25 .cmsms_row_outer_parent { \n\tpadding-bottom: 30px; \n} \n\n \n#cmsms_heading_6a020143b8d97, #cmsms_heading_6a020143b8d97 a { \n\tfont-weight:400; \n\tfont-style:normal; \n\tmargin-top:0px; \n\tmargin-bottom:20px; \n} \n \n#cmsms_row_6a020143b8dc7 .cmsms_row_outer_parent { \n\tpadding-top: 0px; \n} \n\n#cmsms_row_6a020143b8dc7 .cmsms_row_outer_parent { \n\tpadding-bottom: 50px; \n} \n\n \n#cmsms_heading_6a020143b8e1a, #cmsms_heading_6a020143b8e1a a { \n\tfont-weight:400; \n\tfont-style:normal; \n\tmargin-top:0px; \n\tmargin-bottom:20px; \n} \n<\/style><div id=\"cmsms_row_6a0201437835d\" class=\"cmsms_row cmsms_color_scheme_default\">\n<div class=\"cmsms_row_outer_parent\">\n<div class=\"cmsms_row_outer\">\n<div class=\"cmsms_row_inner\">\n<div class=\"cmsms_row_margin\">\n<div class=\"cmsms_column one_first\">\n<h3 id=\"cmsms_heading_6a02014378437\" class=\"cmsms_heading\">Bien choisir son po\u00eale<\/h3><div class=\"cmsms_text\">\n<p><a href=\"http:\/\/welem.com\/enr\/wp-content\/uploads\/2015\/09\/ShowroomSalle1Welem.jpg\" data-rel=\"lightbox-image-0\" data-rl_title=\"\" data-rl_caption=\"\" title=\"\"><img loading=\"lazy\" decoding=\"async\" class=\"size-medium wp-image-10745 alignleft\" src=\"http:\/\/welem.com\/enr\/wp-content\/uploads\/2015\/09\/ShowroomSalle1Welem-300x169.jpg\" alt=\"ShowroomSalle1Welem\" width=\"300\" height=\"169\" srcset=\"https:\/\/welem.com\/enr\/wp-content\/uploads\/2015\/09\/ShowroomSalle1Welem-300x169.jpg 300w, https:\/\/welem.com\/enr\/wp-content\/uploads\/2015\/09\/ShowroomSalle1Welem-600x338.jpg 600w, https:\/\/welem.com\/enr\/wp-content\/uploads\/2015\/09\/ShowroomSalle1Welem-580x326.jpg 580w, https:\/\/welem.com\/enr\/wp-content\/uploads\/2015\/09\/ShowroomSalle1Welem.jpg 640w\" sizes=\"auto, (max-width: 300px) 100vw, 300px\" \/><\/a>Prendre un po\u00eale avec une puissance adapt\u00e9e au volume \u00e0 chauffer: l&rsquo;ordre de grandeur \u00e0 retenir pour une habitation traditionnelle, correctement isol\u00e9e est de 1kW pour 10m\u00b2. Pour une habitation type BBC, ce ratio peut descendre \u00e0 1kW pour 20m\u00b2. Cependant, ce calcul est approximatif, car il ne tient pas compte du rendement du po\u00eale et des performances thermiques r\u00e9elles de la maison.<\/p>\n<p>Cot\u00e9 confort d&rsquo;utilisation, l\u2019autonomie du corps de chauffe est importante car elle d\u00e9termine le temps de chauffe que peut procurer le po\u00eale \u00e0 chaque charge de bois.<\/p>\n<\/div>\n<\/div>\n<\/div>\n<\/div>\n<\/div>\n<\/div>\n<\/div>\n<div id=\"cmsms_row_6a0201437853f\" class=\"cmsms_row cmsms_color_scheme_default\">\n<div class=\"cmsms_row_outer_parent\">\n<div class=\"cmsms_row_outer\">\n<div class=\"cmsms_row_inner\">\n<div class=\"cmsms_row_margin\">\n<div class=\"cmsms_column one_first\">\n<h3 id=\"cmsms_heading_6a020143785bf\" class=\"cmsms_heading\">S\u00e9curiser le fonctionnement du po\u00eale<\/h3><div class=\"cmsms_text\">\n<p><a href=\"http:\/\/welem.com\/enr\/wp-content\/uploads\/2015\/08\/SecurisePoele.jpg\" data-rel=\"lightbox-image-1\" data-rl_title=\"\" data-rl_caption=\"\" title=\"\"><img loading=\"lazy\" decoding=\"async\" class=\"size-full wp-image-10832 alignright\" src=\"http:\/\/welem.com\/enr\/wp-content\/uploads\/2015\/08\/SecurisePoele.jpg\" alt=\"SecurisePoele\" width=\"150\" height=\"150\" srcset=\"https:\/\/welem.com\/enr\/wp-content\/uploads\/2015\/08\/SecurisePoele.jpg 150w, https:\/\/welem.com\/enr\/wp-content\/uploads\/2015\/08\/SecurisePoele-100x100.jpg 100w, https:\/\/welem.com\/enr\/wp-content\/uploads\/2015\/08\/SecurisePoele-55x55.jpg 55w\" sizes=\"auto, (max-width: 150px) 100vw, 150px\" \/><\/a><\/p>\n<ul>\n<li>Les objets et mati\u00e8res inflammables doivent \u00eatre gard\u00e9s \u00e0 bonne distance du po\u00eale.<\/li>\n<li>Les\u00a0enfants doivent \u00eatre avertis que le po\u00eale devient tr\u00e8s chaud et qu\u2019ils ne doivent pas y toucher.<\/li>\n<li>Eviter de d&rsquo;installer un po\u00eale dans une pi\u00e8ce \u00e0 forte circulation ou exigue (couloirs par exemple).<\/li>\n<li>Ne pas laisser les portes du po\u00eale ou de l&rsquo;insert ouvertes pendant le fonctionnement, ceci pour \u00e9viter les projections d&rsquo;\u00e9tincelles.<\/li>\n<li>Suivant le type de po\u00eale, utiliser exclusivement du bois sec ou du granul\u00e9s de bois comme combustible, \u00e0 l&rsquo;exclusion de tout autre combustible ou mati\u00e8re inflamable: votre po\u00eale n&rsquo;est pas un incin\u00e9rateur.<\/li>\n<li>Ne pas utiliser l&rsquo;appareil en cas de vitre cass\u00e9e.<\/li>\n<li>Pour les premiers allumages, les feux doivent \u00eatre l\u00e8gers, mod\u00e9r\u00e9s, cesi dans le but d&rsquo;\u00e9viter les chocs thermiques qui peuvent fissurer les parties en fonte.<\/li>\n<li>Pour les po\u00eales \u00e0 b\u00fbche, allumer lentement (petit bois ou allume feu), jamais de produits volatiles, alcool \u00e0 br\u00fbler, essence, solvants car il y a risque d&rsquo;explosion<\/li>\n<li>Si un feu de chemin\u00e9e se d\u00e9clare, dans un premier temps, fermer le porte de rechargement, puis dans un deuxi\u00e8me temps l\u2019arriv\u00e9e d\u2019air primaire et secondaire, enfin communiquer imm\u00e9diatement avec les autorit\u00e9s locales incendie (composez le 18 depuis votre t\u00e9l\u00e9phone).<\/li>\n<\/ul>\n<\/div>\n<\/div>\n<\/div>\n<\/div>\n<\/div>\n<\/div>\n<\/div>\n<div id=\"cmsms_row_6a020143785fe\" class=\"cmsms_row cmsms_color_scheme_default\">\n<div class=\"cmsms_row_outer_parent\">\n<div class=\"cmsms_row_outer\">\n<div class=\"cmsms_row_inner\">\n<div class=\"cmsms_row_margin\">\n<div class=\"cmsms_column one_first\">\n<h3 id=\"cmsms_heading_6a0201437864c\" class=\"cmsms_heading\">Optimiser le fonctionnement d&rsquo;un po\u00eale \u00e0 granul\u00e9s<\/h3><div class=\"cmsms_text\">\n<p>Utilisez un granul\u00e9 de qualit\u00e9 DIN+, NF ou EN+, ce qui garanti un taux de poussi\u00e8res faible, et un rendement calorifique \u00e9lev\u00e9 sup\u00e9rieur \u00e0 4,5kWh\/kg.<\/p>\n<\/div>\n<\/div>\n<\/div>\n<\/div>\n<\/div>\n<\/div>\n<\/div>\n<div id=\"cmsms_row_6a02014378668\" class=\"cmsms_row cmsms_color_scheme_default\">\n<div class=\"cmsms_row_outer_parent\">\n<div class=\"cmsms_row_outer\">\n<div class=\"cmsms_row_inner\">\n<div class=\"cmsms_row_margin\">\n<div class=\"cmsms_column one_first\">\n<h3 id=\"cmsms_heading_6a020143786e2\" class=\"cmsms_heading\">Optimiser le fonctionnement d&rsquo;un po\u00eale \u00e0 b\u00fbches<\/h3><div class=\"cmsms_text\">\n<p>Utilisez un bois sec \u00e0 10% d\u2019humidit\u00e9 pour \u00e9viter le goudronnage. Un degr\u00e9 d\u2019humidit\u00e9 sup\u00e9rieur r\u00e9duit fortement le rendement thermique (Bois sec(anhydre):3,6kWh\/kg, Bois humide: 1,9kWh\/kg).<\/p>\n<table cellspacing=\"5\">\n<tbody>\n<tr>\n<th scope=\"col\">Temps de s\u00e9chage<\/th>\n<th scope=\"col\">Humidit\u00e9 quartiers<\/th>\n<th scope=\"col\">Humidit\u00e9 rondins<\/th>\n<\/tr>\n<tr>\n<td>Direct coupe<\/td>\n<td>75%<\/td>\n<td>78%<\/td>\n<\/tr>\n<tr>\n<td>6 mois<\/td>\n<td>37%<\/td>\n<td>46%<\/td>\n<\/tr>\n<tr>\n<td>1 an<\/td>\n<td>36%<\/td>\n<td>35%<\/td>\n<\/tr>\n<tr>\n<td>2 ans<\/td>\n<td>16%<\/td>\n<td>24%<\/td>\n<\/tr>\n<\/tbody>\n<\/table>\n<p>Merci \u00e0 la cha\u00eene \u00ab\u00a0<a href=\"https:\/\/www.youtube.com\/@DestinationBonheur\" target=\"_blank\" rel=\"noopener\">Destination Bonheur<\/a>\u00a0\u00bb pour ses conseils avis\u00e9s sur les bonnes pratiques en mati\u00e8re de chauffage aux b\u00fbches de bois que nous vous pr\u00e9sentons ci-dessous.<\/p>\n<\/div>\n<\/div>\n<\/div>\n<\/div>\n<\/div>\n<\/div>\n<\/div>\n<div id=\"cmsms_row_6a0201437871f\" class=\"cmsms_row cmsms_color_scheme_default\">\n<div class=\"cmsms_row_outer_parent\">\n<div class=\"cmsms_row_outer\">\n<div class=\"cmsms_row_inner\">\n<div class=\"cmsms_row_margin\">\n<div class=\"cmsms_column one_half\">\n<h3 id=\"cmsms_heading_6a020143787b6\" class=\"cmsms_heading\">Allumage du feu facile<\/h3>\n<div id=\"cmsms_video_wrap_6a020143880b5\" class=\"cmsms_video_wrap\">\n<iframe loading=\"lazy\" title=\"\ud83d\udd25\ud83d\ude00ALLUMAGE DU FEU FACILE\ud83d\udd25\ud83d\ude00\" width=\"1160\" height=\"653\" src=\"https:\/\/www.youtube.com\/embed\/189QsAmnK28?feature=oembed\" frameborder=\"0\" allow=\"accelerometer; autoplay; clipboard-write; encrypted-media; gyroscope; picture-in-picture; web-share\" referrerpolicy=\"strict-origin-when-cross-origin\" allowfullscreen><\/iframe>\n<\/div>\n<\/div>\n<div class=\"cmsms_column one_half\">\n<h3 id=\"cmsms_heading_6a02014388165\" class=\"cmsms_heading\">Optimiser le feu<\/h3>\n<div id=\"cmsms_video_wrap_6a02014399f29\" class=\"cmsms_video_wrap\">\n<iframe loading=\"lazy\" title=\"\ud83d\udd25\ud83d\ude005 CL\u00c9S POUR OPTIMISER LE CHAUFFAGE AU BOIS\ud83d\udd25\ud83d\ude00\" width=\"1160\" height=\"653\" src=\"https:\/\/www.youtube.com\/embed\/B5vAn2uE5rM?feature=oembed\" frameborder=\"0\" allow=\"accelerometer; autoplay; clipboard-write; encrypted-media; gyroscope; picture-in-picture; web-share\" referrerpolicy=\"strict-origin-when-cross-origin\" allowfullscreen><\/iframe>\n<\/div>\n<\/div>\n<\/div>\n<\/div>\n<\/div>\n<\/div>\n<\/div>\n<div id=\"cmsms_row_6a02014399f8c\" class=\"cmsms_row cmsms_color_scheme_default\">\n<div class=\"cmsms_row_outer_parent\">\n<div class=\"cmsms_row_outer\">\n<div class=\"cmsms_row_inner\">\n<div class=\"cmsms_row_margin\">\n<div class=\"cmsms_column one_half\">\n<h3 id=\"cmsms_heading_6a0201439a017\" class=\"cmsms_heading\">Allume-feu gratuit<\/h3>\n<div id=\"cmsms_video_wrap_6a020143ac5c6\" class=\"cmsms_video_wrap\">\n<iframe loading=\"lazy\" title=\"\ud83d\udd25\ud83d\udc4d\ud83d\ude03ALLUME-FEUX GRATUITS ET EFFICACES\ud83d\udd25\ud83d\udc4d\ud83d\ude03\" width=\"1160\" height=\"653\" src=\"https:\/\/www.youtube.com\/embed\/7iSMUiRAPTk?feature=oembed\" frameborder=\"0\" allow=\"accelerometer; autoplay; clipboard-write; encrypted-media; gyroscope; picture-in-picture; web-share\" referrerpolicy=\"strict-origin-when-cross-origin\" allowfullscreen><\/iframe>\n<\/div>\n<\/div>\n<div class=\"cmsms_column one_half\">\n<h3 id=\"cmsms_heading_6a020143ac64c\" class=\"cmsms_heading\">Stocker le bois<\/h3>\n<div id=\"cmsms_video_wrap_6a020143b8cd2\" class=\"cmsms_video_wrap\">\n<iframe loading=\"lazy\" title=\"\ud83d\ude00\ud83d\udd2510 ASTUCES POUR LE STOCKAGE DU BOIS\ud83d\ude00\ud83d\udd25\" width=\"1160\" height=\"653\" src=\"https:\/\/www.youtube.com\/embed\/F10SbWxDLQk?feature=oembed\" frameborder=\"0\" allow=\"accelerometer; autoplay; clipboard-write; encrypted-media; gyroscope; picture-in-picture; web-share\" referrerpolicy=\"strict-origin-when-cross-origin\" allowfullscreen><\/iframe>\n<\/div>\n<\/div>\n<\/div>\n<\/div>\n<\/div>\n<\/div>\n<\/div>\n<div id=\"cmsms_row_6a020143b8d25\" class=\"cmsms_row cmsms_color_scheme_default\">\n<div class=\"cmsms_row_outer_parent\">\n<div class=\"cmsms_row_outer\">\n<div class=\"cmsms_row_inner\">\n<div class=\"cmsms_row_margin\">\n<div class=\"cmsms_column one_first\">\n<h3 id=\"cmsms_heading_6a020143b8d97\" class=\"cmsms_heading\">Allure r\u00e9duite \u00e0 \u00e9viter<\/h3><div class=\"cmsms_text\">\n<p>Pendant les p\u00e9riodes de redoux, l&rsquo;utilisateur est tent\u00e9 de faire fonctionner son po\u00eale au ralenti. Cette m\u00e9thode provoque l&rsquo;accumulation d&rsquo;imbrul\u00e9s dans l&rsquo;exutoire et le conduit de fum\u00e9e. A la longue cela peut provoquer des feux de chemin\u00e9es. Nous vous conseillons donc d&rsquo;\u00e9viter les allures de feu ralenties et de chauffer en allure maximum au moins deux fois par jour pendant 10 minutes.<\/p>\n<\/div>\n<\/div>\n<\/div>\n<\/div>\n<\/div>\n<\/div>\n<\/div>\n<div id=\"cmsms_row_6a020143b8dc7\" class=\"cmsms_row cmsms_color_scheme_default\">\n<div class=\"cmsms_row_outer_parent\">\n<div class=\"cmsms_row_outer\">\n<div class=\"cmsms_row_inner\">\n<div class=\"cmsms_row_margin\">\n<div class=\"cmsms_column one_first\">\n<h3 id=\"cmsms_heading_6a020143b8e1a\" class=\"cmsms_heading\">Ramonage obligatoire<\/h3><div class=\"cmsms_text\">\n<p>Le r\u00e8glement sanitaire d\u00e9partemental type exige deux ramonages par an, dont un pendant la p\u00e9riode d&rsquo;utilisation. A chaque fois, faire \u00e9tablir un certificat de ramonage par une entreprise agr\u00e9\u00e9e (<a href=\"\/enr?page_id=2003\">Prendre rendez-vous en ligne pour un ramonage<\/a>). Un po\u00eale et un conduit de fum\u00e9e ramon\u00e9s r\u00e9guli\u00e8rement constituent un syst\u00e8me de chauffage avec un meilleur rendement.<\/p>\n<\/div>\n<\/div>\n<\/div>\n<\/div>\n<\/div>\n<\/div>\n<\/div>\n\n","protected":false},"excerpt":{"rendered":"","protected":false},"author":75,"featured_media":0,"parent":0,"menu_order":46,"comment_status":"closed","ping_status":"closed","template":"","meta":{"footnotes":""},"class_list":["post-5945","page","type-page","status-publish","hentry"],"yoast_head":"<!-- This site is optimized with the Yoast SEO plugin v27.5 - https:\/\/yoast.com\/product\/yoast-seo-wordpress\/ -->\n<title>Bien utiliser mon po\u00eale - WELEM<\/title>\n<meta name=\"robots\" content=\"index, follow, max-snippet:-1, max-image-preview:large, max-video-preview:-1\" \/>\n<link rel=\"canonical\" href=\"https:\/\/welem.com\/enr\/bien-utiliser-mon-poele\/\" \/>\n<meta property=\"og:locale\" content=\"fr_FR\" \/>\n<meta property=\"og:type\" content=\"article\" \/>\n<meta property=\"og:title\" content=\"Bien utiliser mon po\u00eale - WELEM\" \/>\n<meta property=\"og:url\" content=\"https:\/\/welem.com\/enr\/bien-utiliser-mon-poele\/\" \/>\n<meta property=\"og:site_name\" content=\"WELEM\" \/>\n<meta property=\"article:publisher\" content=\"https:\/\/www.facebook.com\/WELEM-105304956191421\" \/>\n<meta property=\"article:modified_time\" content=\"2025-01-26T10:25:21+00:00\" \/>\n<meta property=\"og:image\" content=\"https:\/\/welem.com\/enr\/wp-content\/uploads\/2015\/09\/ShowroomSalle1Welem.jpg\" \/>\n\t<meta property=\"og:image:width\" content=\"640\" \/>\n\t<meta property=\"og:image:height\" content=\"360\" \/>\n\t<meta property=\"og:image:type\" content=\"image\/jpeg\" \/>\n<meta name=\"twitter:card\" content=\"summary_large_image\" \/>\n<meta name=\"twitter:site\" content=\"@societewelem\" \/>\n<meta name=\"twitter:label1\" content=\"Dur\u00e9e de lecture estim\u00e9e\" \/>\n\t<meta name=\"twitter:data1\" content=\"5 minutes\" \/>\n<script type=\"application\/ld+json\" class=\"yoast-schema-graph\">{\"@context\":\"https:\\\/\\\/schema.org\",\"@graph\":[{\"@type\":\"WebPage\",\"@id\":\"https:\\\/\\\/welem.com\\\/enr\\\/bien-utiliser-mon-poele\\\/\",\"url\":\"https:\\\/\\\/welem.com\\\/enr\\\/bien-utiliser-mon-poele\\\/\",\"name\":\"Bien utiliser mon po\u00eale - WELEM\",\"isPartOf\":{\"@id\":\"https:\\\/\\\/welem.com\\\/enr\\\/#website\"},\"primaryImageOfPage\":{\"@id\":\"https:\\\/\\\/welem.com\\\/enr\\\/bien-utiliser-mon-poele\\\/#primaryimage\"},\"image\":{\"@id\":\"https:\\\/\\\/welem.com\\\/enr\\\/bien-utiliser-mon-poele\\\/#primaryimage\"},\"thumbnailUrl\":\"http:\\\/\\\/welem.com\\\/enr\\\/wp-content\\\/uploads\\\/2015\\\/09\\\/ShowroomSalle1Welem-300x169.jpg\",\"datePublished\":\"2015-08-31T14:01:58+00:00\",\"dateModified\":\"2025-01-26T10:25:21+00:00\",\"breadcrumb\":{\"@id\":\"https:\\\/\\\/welem.com\\\/enr\\\/bien-utiliser-mon-poele\\\/#breadcrumb\"},\"inLanguage\":\"fr-FR\",\"potentialAction\":[{\"@type\":\"ReadAction\",\"target\":[\"https:\\\/\\\/welem.com\\\/enr\\\/bien-utiliser-mon-poele\\\/\"]}]},{\"@type\":\"ImageObject\",\"inLanguage\":\"fr-FR\",\"@id\":\"https:\\\/\\\/welem.com\\\/enr\\\/bien-utiliser-mon-poele\\\/#primaryimage\",\"url\":\"https:\\\/\\\/welem.com\\\/enr\\\/wp-content\\\/uploads\\\/2015\\\/09\\\/ShowroomSalle1Welem.jpg\",\"contentUrl\":\"https:\\\/\\\/welem.com\\\/enr\\\/wp-content\\\/uploads\\\/2015\\\/09\\\/ShowroomSalle1Welem.jpg\",\"width\":640,\"height\":360},{\"@type\":\"BreadcrumbList\",\"@id\":\"https:\\\/\\\/welem.com\\\/enr\\\/bien-utiliser-mon-poele\\\/#breadcrumb\",\"itemListElement\":[{\"@type\":\"ListItem\",\"position\":1,\"name\":\"Accueil\",\"item\":\"https:\\\/\\\/welem.com\\\/enr\\\/\"},{\"@type\":\"ListItem\",\"position\":2,\"name\":\"Bien utiliser mon po\u00eale\"}]},{\"@type\":\"WebSite\",\"@id\":\"https:\\\/\\\/welem.com\\\/enr\\\/#website\",\"url\":\"https:\\\/\\\/welem.com\\\/enr\\\/\",\"name\":\"WELEM - L'\u00e9nergie autrement\",\"description\":\"La r\u00e9novation \u00e9nerg\u00e9tique globale\",\"publisher\":{\"@id\":\"https:\\\/\\\/welem.com\\\/enr\\\/#organization\"},\"potentialAction\":[{\"@type\":\"SearchAction\",\"target\":{\"@type\":\"EntryPoint\",\"urlTemplate\":\"https:\\\/\\\/welem.com\\\/enr\\\/?s={search_term_string}\"},\"query-input\":{\"@type\":\"PropertyValueSpecification\",\"valueRequired\":true,\"valueName\":\"search_term_string\"}}],\"inLanguage\":\"fr-FR\"},{\"@type\":\"Organization\",\"@id\":\"https:\\\/\\\/welem.com\\\/enr\\\/#organization\",\"name\":\"WELEM\",\"url\":\"https:\\\/\\\/welem.com\\\/enr\\\/\",\"logo\":{\"@type\":\"ImageObject\",\"inLanguage\":\"fr-FR\",\"@id\":\"https:\\\/\\\/welem.com\\\/enr\\\/#\\\/schema\\\/logo\\\/image\\\/\",\"url\":\"https:\\\/\\\/welem.com\\\/enr\\\/wp-content\\\/uploads\\\/logoWelemRetina.png\",\"contentUrl\":\"https:\\\/\\\/welem.com\\\/enr\\\/wp-content\\\/uploads\\\/logoWelemRetina.png\",\"width\":900,\"height\":311,\"caption\":\"WELEM\"},\"image\":{\"@id\":\"https:\\\/\\\/welem.com\\\/enr\\\/#\\\/schema\\\/logo\\\/image\\\/\"},\"sameAs\":[\"https:\\\/\\\/www.facebook.com\\\/WELEM-105304956191421\",\"https:\\\/\\\/x.com\\\/societewelem\",\"https:\\\/\\\/www.youtube.com\\\/channel\\\/UCx7WBxMNWO_SgykAVYK0xzQ\"]}]}<\/script>\n<!-- \/ Yoast SEO plugin. -->","yoast_head_json":{"title":"Bien utiliser mon po\u00eale - WELEM","robots":{"index":"index","follow":"follow","max-snippet":"max-snippet:-1","max-image-preview":"max-image-preview:large","max-video-preview":"max-video-preview:-1"},"canonical":"https:\/\/welem.com\/enr\/bien-utiliser-mon-poele\/","og_locale":"fr_FR","og_type":"article","og_title":"Bien utiliser mon po\u00eale - WELEM","og_url":"https:\/\/welem.com\/enr\/bien-utiliser-mon-poele\/","og_site_name":"WELEM","article_publisher":"https:\/\/www.facebook.com\/WELEM-105304956191421","article_modified_time":"2025-01-26T10:25:21+00:00","og_image":[{"width":640,"height":360,"url":"https:\/\/welem.com\/enr\/wp-content\/uploads\/2015\/09\/ShowroomSalle1Welem.jpg","type":"image\/jpeg"}],"twitter_card":"summary_large_image","twitter_site":"@societewelem","twitter_misc":{"Dur\u00e9e de lecture estim\u00e9e":"5 minutes"},"schema":{"@context":"https:\/\/schema.org","@graph":[{"@type":"WebPage","@id":"https:\/\/welem.com\/enr\/bien-utiliser-mon-poele\/","url":"https:\/\/welem.com\/enr\/bien-utiliser-mon-poele\/","name":"Bien utiliser mon po\u00eale - WELEM","isPartOf":{"@id":"https:\/\/welem.com\/enr\/#website"},"primaryImageOfPage":{"@id":"https:\/\/welem.com\/enr\/bien-utiliser-mon-poele\/#primaryimage"},"image":{"@id":"https:\/\/welem.com\/enr\/bien-utiliser-mon-poele\/#primaryimage"},"thumbnailUrl":"http:\/\/welem.com\/enr\/wp-content\/uploads\/2015\/09\/ShowroomSalle1Welem-300x169.jpg","datePublished":"2015-08-31T14:01:58+00:00","dateModified":"2025-01-26T10:25:21+00:00","breadcrumb":{"@id":"https:\/\/welem.com\/enr\/bien-utiliser-mon-poele\/#breadcrumb"},"inLanguage":"fr-FR","potentialAction":[{"@type":"ReadAction","target":["https:\/\/welem.com\/enr\/bien-utiliser-mon-poele\/"]}]},{"@type":"ImageObject","inLanguage":"fr-FR","@id":"https:\/\/welem.com\/enr\/bien-utiliser-mon-poele\/#primaryimage","url":"https:\/\/welem.com\/enr\/wp-content\/uploads\/2015\/09\/ShowroomSalle1Welem.jpg","contentUrl":"https:\/\/welem.com\/enr\/wp-content\/uploads\/2015\/09\/ShowroomSalle1Welem.jpg","width":640,"height":360},{"@type":"BreadcrumbList","@id":"https:\/\/welem.com\/enr\/bien-utiliser-mon-poele\/#breadcrumb","itemListElement":[{"@type":"ListItem","position":1,"name":"Accueil","item":"https:\/\/welem.com\/enr\/"},{"@type":"ListItem","position":2,"name":"Bien utiliser mon po\u00eale"}]},{"@type":"WebSite","@id":"https:\/\/welem.com\/enr\/#website","url":"https:\/\/welem.com\/enr\/","name":"WELEM - L'\u00e9nergie autrement","description":"La r\u00e9novation \u00e9nerg\u00e9tique globale","publisher":{"@id":"https:\/\/welem.com\/enr\/#organization"},"potentialAction":[{"@type":"SearchAction","target":{"@type":"EntryPoint","urlTemplate":"https:\/\/welem.com\/enr\/?s={search_term_string}"},"query-input":{"@type":"PropertyValueSpecification","valueRequired":true,"valueName":"search_term_string"}}],"inLanguage":"fr-FR"},{"@type":"Organization","@id":"https:\/\/welem.com\/enr\/#organization","name":"WELEM","url":"https:\/\/welem.com\/enr\/","logo":{"@type":"ImageObject","inLanguage":"fr-FR","@id":"https:\/\/welem.com\/enr\/#\/schema\/logo\/image\/","url":"https:\/\/welem.com\/enr\/wp-content\/uploads\/logoWelemRetina.png","contentUrl":"https:\/\/welem.com\/enr\/wp-content\/uploads\/logoWelemRetina.png","width":900,"height":311,"caption":"WELEM"},"image":{"@id":"https:\/\/welem.com\/enr\/#\/schema\/logo\/image\/"},"sameAs":["https:\/\/www.facebook.com\/WELEM-105304956191421","https:\/\/x.com\/societewelem","https:\/\/www.youtube.com\/channel\/UCx7WBxMNWO_SgykAVYK0xzQ"]}]}},"_links":{"self":[{"href":"https:\/\/welem.com\/enr\/wp-json\/wp\/v2\/pages\/5945","targetHints":{"allow":["GET"]}}],"collection":[{"href":"https:\/\/welem.com\/enr\/wp-json\/wp\/v2\/pages"}],"about":[{"href":"https:\/\/welem.com\/enr\/wp-json\/wp\/v2\/types\/page"}],"author":[{"embeddable":true,"href":"https:\/\/welem.com\/enr\/wp-json\/wp\/v2\/users\/75"}],"replies":[{"embeddable":true,"href":"https:\/\/welem.com\/enr\/wp-json\/wp\/v2\/comments?post=5945"}],"version-history":[{"count":0,"href":"https:\/\/welem.com\/enr\/wp-json\/wp\/v2\/pages\/5945\/revisions"}],"wp:attachment":[{"href":"https:\/\/welem.com\/enr\/wp-json\/wp\/v2\/media?parent=5945"}],"curies":[{"name":"wp","href":"https:\/\/api.w.org\/{rel}","templated":true}]}}