{"id":6001,"date":"2015-09-05T19:28:32","date_gmt":"2015-09-05T17:28:32","guid":{"rendered":"http:\/\/welem.com\/enr\/?page_id=6001"},"modified":"2024-08-24T19:05:43","modified_gmt":"2024-08-24T17:05:43","slug":"poele-a-buches","status":"publish","type":"page","link":"https:\/\/welem.com\/enr\/poele-a-buches\/","title":{"rendered":"Po\u00eale \u00e0 b\u00fbches"},"content":{"rendered":"<style type=\"text\/css\"> \n#cmsms_row_69df1df9bf63a .cmsms_row_outer_parent { \n\tpadding-top: 0px; \n} \n\n#cmsms_row_69df1df9bf63a .cmsms_row_outer_parent { \n\tpadding-bottom: 50px; \n} \n\n \n#cmsms_row_69df1dfa1bebf .cmsms_row_outer_parent { \n\tpadding-top: 0px; \n} \n\n#cmsms_row_69df1dfa1bebf .cmsms_row_outer_parent { \n\tpadding-bottom: 30px; \n} \n\n \n#cmsms_row_69df1dfa1bff4 .cmsms_row_outer_parent { \n\tpadding-top: 0px; \n} \n\n#cmsms_row_69df1dfa1bff4 .cmsms_row_outer_parent { \n\tpadding-bottom: 30px; \n} \n\n \n#cmsms_heading_69df1dfa1c0c5, #cmsms_heading_69df1dfa1c0c5 a { \n\tfont-weight:400; \n\tfont-style:normal; \n\tmargin-top:0px; \n\tmargin-bottom:20px; \n} \n \n#cmsms_icon_list_items_69df1dfa1c0d6.cmsms_icon_list_items .cmsms_icon_list_item:before { \n\tleft:25px; \n} \n#cmsms_icon_list_items_69df1dfa1c0d6.cmsms_icon_list_type_block .cmsms_icon_list_item:before { \n\twidth:0px; \n} \n\n#cmsms_icon_list_items_69df1dfa1c0d6 .cmsms_icon_list_icon { \n\tborder-width:5px; \n\twidth:50px; \n\theight:50px; \n\t-webkit-border-radius:50%; \n\t-moz-border-radius:50%; \n\tborder-radius:50%; \n} \n\n#cmsms_icon_list_items_69df1dfa1c0d6 .cmsms_icon_list_icon:before { \n\tfont-size:20px; \n\tline-height:40px; \n} \n\n.cmsms_icon_list_items.cmsms_color_type_border #cmsms_icon_list_item_69df1dfa1c121:hover .cmsms_icon_list_icon { \n\tborder-color:transparent; \n} \n\n.cmsms_icon_list_items.cmsms_color_type_border #cmsms_icon_list_item_69df1dfa1c14c:hover .cmsms_icon_list_icon { \n\tborder-color:transparent; \n} \n\n.cmsms_icon_list_items.cmsms_color_type_border #cmsms_icon_list_item_69df1dfa1c164:hover .cmsms_icon_list_icon { \n\tborder-color:transparent; \n} \n\n.cmsms_icon_list_items.cmsms_color_type_border #cmsms_icon_list_item_69df1dfa1c177:hover .cmsms_icon_list_icon { \n\tborder-color:transparent; \n} \n \n#cmsms_row_69df1dfa1c1ca .cmsms_row_outer_parent { \n\tpadding-top: 0px; \n} \n\n#cmsms_row_69df1dfa1c1ca .cmsms_row_outer_parent { \n\tpadding-bottom: 50px; \n} \n\n \n#cmsms_icon_box_69df1dfa1c27f h1:before { \n\tcolor:#bfd029; \n} \n#cmsms_icon_box_69df1dfa1c27f .cmsms_button { \n\tfont-weight:100; \n\tfont-style:normal; \n\tpadding-right:20px; \n\tpadding-left:20px; \n} \n#cmsms_icon_box_69df1dfa1c27f .cmsms_button:hover { \n} \n \n#cmsms_icon_box_69df1dfa1c2da h1:before { \n\tcolor:#bfd029; \n} \n#cmsms_icon_box_69df1dfa1c2da .cmsms_button { \n\tfont-weight:100; \n\tfont-style:normal; \n\tpadding-right:20px; \n\tpadding-left:20px; \n} \n#cmsms_icon_box_69df1dfa1c2da .cmsms_button:hover { \n} \n<\/style><div id=\"cmsms_row_69df1df9bf63a\" class=\"cmsms_row cmsms_color_scheme_default\">\n<div class=\"cmsms_row_outer_parent\">\n<div class=\"cmsms_row_outer\">\n<div class=\"cmsms_row_inner\">\n<div class=\"cmsms_row_margin\">\n<div class=\"cmsms_column one_first\">\n<div class=\"cmsms_slider\"><script type=\"text\/javascript\">jQuery(function() { _initLayerSlider( '#layerslider_16_1b7jsd20lpvxu', {sliderVersion: '7.15.1', responsiveUnder: 0, layersContainer: 0, allowFullscreen: true, slideBGSize: 'auto', pauseOnHover: 1, twoWaySlideshow: true, skin: 'borderlessdark3d', sliderFadeInDuration: 350, globalBGColor: 'transparent', showCircleTimer: false, tnInactiveOpacity: 45, useSrcset: true, skinsPath: 'https:\/\/welem.com\/enr\/wp-content\/plugins\/LayerSlider\/assets\/static\/layerslider\/skins\/', performanceMode: true}); });<\/script><div id=\"layerslider_16_1b7jsd20lpvxu\"  class=\"ls-wp-container fitvidsignore ls-selectable\" style=\"width:950px;height:450px;margin:0 auto;margin-bottom: 0px;border-radius:14px;overflow: hidden;\"><div class=\"ls-slide\" data-ls=\"bgsize:cover;duration:6000;\"><img loading=\"lazy\" decoding=\"async\" width=\"920\" height=\"690\" src=\"https:\/\/welem.com\/enr\/wp-content\/uploads\/HasWienBucherOuvert.jpg\" class=\"ls-bg\" alt=\"\" srcset=\"https:\/\/welem.com\/enr\/wp-content\/uploads\/HasWienBucherOuvert.jpg 920w, https:\/\/welem.com\/enr\/wp-content\/uploads\/HasWienBucherOuvert-300x225.jpg 300w, https:\/\/welem.com\/enr\/wp-content\/uploads\/HasWienBucherOuvert-768x576.jpg 768w, https:\/\/welem.com\/enr\/wp-content\/uploads\/HasWienBucherOuvert-580x435.jpg 580w, https:\/\/welem.com\/enr\/wp-content\/uploads\/HasWienBucherOuvert-820x615.jpg 820w, https:\/\/welem.com\/enr\/wp-content\/uploads\/HasWienBucherOuvert-600x450.jpg 600w\" sizes=\"auto, (max-width: 920px) 100vw, 920px\" \/><p style=\"text-shadow: none; font-weight: normal; text-align: left;width:250px;font-family:Verdana, sans serif;font-size:18px;line-height:auto;color:#222222;top:260px;left:51px;white-space:normal;\" class=\"ls-l ls-text-layer\" data-ls=\"offsetxin:left;scalexin:1.0;scaleyin:1.0;offsetxout:right;scalexout:1.0;scaleyout:1.0;parallaxlevel:0;\">WIEN, un coin de bonheur en famille<\/p><a style=\"\" class=\"ls-l\" href=\"\/enr\/contact\" target=\"_self\" data-ls=\"offsetxin:left;delayin:500;scalexin:1.0;scaleyin:1.0;offsetxout:right;scalexout:1.0;scaleyout:1.0;parallaxlevel:0;\"><h3 style=\"text-shadow: none; font-weight: normal; text-align: left;width:280px;padding-top:5px;padding-right:5px;padding-bottom:5px;padding-left:5px;font-family:Verdana, sans serif;font-size:18px;line-height:20px;color:#222222;border-radius:5px;top:350px;left:30px;background-color:#bfd029;white-space:normal;\" class=\"ls-text-layer\">Besoin de plus d'information ? cliquez ici pour nous contacter<\/h3><\/a><\/div><div class=\"ls-slide\" data-ls=\"bgsize:cover;duration:6000;\"><img loading=\"lazy\" decoding=\"async\" width=\"750\" height=\"450\" src=\"https:\/\/welem.com\/enr\/wp-content\/uploads\/hasLondonEasy.jpg\" class=\"ls-bg\" alt=\"\" srcset=\"https:\/\/welem.com\/enr\/wp-content\/uploads\/hasLondonEasy.jpg 750w, https:\/\/welem.com\/enr\/wp-content\/uploads\/hasLondonEasy-600x360.jpg 600w, https:\/\/welem.com\/enr\/wp-content\/uploads\/hasLondonEasy-300x180.jpg 300w, https:\/\/welem.com\/enr\/wp-content\/uploads\/hasLondonEasy-580x348.jpg 580w\" sizes=\"auto, (max-width: 750px) 100vw, 750px\" \/><p style=\"text-shadow: none; font-weight: normal; text-align: left;width:280px;font-family:Verdana, sans serif;font-size:18px;line-height:auto;color:#222222;top:310px;left:50px;white-space:normal;\" class=\"ls-l ls-text-layer\" data-ls=\"offsetxin:left;scalexin:1.0;scaleyin:1.0;offsetxout:right;scalexout:1.0;scaleyout:1.0;parallaxlevel:0;\">LONDON, Chic et intemporel<\/p><a style=\"\" class=\"ls-l\" href=\"\/enr\/contact\" target=\"_self\" data-ls=\"offsetxin:left;delayin:500;scalexin:1.0;scaleyin:1.0;offsetxout:right;scalexout:1.0;scaleyout:1.0;parallaxlevel:0;\"><h3 style=\"text-shadow: none; font-weight: normal; text-align: left;width:280px;padding-top:5px;padding-right:5px;padding-bottom:5px;padding-left:5px;font-family:Verdana, sans serif;font-size:18px;line-height:20px;color:#222222;border-radius:5px;top:350px;left:30px;background-color:#bfd029;white-space:normal;\" class=\"ls-text-layer\">Besoin de plus d'information ? cliquez ici pour nous contacter<\/h3><\/a><\/div><div class=\"ls-slide\" data-ls=\"bgsize:cover;duration:6000;\"><img loading=\"lazy\" decoding=\"async\" width=\"836\" height=\"450\" src=\"https:\/\/welem.com\/enr\/wp-content\/uploads\/HasWelsGrande.jpg\" class=\"ls-bg\" alt=\"\" srcset=\"https:\/\/welem.com\/enr\/wp-content\/uploads\/HasWelsGrande.jpg 836w, https:\/\/welem.com\/enr\/wp-content\/uploads\/HasWelsGrande-600x323.jpg 600w, https:\/\/welem.com\/enr\/wp-content\/uploads\/HasWelsGrande-300x161.jpg 300w, https:\/\/welem.com\/enr\/wp-content\/uploads\/HasWelsGrande-768x413.jpg 768w, https:\/\/welem.com\/enr\/wp-content\/uploads\/HasWelsGrande-580x312.jpg 580w, https:\/\/welem.com\/enr\/wp-content\/uploads\/HasWelsGrande-820x441.jpg 820w\" sizes=\"auto, (max-width: 836px) 100vw, 836px\" \/><p style=\"text-shadow: none; font-weight: normal; text-align: left;width:280px;font-family:Verdana, sans serif;font-size:18px;line-height:auto;color:#222222;top:310px;left:50px;white-space:normal;\" class=\"ls-l ls-text-layer\" data-ls=\"offsetxin:left;scalexin:1.0;scaleyin:1.0;offsetxout:right;scalexout:1.0;scaleyout:1.0;parallaxlevel:0;\">WELS, Chic et Cosy<\/p><a style=\"\" class=\"ls-l\" href=\"\/enr\/contact\" target=\"_self\" data-ls=\"offsetxin:left;delayin:500;scalexin:1.0;scaleyin:1.0;offsetxout:right;scalexout:1.0;scaleyout:1.0;parallaxlevel:0;\"><h3 style=\"text-shadow: none; font-weight: normal; text-align: left;width:280px;padding-top:5px;padding-right:5px;padding-bottom:5px;padding-left:5px;font-family:Verdana, sans serif;font-size:18px;line-height:20px;color:#222222;border-radius:5px;top:350px;left:30px;background-color:#bfd029;white-space:normal;\" class=\"ls-text-layer\">Besoin de plus d'information ? cliquez ici pour nous contacter<\/h3><\/a><\/div><\/div><\/div>\n<\/div>\n<\/div>\n<\/div>\n<\/div>\n<\/div>\n<\/div>\n<div id=\"cmsms_row_69df1dfa1bebf\" class=\"cmsms_row cmsms_color_scheme_default\">\n<div class=\"cmsms_row_outer_parent\">\n<div class=\"cmsms_row_outer\">\n<div class=\"cmsms_row_inner\">\n<div class=\"cmsms_row_margin\">\n<div class=\"cmsms_column one_first\">\n<div class=\"cmsms_text\">\n<p>Aujourd\u2019hui le po\u00eale \u00e0 bois est de nouveau incontournable mais il a beaucoup \u00e9volu\u00e9 et, continue d\u2019\u00e9voluer techniquement pour apporter davantage de s\u00e9curit\u00e9 et une meilleure efficacit\u00e9 en termes de rendement et de pollution. De simple appareil d\u2019agr\u00e9ment, il devient un v\u00e9ritable mode de chauffage d\u2019appoint ou unique selon les cas et r\u00e9pond tout naturellement aux exigences du nouveau d\u00e9fi du XXIe si\u00e8cle\u00a0: le d\u00e9veloppement durable.<\/p>\n<p>WELEM a s\u00e9lectionn\u00e9 pour vous une gamme de produits tr\u00e8s performants et une grande vari\u00e9t\u00e9 de styles pour que chacun puisse y trouver son coup de c\u0153ur.<\/p>\n<\/div>\n<\/div>\n<\/div>\n<\/div>\n<\/div>\n<\/div>\n<\/div>\n<div id=\"cmsms_row_69df1dfa1bff4\" class=\"cmsms_row cmsms_color_scheme_default\">\n<div class=\"cmsms_row_outer_parent\">\n<div class=\"cmsms_row_outer\">\n<div class=\"cmsms_row_inner\">\n<div class=\"cmsms_row_margin\">\n<div class=\"cmsms_column one_first\">\n<h3 id=\"cmsms_heading_69df1dfa1c0c5\" class=\"cmsms_heading\">Avantages de la solution<\/h3> \n<ul id=\"cmsms_icon_list_items_69df1dfa1c0d6\" class=\"cmsms_icon_list_items cmsms_icon_list_type_block cmsms_icon_list_pos_left cmsms_color_type_border\" data-animation=\"fadeInRightBig\" data-delay=\"100\"><li id=\"cmsms_icon_list_item_69df1dfa1c121\" class=\"cmsms_icon_list_item\">\n<div class=\"cmsms_icon_list_item_inner\">\n<div class=\"cmsms_icon_list_icon_wrap\">\n<span class=\"cmsms_icon_list_icon cmsms-icon-thumbs-up-5\"><\/span>\n<\/div>\n<div class=\"cmsms_icon_list_item_content\">\n<h4 class=\"cmsms_icon_list_item_title\">Propret\u00e9<\/h4>\n<div class=\"cmsms_icon_list_item_text\">\n<p>La combustion est si propre qu\u2019elle ne n\u00e9cessite ni filtre, ni catalyseur.<\/p>\n<ul>\n<li>Moins de suie<\/li>\n<li>Moins de cendres<\/li>\n<li>Moins de nettoyage<\/li>\n<li>Plus de confort<\/li>\n<li>Moins de poussi\u00e8re fine dans l\u2019air<\/li>\n<\/ul>\n<\/div>\n<\/div>\n<\/div>\n<\/li><li id=\"cmsms_icon_list_item_69df1dfa1c14c\" class=\"cmsms_icon_list_item\">\n<div class=\"cmsms_icon_list_item_inner\">\n<div class=\"cmsms_icon_list_icon_wrap\">\n<span class=\"cmsms_icon_list_icon cmsms-icon-thumbs-up-5\"><\/span>\n<\/div>\n<div class=\"cmsms_icon_list_item_content\">\n<h4 class=\"cmsms_icon_list_item_title\">Rendement \u00e9lev\u00e9<\/h4>\n<div class=\"cmsms_icon_list_item_text\">\n<p>Davantage de chaleur pour moins de bois.<\/p>\n<\/div>\n<\/div>\n<\/div>\n<\/li><li id=\"cmsms_icon_list_item_69df1dfa1c164\" class=\"cmsms_icon_list_item\">\n<div class=\"cmsms_icon_list_item_inner\">\n<div class=\"cmsms_icon_list_icon_wrap\">\n<span class=\"cmsms_icon_list_icon cmsms-icon-thumbs-up-5\"><\/span>\n<\/div>\n<div class=\"cmsms_icon_list_item_content\">\n<h4 class=\"cmsms_icon_list_item_title\">Vue d\u00e9gag\u00e9e sur le feu <\/h4>\n<div class=\"cmsms_icon_list_item_text\">\n<p>Gr\u00e2ce \u00e0 un balayage constant de l\u2019air devant la vitre.<\/p>\n<\/div>\n<\/div>\n<\/div>\n<\/li><li id=\"cmsms_icon_list_item_69df1dfa1c177\" class=\"cmsms_icon_list_item\">\n<div class=\"cmsms_icon_list_item_inner\">\n<div class=\"cmsms_icon_list_icon_wrap\">\n<span class=\"cmsms_icon_list_icon cmsms-icon-thumbs-up-5\"><\/span>\n<\/div>\n<div class=\"cmsms_icon_list_item_content\">\n<h4 class=\"cmsms_icon_list_item_title\">Ecologique et \u00e9conomique<\/h4>\n<div class=\"cmsms_icon_list_item_text\">\n<p>Un \u00e9quipement parfait r\u00e9pondant aux normes environementales du chauffage du futur.<\/p>\n<p>Un combustible pouvant \u00eatre produit en local, vous contribuez ainsi au d\u00e9veloppement de la fili\u00e8re bois en France cr\u00e9atrice de nombreux emplois.<\/p>\n<\/div>\n<\/div>\n<\/div>\n<\/li><\/ul><div class=\"cmsms_text\">\n<p>Pour votre s\u00e9curit\u00e9 et pour un rendement optimum de votre installation de chauffage au bois, nous vous recommandons de consulter\u00a0<a href=\"https:\/\/welem.com\/enr\/wp-content\/uploads\/2015\/09\/ADEME_guide_pratique_chauffage_bois.pdf\" target=\"_blank\" rel=\"noopener\">ce guide pratique du chauffage.<\/a><\/p>\n<p>Vous pouvez avoir un aper\u00e7u de nos installations de po\u00eales \u00e0 b\u00fbches en consultant <a href=\"\/enr?page_id=1733\">la carte de nos installations<\/a><\/p>\n<\/div>\n<\/div>\n<\/div>\n<\/div>\n<\/div>\n<\/div>\n<\/div>\n<div id=\"cmsms_row_69df1dfa1c1ca\" class=\"cmsms_row cmsms_color_scheme_default\">\n<div class=\"cmsms_row_outer_parent\">\n<div class=\"cmsms_row_outer\">\n<div class=\"cmsms_row_inner\">\n<div class=\"cmsms_row_margin\">\n<div class=\"cmsms_column one_half\">\n<div id=\"cmsms_icon_box_69df1dfa1c27f\" class=\"cmsms_icon_box cmsms_box_heading\">\n<div class=\"icon_box_inner\">\n<h3 class=\"cmsms-icon-calendar-alt-1\">Gamme de po\u00eales \u00e0 b\u00fbches<\/h3>\n<div class=\"icon_box_text\">\n<p>Retrouver une partie de notre gamme de po\u00eales \u00e0 b\u00fbches sur notre boutique en ligne<\/p>\n<\/div>\n<a href=\"\/enr\/categorie-produit\/chauffage-bois\/poeles\/?product_tag=buches\" class=\"cmsms_button icon_box_button\">Voir les po\u00eales<\/a>\n<\/div>\n<\/div>\n<\/div>\n<div class=\"cmsms_column one_half\">\n<div id=\"cmsms_icon_box_69df1dfa1c2da\" class=\"cmsms_icon_box cmsms_box_heading\">\n<div class=\"icon_box_inner\">\n<h3 class=\"cmsms-icon-calculator\">R\u00e9alisez votre projet<\/h3>\n<div class=\"icon_box_text\">\n<p>vous souhaitez savoir si un po\u00eale \u00e0 b\u00fbche peut satisfaire \u00e0 vos attentes &#8230;<\/p>\n<\/div>\n<a href=\"\/enr\/demande-devis-installation-poele-ou-cuisiniere\/\" class=\"cmsms_button icon_box_button\">Demandez un devis<\/a>\n<\/div>\n<\/div>\n<\/div>\n<\/div>\n<\/div>\n<\/div>\n<\/div>\n<\/div>\n\n","protected":false},"excerpt":{"rendered":"","protected":false},"author":75,"featured_media":0,"parent":0,"menu_order":48,"comment_status":"closed","ping_status":"closed","template":"","meta":{"footnotes":""},"class_list":["post-6001","page","type-page","status-publish","hentry"],"yoast_head":"<!-- This site is optimized with the Yoast SEO plugin v27.4 - https:\/\/yoast.com\/product\/yoast-seo-wordpress\/ -->\n<title>Po\u00eale \u00e0 b\u00fbches - WELEM<\/title>\n<meta name=\"robots\" content=\"index, follow, max-snippet:-1, max-image-preview:large, max-video-preview:-1\" \/>\n<link rel=\"canonical\" href=\"https:\/\/welem.com\/enr\/poele-a-buches\/\" \/>\n<meta property=\"og:locale\" content=\"fr_FR\" \/>\n<meta property=\"og:type\" content=\"article\" \/>\n<meta property=\"og:title\" content=\"Po\u00eale \u00e0 b\u00fbches - WELEM\" \/>\n<meta property=\"og:url\" content=\"https:\/\/welem.com\/enr\/poele-a-buches\/\" \/>\n<meta property=\"og:site_name\" content=\"WELEM\" \/>\n<meta property=\"article:publisher\" content=\"https:\/\/www.facebook.com\/WELEM-105304956191421\" \/>\n<meta property=\"article:modified_time\" content=\"2024-08-24T17:05:43+00:00\" \/>\n<meta name=\"twitter:card\" content=\"summary_large_image\" \/>\n<meta name=\"twitter:site\" content=\"@societewelem\" \/>\n<meta name=\"twitter:label1\" content=\"Dur\u00e9e de lecture estim\u00e9e\" \/>\n\t<meta name=\"twitter:data1\" content=\"2 minutes\" \/>\n<script type=\"application\/ld+json\" class=\"yoast-schema-graph\">{\"@context\":\"https:\\\/\\\/schema.org\",\"@graph\":[{\"@type\":\"WebPage\",\"@id\":\"https:\\\/\\\/welem.com\\\/enr\\\/poele-a-buches\\\/\",\"url\":\"https:\\\/\\\/welem.com\\\/enr\\\/poele-a-buches\\\/\",\"name\":\"Po\u00eale \u00e0 b\u00fbches - WELEM\",\"isPartOf\":{\"@id\":\"https:\\\/\\\/welem.com\\\/enr\\\/#website\"},\"datePublished\":\"2015-09-05T17:28:32+00:00\",\"dateModified\":\"2024-08-24T17:05:43+00:00\",\"breadcrumb\":{\"@id\":\"https:\\\/\\\/welem.com\\\/enr\\\/poele-a-buches\\\/#breadcrumb\"},\"inLanguage\":\"fr-FR\",\"potentialAction\":[{\"@type\":\"ReadAction\",\"target\":[\"https:\\\/\\\/welem.com\\\/enr\\\/poele-a-buches\\\/\"]}]},{\"@type\":\"BreadcrumbList\",\"@id\":\"https:\\\/\\\/welem.com\\\/enr\\\/poele-a-buches\\\/#breadcrumb\",\"itemListElement\":[{\"@type\":\"ListItem\",\"position\":1,\"name\":\"Accueil\",\"item\":\"https:\\\/\\\/welem.com\\\/enr\\\/\"},{\"@type\":\"ListItem\",\"position\":2,\"name\":\"Po\u00eale \u00e0 b\u00fbches\"}]},{\"@type\":\"WebSite\",\"@id\":\"https:\\\/\\\/welem.com\\\/enr\\\/#website\",\"url\":\"https:\\\/\\\/welem.com\\\/enr\\\/\",\"name\":\"WELEM - L'\u00e9nergie autrement\",\"description\":\"La r\u00e9novation \u00e9nerg\u00e9tique globale\",\"publisher\":{\"@id\":\"https:\\\/\\\/welem.com\\\/enr\\\/#organization\"},\"potentialAction\":[{\"@type\":\"SearchAction\",\"target\":{\"@type\":\"EntryPoint\",\"urlTemplate\":\"https:\\\/\\\/welem.com\\\/enr\\\/?s={search_term_string}\"},\"query-input\":{\"@type\":\"PropertyValueSpecification\",\"valueRequired\":true,\"valueName\":\"search_term_string\"}}],\"inLanguage\":\"fr-FR\"},{\"@type\":\"Organization\",\"@id\":\"https:\\\/\\\/welem.com\\\/enr\\\/#organization\",\"name\":\"WELEM\",\"url\":\"https:\\\/\\\/welem.com\\\/enr\\\/\",\"logo\":{\"@type\":\"ImageObject\",\"inLanguage\":\"fr-FR\",\"@id\":\"https:\\\/\\\/welem.com\\\/enr\\\/#\\\/schema\\\/logo\\\/image\\\/\",\"url\":\"https:\\\/\\\/welem.com\\\/enr\\\/wp-content\\\/uploads\\\/logoWelemRetina.png\",\"contentUrl\":\"https:\\\/\\\/welem.com\\\/enr\\\/wp-content\\\/uploads\\\/logoWelemRetina.png\",\"width\":900,\"height\":311,\"caption\":\"WELEM\"},\"image\":{\"@id\":\"https:\\\/\\\/welem.com\\\/enr\\\/#\\\/schema\\\/logo\\\/image\\\/\"},\"sameAs\":[\"https:\\\/\\\/www.facebook.com\\\/WELEM-105304956191421\",\"https:\\\/\\\/x.com\\\/societewelem\",\"https:\\\/\\\/www.youtube.com\\\/channel\\\/UCx7WBxMNWO_SgykAVYK0xzQ\"]}]}<\/script>\n<!-- \/ Yoast SEO plugin. -->","yoast_head_json":{"title":"Po\u00eale \u00e0 b\u00fbches - WELEM","robots":{"index":"index","follow":"follow","max-snippet":"max-snippet:-1","max-image-preview":"max-image-preview:large","max-video-preview":"max-video-preview:-1"},"canonical":"https:\/\/welem.com\/enr\/poele-a-buches\/","og_locale":"fr_FR","og_type":"article","og_title":"Po\u00eale \u00e0 b\u00fbches - WELEM","og_url":"https:\/\/welem.com\/enr\/poele-a-buches\/","og_site_name":"WELEM","article_publisher":"https:\/\/www.facebook.com\/WELEM-105304956191421","article_modified_time":"2024-08-24T17:05:43+00:00","twitter_card":"summary_large_image","twitter_site":"@societewelem","twitter_misc":{"Dur\u00e9e de lecture estim\u00e9e":"2 minutes"},"schema":{"@context":"https:\/\/schema.org","@graph":[{"@type":"WebPage","@id":"https:\/\/welem.com\/enr\/poele-a-buches\/","url":"https:\/\/welem.com\/enr\/poele-a-buches\/","name":"Po\u00eale \u00e0 b\u00fbches - WELEM","isPartOf":{"@id":"https:\/\/welem.com\/enr\/#website"},"datePublished":"2015-09-05T17:28:32+00:00","dateModified":"2024-08-24T17:05:43+00:00","breadcrumb":{"@id":"https:\/\/welem.com\/enr\/poele-a-buches\/#breadcrumb"},"inLanguage":"fr-FR","potentialAction":[{"@type":"ReadAction","target":["https:\/\/welem.com\/enr\/poele-a-buches\/"]}]},{"@type":"BreadcrumbList","@id":"https:\/\/welem.com\/enr\/poele-a-buches\/#breadcrumb","itemListElement":[{"@type":"ListItem","position":1,"name":"Accueil","item":"https:\/\/welem.com\/enr\/"},{"@type":"ListItem","position":2,"name":"Po\u00eale \u00e0 b\u00fbches"}]},{"@type":"WebSite","@id":"https:\/\/welem.com\/enr\/#website","url":"https:\/\/welem.com\/enr\/","name":"WELEM - L'\u00e9nergie autrement","description":"La r\u00e9novation \u00e9nerg\u00e9tique globale","publisher":{"@id":"https:\/\/welem.com\/enr\/#organization"},"potentialAction":[{"@type":"SearchAction","target":{"@type":"EntryPoint","urlTemplate":"https:\/\/welem.com\/enr\/?s={search_term_string}"},"query-input":{"@type":"PropertyValueSpecification","valueRequired":true,"valueName":"search_term_string"}}],"inLanguage":"fr-FR"},{"@type":"Organization","@id":"https:\/\/welem.com\/enr\/#organization","name":"WELEM","url":"https:\/\/welem.com\/enr\/","logo":{"@type":"ImageObject","inLanguage":"fr-FR","@id":"https:\/\/welem.com\/enr\/#\/schema\/logo\/image\/","url":"https:\/\/welem.com\/enr\/wp-content\/uploads\/logoWelemRetina.png","contentUrl":"https:\/\/welem.com\/enr\/wp-content\/uploads\/logoWelemRetina.png","width":900,"height":311,"caption":"WELEM"},"image":{"@id":"https:\/\/welem.com\/enr\/#\/schema\/logo\/image\/"},"sameAs":["https:\/\/www.facebook.com\/WELEM-105304956191421","https:\/\/x.com\/societewelem","https:\/\/www.youtube.com\/channel\/UCx7WBxMNWO_SgykAVYK0xzQ"]}]}},"_links":{"self":[{"href":"https:\/\/welem.com\/enr\/wp-json\/wp\/v2\/pages\/6001","targetHints":{"allow":["GET"]}}],"collection":[{"href":"https:\/\/welem.com\/enr\/wp-json\/wp\/v2\/pages"}],"about":[{"href":"https:\/\/welem.com\/enr\/wp-json\/wp\/v2\/types\/page"}],"author":[{"embeddable":true,"href":"https:\/\/welem.com\/enr\/wp-json\/wp\/v2\/users\/75"}],"replies":[{"embeddable":true,"href":"https:\/\/welem.com\/enr\/wp-json\/wp\/v2\/comments?post=6001"}],"version-history":[{"count":0,"href":"https:\/\/welem.com\/enr\/wp-json\/wp\/v2\/pages\/6001\/revisions"}],"wp:attachment":[{"href":"https:\/\/welem.com\/enr\/wp-json\/wp\/v2\/media?parent=6001"}],"curies":[{"name":"wp","href":"https:\/\/api.w.org\/{rel}","templated":true}]}}