{"id":6060,"date":"2015-09-06T18:38:36","date_gmt":"2015-09-06T16:38:36","guid":{"rendered":"http:\/\/welem.com\/enr\/?page_id=6060"},"modified":"2024-02-22T09:14:29","modified_gmt":"2024-02-22T08:14:29","slug":"solaire-hybride","status":"publish","type":"page","link":"https:\/\/welem.com\/enr\/solaire-hybride\/","title":{"rendered":"Solaire hybride"},"content":{"rendered":"<style type=\"text\/css\"> \n#cmsms_row_69f979d699224 .cmsms_row_outer_parent { \n\tpadding-top: 0px; \n} \n\n#cmsms_row_69f979d699224 .cmsms_row_outer_parent { \n\tpadding-bottom: 50px; \n} \n\n \n#cmsms_heading_69f979d6992f0, #cmsms_heading_69f979d6992f0 a { \n\tfont-weight:400; \n\tfont-style:normal; \n\tmargin-top:0px; \n\tmargin-bottom:20px; \n} \n \n#cmsms_row_69f979d69987d .cmsms_row_outer_parent { \n\tpadding-top: 0px; \n} \n\n#cmsms_row_69f979d69987d .cmsms_row_outer_parent { \n\tpadding-bottom: 30px; \n} \n\n \n#cmsms_heading_69f979d69998f, #cmsms_heading_69f979d69998f a { \n\tfont-weight:400; \n\tfont-style:normal; \n\tmargin-top:0px; \n\tmargin-bottom:20px; \n} \n \n#cmsms_icon_list_items_69f979d6999a0.cmsms_icon_list_items .cmsms_icon_list_item:before { \n\tleft:25px; \n} \n#cmsms_icon_list_items_69f979d6999a0.cmsms_icon_list_type_block .cmsms_icon_list_item:before { \n\twidth:0px; \n} \n\n#cmsms_icon_list_items_69f979d6999a0 .cmsms_icon_list_icon { \n\tborder-width:5px; \n\twidth:50px; \n\theight:50px; \n\t-webkit-border-radius:50%; \n\t-moz-border-radius:50%; \n\tborder-radius:50%; \n} \n\n#cmsms_icon_list_items_69f979d6999a0 .cmsms_icon_list_icon:before { \n\tfont-size:20px; \n\tline-height:40px; \n} \n\n.cmsms_icon_list_items.cmsms_color_type_border #cmsms_icon_list_item_69f979d6999fa:hover .cmsms_icon_list_icon { \n\tborder-color:transparent; \n} \n\n.cmsms_icon_list_items.cmsms_color_type_border #cmsms_icon_list_item_69f979d699a19:hover .cmsms_icon_list_icon { \n\tborder-color:transparent; \n} \n\n.cmsms_icon_list_items.cmsms_color_type_border #cmsms_icon_list_item_69f979d699a2c:hover .cmsms_icon_list_icon { \n\tborder-color:transparent; \n} \n\n.cmsms_icon_list_items.cmsms_color_type_border #cmsms_icon_list_item_69f979d699a3c:hover .cmsms_icon_list_icon { \n\tborder-color:transparent; \n} \n\n.cmsms_icon_list_items.cmsms_color_type_border #cmsms_icon_list_item_69f979d699a4a:hover .cmsms_icon_list_icon { \n\tborder-color:transparent; \n} \n\n.cmsms_icon_list_items.cmsms_color_type_border #cmsms_icon_list_item_69f979d699a5b:hover .cmsms_icon_list_icon { \n\tborder-color:transparent; \n} \n \n#cmsms_row_69f979d699f19 .cmsms_row_outer_parent { \n\tpadding-top: 0px; \n} \n\n#cmsms_row_69f979d699f19 .cmsms_row_outer_parent { \n\tpadding-bottom: 50px; \n} \n\n \n#cmsms_icon_box_69f979d699fda h1:before { \n\tcolor:#bfd029; \n} \n#cmsms_icon_box_69f979d699fda .cmsms_button { \n\tfont-weight:100; \n\tfont-style:normal; \n\tpadding-right:20px; \n\tpadding-left:20px; \n} \n#cmsms_icon_box_69f979d699fda .cmsms_button:hover { \n} \n \n#cmsms_icon_box_69f979d69a035 h1:before { \n\tcolor:#bfd029; \n} \n#cmsms_icon_box_69f979d69a035 .cmsms_button { \n\tfont-weight:100; \n\tfont-style:normal; \n\tpadding-right:20px; \n\tpadding-left:20px; \n} \n#cmsms_icon_box_69f979d69a035 .cmsms_button:hover { \n} \n<\/style><div id=\"cmsms_row_69f979d699224\" class=\"cmsms_row cmsms_color_scheme_default\">\n<div class=\"cmsms_row_outer_parent\">\n<div class=\"cmsms_row_outer\">\n<div class=\"cmsms_row_inner\">\n<div class=\"cmsms_row_margin\">\n<div class=\"cmsms_column one_first\">\n<h3 id=\"cmsms_heading_69f979d6992f0\" class=\"cmsms_heading\">le capteur solaire hybride thermique et photovolta\u00efque<\/h3><div class=\"cmsms_text\">\n<blockquote>\n<p>Le panneau solaire hybride fournit \u00e0 la fois de l\u2019eau chaude et de l\u2019\u00e9lectricit\u00e9<\/p>\n<\/blockquote>\n<p>De m\u00eame composition que le capteur traditionnel vitr\u00e9, \u00e0 la diff\u00e9rence, que des cellules photovolta\u00efques sont scell\u00e9es sur la surface du capteur pour r\u00e9cup\u00e9rer l&rsquo;\u00e9nergie \u00e9lectrique et qu&rsquo;un liquide caloporteur circule \u00e0 l&rsquo;int\u00e9rieur du capteur pour r\u00e9cup\u00e9rer l&rsquo;\u00e9nergie calorifique sous forme d&rsquo;eau chaude.<\/p>\n<\/div>\n<div class=\"aligncenter\">\n<div class=\"cmsms_img  cmsms_image_c\">\n<a href=\"https:\/\/welem.com\/enr\/wp-content\/uploads\/capteurHybrideDualSun.jpg\" rel=\"ilightbox\" data-rel=\"lightbox-image-0\" data-rl_title=\"\" data-rl_caption=\"\" title=\"\"><img decoding=\"async\" src=\"https:\/\/welem.com\/enr\/wp-content\/uploads\/capteurHybrideDualSun-580x460.jpg\" \/><\/a>\n<\/div>\n<\/div>\n<\/div>\n<\/div>\n<\/div>\n<\/div>\n<\/div>\n<\/div>\n<div id=\"cmsms_row_69f979d69987d\" class=\"cmsms_row cmsms_color_scheme_default\">\n<div class=\"cmsms_row_outer_parent\">\n<div class=\"cmsms_row_outer\">\n<div class=\"cmsms_row_inner\">\n<div class=\"cmsms_row_margin\">\n<div class=\"cmsms_column one_first\">\n<h3 id=\"cmsms_heading_69f979d69998f\" class=\"cmsms_heading\">Avantages de la solution<\/h3> \n<ul id=\"cmsms_icon_list_items_69f979d6999a0\" class=\"cmsms_icon_list_items cmsms_icon_list_type_block cmsms_icon_list_pos_left cmsms_color_type_border\" data-animation=\"fadeInRightBig\" data-delay=\"100\"><li id=\"cmsms_icon_list_item_69f979d6999fa\" class=\"cmsms_icon_list_item\">\n<div class=\"cmsms_icon_list_item_inner\">\n<div class=\"cmsms_icon_list_icon_wrap\">\n<span class=\"cmsms_icon_list_icon cmsms-icon-thumbs-up-5\"><\/span>\n<\/div>\n<div class=\"cmsms_icon_list_item_content\">\n<h4 class=\"cmsms_icon_list_item_title\">Gain de place<\/h4>\n<div class=\"cmsms_icon_list_item_text\">\n<p>Un seul syst\u00e8me pour produire l\u2019eau chaude sanitaire et l\u2019\u00e9lectricit\u00e9.<\/p>\n<\/div>\n<\/div>\n<\/div>\n<\/li><li id=\"cmsms_icon_list_item_69f979d699a19\" class=\"cmsms_icon_list_item\">\n<div class=\"cmsms_icon_list_item_inner\">\n<div class=\"cmsms_icon_list_icon_wrap\">\n<span class=\"cmsms_icon_list_icon cmsms-icon-thumbs-up-5\"><\/span>\n<\/div>\n<div class=\"cmsms_icon_list_item_content\">\n<h4 class=\"cmsms_icon_list_item_title\">Gain d\u2019argent<\/h4>\n<div class=\"cmsms_icon_list_item_text\">\n<p>Le co\u00fbt pour l\u2019installation d\u2019un tel syst\u00e8me est inf\u00e9rieur au co\u00fbt de l\u2019installation d\u2019un syst\u00e8me thermique + syst\u00e8me photovolta\u00efque.<\/p>\n<\/div>\n<\/div>\n<\/div>\n<\/li><li id=\"cmsms_icon_list_item_69f979d699a2c\" class=\"cmsms_icon_list_item\">\n<div class=\"cmsms_icon_list_item_inner\">\n<div class=\"cmsms_icon_list_icon_wrap\">\n<span class=\"cmsms_icon_list_icon cmsms-icon-thumbs-up-5\"><\/span>\n<\/div>\n<div class=\"cmsms_icon_list_item_content\">\n<h4 class=\"cmsms_icon_list_item_title\">Retour sur investissement<\/h4>\n<div class=\"cmsms_icon_list_item_text\">\n<p>Amortissement int\u00e9ressant gr\u00e2ce \u00e0 la revente de la production d&rsquo;\u00e9lectricit\u00e9 photovolta\u00efque.<\/p>\n<\/div>\n<\/div>\n<\/div>\n<\/li><li id=\"cmsms_icon_list_item_69f979d699a3c\" class=\"cmsms_icon_list_item\">\n<div class=\"cmsms_icon_list_item_inner\">\n<div class=\"cmsms_icon_list_icon_wrap\">\n<span class=\"cmsms_icon_list_icon cmsms-icon-thumbs-up-5\"><\/span>\n<\/div>\n<div class=\"cmsms_icon_list_item_content\">\n<h4 class=\"cmsms_icon_list_item_title\">Auto-financement<\/h4>\n<div class=\"cmsms_icon_list_item_text\">\n<p>Financement total ou partiel gr\u00e2ce \u00e0 la revente de la production d&rsquo;\u00e9lectricit\u00e9 photovolta\u00efque.<\/p>\n<\/div>\n<\/div>\n<\/div>\n<\/li><li id=\"cmsms_icon_list_item_69f979d699a4a\" class=\"cmsms_icon_list_item\">\n<div class=\"cmsms_icon_list_item_inner\">\n<div class=\"cmsms_icon_list_icon_wrap\">\n<span class=\"cmsms_icon_list_icon cmsms-icon-thumbs-up-5\"><\/span>\n<\/div>\n<div class=\"cmsms_icon_list_item_content\">\n<h4 class=\"cmsms_icon_list_item_title\">Rendement photovolta\u00efque augment\u00e9<\/h4>\n<div class=\"cmsms_icon_list_item_text\">\n<p>Le captage des calories par le liquide caloporteur permet un refroidissement des cellules photovolta\u00efques. Rappelons en effet que les cellules photovolta\u00efques sont sensibles \u00e0 la temp\u00e9rature; plus elles chauffent plus les rendements baissent. Avec la captation d&rsquo;\u00e9nergie calorifique, la temp\u00e9rature moyenne des cellules photovolta\u00efques est plus faible que sur un syst\u00e8me classique, ce qui accroit sensiblement leur rendement.<\/p>\n<\/div>\n<\/div>\n<\/div>\n<\/li><li id=\"cmsms_icon_list_item_69f979d699a5b\" class=\"cmsms_icon_list_item\">\n<div class=\"cmsms_icon_list_item_inner\">\n<div class=\"cmsms_icon_list_icon_wrap\">\n<span class=\"cmsms_icon_list_icon cmsms-icon-thumbs-up-5\"><\/span>\n<\/div>\n<div class=\"cmsms_icon_list_item_content\">\n<h4 class=\"cmsms_icon_list_item_title\">Aides et subventions<\/h4>\n<div class=\"cmsms_icon_list_item_text\">\n<p class=\"classic\"><b>Pour la partie photovolta\u00efque:<\/b><\/p>\n<p class=\"classic\">Une prime est attribu\u00e9e pour l\u2019installation de panneaux photovolta\u00efques en autoconsommation avec revente du surplus. Son montant d\u00e9pend de la puissance install\u00e9e.<\/p>\n<p>Cette prime est demand\u00e9e lors du raccordement et revers\u00e9e ensuite en une fois par l\u2019entit\u00e9 qui ach\u00e8te l\u2019\u00e9lectricit\u00e9 au producteur.<\/p>\n<ul class=\"classic-list\">\n<li>370\u20ac\/kWc pour une puissance &lt;= 3 kWc<\/li>\n<li>280\u20ac\/kWc pour une puissance comprise entre 3 et 9 kWc<\/li>\n<li>200\u20ac\/kWc pour une puissance comprise entre 9 et 36 kWc<\/li>\n<li>100\u20ac\/kWc pour une puissance comprise entre 36 et 100 kWc<\/li>\n<\/ul>\n<p class=\"classic\">\n<p class=\"classic\"><b>Pour la partie solaire thermique:<\/b><\/p>\n<p class=\"classic\">Eligible \u00e0 MaPrimeR\u00e9nov&rsquo; et \u00e0 une Prime Coup de Pouce selon revenu, ainsi que l&rsquo;Eco-pr\u00eat \u00e0 taux z\u00e9ro.<\/p>\n<\/div>\n<\/div>\n<\/div>\n<\/li><\/ul><div class=\"aligncenter\">\n<div class=\"cmsms_img  cmsms_image_c\">\n<a href=\"https:\/\/welem.com\/enr\/wp-content\/uploads\/principeSolaireHybride.jpg\" rel=\"ilightbox\" data-rel=\"lightbox-image-1\" data-rl_title=\"\" data-rl_caption=\"\" title=\"\"><img decoding=\"async\" src=\"https:\/\/welem.com\/enr\/wp-content\/uploads\/principeSolaireHybride-300x219.jpg\" \/><\/a>\n<\/div>\n<\/div>\n<\/div>\n<\/div>\n<\/div>\n<\/div>\n<\/div>\n<\/div>\n<div id=\"cmsms_row_69f979d699f19\" class=\"cmsms_row cmsms_color_scheme_default\">\n<div class=\"cmsms_row_outer_parent\">\n<div class=\"cmsms_row_outer\">\n<div class=\"cmsms_row_inner\">\n<div class=\"cmsms_row_margin\">\n<div class=\"cmsms_column one_half\">\n<div id=\"cmsms_icon_box_69f979d699fda\" class=\"cmsms_icon_box cmsms_box_heading\">\n<div class=\"icon_box_inner\">\n<h3 class=\"cmsms-icon-info-circled\">Plus de renseignements<\/h3>\n<div class=\"icon_box_text\">\n<p>La solution solaire hybride vous int\u00e9resse&#8230;<\/p>\n<\/div>\n<a href=\"\/enr\/contact\" class=\"cmsms_button icon_box_button\">Prenez contact<\/a>\n<\/div>\n<\/div>\n<\/div>\n<div class=\"cmsms_column one_half\">\n<div id=\"cmsms_icon_box_69f979d69a035\" class=\"cmsms_icon_box cmsms_box_heading\">\n<div class=\"icon_box_inner\">\n<h3 class=\"cmsms-icon-calculator\">R\u00e9alisez votre projet<\/h3>\n<div class=\"icon_box_text\">\n<p>Couvrez une partie de vos besoins en eau chaude sanitaire et en \u00e9lectricit\u00e9<\/p>\n<\/div>\n<a href=\"\/enr\/demande-devis-installation-chauffe-eau-solaire\" class=\"cmsms_button icon_box_button\">Demandez un devis<\/a>\n<\/div>\n<\/div>\n<\/div>\n<\/div>\n<\/div>\n<\/div>\n<\/div>\n<\/div>\n\n","protected":false},"excerpt":{"rendered":"","protected":false},"author":75,"featured_media":19229,"parent":0,"menu_order":14,"comment_status":"closed","ping_status":"closed","template":"","meta":{"footnotes":""},"class_list":["post-6060","page","type-page","status-publish","has-post-thumbnail","hentry"],"yoast_head":"<!-- This site is optimized with the Yoast SEO plugin v27.5 - https:\/\/yoast.com\/product\/yoast-seo-wordpress\/ -->\n<title>Solaire hybride - WELEM<\/title>\n<meta name=\"description\" content=\"Une Installation solaire hybride permet de produire de l&#039;\u00e9nergie photovolta\u00efque et thermique \u00e0 partir d&#039;un seul et m\u00eame champ de capteur solaire.\" \/>\n<meta name=\"robots\" content=\"index, follow, max-snippet:-1, max-image-preview:large, max-video-preview:-1\" \/>\n<link rel=\"canonical\" href=\"https:\/\/welem.com\/enr\/solaire-hybride\/\" \/>\n<meta property=\"og:locale\" content=\"fr_FR\" \/>\n<meta property=\"og:type\" content=\"article\" \/>\n<meta property=\"og:title\" content=\"Solaire hybride - WELEM\" \/>\n<meta property=\"og:description\" content=\"Une Installation solaire hybride permet de produire de l&#039;\u00e9nergie photovolta\u00efque et thermique \u00e0 partir d&#039;un seul et m\u00eame champ de capteur solaire.\" \/>\n<meta property=\"og:url\" content=\"https:\/\/welem.com\/enr\/solaire-hybride\/\" \/>\n<meta property=\"og:site_name\" content=\"WELEM\" \/>\n<meta property=\"article:publisher\" content=\"https:\/\/www.facebook.com\/WELEM-105304956191421\" \/>\n<meta property=\"article:modified_time\" content=\"2024-02-22T08:14:29+00:00\" \/>\n<meta property=\"og:image\" content=\"https:\/\/welem.com\/enr\/wp-content\/uploads\/IMG_20160609_162954.jpg\" \/>\n\t<meta property=\"og:image:width\" content=\"1280\" \/>\n\t<meta property=\"og:image:height\" content=\"960\" \/>\n\t<meta property=\"og:image:type\" content=\"image\/jpeg\" \/>\n<meta name=\"twitter:card\" content=\"summary_large_image\" \/>\n<meta name=\"twitter:site\" content=\"@societewelem\" \/>\n<meta name=\"twitter:label1\" content=\"Dur\u00e9e de lecture estim\u00e9e\" \/>\n\t<meta name=\"twitter:data1\" content=\"3 minutes\" \/>\n<script type=\"application\/ld+json\" class=\"yoast-schema-graph\">{\"@context\":\"https:\\\/\\\/schema.org\",\"@graph\":[{\"@type\":\"WebPage\",\"@id\":\"https:\\\/\\\/welem.com\\\/enr\\\/solaire-hybride\\\/\",\"url\":\"https:\\\/\\\/welem.com\\\/enr\\\/solaire-hybride\\\/\",\"name\":\"Solaire hybride - WELEM\",\"isPartOf\":{\"@id\":\"https:\\\/\\\/welem.com\\\/enr\\\/#website\"},\"primaryImageOfPage\":{\"@id\":\"https:\\\/\\\/welem.com\\\/enr\\\/solaire-hybride\\\/#primaryimage\"},\"image\":{\"@id\":\"https:\\\/\\\/welem.com\\\/enr\\\/solaire-hybride\\\/#primaryimage\"},\"thumbnailUrl\":\"https:\\\/\\\/welem.com\\\/enr\\\/wp-content\\\/uploads\\\/IMG_20160609_162954.jpg\",\"datePublished\":\"2015-09-06T16:38:36+00:00\",\"dateModified\":\"2024-02-22T08:14:29+00:00\",\"description\":\"Une Installation solaire hybride permet de produire de l'\u00e9nergie photovolta\u00efque et thermique \u00e0 partir d'un seul et m\u00eame champ de capteur solaire.\",\"breadcrumb\":{\"@id\":\"https:\\\/\\\/welem.com\\\/enr\\\/solaire-hybride\\\/#breadcrumb\"},\"inLanguage\":\"fr-FR\",\"potentialAction\":[{\"@type\":\"ReadAction\",\"target\":[\"https:\\\/\\\/welem.com\\\/enr\\\/solaire-hybride\\\/\"]}]},{\"@type\":\"ImageObject\",\"inLanguage\":\"fr-FR\",\"@id\":\"https:\\\/\\\/welem.com\\\/enr\\\/solaire-hybride\\\/#primaryimage\",\"url\":\"https:\\\/\\\/welem.com\\\/enr\\\/wp-content\\\/uploads\\\/IMG_20160609_162954.jpg\",\"contentUrl\":\"https:\\\/\\\/welem.com\\\/enr\\\/wp-content\\\/uploads\\\/IMG_20160609_162954.jpg\",\"width\":1280,\"height\":960,\"caption\":\"solaire hybride\"},{\"@type\":\"BreadcrumbList\",\"@id\":\"https:\\\/\\\/welem.com\\\/enr\\\/solaire-hybride\\\/#breadcrumb\",\"itemListElement\":[{\"@type\":\"ListItem\",\"position\":1,\"name\":\"Accueil\",\"item\":\"https:\\\/\\\/welem.com\\\/enr\\\/\"},{\"@type\":\"ListItem\",\"position\":2,\"name\":\"Solaire hybride\"}]},{\"@type\":\"WebSite\",\"@id\":\"https:\\\/\\\/welem.com\\\/enr\\\/#website\",\"url\":\"https:\\\/\\\/welem.com\\\/enr\\\/\",\"name\":\"WELEM - L'\u00e9nergie autrement\",\"description\":\"La r\u00e9novation \u00e9nerg\u00e9tique globale\",\"publisher\":{\"@id\":\"https:\\\/\\\/welem.com\\\/enr\\\/#organization\"},\"potentialAction\":[{\"@type\":\"SearchAction\",\"target\":{\"@type\":\"EntryPoint\",\"urlTemplate\":\"https:\\\/\\\/welem.com\\\/enr\\\/?s={search_term_string}\"},\"query-input\":{\"@type\":\"PropertyValueSpecification\",\"valueRequired\":true,\"valueName\":\"search_term_string\"}}],\"inLanguage\":\"fr-FR\"},{\"@type\":\"Organization\",\"@id\":\"https:\\\/\\\/welem.com\\\/enr\\\/#organization\",\"name\":\"WELEM\",\"url\":\"https:\\\/\\\/welem.com\\\/enr\\\/\",\"logo\":{\"@type\":\"ImageObject\",\"inLanguage\":\"fr-FR\",\"@id\":\"https:\\\/\\\/welem.com\\\/enr\\\/#\\\/schema\\\/logo\\\/image\\\/\",\"url\":\"https:\\\/\\\/welem.com\\\/enr\\\/wp-content\\\/uploads\\\/logoWelemRetina.png\",\"contentUrl\":\"https:\\\/\\\/welem.com\\\/enr\\\/wp-content\\\/uploads\\\/logoWelemRetina.png\",\"width\":900,\"height\":311,\"caption\":\"WELEM\"},\"image\":{\"@id\":\"https:\\\/\\\/welem.com\\\/enr\\\/#\\\/schema\\\/logo\\\/image\\\/\"},\"sameAs\":[\"https:\\\/\\\/www.facebook.com\\\/WELEM-105304956191421\",\"https:\\\/\\\/x.com\\\/societewelem\",\"https:\\\/\\\/www.youtube.com\\\/channel\\\/UCx7WBxMNWO_SgykAVYK0xzQ\"]}]}<\/script>\n<!-- \/ Yoast SEO plugin. -->","yoast_head_json":{"title":"Solaire hybride - WELEM","description":"Une Installation solaire hybride permet de produire de l'\u00e9nergie photovolta\u00efque et thermique \u00e0 partir d'un seul et m\u00eame champ de capteur solaire.","robots":{"index":"index","follow":"follow","max-snippet":"max-snippet:-1","max-image-preview":"max-image-preview:large","max-video-preview":"max-video-preview:-1"},"canonical":"https:\/\/welem.com\/enr\/solaire-hybride\/","og_locale":"fr_FR","og_type":"article","og_title":"Solaire hybride - WELEM","og_description":"Une Installation solaire hybride permet de produire de l'\u00e9nergie photovolta\u00efque et thermique \u00e0 partir d'un seul et m\u00eame champ de capteur solaire.","og_url":"https:\/\/welem.com\/enr\/solaire-hybride\/","og_site_name":"WELEM","article_publisher":"https:\/\/www.facebook.com\/WELEM-105304956191421","article_modified_time":"2024-02-22T08:14:29+00:00","og_image":[{"width":1280,"height":960,"url":"https:\/\/welem.com\/enr\/wp-content\/uploads\/IMG_20160609_162954.jpg","type":"image\/jpeg"}],"twitter_card":"summary_large_image","twitter_site":"@societewelem","twitter_misc":{"Dur\u00e9e de lecture estim\u00e9e":"3 minutes"},"schema":{"@context":"https:\/\/schema.org","@graph":[{"@type":"WebPage","@id":"https:\/\/welem.com\/enr\/solaire-hybride\/","url":"https:\/\/welem.com\/enr\/solaire-hybride\/","name":"Solaire hybride - WELEM","isPartOf":{"@id":"https:\/\/welem.com\/enr\/#website"},"primaryImageOfPage":{"@id":"https:\/\/welem.com\/enr\/solaire-hybride\/#primaryimage"},"image":{"@id":"https:\/\/welem.com\/enr\/solaire-hybride\/#primaryimage"},"thumbnailUrl":"https:\/\/welem.com\/enr\/wp-content\/uploads\/IMG_20160609_162954.jpg","datePublished":"2015-09-06T16:38:36+00:00","dateModified":"2024-02-22T08:14:29+00:00","description":"Une Installation solaire hybride permet de produire de l'\u00e9nergie photovolta\u00efque et thermique \u00e0 partir d'un seul et m\u00eame champ de capteur solaire.","breadcrumb":{"@id":"https:\/\/welem.com\/enr\/solaire-hybride\/#breadcrumb"},"inLanguage":"fr-FR","potentialAction":[{"@type":"ReadAction","target":["https:\/\/welem.com\/enr\/solaire-hybride\/"]}]},{"@type":"ImageObject","inLanguage":"fr-FR","@id":"https:\/\/welem.com\/enr\/solaire-hybride\/#primaryimage","url":"https:\/\/welem.com\/enr\/wp-content\/uploads\/IMG_20160609_162954.jpg","contentUrl":"https:\/\/welem.com\/enr\/wp-content\/uploads\/IMG_20160609_162954.jpg","width":1280,"height":960,"caption":"solaire hybride"},{"@type":"BreadcrumbList","@id":"https:\/\/welem.com\/enr\/solaire-hybride\/#breadcrumb","itemListElement":[{"@type":"ListItem","position":1,"name":"Accueil","item":"https:\/\/welem.com\/enr\/"},{"@type":"ListItem","position":2,"name":"Solaire hybride"}]},{"@type":"WebSite","@id":"https:\/\/welem.com\/enr\/#website","url":"https:\/\/welem.com\/enr\/","name":"WELEM - L'\u00e9nergie autrement","description":"La r\u00e9novation \u00e9nerg\u00e9tique globale","publisher":{"@id":"https:\/\/welem.com\/enr\/#organization"},"potentialAction":[{"@type":"SearchAction","target":{"@type":"EntryPoint","urlTemplate":"https:\/\/welem.com\/enr\/?s={search_term_string}"},"query-input":{"@type":"PropertyValueSpecification","valueRequired":true,"valueName":"search_term_string"}}],"inLanguage":"fr-FR"},{"@type":"Organization","@id":"https:\/\/welem.com\/enr\/#organization","name":"WELEM","url":"https:\/\/welem.com\/enr\/","logo":{"@type":"ImageObject","inLanguage":"fr-FR","@id":"https:\/\/welem.com\/enr\/#\/schema\/logo\/image\/","url":"https:\/\/welem.com\/enr\/wp-content\/uploads\/logoWelemRetina.png","contentUrl":"https:\/\/welem.com\/enr\/wp-content\/uploads\/logoWelemRetina.png","width":900,"height":311,"caption":"WELEM"},"image":{"@id":"https:\/\/welem.com\/enr\/#\/schema\/logo\/image\/"},"sameAs":["https:\/\/www.facebook.com\/WELEM-105304956191421","https:\/\/x.com\/societewelem","https:\/\/www.youtube.com\/channel\/UCx7WBxMNWO_SgykAVYK0xzQ"]}]}},"_links":{"self":[{"href":"https:\/\/welem.com\/enr\/wp-json\/wp\/v2\/pages\/6060","targetHints":{"allow":["GET"]}}],"collection":[{"href":"https:\/\/welem.com\/enr\/wp-json\/wp\/v2\/pages"}],"about":[{"href":"https:\/\/welem.com\/enr\/wp-json\/wp\/v2\/types\/page"}],"author":[{"embeddable":true,"href":"https:\/\/welem.com\/enr\/wp-json\/wp\/v2\/users\/75"}],"replies":[{"embeddable":true,"href":"https:\/\/welem.com\/enr\/wp-json\/wp\/v2\/comments?post=6060"}],"version-history":[{"count":0,"href":"https:\/\/welem.com\/enr\/wp-json\/wp\/v2\/pages\/6060\/revisions"}],"wp:featuredmedia":[{"embeddable":true,"href":"https:\/\/welem.com\/enr\/wp-json\/wp\/v2\/media\/19229"}],"wp:attachment":[{"href":"https:\/\/welem.com\/enr\/wp-json\/wp\/v2\/media?parent=6060"}],"curies":[{"name":"wp","href":"https:\/\/api.w.org\/{rel}","templated":true}]}}