{"id":6185,"date":"2015-09-11T11:55:12","date_gmt":"2015-09-11T09:55:12","guid":{"rendered":"http:\/\/welem.com\/enr\/?page_id=6185"},"modified":"2025-10-14T09:02:26","modified_gmt":"2025-10-14T07:02:26","slug":"solaire-thermique","status":"publish","type":"page","link":"https:\/\/welem.com\/enr\/solaire-thermique\/","title":{"rendered":"Solaire thermique"},"content":{"rendered":"<style type=\"text\/css\"> \n#cmsms_row_6a03f1d5886bd .cmsms_row_outer_parent { \n\tpadding-top: 0px; \n} \n\n#cmsms_row_6a03f1d5886bd .cmsms_row_outer_parent { \n\tpadding-bottom: 30px; \n} \n\n \n#cmsms_row_6a03f1d58883e .cmsms_row_outer_parent { \n\tpadding-top: 0px; \n} \n\n#cmsms_row_6a03f1d58883e .cmsms_row_outer_parent { \n\tpadding-bottom: 0px; \n} \n\n \n#cmsms_heading_6a03f1d5888c3, #cmsms_heading_6a03f1d5888c3 a { \n\tfont-weight:400; \n\tfont-style:normal; \n\tmargin-top:0px; \n\tmargin-bottom:20px; \n} \n \n#cmsms_row_6a03f1d5888d6 .cmsms_row_outer_parent { \n\tpadding-top: 0px; \n} \n\n#cmsms_row_6a03f1d5888d6 .cmsms_row_outer_parent { \n\tpadding-bottom: 30px; \n} \n\n\n#cmsms_button_6a03f1d588e01 { \n\ttext-align:center; \n} \n\n#cmsms_button_6a03f1d588e01 .cmsms_button:before { \n\tmargin-right:.5em; \n\tmargin-left:0; \n\tvertical-align:baseline; \n} \n\n#cmsms_button_6a03f1d588e01 .cmsms_button { \n\tfont-weight:100; \n\tfont-style:normal; \n\tpadding-right:20px; \n\tpadding-left:20px; \n} \n#cmsms_button_6a03f1d588e01 .cmsms_button:hover { \n} \n \n#cmsms_row_6a03f1d588e1b .cmsms_row_outer_parent { \n\tpadding-top: 0px; \n} \n\n#cmsms_row_6a03f1d588e1b .cmsms_row_outer_parent { \n\tpadding-bottom: 0px; \n} \n\n \n#cmsms_heading_6a03f1d588e71, #cmsms_heading_6a03f1d588e71 a { \n\tfont-weight:400; \n\tfont-style:normal; \n\tmargin-top:0px; \n\tmargin-bottom:20px; \n} \n \n#cmsms_row_6a03f1d588e80 .cmsms_row_outer_parent { \n\tpadding-top: 0px; \n} \n\n#cmsms_row_6a03f1d588e80 .cmsms_row_outer_parent { \n\tpadding-bottom: 30px; \n} \n\n \n#cmsms_row_6a03f1d589247 .cmsms_row_outer_parent { \n\tpadding-top: 0px; \n} \n\n#cmsms_row_6a03f1d589247 .cmsms_row_outer_parent { \n\tpadding-bottom: 30px; \n} \n\n \n#cmsms_heading_6a03f1d589301, #cmsms_heading_6a03f1d589301 a { \n\tfont-weight:400; \n\tfont-style:normal; \n\tmargin-top:0px; \n\tmargin-bottom:20px; \n} \n \n#cmsms_icon_list_items_6a03f1d58930e.cmsms_icon_list_items .cmsms_icon_list_item:before { \n\tleft:25px; \n} \n#cmsms_icon_list_items_6a03f1d58930e.cmsms_icon_list_type_block .cmsms_icon_list_item:before { \n\twidth:0px; \n} \n\n#cmsms_icon_list_items_6a03f1d58930e .cmsms_icon_list_icon { \n\tborder-width:5px; \n\twidth:50px; \n\theight:50px; \n\t-webkit-border-radius:50%; \n\t-moz-border-radius:50%; \n\tborder-radius:50%; \n} \n\n#cmsms_icon_list_items_6a03f1d58930e .cmsms_icon_list_icon:before { \n\tfont-size:20px; \n\tline-height:40px; \n} \n\n.cmsms_icon_list_items.cmsms_color_type_border #cmsms_icon_list_item_6a03f1d589353:hover .cmsms_icon_list_icon { \n\tborder-color:transparent; \n} \n\n.cmsms_icon_list_items.cmsms_color_type_border #cmsms_icon_list_item_6a03f1d589367:hover .cmsms_icon_list_icon { \n\tborder-color:transparent; \n} \n\n.cmsms_icon_list_items.cmsms_color_type_border #cmsms_icon_list_item_6a03f1d589374:hover .cmsms_icon_list_icon { \n\tborder-color:transparent; \n} \n\n.cmsms_icon_list_items.cmsms_color_type_border #cmsms_icon_list_item_6a03f1d58937f:hover .cmsms_icon_list_icon { \n\tborder-color:transparent; \n} \n \n#cmsms_row_6a03f1d5893ba .cmsms_row_outer_parent { \n\tpadding-top: 0px; \n} \n\n#cmsms_row_6a03f1d5893ba .cmsms_row_outer_parent { \n\tpadding-bottom: 50px; \n} \n\n \n#cmsms_icon_box_6a03f1d589444 h1:before { \n\tcolor:#bfd029; \n} \n#cmsms_icon_box_6a03f1d589444 .cmsms_button { \n\tfont-weight:100; \n\tfont-style:normal; \n\tpadding-right:20px; \n\tpadding-left:20px; \n} \n#cmsms_icon_box_6a03f1d589444 .cmsms_button:hover { \n} \n \n#cmsms_icon_box_6a03f1d58948f h1:before { \n\tcolor:#bfd029; \n} \n#cmsms_icon_box_6a03f1d58948f .cmsms_button { \n\tfont-weight:100; \n\tfont-style:normal; \n\tpadding-right:20px; \n\tpadding-left:20px; \n} \n#cmsms_icon_box_6a03f1d58948f .cmsms_button:hover { \n} \n<\/style><div id=\"cmsms_row_6a03f1d5886bd\" class=\"cmsms_row cmsms_color_scheme_default\">\n<div class=\"cmsms_row_outer_parent\">\n<div class=\"cmsms_row_outer\">\n<div class=\"cmsms_row_inner\">\n<div class=\"cmsms_row_margin\">\n<div class=\"cmsms_column one_first\">\n<div class=\"cmsms_text\">\n<p>Le solaire thermique utilise la chaleur du rayonnement du soleil. Le capteur install\u00e9 sur le toit de la maison\u00a0 r\u00e9cup\u00e8re 30 \u00e0 40% d\u2019\u00e9nergie solaire incidente. Cette chaleur permet de produire de l\u2019eau chaude pour le sanitaire et pour un appoint en chauffage.<\/p>\n<\/div>\n<\/div>\n<\/div>\n<\/div>\n<\/div>\n<\/div>\n<\/div>\n<div id=\"cmsms_row_6a03f1d58883e\" class=\"cmsms_row cmsms_color_scheme_default\">\n<div class=\"cmsms_row_outer_parent\">\n<div class=\"cmsms_row_outer\">\n<div class=\"cmsms_row_inner\">\n<div class=\"cmsms_row_margin\">\n<div class=\"cmsms_column one_first\">\n<h4 id=\"cmsms_heading_6a03f1d5888c3\" class=\"cmsms_heading\">Le chauffe-eau solaire, comment \u00e7a marche ?<\/h4>\n<\/div>\n<\/div>\n<\/div>\n<\/div>\n<\/div>\n<\/div>\n<div id=\"cmsms_row_6a03f1d5888d6\" class=\"cmsms_row cmsms_color_scheme_default\">\n<div class=\"cmsms_row_outer_parent\">\n<div class=\"cmsms_row_outer\">\n<div class=\"cmsms_row_inner\">\n<div class=\"cmsms_row_margin\">\n<div class=\"cmsms_column one_half\">\n<div class=\"cmsms_video\">\n<div style=\"width: 640px;\" class=\"wp-video\"><video class=\"wp-video-shortcode\" id=\"video-6185-1\" width=\"640\" height=\"360\" poster=\"https:\/\/welem.com\/enr\/wp-content\/uploads\/2015\/09\/animSolaireCESI.jpg\" preload=\"metadata\" controls=\"controls\"><source type=\"video\/mp4\" src=\"https:\/\/welem.com\/enr\/wp-content\/uploads\/2015\/09\/animSolaireCESI.mp4?_=1\" \/><a href=\"https:\/\/welem.com\/enr\/wp-content\/uploads\/2015\/09\/animSolaireCESI.mp4\">https:\/\/welem.com\/enr\/wp-content\/uploads\/2015\/09\/animSolaireCESI.mp4<\/a><\/video><\/div><\/div>\n<\/div>\n<div class=\"cmsms_column one_half\">\n<div class=\"cmsms_text\">\n<p>Un liquide caloporteur circule entre les capteurs et le ballon de stockage. La chaleur emmagasin\u00e9e par le liquide au niveau des capteurs va r\u00e9chauffer l\u2019eau sanitaire par le biais d\u2019un \u00e9changeur dans le ballon. Ce syst\u00e8me est d\u2019une grande simplicit\u00e9. L\u2019entretien est limit\u00e9 \u00e0 la surveillance de la pression du liquide qui transporte les calories. En cas d\u2019ensoleillement insuffisant, une r\u00e9sistance \u00e9lectrique plac\u00e9e \u00e0 l\u2019int\u00e9rieur du ballon ou d&rsquo;une chaudi\u00e8re \u00e0 production d\u2019eau chaude d\u00e9j\u00e0 existants, prendra automatiquement le relais pour garder une temp\u00e9rature constante dans le ballon.<\/p>\n<p>Ce syst\u00e8me couvre de <strong>50 \u00e0 70 % de la production d\u2019eau chaude.<\/strong><\/p>\n<\/div>\n\n<div id=\"cmsms_button_6a03f1d588e01\" class=\"button_wrap\"><a href=\"\/enr\/wp-content\/uploads\/Presentation_chauffe_eau_solaire_Welem.pdf\" class=\"cmsms_button\" target=\"_blank\">Fiche chauffe-eau solaire<\/a><\/div>\n<\/div>\n<\/div>\n<\/div>\n<\/div>\n<\/div>\n<\/div>\n<div id=\"cmsms_row_6a03f1d588e1b\" class=\"cmsms_row cmsms_color_scheme_default\">\n<div class=\"cmsms_row_outer_parent\">\n<div class=\"cmsms_row_outer\">\n<div class=\"cmsms_row_inner\">\n<div class=\"cmsms_row_margin\">\n<div class=\"cmsms_column one_first\">\n<h4 id=\"cmsms_heading_6a03f1d588e71\" class=\"cmsms_heading\">Et le Syst\u00e8me Solaire Combin\u00e9, qu\u2019est-ce que c\u2019est ?<\/h4>\n<\/div>\n<\/div>\n<\/div>\n<\/div>\n<\/div>\n<\/div>\n<div id=\"cmsms_row_6a03f1d588e80\" class=\"cmsms_row cmsms_color_scheme_default\">\n<div class=\"cmsms_row_outer_parent\">\n<div class=\"cmsms_row_outer\">\n<div class=\"cmsms_row_inner\">\n<div class=\"cmsms_row_margin\">\n<div class=\"cmsms_column one_half\">\n<div class=\"cmsms_video\">\n<div style=\"width: 640px;\" class=\"wp-video\"><video class=\"wp-video-shortcode\" id=\"video-6185-2\" width=\"640\" height=\"360\" poster=\"https:\/\/welem.com\/enr\/wp-content\/uploads\/2015\/09\/animSolaireSSC.jpg\" preload=\"metadata\" controls=\"controls\"><source type=\"video\/mp4\" src=\"https:\/\/welem.com\/enr\/wp-content\/uploads\/2015\/09\/animSolaireSSC.mp4?_=2\" \/><a href=\"https:\/\/welem.com\/enr\/wp-content\/uploads\/2015\/09\/animSolaireSSC.mp4\">https:\/\/welem.com\/enr\/wp-content\/uploads\/2015\/09\/animSolaireSSC.mp4<\/a><\/video><\/div><\/div>\n<\/div>\n<div class=\"cmsms_column one_half\">\n<div class=\"cmsms_text\">\n<p><strong>Le syst\u00e8me solaire combin\u00e9 (SSC) est un syst\u00e8me d\u2019appoint\u00a0<\/strong> qui vient en compl\u00e9ment d\u2019un syst\u00e8me de chauffage (gaz, fioul, a\u00e9rothermie ou g\u00e9othermie).<\/p>\n<p>Le SSC fonctionne sur le m\u00eame principe que le chauffe eau solaire mais la surface de capteurs est plus importante.<br \/>\nCe type d\u2019installation peut-\u00eatre coupl\u00e9 avec un syst\u00e8me traditionnel de chauffage avec radiateurs, mais SSC est le plus souvent mis en \u0153uvre sur un plancher chauffant basse temp\u00e9rature. Dans ce cas, le liquide caloporteur va circuler directement dans le circuit du plancher chauffant. La conception et la structure de la dalle b\u00e9ton permettent de stocker la chaleur. Une chaleur douce et homog\u00e8ne est transmise \u00e0 toutes les pi\u00e8ces de la maison. Ce syst\u00e8me permettra de couvrir en totalit\u00e9 la production de chauffage durant les intersaisons, voire en hiver lors de journ\u00e9es ensoleill\u00e9es et fra\u00eeches. Les \u00e9conomies r\u00e9alis\u00e9es peuvent repr\u00e9senter <strong>jusqu\u2019\u00e0 30 % du budget annuel de chauffage<\/strong>.<\/p>\n<\/div>\n<\/div>\n<\/div>\n<\/div>\n<\/div>\n<\/div>\n<\/div>\n<div id=\"cmsms_row_6a03f1d589247\" class=\"cmsms_row cmsms_color_scheme_default\">\n<div class=\"cmsms_row_outer_parent\">\n<div class=\"cmsms_row_outer\">\n<div class=\"cmsms_row_inner\">\n<div class=\"cmsms_row_margin\">\n<div class=\"cmsms_column one_first\">\n<h3 id=\"cmsms_heading_6a03f1d589301\" class=\"cmsms_heading\">Avantages de la solution<\/h3> \n<ul id=\"cmsms_icon_list_items_6a03f1d58930e\" class=\"cmsms_icon_list_items cmsms_icon_list_type_block cmsms_icon_list_pos_left cmsms_color_type_border\" data-animation=\"fadeInRightBig\" data-delay=\"100\"><li id=\"cmsms_icon_list_item_6a03f1d589353\" class=\"cmsms_icon_list_item\">\n<div class=\"cmsms_icon_list_item_inner\">\n<div class=\"cmsms_icon_list_icon_wrap\">\n<span class=\"cmsms_icon_list_icon cmsms-icon-thumbs-up-5\"><\/span>\n<\/div>\n<div class=\"cmsms_icon_list_item_content\">\n<h4 class=\"cmsms_icon_list_item_title\">Energie gratuite<\/h4>\n<div class=\"cmsms_icon_list_item_text\">\n<p>Le soleil n&rsquo;envoie pas de factures !<\/p>\n<\/div>\n<\/div>\n<\/div>\n<\/li><li id=\"cmsms_icon_list_item_6a03f1d589367\" class=\"cmsms_icon_list_item\">\n<div class=\"cmsms_icon_list_item_inner\">\n<div class=\"cmsms_icon_list_icon_wrap\">\n<span class=\"cmsms_icon_list_icon cmsms-icon-thumbs-up-5\"><\/span>\n<\/div>\n<div class=\"cmsms_icon_list_item_content\">\n<h4 class=\"cmsms_icon_list_item_title\">Durable<\/h4>\n<div class=\"cmsms_icon_list_item_text\">\n<p>Les panneaux solaires thermique ont une tr\u00e8s longue dur\u00e9e de vis, sup\u00e9rieure \u00e0 30 ans.<\/p>\n<\/div>\n<\/div>\n<\/div>\n<\/li><li id=\"cmsms_icon_list_item_6a03f1d589374\" class=\"cmsms_icon_list_item\">\n<div class=\"cmsms_icon_list_item_inner\">\n<div class=\"cmsms_icon_list_icon_wrap\">\n<span class=\"cmsms_icon_list_icon cmsms-icon-thumbs-up-5\"><\/span>\n<\/div>\n<div class=\"cmsms_icon_list_item_content\">\n<h4 class=\"cmsms_icon_list_item_title\">Autonomie<\/h4>\n<div class=\"cmsms_icon_list_item_text\">\n<p>Gr\u00e2ce au ballon de stockage d&rsquo;\u00e9nergie, il suffit d&rsquo;une journ\u00e9e de soleil pour disposer de 2 jours d&rsquo;autonomie en eau chaude sanitaire.<\/p>\n<\/div>\n<\/div>\n<\/div>\n<\/li><li id=\"cmsms_icon_list_item_6a03f1d58937f\" class=\"cmsms_icon_list_item\">\n<div class=\"cmsms_icon_list_item_inner\">\n<div class=\"cmsms_icon_list_icon_wrap\">\n<span class=\"cmsms_icon_list_icon cmsms-icon-thumbs-up-5\"><\/span>\n<\/div>\n<div class=\"cmsms_icon_list_item_content\">\n<h4 class=\"cmsms_icon_list_item_title\">Appoint en chauffage<\/h4>\n<div class=\"cmsms_icon_list_item_text\">\n<p>Vous disposer d\u00e9j\u00e0 d&rsquo;une chaudi\u00e8re pour votre chauffage et votre production d&rsquo;eau chaude sanitaire, il est possible d&rsquo;y ajouter des capteurs solaires thermique qui apporteront une \u00e9nergie gratuite que la chaudi\u00e8re n&rsquo;aura pas besoin de produire.<\/p>\n<\/div>\n<\/div>\n<\/div>\n<\/li><\/ul><div class=\"cmsms_text\">\n<p>Vous pouvez avoir un aper\u00e7u de nos installations de po\u00eales \u00e0 granul\u00e9s en consultant <a href=\"\/enr?page_id=1733\">la carte de nos installations<\/a>.<\/p>\n<\/div>\n<\/div>\n<\/div>\n<\/div>\n<\/div>\n<\/div>\n<\/div>\n<div id=\"cmsms_row_6a03f1d5893ba\" class=\"cmsms_row cmsms_color_scheme_default\">\n<div class=\"cmsms_row_outer_parent\">\n<div class=\"cmsms_row_outer\">\n<div class=\"cmsms_row_inner\">\n<div class=\"cmsms_row_margin\">\n<div class=\"cmsms_column one_half\">\n<div id=\"cmsms_icon_box_6a03f1d589444\" class=\"cmsms_icon_box cmsms_box_heading\">\n<div class=\"icon_box_inner\">\n<h3 class=\"cmsms-icon-calendar-alt-1\">Gamme solaire thermique<\/h3>\n<div class=\"icon_box_text\">\n<p>Retrouver une partie de notre gamme de nos chauffe-eau et syst\u00e8me solaires thermique sur notre boutique en ligne<\/p>\n<\/div>\n<a href=\"\/enr\/categorie-produit\/capteurs-solaires,ballons-solaires,accessoires-solaires\/\" class=\"cmsms_button icon_box_button\">Voir les produits<\/a>\n<\/div>\n<\/div>\n<\/div>\n<div class=\"cmsms_column one_half\">\n<div id=\"cmsms_icon_box_6a03f1d58948f\" class=\"cmsms_icon_box cmsms_box_heading\">\n<div class=\"icon_box_inner\">\n<h3 class=\"cmsms-icon-calculator\">R\u00e9alisez votre projet<\/h3>\n<div class=\"icon_box_text\">\n<p>Produisez votre eau chaude gr\u00e2ce au soleil<\/p>\n<\/div>\n<a href=\"\/enr\/demande-devis-installation-chauffe-eau-solaire\" class=\"cmsms_button icon_box_button\">Demandez un devis<\/a>\n<\/div>\n<\/div>\n<\/div>\n<\/div>\n<\/div>\n<\/div>\n<\/div>\n<\/div>\n\n","protected":false},"excerpt":{"rendered":"","protected":false},"author":75,"featured_media":10816,"parent":0,"menu_order":2,"comment_status":"closed","ping_status":"closed","template":"","meta":{"footnotes":""},"class_list":["post-6185","page","type-page","status-publish","has-post-thumbnail","hentry"],"yoast_head":"<!-- This site is optimized with the Yoast SEO plugin v27.6 - https:\/\/yoast.com\/product\/yoast-seo-wordpress\/ -->\n<title>Solaire thermique - WELEM<\/title>\n<meta name=\"robots\" content=\"index, follow, max-snippet:-1, max-image-preview:large, max-video-preview:-1\" \/>\n<link rel=\"canonical\" href=\"https:\/\/welem.com\/enr\/solaire-thermique\/\" \/>\n<meta property=\"og:locale\" content=\"fr_FR\" \/>\n<meta property=\"og:type\" content=\"article\" \/>\n<meta property=\"og:title\" content=\"Solaire thermique - WELEM\" \/>\n<meta property=\"og:url\" content=\"https:\/\/welem.com\/enr\/solaire-thermique\/\" \/>\n<meta property=\"og:site_name\" content=\"WELEM\" \/>\n<meta property=\"article:publisher\" content=\"https:\/\/www.facebook.com\/WELEM-105304956191421\" \/>\n<meta property=\"article:modified_time\" content=\"2025-10-14T07:02:26+00:00\" \/>\n<meta property=\"og:image\" content=\"https:\/\/welem.com\/enr\/wp-content\/uploads\/2015\/09\/animSolaireCESI.jpg\" \/>\n\t<meta property=\"og:image:width\" content=\"580\" \/>\n\t<meta property=\"og:image:height\" content=\"580\" \/>\n\t<meta property=\"og:image:type\" content=\"image\/jpeg\" \/>\n<meta name=\"twitter:card\" content=\"summary_large_image\" \/>\n<meta name=\"twitter:site\" content=\"@societewelem\" \/>\n<meta name=\"twitter:label1\" content=\"Dur\u00e9e de lecture estim\u00e9e\" \/>\n\t<meta name=\"twitter:data1\" content=\"4 minutes\" \/>\n<script type=\"application\/ld+json\" class=\"yoast-schema-graph\">{\"@context\":\"https:\\\/\\\/schema.org\",\"@graph\":[{\"@type\":\"WebPage\",\"@id\":\"https:\\\/\\\/welem.com\\\/enr\\\/solaire-thermique\\\/\",\"url\":\"https:\\\/\\\/welem.com\\\/enr\\\/solaire-thermique\\\/\",\"name\":\"Solaire thermique - WELEM\",\"isPartOf\":{\"@id\":\"https:\\\/\\\/welem.com\\\/enr\\\/#website\"},\"primaryImageOfPage\":{\"@id\":\"https:\\\/\\\/welem.com\\\/enr\\\/solaire-thermique\\\/#primaryimage\"},\"image\":{\"@id\":\"https:\\\/\\\/welem.com\\\/enr\\\/solaire-thermique\\\/#primaryimage\"},\"thumbnailUrl\":\"https:\\\/\\\/welem.com\\\/enr\\\/wp-content\\\/uploads\\\/2015\\\/09\\\/animSolaireCESI.jpg\",\"datePublished\":\"2015-09-11T09:55:12+00:00\",\"dateModified\":\"2025-10-14T07:02:26+00:00\",\"breadcrumb\":{\"@id\":\"https:\\\/\\\/welem.com\\\/enr\\\/solaire-thermique\\\/#breadcrumb\"},\"inLanguage\":\"fr-FR\",\"potentialAction\":[{\"@type\":\"ReadAction\",\"target\":[\"https:\\\/\\\/welem.com\\\/enr\\\/solaire-thermique\\\/\"]}]},{\"@type\":\"ImageObject\",\"inLanguage\":\"fr-FR\",\"@id\":\"https:\\\/\\\/welem.com\\\/enr\\\/solaire-thermique\\\/#primaryimage\",\"url\":\"https:\\\/\\\/welem.com\\\/enr\\\/wp-content\\\/uploads\\\/2015\\\/09\\\/animSolaireCESI.jpg\",\"contentUrl\":\"https:\\\/\\\/welem.com\\\/enr\\\/wp-content\\\/uploads\\\/2015\\\/09\\\/animSolaireCESI.jpg\",\"width\":580,\"height\":580,\"caption\":\"solaire thermique\"},{\"@type\":\"BreadcrumbList\",\"@id\":\"https:\\\/\\\/welem.com\\\/enr\\\/solaire-thermique\\\/#breadcrumb\",\"itemListElement\":[{\"@type\":\"ListItem\",\"position\":1,\"name\":\"Accueil\",\"item\":\"https:\\\/\\\/welem.com\\\/enr\\\/\"},{\"@type\":\"ListItem\",\"position\":2,\"name\":\"Solaire thermique\"}]},{\"@type\":\"WebSite\",\"@id\":\"https:\\\/\\\/welem.com\\\/enr\\\/#website\",\"url\":\"https:\\\/\\\/welem.com\\\/enr\\\/\",\"name\":\"WELEM - L'\u00e9nergie autrement\",\"description\":\"La r\u00e9novation \u00e9nerg\u00e9tique globale\",\"publisher\":{\"@id\":\"https:\\\/\\\/welem.com\\\/enr\\\/#organization\"},\"potentialAction\":[{\"@type\":\"SearchAction\",\"target\":{\"@type\":\"EntryPoint\",\"urlTemplate\":\"https:\\\/\\\/welem.com\\\/enr\\\/?s={search_term_string}\"},\"query-input\":{\"@type\":\"PropertyValueSpecification\",\"valueRequired\":true,\"valueName\":\"search_term_string\"}}],\"inLanguage\":\"fr-FR\"},{\"@type\":\"Organization\",\"@id\":\"https:\\\/\\\/welem.com\\\/enr\\\/#organization\",\"name\":\"WELEM\",\"url\":\"https:\\\/\\\/welem.com\\\/enr\\\/\",\"logo\":{\"@type\":\"ImageObject\",\"inLanguage\":\"fr-FR\",\"@id\":\"https:\\\/\\\/welem.com\\\/enr\\\/#\\\/schema\\\/logo\\\/image\\\/\",\"url\":\"https:\\\/\\\/welem.com\\\/enr\\\/wp-content\\\/uploads\\\/logoWelemRetina.png\",\"contentUrl\":\"https:\\\/\\\/welem.com\\\/enr\\\/wp-content\\\/uploads\\\/logoWelemRetina.png\",\"width\":900,\"height\":311,\"caption\":\"WELEM\"},\"image\":{\"@id\":\"https:\\\/\\\/welem.com\\\/enr\\\/#\\\/schema\\\/logo\\\/image\\\/\"},\"sameAs\":[\"https:\\\/\\\/www.facebook.com\\\/WELEM-105304956191421\",\"https:\\\/\\\/x.com\\\/societewelem\",\"https:\\\/\\\/www.youtube.com\\\/channel\\\/UCx7WBxMNWO_SgykAVYK0xzQ\"]}]}<\/script>\n<!-- \/ Yoast SEO plugin. -->","yoast_head_json":{"title":"Solaire thermique - WELEM","robots":{"index":"index","follow":"follow","max-snippet":"max-snippet:-1","max-image-preview":"max-image-preview:large","max-video-preview":"max-video-preview:-1"},"canonical":"https:\/\/welem.com\/enr\/solaire-thermique\/","og_locale":"fr_FR","og_type":"article","og_title":"Solaire thermique - WELEM","og_url":"https:\/\/welem.com\/enr\/solaire-thermique\/","og_site_name":"WELEM","article_publisher":"https:\/\/www.facebook.com\/WELEM-105304956191421","article_modified_time":"2025-10-14T07:02:26+00:00","og_image":[{"width":580,"height":580,"url":"https:\/\/welem.com\/enr\/wp-content\/uploads\/2015\/09\/animSolaireCESI.jpg","type":"image\/jpeg"}],"twitter_card":"summary_large_image","twitter_site":"@societewelem","twitter_misc":{"Dur\u00e9e de lecture estim\u00e9e":"4 minutes"},"schema":{"@context":"https:\/\/schema.org","@graph":[{"@type":"WebPage","@id":"https:\/\/welem.com\/enr\/solaire-thermique\/","url":"https:\/\/welem.com\/enr\/solaire-thermique\/","name":"Solaire thermique - WELEM","isPartOf":{"@id":"https:\/\/welem.com\/enr\/#website"},"primaryImageOfPage":{"@id":"https:\/\/welem.com\/enr\/solaire-thermique\/#primaryimage"},"image":{"@id":"https:\/\/welem.com\/enr\/solaire-thermique\/#primaryimage"},"thumbnailUrl":"https:\/\/welem.com\/enr\/wp-content\/uploads\/2015\/09\/animSolaireCESI.jpg","datePublished":"2015-09-11T09:55:12+00:00","dateModified":"2025-10-14T07:02:26+00:00","breadcrumb":{"@id":"https:\/\/welem.com\/enr\/solaire-thermique\/#breadcrumb"},"inLanguage":"fr-FR","potentialAction":[{"@type":"ReadAction","target":["https:\/\/welem.com\/enr\/solaire-thermique\/"]}]},{"@type":"ImageObject","inLanguage":"fr-FR","@id":"https:\/\/welem.com\/enr\/solaire-thermique\/#primaryimage","url":"https:\/\/welem.com\/enr\/wp-content\/uploads\/2015\/09\/animSolaireCESI.jpg","contentUrl":"https:\/\/welem.com\/enr\/wp-content\/uploads\/2015\/09\/animSolaireCESI.jpg","width":580,"height":580,"caption":"solaire thermique"},{"@type":"BreadcrumbList","@id":"https:\/\/welem.com\/enr\/solaire-thermique\/#breadcrumb","itemListElement":[{"@type":"ListItem","position":1,"name":"Accueil","item":"https:\/\/welem.com\/enr\/"},{"@type":"ListItem","position":2,"name":"Solaire thermique"}]},{"@type":"WebSite","@id":"https:\/\/welem.com\/enr\/#website","url":"https:\/\/welem.com\/enr\/","name":"WELEM - L'\u00e9nergie autrement","description":"La r\u00e9novation \u00e9nerg\u00e9tique globale","publisher":{"@id":"https:\/\/welem.com\/enr\/#organization"},"potentialAction":[{"@type":"SearchAction","target":{"@type":"EntryPoint","urlTemplate":"https:\/\/welem.com\/enr\/?s={search_term_string}"},"query-input":{"@type":"PropertyValueSpecification","valueRequired":true,"valueName":"search_term_string"}}],"inLanguage":"fr-FR"},{"@type":"Organization","@id":"https:\/\/welem.com\/enr\/#organization","name":"WELEM","url":"https:\/\/welem.com\/enr\/","logo":{"@type":"ImageObject","inLanguage":"fr-FR","@id":"https:\/\/welem.com\/enr\/#\/schema\/logo\/image\/","url":"https:\/\/welem.com\/enr\/wp-content\/uploads\/logoWelemRetina.png","contentUrl":"https:\/\/welem.com\/enr\/wp-content\/uploads\/logoWelemRetina.png","width":900,"height":311,"caption":"WELEM"},"image":{"@id":"https:\/\/welem.com\/enr\/#\/schema\/logo\/image\/"},"sameAs":["https:\/\/www.facebook.com\/WELEM-105304956191421","https:\/\/x.com\/societewelem","https:\/\/www.youtube.com\/channel\/UCx7WBxMNWO_SgykAVYK0xzQ"]}]}},"_links":{"self":[{"href":"https:\/\/welem.com\/enr\/wp-json\/wp\/v2\/pages\/6185","targetHints":{"allow":["GET"]}}],"collection":[{"href":"https:\/\/welem.com\/enr\/wp-json\/wp\/v2\/pages"}],"about":[{"href":"https:\/\/welem.com\/enr\/wp-json\/wp\/v2\/types\/page"}],"author":[{"embeddable":true,"href":"https:\/\/welem.com\/enr\/wp-json\/wp\/v2\/users\/75"}],"replies":[{"embeddable":true,"href":"https:\/\/welem.com\/enr\/wp-json\/wp\/v2\/comments?post=6185"}],"version-history":[{"count":0,"href":"https:\/\/welem.com\/enr\/wp-json\/wp\/v2\/pages\/6185\/revisions"}],"wp:featuredmedia":[{"embeddable":true,"href":"https:\/\/welem.com\/enr\/wp-json\/wp\/v2\/media\/10816"}],"wp:attachment":[{"href":"https:\/\/welem.com\/enr\/wp-json\/wp\/v2\/media?parent=6185"}],"curies":[{"name":"wp","href":"https:\/\/api.w.org\/{rel}","templated":true}]}}