{"id":86105,"date":"2025-07-26T14:09:40","date_gmt":"2025-07-26T12:09:40","guid":{"rendered":"https:\/\/welem.com\/enr\/?page_id=86105"},"modified":"2025-07-26T17:14:13","modified_gmt":"2025-07-26T15:14:13","slug":"renovation-energetique-globale","status":"publish","type":"page","link":"https:\/\/welem.com\/enr\/renovation-energetique-globale\/","title":{"rendered":"R\u00e9novation \u00e9nerg\u00e9tique globale"},"content":{"rendered":"<style type=\"text\/css\"> \n#cmsms_row_69ef6e1121387 .cmsms_row_outer_parent { \n\tpadding-top: 20px; \n} \n\n#cmsms_row_69ef6e1121387 .cmsms_row_outer_parent { \n\tpadding-bottom: 50px; \n} \n\n \n#cmsms_row_69ef6e11219a8 .cmsms_row_outer_parent { \n\tpadding-top: 0px; \n} \n\n#cmsms_row_69ef6e11219a8 .cmsms_row_outer_parent { \n\tpadding-bottom: 30px; \n} \n\n \n#cmsms_heading_69ef6e1121ae0, #cmsms_heading_69ef6e1121ae0 a { \n\tfont-weight:400; \n\tfont-style:normal; \n\tmargin-top:0px; \n\tmargin-bottom:20px; \n} \n \n#cmsms_icon_list_items_69ef6e1121b05.cmsms_icon_list_items .cmsms_icon_list_item:before { \n\tleft:24.5px; \n} \n#cmsms_icon_list_items_69ef6e1121b05.cmsms_icon_list_type_block .cmsms_icon_list_item:before { \n\twidth:1px; \n} \n\n#cmsms_icon_list_items_69ef6e1121b05 .cmsms_icon_list_icon { \n\tborder-width:5px; \n\twidth:50px; \n\theight:50px; \n\t-webkit-border-radius:50%; \n\t-moz-border-radius:50%; \n\tborder-radius:50%; \n} \n\n#cmsms_icon_list_items_69ef6e1121b05 .cmsms_icon_list_icon:before { \n\tfont-size:20px; \n\tline-height:40px; \n} \n\n.cmsms_icon_list_items.cmsms_color_type_border #cmsms_icon_list_item_69ef6e1121b56:hover .cmsms_icon_list_icon { \n\tborder-color:transparent; \n} \n\n.cmsms_icon_list_items.cmsms_color_type_border #cmsms_icon_list_item_69ef6e1121b72:hover .cmsms_icon_list_icon { \n\tborder-color:transparent; \n} \n\n.cmsms_icon_list_items.cmsms_color_type_border #cmsms_icon_list_item_69ef6e1121b87:hover .cmsms_icon_list_icon { \n\tborder-color:transparent; \n} \n \n#cmsms_row_69ef6e1121bd4 .cmsms_row_outer_parent { \n\tpadding-top: 0px; \n} \n\n#cmsms_row_69ef6e1121bd4 .cmsms_row_outer_parent { \n\tpadding-bottom: 50px; \n} \n\n \n#cmsms_heading_69ef6e1121c92, #cmsms_heading_69ef6e1121c92 a { \n\tfont-weight:400; \n\tfont-style:normal; \n\tmargin-top:0px; \n\tmargin-bottom:20px; \n} \n \n#cmsms_heading_69ef6e1121d10, #cmsms_heading_69ef6e1121d10 a { \n\tfont-weight:400; \n\tfont-style:normal; \n\tmargin-top:0px; \n\tmargin-bottom:20px; \n} \n \n#cmsms_row_69ef6e1121d49 .cmsms_row_outer_parent { \n\tpadding-top: 0px; \n} \n\n#cmsms_row_69ef6e1121d49 .cmsms_row_outer_parent { \n\tpadding-bottom: 50px; \n} \n\n \n#cmsms_icon_box_69ef6e1121dec h1:before { \n\tcolor:#bfd029; \n} \n#cmsms_icon_box_69ef6e1121dec .cmsms_button { \n\tfont-weight:100; \n\tfont-style:normal; \n\tpadding-right:20px; \n\tpadding-left:20px; \n} \n#cmsms_icon_box_69ef6e1121dec .cmsms_button:hover { \n} \n<\/style><div id=\"cmsms_row_69ef6e1121387\" class=\"cmsms_row cmsms_color_scheme_default\">\n<div class=\"cmsms_row_outer_parent\">\n<div class=\"cmsms_row_outer\">\n<div class=\"cmsms_row_inner\">\n<div class=\"cmsms_row_margin\">\n<div class=\"cmsms_column one_third\">\n<div class=\"cmsms_img  cmsms_image_n\">\n<img decoding=\"async\" src=\"https:\/\/welem.com\/enr\/wp-content\/uploads\/renovation_energetique_globale-300x300.jpg\" \/>\n<\/div>\n<\/div>\n<div class=\"cmsms_column two_third\">\n<div class=\"cmsms_text\">\n<p style=\"text-align: left;\">Vous souhaitez r\u00e9duire vos factures d&rsquo;\u00e9nergie, am\u00e9liorer votre confort toute l&rsquo;ann\u00e9e et valoriser votre bien immobilier ?<br data-start=\"526\" data-end=\"529\" \/><strong data-start=\"529\" data-end=\"538\">WELEM<\/strong> vous accompagne de A \u00e0 Z dans <strong data-start=\"569\" data-end=\"611\">la r\u00e9novation globale de votre habitat.<\/strong><\/p>\n<\/div>\n<\/div>\n<\/div>\n<\/div>\n<\/div>\n<\/div>\n<\/div>\n<div id=\"cmsms_row_69ef6e11219a8\" class=\"cmsms_row cmsms_color_scheme_default\">\n<div class=\"cmsms_row_outer_parent\">\n<div class=\"cmsms_row_outer\">\n<div class=\"cmsms_row_inner\">\n<div class=\"cmsms_row_margin\">\n<div class=\"cmsms_column one_first\">\n<h3 id=\"cmsms_heading_69ef6e1121ae0\" class=\"cmsms_heading\">Notre engagement : un habitat sain, performant et durable<\/h3><div class=\"cmsms_text\">\n<p><strong data-start=\"790\" data-end=\"799\">WELEM<\/strong>, entreprise qualifi\u00e9e RGE, con\u00e7oit et r\u00e9alise des r\u00e9novations \u00e9nerg\u00e9tiques sur mesure, adapt\u00e9es \u00e0 chaque b\u00e2timent et \u00e0 chaque budget.<\/p>\n<\/div>\n \n<ul id=\"cmsms_icon_list_items_69ef6e1121b05\" class=\"cmsms_icon_list_items cmsms_icon_list_type_block cmsms_icon_list_pos_left cmsms_color_type_border\" data-animation=\"fadeInRightBig\" data-delay=\"100\"><li id=\"cmsms_icon_list_item_69ef6e1121b56\" class=\"cmsms_icon_list_item\">\n<div class=\"cmsms_icon_list_item_inner\">\n<div class=\"cmsms_icon_list_icon_wrap\">\n<span class=\"cmsms_icon_list_icon cmsms-icon-thumbs-up-5\"><\/span>\n<\/div>\n<div class=\"cmsms_icon_list_item_content\">\n<h4 class=\"cmsms_icon_list_item_title\">Isolation thermique haute performance<\/h4>\n<div class=\"cmsms_icon_list_item_text\">\n<ul>\n<li>Combles, murs, planchers bas : une isolation sur tous les points faibles du b\u00e2ti<\/li>\n<li>Mat\u00e9riaux durables, biosourc\u00e9s ou traditionnels<\/li>\n<li>Pose garantie sans pont thermique<\/li>\n<\/ul>\n<\/div>\n<\/div>\n<\/div>\n<\/li><li id=\"cmsms_icon_list_item_69ef6e1121b72\" class=\"cmsms_icon_list_item\">\n<div class=\"cmsms_icon_list_item_inner\">\n<div class=\"cmsms_icon_list_icon_wrap\">\n<span class=\"cmsms_icon_list_icon cmsms-icon-thumbs-up-5\"><\/span>\n<\/div>\n<div class=\"cmsms_icon_list_item_content\">\n<h4 class=\"cmsms_icon_list_item_title\">Chauffage \u00e9conome et adapt\u00e9<\/h4>\n<div class=\"cmsms_icon_list_item_text\">\n<ul>\n<li data-start=\"1197\" data-end=\"1267\">Pompes \u00e0 chaleur air\/eau, po\u00eales \u00e0 granul\u00e9s, chaudi\u00e8res \u00e0 condensation<\/li>\n<li data-start=\"1270\" data-end=\"1332\">\u00c9tude thermique gratuite pour d\u00e9terminer la meilleure solution<\/li>\n<li data-start=\"1335\" data-end=\"1380\">Syst\u00e8mes connect\u00e9s pour piloter votre confort<\/li>\n<\/ul>\n<\/div>\n<\/div>\n<\/div>\n<\/li><li id=\"cmsms_icon_list_item_69ef6e1121b87\" class=\"cmsms_icon_list_item\">\n<div class=\"cmsms_icon_list_item_inner\">\n<div class=\"cmsms_icon_list_icon_wrap\">\n<span class=\"cmsms_icon_list_icon cmsms-icon-thumbs-up-5\"><\/span>\n<\/div>\n<div class=\"cmsms_icon_list_item_content\">\n<h4 class=\"cmsms_icon_list_item_title\">Ventilation double flux ou simple flux <\/h4>\n<div class=\"cmsms_icon_list_item_text\">\n<ul>\n<li data-start=\"1449\" data-end=\"1485\">Qualit\u00e9 de l\u2019air int\u00e9rieur optimis\u00e9e<\/li>\n<li data-start=\"1488\" data-end=\"1519\">R\u00e9duction des pertes de chaleur<\/li>\n<li data-start=\"1522\" data-end=\"1558\">Installation discr\u00e8te et silencieuse<\/li>\n<\/ul>\n<\/div>\n<\/div>\n<\/div>\n<\/li><\/ul>\n<\/div>\n<\/div>\n<\/div>\n<\/div>\n<\/div>\n<\/div>\n<div id=\"cmsms_row_69ef6e1121bd4\" class=\"cmsms_row cmsms_color_scheme_default\">\n<div class=\"cmsms_row_outer_parent\">\n<div class=\"cmsms_row_outer\">\n<div class=\"cmsms_row_inner\">\n<div class=\"cmsms_row_margin\">\n<div class=\"cmsms_column one_half\">\n<h3 id=\"cmsms_heading_69ef6e1121c92\" class=\"cmsms_heading\">Une approche globale, cl\u00e9 en main<\/h3><div class=\"cmsms_text\">\n<ol style=\"list-style-type: upper-alpha;\">\n<li data-start=\"1614\" data-end=\"1648\">Audit \u00e9nerg\u00e9tique personnalis\u00e9<\/li>\n<li data-start=\"1652\" data-end=\"1681\">Plan de travaux coordonn\u00e9<\/li>\n<li data-start=\"1685\" data-end=\"1748\">Accompagnement administratif (MaPrimeR\u00e9nov\u2019, CEE, \u00c9co-PTZ\u2026)<\/li>\n<li data-start=\"1752\" data-end=\"1794\">R\u00e9alisation par nos \u00e9quipes certifi\u00e9es<\/li>\n<li data-start=\"1798\" data-end=\"1849\">Suivi post-travaux &amp; optimisation de vos usages<\/li>\n<\/ol>\n<\/div>\n<\/div>\n<div class=\"cmsms_column one_half\">\n<h3 id=\"cmsms_heading_69ef6e1121d10\" class=\"cmsms_heading\">Les r\u00e9sultats sont l\u00e0<\/h3><div class=\"cmsms_text\">\n<ul>\n<li data-start=\"1894\" data-end=\"1931\"><span data-start=\"1902\" data-end=\"1931\">Baisse <\/span><strong data-start=\"1902\" data-end=\"1931\">des factures d&rsquo;\u00e9nergie<\/strong><\/li>\n<li data-start=\"1934\" data-end=\"1974\">Un <strong data-start=\"1937\" data-end=\"1974\">confort thermique \u00e9t\u00e9 comme hiver<\/strong><\/li>\n<li data-start=\"1977\" data-end=\"2021\">Une <strong data-start=\"1981\" data-end=\"2021\">meilleure qualit\u00e9 de l\u2019air int\u00e9rieur<\/strong><\/li>\n<li data-start=\"2024\" data-end=\"2068\">Une <strong data-start=\"2028\" data-end=\"2068\">plus-value immobili\u00e8re significative<\/strong><\/li>\n<\/ul>\n<\/div>\n<\/div>\n<\/div>\n<\/div>\n<\/div>\n<\/div>\n<\/div>\n<div id=\"cmsms_row_69ef6e1121d49\" class=\"cmsms_row cmsms_color_scheme_default\">\n<div class=\"cmsms_row_outer_parent\">\n<div class=\"cmsms_row_outer\">\n<div class=\"cmsms_row_inner\">\n<div class=\"cmsms_row_margin\">\n<div class=\"cmsms_column one_first\">\n<div id=\"cmsms_icon_box_69ef6e1121dec\" class=\"cmsms_icon_box cmsms_box_heading\">\n<div class=\"icon_box_inner\">\n<h3 class=\"cmsms-icon-info-circled\">Pr\u00eat \u00e0 transformer votre logement ?<\/h3>\n<div class=\"icon_box_text\">\n<p>Contactez nous pour un diagnostic gratuit et sans engagement. Nos conseillers vous rappellent sous 24h.<\/p>\n<\/div>\n<a href=\"\/enr\/contact\" class=\"cmsms_button icon_box_button\">Prenez contact<\/a>\n<\/div>\n<\/div>\n<\/div>\n<\/div>\n<\/div>\n<\/div>\n<\/div>\n<\/div>\n\n","protected":false},"excerpt":{"rendered":"","protected":false},"author":75,"featured_media":86107,"parent":0,"menu_order":0,"comment_status":"closed","ping_status":"closed","template":"","meta":{"footnotes":""},"class_list":["post-86105","page","type-page","status-publish","has-post-thumbnail","hentry"],"yoast_head":"<!-- This site is optimized with the Yoast SEO plugin v27.4 - https:\/\/yoast.com\/product\/yoast-seo-wordpress\/ -->\n<title>R\u00e9novation \u00e9nerg\u00e9tique globale - WELEM<\/title>\n<meta name=\"robots\" content=\"index, follow, max-snippet:-1, max-image-preview:large, max-video-preview:-1\" \/>\n<link rel=\"canonical\" href=\"https:\/\/welem.com\/enr\/renovation-energetique-globale\/\" \/>\n<meta property=\"og:locale\" content=\"fr_FR\" \/>\n<meta property=\"og:type\" content=\"article\" \/>\n<meta property=\"og:title\" content=\"R\u00e9novation \u00e9nerg\u00e9tique globale - WELEM\" \/>\n<meta property=\"og:url\" content=\"https:\/\/welem.com\/enr\/renovation-energetique-globale\/\" \/>\n<meta property=\"og:site_name\" content=\"WELEM\" \/>\n<meta property=\"article:publisher\" content=\"https:\/\/www.facebook.com\/WELEM-105304956191421\" \/>\n<meta property=\"article:modified_time\" content=\"2025-07-26T15:14:13+00:00\" \/>\n<meta property=\"og:image\" content=\"https:\/\/welem.com\/enr\/wp-content\/uploads\/renovation_energetique_globale.jpg\" \/>\n\t<meta property=\"og:image:width\" content=\"1024\" \/>\n\t<meta property=\"og:image:height\" content=\"1024\" \/>\n\t<meta property=\"og:image:type\" content=\"image\/jpeg\" \/>\n<meta name=\"twitter:card\" content=\"summary_large_image\" \/>\n<meta name=\"twitter:site\" content=\"@societewelem\" \/>\n<meta name=\"twitter:label1\" content=\"Dur\u00e9e de lecture estim\u00e9e\" \/>\n\t<meta name=\"twitter:data1\" content=\"2 minutes\" \/>\n<script type=\"application\/ld+json\" class=\"yoast-schema-graph\">{\"@context\":\"https:\\\/\\\/schema.org\",\"@graph\":[{\"@type\":\"WebPage\",\"@id\":\"https:\\\/\\\/welem.com\\\/enr\\\/renovation-energetique-globale\\\/\",\"url\":\"https:\\\/\\\/welem.com\\\/enr\\\/renovation-energetique-globale\\\/\",\"name\":\"R\u00e9novation \u00e9nerg\u00e9tique globale - WELEM\",\"isPartOf\":{\"@id\":\"https:\\\/\\\/welem.com\\\/enr\\\/#website\"},\"primaryImageOfPage\":{\"@id\":\"https:\\\/\\\/welem.com\\\/enr\\\/renovation-energetique-globale\\\/#primaryimage\"},\"image\":{\"@id\":\"https:\\\/\\\/welem.com\\\/enr\\\/renovation-energetique-globale\\\/#primaryimage\"},\"thumbnailUrl\":\"https:\\\/\\\/welem.com\\\/enr\\\/wp-content\\\/uploads\\\/renovation_energetique_globale.jpg\",\"datePublished\":\"2025-07-26T12:09:40+00:00\",\"dateModified\":\"2025-07-26T15:14:13+00:00\",\"breadcrumb\":{\"@id\":\"https:\\\/\\\/welem.com\\\/enr\\\/renovation-energetique-globale\\\/#breadcrumb\"},\"inLanguage\":\"fr-FR\",\"potentialAction\":[{\"@type\":\"ReadAction\",\"target\":[\"https:\\\/\\\/welem.com\\\/enr\\\/renovation-energetique-globale\\\/\"]}]},{\"@type\":\"ImageObject\",\"inLanguage\":\"fr-FR\",\"@id\":\"https:\\\/\\\/welem.com\\\/enr\\\/renovation-energetique-globale\\\/#primaryimage\",\"url\":\"https:\\\/\\\/welem.com\\\/enr\\\/wp-content\\\/uploads\\\/renovation_energetique_globale.jpg\",\"contentUrl\":\"https:\\\/\\\/welem.com\\\/enr\\\/wp-content\\\/uploads\\\/renovation_energetique_globale.jpg\",\"width\":1024,\"height\":1024},{\"@type\":\"BreadcrumbList\",\"@id\":\"https:\\\/\\\/welem.com\\\/enr\\\/renovation-energetique-globale\\\/#breadcrumb\",\"itemListElement\":[{\"@type\":\"ListItem\",\"position\":1,\"name\":\"Accueil\",\"item\":\"https:\\\/\\\/welem.com\\\/enr\\\/\"},{\"@type\":\"ListItem\",\"position\":2,\"name\":\"R\u00e9novation \u00e9nerg\u00e9tique globale\"}]},{\"@type\":\"WebSite\",\"@id\":\"https:\\\/\\\/welem.com\\\/enr\\\/#website\",\"url\":\"https:\\\/\\\/welem.com\\\/enr\\\/\",\"name\":\"WELEM - L'\u00e9nergie autrement\",\"description\":\"La r\u00e9novation \u00e9nerg\u00e9tique globale\",\"publisher\":{\"@id\":\"https:\\\/\\\/welem.com\\\/enr\\\/#organization\"},\"potentialAction\":[{\"@type\":\"SearchAction\",\"target\":{\"@type\":\"EntryPoint\",\"urlTemplate\":\"https:\\\/\\\/welem.com\\\/enr\\\/?s={search_term_string}\"},\"query-input\":{\"@type\":\"PropertyValueSpecification\",\"valueRequired\":true,\"valueName\":\"search_term_string\"}}],\"inLanguage\":\"fr-FR\"},{\"@type\":\"Organization\",\"@id\":\"https:\\\/\\\/welem.com\\\/enr\\\/#organization\",\"name\":\"WELEM\",\"url\":\"https:\\\/\\\/welem.com\\\/enr\\\/\",\"logo\":{\"@type\":\"ImageObject\",\"inLanguage\":\"fr-FR\",\"@id\":\"https:\\\/\\\/welem.com\\\/enr\\\/#\\\/schema\\\/logo\\\/image\\\/\",\"url\":\"https:\\\/\\\/welem.com\\\/enr\\\/wp-content\\\/uploads\\\/logoWelemRetina.png\",\"contentUrl\":\"https:\\\/\\\/welem.com\\\/enr\\\/wp-content\\\/uploads\\\/logoWelemRetina.png\",\"width\":900,\"height\":311,\"caption\":\"WELEM\"},\"image\":{\"@id\":\"https:\\\/\\\/welem.com\\\/enr\\\/#\\\/schema\\\/logo\\\/image\\\/\"},\"sameAs\":[\"https:\\\/\\\/www.facebook.com\\\/WELEM-105304956191421\",\"https:\\\/\\\/x.com\\\/societewelem\",\"https:\\\/\\\/www.youtube.com\\\/channel\\\/UCx7WBxMNWO_SgykAVYK0xzQ\"]}]}<\/script>\n<!-- \/ Yoast SEO plugin. -->","yoast_head_json":{"title":"R\u00e9novation \u00e9nerg\u00e9tique globale - WELEM","robots":{"index":"index","follow":"follow","max-snippet":"max-snippet:-1","max-image-preview":"max-image-preview:large","max-video-preview":"max-video-preview:-1"},"canonical":"https:\/\/welem.com\/enr\/renovation-energetique-globale\/","og_locale":"fr_FR","og_type":"article","og_title":"R\u00e9novation \u00e9nerg\u00e9tique globale - WELEM","og_url":"https:\/\/welem.com\/enr\/renovation-energetique-globale\/","og_site_name":"WELEM","article_publisher":"https:\/\/www.facebook.com\/WELEM-105304956191421","article_modified_time":"2025-07-26T15:14:13+00:00","og_image":[{"width":1024,"height":1024,"url":"https:\/\/welem.com\/enr\/wp-content\/uploads\/renovation_energetique_globale.jpg","type":"image\/jpeg"}],"twitter_card":"summary_large_image","twitter_site":"@societewelem","twitter_misc":{"Dur\u00e9e de lecture estim\u00e9e":"2 minutes"},"schema":{"@context":"https:\/\/schema.org","@graph":[{"@type":"WebPage","@id":"https:\/\/welem.com\/enr\/renovation-energetique-globale\/","url":"https:\/\/welem.com\/enr\/renovation-energetique-globale\/","name":"R\u00e9novation \u00e9nerg\u00e9tique globale - WELEM","isPartOf":{"@id":"https:\/\/welem.com\/enr\/#website"},"primaryImageOfPage":{"@id":"https:\/\/welem.com\/enr\/renovation-energetique-globale\/#primaryimage"},"image":{"@id":"https:\/\/welem.com\/enr\/renovation-energetique-globale\/#primaryimage"},"thumbnailUrl":"https:\/\/welem.com\/enr\/wp-content\/uploads\/renovation_energetique_globale.jpg","datePublished":"2025-07-26T12:09:40+00:00","dateModified":"2025-07-26T15:14:13+00:00","breadcrumb":{"@id":"https:\/\/welem.com\/enr\/renovation-energetique-globale\/#breadcrumb"},"inLanguage":"fr-FR","potentialAction":[{"@type":"ReadAction","target":["https:\/\/welem.com\/enr\/renovation-energetique-globale\/"]}]},{"@type":"ImageObject","inLanguage":"fr-FR","@id":"https:\/\/welem.com\/enr\/renovation-energetique-globale\/#primaryimage","url":"https:\/\/welem.com\/enr\/wp-content\/uploads\/renovation_energetique_globale.jpg","contentUrl":"https:\/\/welem.com\/enr\/wp-content\/uploads\/renovation_energetique_globale.jpg","width":1024,"height":1024},{"@type":"BreadcrumbList","@id":"https:\/\/welem.com\/enr\/renovation-energetique-globale\/#breadcrumb","itemListElement":[{"@type":"ListItem","position":1,"name":"Accueil","item":"https:\/\/welem.com\/enr\/"},{"@type":"ListItem","position":2,"name":"R\u00e9novation \u00e9nerg\u00e9tique globale"}]},{"@type":"WebSite","@id":"https:\/\/welem.com\/enr\/#website","url":"https:\/\/welem.com\/enr\/","name":"WELEM - L'\u00e9nergie autrement","description":"La r\u00e9novation \u00e9nerg\u00e9tique globale","publisher":{"@id":"https:\/\/welem.com\/enr\/#organization"},"potentialAction":[{"@type":"SearchAction","target":{"@type":"EntryPoint","urlTemplate":"https:\/\/welem.com\/enr\/?s={search_term_string}"},"query-input":{"@type":"PropertyValueSpecification","valueRequired":true,"valueName":"search_term_string"}}],"inLanguage":"fr-FR"},{"@type":"Organization","@id":"https:\/\/welem.com\/enr\/#organization","name":"WELEM","url":"https:\/\/welem.com\/enr\/","logo":{"@type":"ImageObject","inLanguage":"fr-FR","@id":"https:\/\/welem.com\/enr\/#\/schema\/logo\/image\/","url":"https:\/\/welem.com\/enr\/wp-content\/uploads\/logoWelemRetina.png","contentUrl":"https:\/\/welem.com\/enr\/wp-content\/uploads\/logoWelemRetina.png","width":900,"height":311,"caption":"WELEM"},"image":{"@id":"https:\/\/welem.com\/enr\/#\/schema\/logo\/image\/"},"sameAs":["https:\/\/www.facebook.com\/WELEM-105304956191421","https:\/\/x.com\/societewelem","https:\/\/www.youtube.com\/channel\/UCx7WBxMNWO_SgykAVYK0xzQ"]}]}},"_links":{"self":[{"href":"https:\/\/welem.com\/enr\/wp-json\/wp\/v2\/pages\/86105","targetHints":{"allow":["GET"]}}],"collection":[{"href":"https:\/\/welem.com\/enr\/wp-json\/wp\/v2\/pages"}],"about":[{"href":"https:\/\/welem.com\/enr\/wp-json\/wp\/v2\/types\/page"}],"author":[{"embeddable":true,"href":"https:\/\/welem.com\/enr\/wp-json\/wp\/v2\/users\/75"}],"replies":[{"embeddable":true,"href":"https:\/\/welem.com\/enr\/wp-json\/wp\/v2\/comments?post=86105"}],"version-history":[{"count":0,"href":"https:\/\/welem.com\/enr\/wp-json\/wp\/v2\/pages\/86105\/revisions"}],"wp:featuredmedia":[{"embeddable":true,"href":"https:\/\/welem.com\/enr\/wp-json\/wp\/v2\/media\/86107"}],"wp:attachment":[{"href":"https:\/\/welem.com\/enr\/wp-json\/wp\/v2\/media?parent=86105"}],"curies":[{"name":"wp","href":"https:\/\/api.w.org\/{rel}","templated":true}]}}