{"id":15055,"date":"2014-12-31T00:00:00","date_gmt":"2014-12-30T23:00:00","guid":{"rendered":"http:\/\/welem.com\/enr\/shop\/non%20class\u00e9\/te-inox-90-o130mm\/"},"modified":"2024-07-09T09:38:18","modified_gmt":"2024-07-09T07:38:18","slug":"vanne-melangeuse-laiton-vc3v-o26x34-2","status":"publish","type":"product","link":"https:\/\/welem.com\/enr\/produit\/vanne-melangeuse-laiton-vc3v-o26x34-2\/","title":{"rendered":"Vanne m\u00e9langeuse laiton VC3V \u00d826&#215;34"},"content":{"rendered":"<style type=\"text\/css\"><\/style><p>Vanne 3 voies &#8211; Corps laiton &#8211; P. maxi : 6 b. &#8211; T\u00b0 maxi : 110\u00b0C<\/p>\n","protected":false},"excerpt":{"rendered":"<p>Vanne 3 voies &#8211; Corps laiton &#8211; P. maxi : 6 b. &#8211; T\u00b0 maxi : 110\u00b0C<\/p>\n","protected":false},"featured_media":54547,"comment_status":"closed","ping_status":"closed","template":"","meta":[],"product_brand":[],"product_cat":[1891],"product_tag":[],"class_list":{"0":"post-15055","1":"product","2":"type-product","3":"status-publish","4":"has-post-thumbnail","6":"product_cat-accessoires-chauffage","7":"product_shipping_class-transport-produits-welem","8":"pa_supplier-cgr","10":"first","11":"instock","12":"taxable","13":"shipping-taxable","14":"purchasable","15":"product-type-simple"},"yoast_head":"<!-- This site is optimized with the Yoast SEO plugin v27.3 - https:\/\/yoast.com\/product\/yoast-seo-wordpress\/ -->\n<title>Vanne m\u00e9langeuse laiton VC3V \u00d826x34 - WELEM<\/title>\n<meta name=\"robots\" content=\"index, follow, max-snippet:-1, max-image-preview:large, max-video-preview:-1\" \/>\n<link rel=\"canonical\" href=\"https:\/\/welem.com\/enr\/produit\/vanne-melangeuse-laiton-vc3v-o26x34-2\/\" \/>\n<meta property=\"og:locale\" content=\"fr_FR\" \/>\n<meta property=\"og:type\" content=\"article\" \/>\n<meta property=\"og:title\" content=\"Vanne m\u00e9langeuse laiton VC3V \u00d826x34 - WELEM\" \/>\n<meta property=\"og:description\" content=\"Vanne 3 voies &#8211; Corps laiton &#8211; P. maxi : 6 b. &#8211; T\u00b0 maxi : 110\u00b0C\" \/>\n<meta property=\"og:url\" content=\"https:\/\/welem.com\/enr\/produit\/vanne-melangeuse-laiton-vc3v-o26x34-2\/\" \/>\n<meta property=\"og:site_name\" content=\"WELEM\" \/>\n<meta property=\"article:publisher\" content=\"https:\/\/www.facebook.com\/WELEM-105304956191421\" \/>\n<meta property=\"article:modified_time\" content=\"2024-07-09T07:38:18+00:00\" \/>\n<meta property=\"og:image\" content=\"https:\/\/welem.com\/enr\/wp-content\/uploads\/CgrV3V.gif\" \/>\n\t<meta property=\"og:image:width\" content=\"180\" \/>\n\t<meta property=\"og:image:height\" content=\"160\" \/>\n\t<meta property=\"og:image:type\" content=\"image\/gif\" \/>\n<meta name=\"twitter:card\" content=\"summary_large_image\" \/>\n<meta name=\"twitter:site\" content=\"@societewelem\" \/>\n<script type=\"application\/ld+json\" class=\"yoast-schema-graph\">{\"@context\":\"https:\\\/\\\/schema.org\",\"@graph\":[{\"@type\":\"WebPage\",\"@id\":\"https:\\\/\\\/welem.com\\\/enr\\\/produit\\\/vanne-melangeuse-laiton-vc3v-o26x34-2\\\/\",\"url\":\"https:\\\/\\\/welem.com\\\/enr\\\/produit\\\/vanne-melangeuse-laiton-vc3v-o26x34-2\\\/\",\"name\":\"Vanne m\u00e9langeuse laiton VC3V \u00d826x34 - WELEM\",\"isPartOf\":{\"@id\":\"https:\\\/\\\/welem.com\\\/enr\\\/#website\"},\"primaryImageOfPage\":{\"@id\":\"https:\\\/\\\/welem.com\\\/enr\\\/produit\\\/vanne-melangeuse-laiton-vc3v-o26x34-2\\\/#primaryimage\"},\"image\":{\"@id\":\"https:\\\/\\\/welem.com\\\/enr\\\/produit\\\/vanne-melangeuse-laiton-vc3v-o26x34-2\\\/#primaryimage\"},\"thumbnailUrl\":\"https:\\\/\\\/welem.com\\\/enr\\\/wp-content\\\/uploads\\\/CgrV3V.gif\",\"datePublished\":\"2014-12-30T23:00:00+00:00\",\"dateModified\":\"2024-07-09T07:38:18+00:00\",\"breadcrumb\":{\"@id\":\"https:\\\/\\\/welem.com\\\/enr\\\/produit\\\/vanne-melangeuse-laiton-vc3v-o26x34-2\\\/#breadcrumb\"},\"inLanguage\":\"fr-FR\",\"potentialAction\":[{\"@type\":\"ReadAction\",\"target\":[\"https:\\\/\\\/welem.com\\\/enr\\\/produit\\\/vanne-melangeuse-laiton-vc3v-o26x34-2\\\/\"]}]},{\"@type\":\"ImageObject\",\"inLanguage\":\"fr-FR\",\"@id\":\"https:\\\/\\\/welem.com\\\/enr\\\/produit\\\/vanne-melangeuse-laiton-vc3v-o26x34-2\\\/#primaryimage\",\"url\":\"https:\\\/\\\/welem.com\\\/enr\\\/wp-content\\\/uploads\\\/CgrV3V.gif\",\"contentUrl\":\"https:\\\/\\\/welem.com\\\/enr\\\/wp-content\\\/uploads\\\/CgrV3V.gif\",\"width\":180,\"height\":160},{\"@type\":\"BreadcrumbList\",\"@id\":\"https:\\\/\\\/welem.com\\\/enr\\\/produit\\\/vanne-melangeuse-laiton-vc3v-o26x34-2\\\/#breadcrumb\",\"itemListElement\":[{\"@type\":\"ListItem\",\"position\":1,\"name\":\"Accueil\",\"item\":\"https:\\\/\\\/welem.com\\\/enr\\\/\"},{\"@type\":\"ListItem\",\"position\":2,\"name\":\"Boutique\",\"item\":\"https:\\\/\\\/welem.com\\\/enr\\\/shop\\\/\"},{\"@type\":\"ListItem\",\"position\":3,\"name\":\"Vanne m\u00e9langeuse laiton VC3V \u00d826&#215;34\"}]},{\"@type\":\"WebSite\",\"@id\":\"https:\\\/\\\/welem.com\\\/enr\\\/#website\",\"url\":\"https:\\\/\\\/welem.com\\\/enr\\\/\",\"name\":\"WELEM - L'\u00e9nergie autrement\",\"description\":\"La r\u00e9novation \u00e9nerg\u00e9tique globale\",\"publisher\":{\"@id\":\"https:\\\/\\\/welem.com\\\/enr\\\/#organization\"},\"potentialAction\":[{\"@type\":\"SearchAction\",\"target\":{\"@type\":\"EntryPoint\",\"urlTemplate\":\"https:\\\/\\\/welem.com\\\/enr\\\/?s={search_term_string}\"},\"query-input\":{\"@type\":\"PropertyValueSpecification\",\"valueRequired\":true,\"valueName\":\"search_term_string\"}}],\"inLanguage\":\"fr-FR\"},{\"@type\":\"Organization\",\"@id\":\"https:\\\/\\\/welem.com\\\/enr\\\/#organization\",\"name\":\"WELEM\",\"url\":\"https:\\\/\\\/welem.com\\\/enr\\\/\",\"logo\":{\"@type\":\"ImageObject\",\"inLanguage\":\"fr-FR\",\"@id\":\"https:\\\/\\\/welem.com\\\/enr\\\/#\\\/schema\\\/logo\\\/image\\\/\",\"url\":\"https:\\\/\\\/welem.com\\\/enr\\\/wp-content\\\/uploads\\\/logoWelemRetina.png\",\"contentUrl\":\"https:\\\/\\\/welem.com\\\/enr\\\/wp-content\\\/uploads\\\/logoWelemRetina.png\",\"width\":900,\"height\":311,\"caption\":\"WELEM\"},\"image\":{\"@id\":\"https:\\\/\\\/welem.com\\\/enr\\\/#\\\/schema\\\/logo\\\/image\\\/\"},\"sameAs\":[\"https:\\\/\\\/www.facebook.com\\\/WELEM-105304956191421\",\"https:\\\/\\\/x.com\\\/societewelem\",\"https:\\\/\\\/www.youtube.com\\\/channel\\\/UCx7WBxMNWO_SgykAVYK0xzQ\"]}]}<\/script>\n<!-- \/ Yoast SEO plugin. -->","yoast_head_json":{"title":"Vanne m\u00e9langeuse laiton VC3V \u00d826x34 - WELEM","robots":{"index":"index","follow":"follow","max-snippet":"max-snippet:-1","max-image-preview":"max-image-preview:large","max-video-preview":"max-video-preview:-1"},"canonical":"https:\/\/welem.com\/enr\/produit\/vanne-melangeuse-laiton-vc3v-o26x34-2\/","og_locale":"fr_FR","og_type":"article","og_title":"Vanne m\u00e9langeuse laiton VC3V \u00d826x34 - WELEM","og_description":"Vanne 3 voies &#8211; Corps laiton &#8211; P. maxi : 6 b. &#8211; T\u00b0 maxi : 110\u00b0C","og_url":"https:\/\/welem.com\/enr\/produit\/vanne-melangeuse-laiton-vc3v-o26x34-2\/","og_site_name":"WELEM","article_publisher":"https:\/\/www.facebook.com\/WELEM-105304956191421","article_modified_time":"2024-07-09T07:38:18+00:00","og_image":[{"width":180,"height":160,"url":"https:\/\/welem.com\/enr\/wp-content\/uploads\/CgrV3V.gif","type":"image\/gif"}],"twitter_card":"summary_large_image","twitter_site":"@societewelem","schema":{"@context":"https:\/\/schema.org","@graph":[{"@type":"WebPage","@id":"https:\/\/welem.com\/enr\/produit\/vanne-melangeuse-laiton-vc3v-o26x34-2\/","url":"https:\/\/welem.com\/enr\/produit\/vanne-melangeuse-laiton-vc3v-o26x34-2\/","name":"Vanne m\u00e9langeuse laiton VC3V \u00d826x34 - WELEM","isPartOf":{"@id":"https:\/\/welem.com\/enr\/#website"},"primaryImageOfPage":{"@id":"https:\/\/welem.com\/enr\/produit\/vanne-melangeuse-laiton-vc3v-o26x34-2\/#primaryimage"},"image":{"@id":"https:\/\/welem.com\/enr\/produit\/vanne-melangeuse-laiton-vc3v-o26x34-2\/#primaryimage"},"thumbnailUrl":"https:\/\/welem.com\/enr\/wp-content\/uploads\/CgrV3V.gif","datePublished":"2014-12-30T23:00:00+00:00","dateModified":"2024-07-09T07:38:18+00:00","breadcrumb":{"@id":"https:\/\/welem.com\/enr\/produit\/vanne-melangeuse-laiton-vc3v-o26x34-2\/#breadcrumb"},"inLanguage":"fr-FR","potentialAction":[{"@type":"ReadAction","target":["https:\/\/welem.com\/enr\/produit\/vanne-melangeuse-laiton-vc3v-o26x34-2\/"]}]},{"@type":"ImageObject","inLanguage":"fr-FR","@id":"https:\/\/welem.com\/enr\/produit\/vanne-melangeuse-laiton-vc3v-o26x34-2\/#primaryimage","url":"https:\/\/welem.com\/enr\/wp-content\/uploads\/CgrV3V.gif","contentUrl":"https:\/\/welem.com\/enr\/wp-content\/uploads\/CgrV3V.gif","width":180,"height":160},{"@type":"BreadcrumbList","@id":"https:\/\/welem.com\/enr\/produit\/vanne-melangeuse-laiton-vc3v-o26x34-2\/#breadcrumb","itemListElement":[{"@type":"ListItem","position":1,"name":"Accueil","item":"https:\/\/welem.com\/enr\/"},{"@type":"ListItem","position":2,"name":"Boutique","item":"https:\/\/welem.com\/enr\/shop\/"},{"@type":"ListItem","position":3,"name":"Vanne m\u00e9langeuse laiton VC3V \u00d826&#215;34"}]},{"@type":"WebSite","@id":"https:\/\/welem.com\/enr\/#website","url":"https:\/\/welem.com\/enr\/","name":"WELEM - L'\u00e9nergie autrement","description":"La r\u00e9novation \u00e9nerg\u00e9tique globale","publisher":{"@id":"https:\/\/welem.com\/enr\/#organization"},"potentialAction":[{"@type":"SearchAction","target":{"@type":"EntryPoint","urlTemplate":"https:\/\/welem.com\/enr\/?s={search_term_string}"},"query-input":{"@type":"PropertyValueSpecification","valueRequired":true,"valueName":"search_term_string"}}],"inLanguage":"fr-FR"},{"@type":"Organization","@id":"https:\/\/welem.com\/enr\/#organization","name":"WELEM","url":"https:\/\/welem.com\/enr\/","logo":{"@type":"ImageObject","inLanguage":"fr-FR","@id":"https:\/\/welem.com\/enr\/#\/schema\/logo\/image\/","url":"https:\/\/welem.com\/enr\/wp-content\/uploads\/logoWelemRetina.png","contentUrl":"https:\/\/welem.com\/enr\/wp-content\/uploads\/logoWelemRetina.png","width":900,"height":311,"caption":"WELEM"},"image":{"@id":"https:\/\/welem.com\/enr\/#\/schema\/logo\/image\/"},"sameAs":["https:\/\/www.facebook.com\/WELEM-105304956191421","https:\/\/x.com\/societewelem","https:\/\/www.youtube.com\/channel\/UCx7WBxMNWO_SgykAVYK0xzQ"]}]}},"_links":{"self":[{"href":"https:\/\/welem.com\/enr\/wp-json\/wp\/v2\/product\/15055","targetHints":{"allow":["GET"]}}],"collection":[{"href":"https:\/\/welem.com\/enr\/wp-json\/wp\/v2\/product"}],"about":[{"href":"https:\/\/welem.com\/enr\/wp-json\/wp\/v2\/types\/product"}],"replies":[{"embeddable":true,"href":"https:\/\/welem.com\/enr\/wp-json\/wp\/v2\/comments?post=15055"}],"wp:featuredmedia":[{"embeddable":true,"href":"https:\/\/welem.com\/enr\/wp-json\/wp\/v2\/media\/54547"}],"wp:attachment":[{"href":"https:\/\/welem.com\/enr\/wp-json\/wp\/v2\/media?parent=15055"}],"wp:term":[{"taxonomy":"product_brand","embeddable":true,"href":"https:\/\/welem.com\/enr\/wp-json\/wp\/v2\/product_brand?post=15055"},{"taxonomy":"product_cat","embeddable":true,"href":"https:\/\/welem.com\/enr\/wp-json\/wp\/v2\/product_cat?post=15055"},{"taxonomy":"product_tag","embeddable":true,"href":"https:\/\/welem.com\/enr\/wp-json\/wp\/v2\/product_tag?post=15055"}],"curies":[{"name":"wp","href":"https:\/\/api.w.org\/{rel}","templated":true}]}}