{"id":15140,"date":"2013-07-31T00:00:00","date_gmt":"2013-07-30T22:00:00","guid":{"rendered":"http:\/\/welem.com\/enr\/shop\/non%20class\u00e9\/collerette-solin-pour-conduit-inox-o100mm\/"},"modified":"2024-07-09T09:39:30","modified_gmt":"2024-07-09T07:39:30","slug":"accumulateur-denergie-hygienique-1000l-1-echangeur-2","status":"publish","type":"product","link":"https:\/\/welem.com\/enr\/produit\/accumulateur-denergie-hygienique-1000l-1-echangeur-2\/","title":{"rendered":"Accumulateur d&rsquo;\u00e9nergie hygi\u00e9nique 1000L + 1 \u00e9changeur"},"content":{"rendered":"<style type=\"text\/css\"><\/style><p>Stratification optimis\u00e9e de la temp\u00e9rature et performances \u00e9lev\u00e9es, combinant un chauffe-eau sanitaire avec un tampon de chauffage.<br \/>1 \u00e9changeur en Inox 316 pour la production d&rsquo;eau chaude sanitaire instantan\u00e9e.<br \/>1 \u00e9changeur bas pour un apport par capteur solaire.<br \/>Hygi\u00e9nique car pas de possibilit\u00e9 de prolif\u00e9ration bact\u00e9rienne comme dans un syst\u00e8me \u00e0 stockage.<br \/>Pas besoin d&rsquo;anode de pr\u00e9vention. <br \/>Longue dur\u00e9e de vie, Traitement anti corrosion garantie 5 ans.<br \/>Capacit\u00e9 totale 1000L<br \/>\u00d8 sans isolation 790mm, \u00d8 avec isolation 990mm, Hauteur 2090m, Poids 232kg<\/p>\n","protected":false},"excerpt":{"rendered":"<p>Stratification optimis\u00e9e de la temp\u00e9rature et performances \u00e9lev\u00e9es, combinant un chauffe-eau sanitaire avec un tampon de chauffage.1 \u00e9changeur en Inox 316 pour la production d&rsquo;eau chaude sanitaire instantan\u00e9e.1 \u00e9changeur bas pour un apport par capteur solaire.Hygi\u00e9nique car pas de possibilit\u00e9 de prolif\u00e9ration bact\u00e9rienne comme dans un syst\u00e8me \u00e0 stockage.Pas besoin d&rsquo;anode de pr\u00e9vention. Longue dur\u00e9e&#8230;<\/p>\n","protected":false},"featured_media":71588,"comment_status":"closed","ping_status":"closed","template":"","meta":[],"product_brand":[],"product_cat":[2015],"product_tag":[],"class_list":{"0":"post-15140","1":"product","2":"type-product","3":"status-publish","4":"has-post-thumbnail","6":"product_cat-ballons-solaires","7":"product_shipping_class-transport-produits-welem","8":"pa_supplier-oeg","10":"first","11":"instock","12":"taxable","13":"shipping-taxable","14":"purchasable","15":"product-type-simple"},"yoast_head":"<!-- This site is optimized with the Yoast SEO plugin v27.3 - https:\/\/yoast.com\/product\/yoast-seo-wordpress\/ -->\n<title>Accumulateur d&#039;\u00e9nergie hygi\u00e9nique 1000L + 1 \u00e9changeur - WELEM<\/title>\n<meta name=\"robots\" content=\"index, follow, max-snippet:-1, max-image-preview:large, max-video-preview:-1\" \/>\n<link rel=\"canonical\" href=\"https:\/\/welem.com\/enr\/produit\/accumulateur-denergie-hygienique-1000l-1-echangeur-2\/\" \/>\n<meta property=\"og:locale\" content=\"fr_FR\" \/>\n<meta property=\"og:type\" content=\"article\" \/>\n<meta property=\"og:title\" content=\"Accumulateur d&#039;\u00e9nergie hygi\u00e9nique 1000L + 1 \u00e9changeur - WELEM\" \/>\n<meta property=\"og:description\" content=\"Stratification optimis\u00e9e de la temp\u00e9rature et performances \u00e9lev\u00e9es, combinant un chauffe-eau sanitaire avec un tampon de chauffage.1 \u00e9changeur en Inox 316 pour la production d&rsquo;eau chaude sanitaire instantan\u00e9e.1 \u00e9changeur bas pour un apport par capteur solaire.Hygi\u00e9nique car pas de possibilit\u00e9 de prolif\u00e9ration bact\u00e9rienne comme dans un syst\u00e8me \u00e0 stockage.Pas besoin d&rsquo;anode de pr\u00e9vention. Longue dur\u00e9e...\" \/>\n<meta property=\"og:url\" content=\"https:\/\/welem.com\/enr\/produit\/accumulateur-denergie-hygienique-1000l-1-echangeur-2\/\" \/>\n<meta property=\"og:site_name\" content=\"WELEM\" \/>\n<meta property=\"article:publisher\" content=\"https:\/\/www.facebook.com\/WELEM-105304956191421\" \/>\n<meta property=\"article:modified_time\" content=\"2024-07-09T07:39:30+00:00\" \/>\n<meta property=\"og:image\" content=\"https:\/\/welem.com\/enr\/wp-content\/uploads\/SusAccumulateurHygieniqueHYGBR1.jpg\" \/>\n\t<meta property=\"og:image:width\" content=\"1209\" \/>\n\t<meta property=\"og:image:height\" content=\"1000\" \/>\n\t<meta property=\"og:image:type\" content=\"image\/jpeg\" \/>\n<meta name=\"twitter:card\" content=\"summary_large_image\" \/>\n<meta name=\"twitter:site\" content=\"@societewelem\" \/>\n<script type=\"application\/ld+json\" class=\"yoast-schema-graph\">{\"@context\":\"https:\\\/\\\/schema.org\",\"@graph\":[{\"@type\":\"WebPage\",\"@id\":\"https:\\\/\\\/welem.com\\\/enr\\\/produit\\\/accumulateur-denergie-hygienique-1000l-1-echangeur-2\\\/\",\"url\":\"https:\\\/\\\/welem.com\\\/enr\\\/produit\\\/accumulateur-denergie-hygienique-1000l-1-echangeur-2\\\/\",\"name\":\"Accumulateur d'\u00e9nergie hygi\u00e9nique 1000L + 1 \u00e9changeur - WELEM\",\"isPartOf\":{\"@id\":\"https:\\\/\\\/welem.com\\\/enr\\\/#website\"},\"primaryImageOfPage\":{\"@id\":\"https:\\\/\\\/welem.com\\\/enr\\\/produit\\\/accumulateur-denergie-hygienique-1000l-1-echangeur-2\\\/#primaryimage\"},\"image\":{\"@id\":\"https:\\\/\\\/welem.com\\\/enr\\\/produit\\\/accumulateur-denergie-hygienique-1000l-1-echangeur-2\\\/#primaryimage\"},\"thumbnailUrl\":\"https:\\\/\\\/welem.com\\\/enr\\\/wp-content\\\/uploads\\\/SusAccumulateurHygieniqueHYGBR1.jpg\",\"datePublished\":\"2013-07-30T22:00:00+00:00\",\"dateModified\":\"2024-07-09T07:39:30+00:00\",\"breadcrumb\":{\"@id\":\"https:\\\/\\\/welem.com\\\/enr\\\/produit\\\/accumulateur-denergie-hygienique-1000l-1-echangeur-2\\\/#breadcrumb\"},\"inLanguage\":\"fr-FR\",\"potentialAction\":[{\"@type\":\"ReadAction\",\"target\":[\"https:\\\/\\\/welem.com\\\/enr\\\/produit\\\/accumulateur-denergie-hygienique-1000l-1-echangeur-2\\\/\"]}]},{\"@type\":\"ImageObject\",\"inLanguage\":\"fr-FR\",\"@id\":\"https:\\\/\\\/welem.com\\\/enr\\\/produit\\\/accumulateur-denergie-hygienique-1000l-1-echangeur-2\\\/#primaryimage\",\"url\":\"https:\\\/\\\/welem.com\\\/enr\\\/wp-content\\\/uploads\\\/SusAccumulateurHygieniqueHYGBR1.jpg\",\"contentUrl\":\"https:\\\/\\\/welem.com\\\/enr\\\/wp-content\\\/uploads\\\/SusAccumulateurHygieniqueHYGBR1.jpg\",\"width\":1209,\"height\":1000},{\"@type\":\"BreadcrumbList\",\"@id\":\"https:\\\/\\\/welem.com\\\/enr\\\/produit\\\/accumulateur-denergie-hygienique-1000l-1-echangeur-2\\\/#breadcrumb\",\"itemListElement\":[{\"@type\":\"ListItem\",\"position\":1,\"name\":\"Accueil\",\"item\":\"https:\\\/\\\/welem.com\\\/enr\\\/\"},{\"@type\":\"ListItem\",\"position\":2,\"name\":\"Boutique\",\"item\":\"https:\\\/\\\/welem.com\\\/enr\\\/shop\\\/\"},{\"@type\":\"ListItem\",\"position\":3,\"name\":\"Accumulateur d&#8217;\u00e9nergie hygi\u00e9nique 1000L + 1 \u00e9changeur\"}]},{\"@type\":\"WebSite\",\"@id\":\"https:\\\/\\\/welem.com\\\/enr\\\/#website\",\"url\":\"https:\\\/\\\/welem.com\\\/enr\\\/\",\"name\":\"WELEM - L'\u00e9nergie autrement\",\"description\":\"La r\u00e9novation \u00e9nerg\u00e9tique globale\",\"publisher\":{\"@id\":\"https:\\\/\\\/welem.com\\\/enr\\\/#organization\"},\"potentialAction\":[{\"@type\":\"SearchAction\",\"target\":{\"@type\":\"EntryPoint\",\"urlTemplate\":\"https:\\\/\\\/welem.com\\\/enr\\\/?s={search_term_string}\"},\"query-input\":{\"@type\":\"PropertyValueSpecification\",\"valueRequired\":true,\"valueName\":\"search_term_string\"}}],\"inLanguage\":\"fr-FR\"},{\"@type\":\"Organization\",\"@id\":\"https:\\\/\\\/welem.com\\\/enr\\\/#organization\",\"name\":\"WELEM\",\"url\":\"https:\\\/\\\/welem.com\\\/enr\\\/\",\"logo\":{\"@type\":\"ImageObject\",\"inLanguage\":\"fr-FR\",\"@id\":\"https:\\\/\\\/welem.com\\\/enr\\\/#\\\/schema\\\/logo\\\/image\\\/\",\"url\":\"https:\\\/\\\/welem.com\\\/enr\\\/wp-content\\\/uploads\\\/logoWelemRetina.png\",\"contentUrl\":\"https:\\\/\\\/welem.com\\\/enr\\\/wp-content\\\/uploads\\\/logoWelemRetina.png\",\"width\":900,\"height\":311,\"caption\":\"WELEM\"},\"image\":{\"@id\":\"https:\\\/\\\/welem.com\\\/enr\\\/#\\\/schema\\\/logo\\\/image\\\/\"},\"sameAs\":[\"https:\\\/\\\/www.facebook.com\\\/WELEM-105304956191421\",\"https:\\\/\\\/x.com\\\/societewelem\",\"https:\\\/\\\/www.youtube.com\\\/channel\\\/UCx7WBxMNWO_SgykAVYK0xzQ\"]}]}<\/script>\n<!-- \/ Yoast SEO plugin. -->","yoast_head_json":{"title":"Accumulateur d'\u00e9nergie hygi\u00e9nique 1000L + 1 \u00e9changeur - WELEM","robots":{"index":"index","follow":"follow","max-snippet":"max-snippet:-1","max-image-preview":"max-image-preview:large","max-video-preview":"max-video-preview:-1"},"canonical":"https:\/\/welem.com\/enr\/produit\/accumulateur-denergie-hygienique-1000l-1-echangeur-2\/","og_locale":"fr_FR","og_type":"article","og_title":"Accumulateur d'\u00e9nergie hygi\u00e9nique 1000L + 1 \u00e9changeur - WELEM","og_description":"Stratification optimis\u00e9e de la temp\u00e9rature et performances \u00e9lev\u00e9es, combinant un chauffe-eau sanitaire avec un tampon de chauffage.1 \u00e9changeur en Inox 316 pour la production d&rsquo;eau chaude sanitaire instantan\u00e9e.1 \u00e9changeur bas pour un apport par capteur solaire.Hygi\u00e9nique car pas de possibilit\u00e9 de prolif\u00e9ration bact\u00e9rienne comme dans un syst\u00e8me \u00e0 stockage.Pas besoin d&rsquo;anode de pr\u00e9vention. Longue dur\u00e9e...","og_url":"https:\/\/welem.com\/enr\/produit\/accumulateur-denergie-hygienique-1000l-1-echangeur-2\/","og_site_name":"WELEM","article_publisher":"https:\/\/www.facebook.com\/WELEM-105304956191421","article_modified_time":"2024-07-09T07:39:30+00:00","og_image":[{"width":1209,"height":1000,"url":"https:\/\/welem.com\/enr\/wp-content\/uploads\/SusAccumulateurHygieniqueHYGBR1.jpg","type":"image\/jpeg"}],"twitter_card":"summary_large_image","twitter_site":"@societewelem","schema":{"@context":"https:\/\/schema.org","@graph":[{"@type":"WebPage","@id":"https:\/\/welem.com\/enr\/produit\/accumulateur-denergie-hygienique-1000l-1-echangeur-2\/","url":"https:\/\/welem.com\/enr\/produit\/accumulateur-denergie-hygienique-1000l-1-echangeur-2\/","name":"Accumulateur d'\u00e9nergie hygi\u00e9nique 1000L + 1 \u00e9changeur - WELEM","isPartOf":{"@id":"https:\/\/welem.com\/enr\/#website"},"primaryImageOfPage":{"@id":"https:\/\/welem.com\/enr\/produit\/accumulateur-denergie-hygienique-1000l-1-echangeur-2\/#primaryimage"},"image":{"@id":"https:\/\/welem.com\/enr\/produit\/accumulateur-denergie-hygienique-1000l-1-echangeur-2\/#primaryimage"},"thumbnailUrl":"https:\/\/welem.com\/enr\/wp-content\/uploads\/SusAccumulateurHygieniqueHYGBR1.jpg","datePublished":"2013-07-30T22:00:00+00:00","dateModified":"2024-07-09T07:39:30+00:00","breadcrumb":{"@id":"https:\/\/welem.com\/enr\/produit\/accumulateur-denergie-hygienique-1000l-1-echangeur-2\/#breadcrumb"},"inLanguage":"fr-FR","potentialAction":[{"@type":"ReadAction","target":["https:\/\/welem.com\/enr\/produit\/accumulateur-denergie-hygienique-1000l-1-echangeur-2\/"]}]},{"@type":"ImageObject","inLanguage":"fr-FR","@id":"https:\/\/welem.com\/enr\/produit\/accumulateur-denergie-hygienique-1000l-1-echangeur-2\/#primaryimage","url":"https:\/\/welem.com\/enr\/wp-content\/uploads\/SusAccumulateurHygieniqueHYGBR1.jpg","contentUrl":"https:\/\/welem.com\/enr\/wp-content\/uploads\/SusAccumulateurHygieniqueHYGBR1.jpg","width":1209,"height":1000},{"@type":"BreadcrumbList","@id":"https:\/\/welem.com\/enr\/produit\/accumulateur-denergie-hygienique-1000l-1-echangeur-2\/#breadcrumb","itemListElement":[{"@type":"ListItem","position":1,"name":"Accueil","item":"https:\/\/welem.com\/enr\/"},{"@type":"ListItem","position":2,"name":"Boutique","item":"https:\/\/welem.com\/enr\/shop\/"},{"@type":"ListItem","position":3,"name":"Accumulateur d&#8217;\u00e9nergie hygi\u00e9nique 1000L + 1 \u00e9changeur"}]},{"@type":"WebSite","@id":"https:\/\/welem.com\/enr\/#website","url":"https:\/\/welem.com\/enr\/","name":"WELEM - L'\u00e9nergie autrement","description":"La r\u00e9novation \u00e9nerg\u00e9tique globale","publisher":{"@id":"https:\/\/welem.com\/enr\/#organization"},"potentialAction":[{"@type":"SearchAction","target":{"@type":"EntryPoint","urlTemplate":"https:\/\/welem.com\/enr\/?s={search_term_string}"},"query-input":{"@type":"PropertyValueSpecification","valueRequired":true,"valueName":"search_term_string"}}],"inLanguage":"fr-FR"},{"@type":"Organization","@id":"https:\/\/welem.com\/enr\/#organization","name":"WELEM","url":"https:\/\/welem.com\/enr\/","logo":{"@type":"ImageObject","inLanguage":"fr-FR","@id":"https:\/\/welem.com\/enr\/#\/schema\/logo\/image\/","url":"https:\/\/welem.com\/enr\/wp-content\/uploads\/logoWelemRetina.png","contentUrl":"https:\/\/welem.com\/enr\/wp-content\/uploads\/logoWelemRetina.png","width":900,"height":311,"caption":"WELEM"},"image":{"@id":"https:\/\/welem.com\/enr\/#\/schema\/logo\/image\/"},"sameAs":["https:\/\/www.facebook.com\/WELEM-105304956191421","https:\/\/x.com\/societewelem","https:\/\/www.youtube.com\/channel\/UCx7WBxMNWO_SgykAVYK0xzQ"]}]}},"_links":{"self":[{"href":"https:\/\/welem.com\/enr\/wp-json\/wp\/v2\/product\/15140","targetHints":{"allow":["GET"]}}],"collection":[{"href":"https:\/\/welem.com\/enr\/wp-json\/wp\/v2\/product"}],"about":[{"href":"https:\/\/welem.com\/enr\/wp-json\/wp\/v2\/types\/product"}],"replies":[{"embeddable":true,"href":"https:\/\/welem.com\/enr\/wp-json\/wp\/v2\/comments?post=15140"}],"wp:featuredmedia":[{"embeddable":true,"href":"https:\/\/welem.com\/enr\/wp-json\/wp\/v2\/media\/71588"}],"wp:attachment":[{"href":"https:\/\/welem.com\/enr\/wp-json\/wp\/v2\/media?parent=15140"}],"wp:term":[{"taxonomy":"product_brand","embeddable":true,"href":"https:\/\/welem.com\/enr\/wp-json\/wp\/v2\/product_brand?post=15140"},{"taxonomy":"product_cat","embeddable":true,"href":"https:\/\/welem.com\/enr\/wp-json\/wp\/v2\/product_cat?post=15140"},{"taxonomy":"product_tag","embeddable":true,"href":"https:\/\/welem.com\/enr\/wp-json\/wp\/v2\/product_tag?post=15140"}],"curies":[{"name":"wp","href":"https:\/\/api.w.org\/{rel}","templated":true}]}}