{"id":15213,"date":"2014-03-31T00:00:00","date_gmt":"2014-03-30T22:00:00","guid":{"rendered":"http:\/\/welem.com\/enr\/shop\/non%20class\u00e9\/reduction-conique-inox-isole-o150-vers-tuyau-condensor-o150mm\/"},"modified":"2024-07-09T09:40:34","modified_gmt":"2024-07-09T07:40:34","slug":"pompe-de-surface-jp-3-42-pm1-2","status":"publish","type":"product","link":"https:\/\/welem.com\/enr\/produit\/pompe-de-surface-jp-3-42-pm1-2\/","title":{"rendered":"Pompe de surface JP 3-42 PM1"},"content":{"rendered":"<style type=\"text\/css\"><\/style><p>pour couvrir les besoins \u00e0 partir d\u2019une r\u00e9serve d\u2019eau de pluie :<br \/>&#8211; arrosage,<br \/>&#8211; lavage de voitures,<br \/>&#8211; nettoyage ext\u00e9rieurs.<br \/>Composition:<br \/>Mat\u00e9riau pompe : roues, chambre et arbre en acier inoxydable.<br \/>Corps de pompe en fonte (CMB), en acier inoxydable (JP).<br \/>Peinture par \u00e9lectrophor\u00e8se garantissant une meilleure r\u00e9sistance \u00e0 la corrosion.<br \/>Ensemble pompe moteur mont\u00e9s sur socle.<br \/>D\u00e9marrage \/ arr\u00eat automatique (voir caract\u00e9ristiques des composants).<br \/>Pompe avec c\u00e2ble et prise &#8211; PM avec clapet anti-retour, c\u00e2ble alimentation 1,5 m et prise + c\u00e2ble 0,5 m et prise pompe.<\/p>\n","protected":false},"excerpt":{"rendered":"<p>pour couvrir les besoins \u00e0 partir d\u2019une r\u00e9serve d\u2019eau de pluie :&#8211; arrosage,&#8211; lavage de voitures,&#8211; nettoyage ext\u00e9rieurs.Composition:Mat\u00e9riau pompe : roues, chambre et arbre en acier inoxydable.Corps de pompe en fonte (CMB), en acier inoxydable (JP).Peinture par \u00e9lectrophor\u00e8se garantissant une meilleure r\u00e9sistance \u00e0 la corrosion.Ensemble pompe moteur mont\u00e9s sur socle.D\u00e9marrage \/ arr\u00eat automatique (voir caract\u00e9ristiques&#8230;<\/p>\n","protected":false},"featured_media":71618,"comment_status":"closed","ping_status":"closed","template":"","meta":[],"product_brand":[],"product_cat":[2050],"product_tag":[],"class_list":{"0":"post-15213","1":"product","2":"type-product","3":"status-publish","4":"has-post-thumbnail","6":"product_cat-groupes-pompes","7":"product_shipping_class-transport-produits-welem","8":"pa_supplier-grundfos","10":"first","11":"instock","12":"taxable","13":"shipping-taxable","14":"purchasable","15":"product-type-simple"},"yoast_head":"<!-- This site is optimized with the Yoast SEO plugin v27.5 - https:\/\/yoast.com\/product\/yoast-seo-wordpress\/ -->\n<title>Pompe de surface JP 3-42 PM1 - WELEM<\/title>\n<meta name=\"robots\" content=\"index, follow, max-snippet:-1, max-image-preview:large, max-video-preview:-1\" \/>\n<link rel=\"canonical\" href=\"https:\/\/welem.com\/enr\/produit\/pompe-de-surface-jp-3-42-pm1-2\/\" \/>\n<meta property=\"og:locale\" content=\"fr_FR\" \/>\n<meta property=\"og:type\" content=\"article\" \/>\n<meta property=\"og:title\" content=\"Pompe de surface JP 3-42 PM1 - WELEM\" \/>\n<meta property=\"og:description\" content=\"pour couvrir les besoins \u00e0 partir d\u2019une r\u00e9serve d\u2019eau de pluie :&#8211; arrosage,&#8211; lavage de voitures,&#8211; nettoyage ext\u00e9rieurs.Composition:Mat\u00e9riau pompe : roues, chambre et arbre en acier inoxydable.Corps de pompe en fonte (CMB), en acier inoxydable (JP).Peinture par \u00e9lectrophor\u00e8se garantissant une meilleure r\u00e9sistance \u00e0 la corrosion.Ensemble pompe moteur mont\u00e9s sur socle.D\u00e9marrage \/ arr\u00eat automatique (voir caract\u00e9ristiques...\" \/>\n<meta property=\"og:url\" content=\"https:\/\/welem.com\/enr\/produit\/pompe-de-surface-jp-3-42-pm1-2\/\" \/>\n<meta property=\"og:site_name\" content=\"WELEM\" \/>\n<meta property=\"article:publisher\" content=\"https:\/\/www.facebook.com\/WELEM-105304956191421\" \/>\n<meta property=\"article:modified_time\" content=\"2024-07-09T07:40:34+00:00\" \/>\n<meta property=\"og:image\" content=\"https:\/\/welem.com\/enr\/wp-content\/uploads\/GrfJP.jpg\" \/>\n\t<meta property=\"og:image:width\" content=\"637\" \/>\n\t<meta property=\"og:image:height\" content=\"527\" \/>\n\t<meta property=\"og:image:type\" content=\"image\/jpeg\" \/>\n<meta name=\"twitter:card\" content=\"summary_large_image\" \/>\n<meta name=\"twitter:site\" content=\"@societewelem\" \/>\n<script type=\"application\/ld+json\" class=\"yoast-schema-graph\">{\"@context\":\"https:\\\/\\\/schema.org\",\"@graph\":[{\"@type\":\"WebPage\",\"@id\":\"https:\\\/\\\/welem.com\\\/enr\\\/produit\\\/pompe-de-surface-jp-3-42-pm1-2\\\/\",\"url\":\"https:\\\/\\\/welem.com\\\/enr\\\/produit\\\/pompe-de-surface-jp-3-42-pm1-2\\\/\",\"name\":\"Pompe de surface JP 3-42 PM1 - WELEM\",\"isPartOf\":{\"@id\":\"https:\\\/\\\/welem.com\\\/enr\\\/#website\"},\"primaryImageOfPage\":{\"@id\":\"https:\\\/\\\/welem.com\\\/enr\\\/produit\\\/pompe-de-surface-jp-3-42-pm1-2\\\/#primaryimage\"},\"image\":{\"@id\":\"https:\\\/\\\/welem.com\\\/enr\\\/produit\\\/pompe-de-surface-jp-3-42-pm1-2\\\/#primaryimage\"},\"thumbnailUrl\":\"https:\\\/\\\/welem.com\\\/enr\\\/wp-content\\\/uploads\\\/GrfJP.jpg\",\"datePublished\":\"2014-03-30T22:00:00+00:00\",\"dateModified\":\"2024-07-09T07:40:34+00:00\",\"breadcrumb\":{\"@id\":\"https:\\\/\\\/welem.com\\\/enr\\\/produit\\\/pompe-de-surface-jp-3-42-pm1-2\\\/#breadcrumb\"},\"inLanguage\":\"fr-FR\",\"potentialAction\":[{\"@type\":\"ReadAction\",\"target\":[\"https:\\\/\\\/welem.com\\\/enr\\\/produit\\\/pompe-de-surface-jp-3-42-pm1-2\\\/\"]}]},{\"@type\":\"ImageObject\",\"inLanguage\":\"fr-FR\",\"@id\":\"https:\\\/\\\/welem.com\\\/enr\\\/produit\\\/pompe-de-surface-jp-3-42-pm1-2\\\/#primaryimage\",\"url\":\"https:\\\/\\\/welem.com\\\/enr\\\/wp-content\\\/uploads\\\/GrfJP.jpg\",\"contentUrl\":\"https:\\\/\\\/welem.com\\\/enr\\\/wp-content\\\/uploads\\\/GrfJP.jpg\",\"width\":637,\"height\":527},{\"@type\":\"BreadcrumbList\",\"@id\":\"https:\\\/\\\/welem.com\\\/enr\\\/produit\\\/pompe-de-surface-jp-3-42-pm1-2\\\/#breadcrumb\",\"itemListElement\":[{\"@type\":\"ListItem\",\"position\":1,\"name\":\"Accueil\",\"item\":\"https:\\\/\\\/welem.com\\\/enr\\\/\"},{\"@type\":\"ListItem\",\"position\":2,\"name\":\"Boutique\",\"item\":\"https:\\\/\\\/welem.com\\\/enr\\\/shop\\\/\"},{\"@type\":\"ListItem\",\"position\":3,\"name\":\"Pompe de surface JP 3-42 PM1\"}]},{\"@type\":\"WebSite\",\"@id\":\"https:\\\/\\\/welem.com\\\/enr\\\/#website\",\"url\":\"https:\\\/\\\/welem.com\\\/enr\\\/\",\"name\":\"WELEM - L'\u00e9nergie autrement\",\"description\":\"La r\u00e9novation \u00e9nerg\u00e9tique globale\",\"publisher\":{\"@id\":\"https:\\\/\\\/welem.com\\\/enr\\\/#organization\"},\"potentialAction\":[{\"@type\":\"SearchAction\",\"target\":{\"@type\":\"EntryPoint\",\"urlTemplate\":\"https:\\\/\\\/welem.com\\\/enr\\\/?s={search_term_string}\"},\"query-input\":{\"@type\":\"PropertyValueSpecification\",\"valueRequired\":true,\"valueName\":\"search_term_string\"}}],\"inLanguage\":\"fr-FR\"},{\"@type\":\"Organization\",\"@id\":\"https:\\\/\\\/welem.com\\\/enr\\\/#organization\",\"name\":\"WELEM\",\"url\":\"https:\\\/\\\/welem.com\\\/enr\\\/\",\"logo\":{\"@type\":\"ImageObject\",\"inLanguage\":\"fr-FR\",\"@id\":\"https:\\\/\\\/welem.com\\\/enr\\\/#\\\/schema\\\/logo\\\/image\\\/\",\"url\":\"https:\\\/\\\/welem.com\\\/enr\\\/wp-content\\\/uploads\\\/logoWelemRetina.png\",\"contentUrl\":\"https:\\\/\\\/welem.com\\\/enr\\\/wp-content\\\/uploads\\\/logoWelemRetina.png\",\"width\":900,\"height\":311,\"caption\":\"WELEM\"},\"image\":{\"@id\":\"https:\\\/\\\/welem.com\\\/enr\\\/#\\\/schema\\\/logo\\\/image\\\/\"},\"sameAs\":[\"https:\\\/\\\/www.facebook.com\\\/WELEM-105304956191421\",\"https:\\\/\\\/x.com\\\/societewelem\",\"https:\\\/\\\/www.youtube.com\\\/channel\\\/UCx7WBxMNWO_SgykAVYK0xzQ\"]}]}<\/script>\n<!-- \/ Yoast SEO plugin. -->","yoast_head_json":{"title":"Pompe de surface JP 3-42 PM1 - WELEM","robots":{"index":"index","follow":"follow","max-snippet":"max-snippet:-1","max-image-preview":"max-image-preview:large","max-video-preview":"max-video-preview:-1"},"canonical":"https:\/\/welem.com\/enr\/produit\/pompe-de-surface-jp-3-42-pm1-2\/","og_locale":"fr_FR","og_type":"article","og_title":"Pompe de surface JP 3-42 PM1 - WELEM","og_description":"pour couvrir les besoins \u00e0 partir d\u2019une r\u00e9serve d\u2019eau de pluie :&#8211; arrosage,&#8211; lavage de voitures,&#8211; nettoyage ext\u00e9rieurs.Composition:Mat\u00e9riau pompe : roues, chambre et arbre en acier inoxydable.Corps de pompe en fonte (CMB), en acier inoxydable (JP).Peinture par \u00e9lectrophor\u00e8se garantissant une meilleure r\u00e9sistance \u00e0 la corrosion.Ensemble pompe moteur mont\u00e9s sur socle.D\u00e9marrage \/ arr\u00eat automatique (voir caract\u00e9ristiques...","og_url":"https:\/\/welem.com\/enr\/produit\/pompe-de-surface-jp-3-42-pm1-2\/","og_site_name":"WELEM","article_publisher":"https:\/\/www.facebook.com\/WELEM-105304956191421","article_modified_time":"2024-07-09T07:40:34+00:00","og_image":[{"width":637,"height":527,"url":"https:\/\/welem.com\/enr\/wp-content\/uploads\/GrfJP.jpg","type":"image\/jpeg"}],"twitter_card":"summary_large_image","twitter_site":"@societewelem","schema":{"@context":"https:\/\/schema.org","@graph":[{"@type":"WebPage","@id":"https:\/\/welem.com\/enr\/produit\/pompe-de-surface-jp-3-42-pm1-2\/","url":"https:\/\/welem.com\/enr\/produit\/pompe-de-surface-jp-3-42-pm1-2\/","name":"Pompe de surface JP 3-42 PM1 - WELEM","isPartOf":{"@id":"https:\/\/welem.com\/enr\/#website"},"primaryImageOfPage":{"@id":"https:\/\/welem.com\/enr\/produit\/pompe-de-surface-jp-3-42-pm1-2\/#primaryimage"},"image":{"@id":"https:\/\/welem.com\/enr\/produit\/pompe-de-surface-jp-3-42-pm1-2\/#primaryimage"},"thumbnailUrl":"https:\/\/welem.com\/enr\/wp-content\/uploads\/GrfJP.jpg","datePublished":"2014-03-30T22:00:00+00:00","dateModified":"2024-07-09T07:40:34+00:00","breadcrumb":{"@id":"https:\/\/welem.com\/enr\/produit\/pompe-de-surface-jp-3-42-pm1-2\/#breadcrumb"},"inLanguage":"fr-FR","potentialAction":[{"@type":"ReadAction","target":["https:\/\/welem.com\/enr\/produit\/pompe-de-surface-jp-3-42-pm1-2\/"]}]},{"@type":"ImageObject","inLanguage":"fr-FR","@id":"https:\/\/welem.com\/enr\/produit\/pompe-de-surface-jp-3-42-pm1-2\/#primaryimage","url":"https:\/\/welem.com\/enr\/wp-content\/uploads\/GrfJP.jpg","contentUrl":"https:\/\/welem.com\/enr\/wp-content\/uploads\/GrfJP.jpg","width":637,"height":527},{"@type":"BreadcrumbList","@id":"https:\/\/welem.com\/enr\/produit\/pompe-de-surface-jp-3-42-pm1-2\/#breadcrumb","itemListElement":[{"@type":"ListItem","position":1,"name":"Accueil","item":"https:\/\/welem.com\/enr\/"},{"@type":"ListItem","position":2,"name":"Boutique","item":"https:\/\/welem.com\/enr\/shop\/"},{"@type":"ListItem","position":3,"name":"Pompe de surface JP 3-42 PM1"}]},{"@type":"WebSite","@id":"https:\/\/welem.com\/enr\/#website","url":"https:\/\/welem.com\/enr\/","name":"WELEM - L'\u00e9nergie autrement","description":"La r\u00e9novation \u00e9nerg\u00e9tique globale","publisher":{"@id":"https:\/\/welem.com\/enr\/#organization"},"potentialAction":[{"@type":"SearchAction","target":{"@type":"EntryPoint","urlTemplate":"https:\/\/welem.com\/enr\/?s={search_term_string}"},"query-input":{"@type":"PropertyValueSpecification","valueRequired":true,"valueName":"search_term_string"}}],"inLanguage":"fr-FR"},{"@type":"Organization","@id":"https:\/\/welem.com\/enr\/#organization","name":"WELEM","url":"https:\/\/welem.com\/enr\/","logo":{"@type":"ImageObject","inLanguage":"fr-FR","@id":"https:\/\/welem.com\/enr\/#\/schema\/logo\/image\/","url":"https:\/\/welem.com\/enr\/wp-content\/uploads\/logoWelemRetina.png","contentUrl":"https:\/\/welem.com\/enr\/wp-content\/uploads\/logoWelemRetina.png","width":900,"height":311,"caption":"WELEM"},"image":{"@id":"https:\/\/welem.com\/enr\/#\/schema\/logo\/image\/"},"sameAs":["https:\/\/www.facebook.com\/WELEM-105304956191421","https:\/\/x.com\/societewelem","https:\/\/www.youtube.com\/channel\/UCx7WBxMNWO_SgykAVYK0xzQ"]}]}},"_links":{"self":[{"href":"https:\/\/welem.com\/enr\/wp-json\/wp\/v2\/product\/15213","targetHints":{"allow":["GET"]}}],"collection":[{"href":"https:\/\/welem.com\/enr\/wp-json\/wp\/v2\/product"}],"about":[{"href":"https:\/\/welem.com\/enr\/wp-json\/wp\/v2\/types\/product"}],"replies":[{"embeddable":true,"href":"https:\/\/welem.com\/enr\/wp-json\/wp\/v2\/comments?post=15213"}],"wp:featuredmedia":[{"embeddable":true,"href":"https:\/\/welem.com\/enr\/wp-json\/wp\/v2\/media\/71618"}],"wp:attachment":[{"href":"https:\/\/welem.com\/enr\/wp-json\/wp\/v2\/media?parent=15213"}],"wp:term":[{"taxonomy":"product_brand","embeddable":true,"href":"https:\/\/welem.com\/enr\/wp-json\/wp\/v2\/product_brand?post=15213"},{"taxonomy":"product_cat","embeddable":true,"href":"https:\/\/welem.com\/enr\/wp-json\/wp\/v2\/product_cat?post=15213"},{"taxonomy":"product_tag","embeddable":true,"href":"https:\/\/welem.com\/enr\/wp-json\/wp\/v2\/product_tag?post=15213"}],"curies":[{"name":"wp","href":"https:\/\/api.w.org\/{rel}","templated":true}]}}