{"id":21423,"date":"2015-10-31T00:00:00","date_gmt":"2015-10-30T23:00:00","guid":{"rendered":"http:\/\/welem.com\/enr\/shop\/non%20class\u00e9\/ecotherm-5000-metal-beige-9kw-pellet\/"},"modified":"2024-07-09T10:38:25","modified_gmt":"2024-07-09T08:38:25","slug":"hsp-6-helena-465-32-c-rlu-perle-anthr-ceramique-blanche-lisse-2-8kw-pellets","status":"publish","type":"product","link":"https:\/\/welem.com\/enr\/produit\/hsp-6-helena-465-32-c-rlu-perle-anthr-ceramique-blanche-lisse-2-8kw-pellets\/","title":{"rendered":"HSP 6 HELENA 465.32 C RLU perle anthr, c\u00e9ramique blanche lisse 2-8kW (pellets)"},"content":{"rendered":"<style type=\"text\/css\"><\/style><p>Po\u00eale \u00e0 pellets Etanche , couleur noir\/ perle anthr<br \/>Fonctionnement ind\u00e9pendant de l&rsquo;air ambiant, certifi\u00e9 selon la Norme sur les maisons passives et \u00e0 basse consommation d&rsquo;\u00e9nergie.Certifiaction DIBt : Z-43.12-330<br \/>Extr\u00eamement silencieux fonctionne sans ventilateur d&rsquo;air ambiant<br \/>R\u00e9gulation enti\u00e8rement automatique de la temp\u00e9rature ambiante, avec une sonde d&rsquo;ambiance int\u00e9gr\u00e9e<br \/>Raccordement \u00e0 l&rsquo;air ext\u00e9rieur pour une combustion propre et une r\u00e9duction des frais de chauffage.<br \/>Identification de la qualit\u00e9 du combustible permettant un r\u00e9glage automatique<br \/><b>En option<\/b>: possibilit\u00e9 d&rsquo;un module WIFI<br \/>Puissance : modulable de 2 \u00e0 8kW<br \/>Rendement : 95%<br \/>Capacit\u00e9 r\u00e9servoir : 32kg<br \/>\u00d8 conduit : 80mm<\/p>\n","protected":false},"excerpt":{"rendered":"<p>Po\u00eale \u00e0 pellets Etanche , couleur noir\/ perle anthrFonctionnement ind\u00e9pendant de l&rsquo;air ambiant, certifi\u00e9 selon la Norme sur les maisons passives et \u00e0 basse consommation d&rsquo;\u00e9nergie.Certifiaction DIBt : Z-43.12-330Extr\u00eamement silencieux fonctionne sans ventilateur d&rsquo;air ambiantR\u00e9gulation enti\u00e8rement automatique de la temp\u00e9rature ambiante, avec une sonde d&rsquo;ambiance int\u00e9gr\u00e9eRaccordement \u00e0 l&rsquo;air ext\u00e9rieur pour une combustion propre et une&#8230;<\/p>\n","protected":false},"featured_media":71789,"comment_status":"closed","ping_status":"closed","template":"","meta":[],"product_brand":[],"product_cat":[7],"product_tag":[56],"class_list":{"0":"post-21423","1":"product","2":"type-product","3":"status-publish","4":"has-post-thumbnail","6":"product_cat-poeles","7":"product_tag-pellets","8":"product_shipping_class-transport-produits-welem","9":"pa_supplier-haas-sohn","11":"first","12":"outofstock","13":"taxable","14":"shipping-taxable","15":"purchasable","16":"product-type-simple"},"yoast_head":"<!-- This site is optimized with the Yoast SEO plugin v27.3 - https:\/\/yoast.com\/product\/yoast-seo-wordpress\/ -->\n<title>HSP 6 HELENA 465.32 C RLU perle anthr, c\u00e9ramique blanche lisse 2-8kW (pellets) - WELEM<\/title>\n<meta name=\"robots\" content=\"index, follow, max-snippet:-1, max-image-preview:large, max-video-preview:-1\" \/>\n<link rel=\"canonical\" href=\"https:\/\/welem.com\/enr\/produit\/hsp-6-helena-465-32-c-rlu-perle-anthr-ceramique-blanche-lisse-2-8kw-pellets\/\" \/>\n<meta property=\"og:locale\" content=\"fr_FR\" \/>\n<meta property=\"og:type\" content=\"article\" \/>\n<meta property=\"og:title\" content=\"HSP 6 HELENA 465.32 C RLU perle anthr, c\u00e9ramique blanche lisse 2-8kW (pellets) - WELEM\" \/>\n<meta property=\"og:description\" content=\"Po\u00eale \u00e0 pellets Etanche , couleur noir\/ perle anthrFonctionnement ind\u00e9pendant de l&rsquo;air ambiant, certifi\u00e9 selon la Norme sur les maisons passives et \u00e0 basse consommation d&rsquo;\u00e9nergie.Certifiaction DIBt : Z-43.12-330Extr\u00eamement silencieux fonctionne sans ventilateur d&rsquo;air ambiantR\u00e9gulation enti\u00e8rement automatique de la temp\u00e9rature ambiante, avec une sonde d&rsquo;ambiance int\u00e9gr\u00e9eRaccordement \u00e0 l&rsquo;air ext\u00e9rieur pour une combustion propre et une...\" \/>\n<meta property=\"og:url\" content=\"https:\/\/welem.com\/enr\/produit\/hsp-6-helena-465-32-c-rlu-perle-anthr-ceramique-blanche-lisse-2-8kw-pellets\/\" \/>\n<meta property=\"og:site_name\" content=\"WELEM\" \/>\n<meta property=\"article:publisher\" content=\"https:\/\/www.facebook.com\/WELEM-105304956191421\" \/>\n<meta property=\"article:modified_time\" content=\"2024-07-09T08:38:25+00:00\" \/>\n<meta property=\"og:image\" content=\"https:\/\/welem.com\/enr\/wp-content\/uploads\/HasHelenaRlu465CCeramBlanc.jpg\" \/>\n\t<meta property=\"og:image:width\" content=\"651\" \/>\n\t<meta property=\"og:image:height\" content=\"559\" \/>\n\t<meta property=\"og:image:type\" content=\"image\/jpeg\" \/>\n<meta name=\"twitter:card\" content=\"summary_large_image\" \/>\n<meta name=\"twitter:site\" content=\"@societewelem\" \/>\n<script type=\"application\/ld+json\" class=\"yoast-schema-graph\">{\"@context\":\"https:\\\/\\\/schema.org\",\"@graph\":[{\"@type\":\"WebPage\",\"@id\":\"https:\\\/\\\/welem.com\\\/enr\\\/produit\\\/hsp-6-helena-465-32-c-rlu-perle-anthr-ceramique-blanche-lisse-2-8kw-pellets\\\/\",\"url\":\"https:\\\/\\\/welem.com\\\/enr\\\/produit\\\/hsp-6-helena-465-32-c-rlu-perle-anthr-ceramique-blanche-lisse-2-8kw-pellets\\\/\",\"name\":\"HSP 6 HELENA 465.32 C RLU perle anthr, c\u00e9ramique blanche lisse 2-8kW (pellets) - WELEM\",\"isPartOf\":{\"@id\":\"https:\\\/\\\/welem.com\\\/enr\\\/#website\"},\"primaryImageOfPage\":{\"@id\":\"https:\\\/\\\/welem.com\\\/enr\\\/produit\\\/hsp-6-helena-465-32-c-rlu-perle-anthr-ceramique-blanche-lisse-2-8kw-pellets\\\/#primaryimage\"},\"image\":{\"@id\":\"https:\\\/\\\/welem.com\\\/enr\\\/produit\\\/hsp-6-helena-465-32-c-rlu-perle-anthr-ceramique-blanche-lisse-2-8kw-pellets\\\/#primaryimage\"},\"thumbnailUrl\":\"https:\\\/\\\/welem.com\\\/enr\\\/wp-content\\\/uploads\\\/HasHelenaRlu465CCeramBlanc.jpg\",\"datePublished\":\"2015-10-30T23:00:00+00:00\",\"dateModified\":\"2024-07-09T08:38:25+00:00\",\"breadcrumb\":{\"@id\":\"https:\\\/\\\/welem.com\\\/enr\\\/produit\\\/hsp-6-helena-465-32-c-rlu-perle-anthr-ceramique-blanche-lisse-2-8kw-pellets\\\/#breadcrumb\"},\"inLanguage\":\"fr-FR\",\"potentialAction\":[{\"@type\":\"ReadAction\",\"target\":[\"https:\\\/\\\/welem.com\\\/enr\\\/produit\\\/hsp-6-helena-465-32-c-rlu-perle-anthr-ceramique-blanche-lisse-2-8kw-pellets\\\/\"]}]},{\"@type\":\"ImageObject\",\"inLanguage\":\"fr-FR\",\"@id\":\"https:\\\/\\\/welem.com\\\/enr\\\/produit\\\/hsp-6-helena-465-32-c-rlu-perle-anthr-ceramique-blanche-lisse-2-8kw-pellets\\\/#primaryimage\",\"url\":\"https:\\\/\\\/welem.com\\\/enr\\\/wp-content\\\/uploads\\\/HasHelenaRlu465CCeramBlanc.jpg\",\"contentUrl\":\"https:\\\/\\\/welem.com\\\/enr\\\/wp-content\\\/uploads\\\/HasHelenaRlu465CCeramBlanc.jpg\",\"width\":651,\"height\":559},{\"@type\":\"BreadcrumbList\",\"@id\":\"https:\\\/\\\/welem.com\\\/enr\\\/produit\\\/hsp-6-helena-465-32-c-rlu-perle-anthr-ceramique-blanche-lisse-2-8kw-pellets\\\/#breadcrumb\",\"itemListElement\":[{\"@type\":\"ListItem\",\"position\":1,\"name\":\"Accueil\",\"item\":\"https:\\\/\\\/welem.com\\\/enr\\\/\"},{\"@type\":\"ListItem\",\"position\":2,\"name\":\"Boutique\",\"item\":\"https:\\\/\\\/welem.com\\\/enr\\\/shop\\\/\"},{\"@type\":\"ListItem\",\"position\":3,\"name\":\"HSP 6 HELENA 465.32 C RLU perle anthr, c\u00e9ramique blanche lisse 2-8kW (pellets)\"}]},{\"@type\":\"WebSite\",\"@id\":\"https:\\\/\\\/welem.com\\\/enr\\\/#website\",\"url\":\"https:\\\/\\\/welem.com\\\/enr\\\/\",\"name\":\"WELEM - L'\u00e9nergie autrement\",\"description\":\"La r\u00e9novation \u00e9nerg\u00e9tique globale\",\"publisher\":{\"@id\":\"https:\\\/\\\/welem.com\\\/enr\\\/#organization\"},\"potentialAction\":[{\"@type\":\"SearchAction\",\"target\":{\"@type\":\"EntryPoint\",\"urlTemplate\":\"https:\\\/\\\/welem.com\\\/enr\\\/?s={search_term_string}\"},\"query-input\":{\"@type\":\"PropertyValueSpecification\",\"valueRequired\":true,\"valueName\":\"search_term_string\"}}],\"inLanguage\":\"fr-FR\"},{\"@type\":\"Organization\",\"@id\":\"https:\\\/\\\/welem.com\\\/enr\\\/#organization\",\"name\":\"WELEM\",\"url\":\"https:\\\/\\\/welem.com\\\/enr\\\/\",\"logo\":{\"@type\":\"ImageObject\",\"inLanguage\":\"fr-FR\",\"@id\":\"https:\\\/\\\/welem.com\\\/enr\\\/#\\\/schema\\\/logo\\\/image\\\/\",\"url\":\"https:\\\/\\\/welem.com\\\/enr\\\/wp-content\\\/uploads\\\/logoWelemRetina.png\",\"contentUrl\":\"https:\\\/\\\/welem.com\\\/enr\\\/wp-content\\\/uploads\\\/logoWelemRetina.png\",\"width\":900,\"height\":311,\"caption\":\"WELEM\"},\"image\":{\"@id\":\"https:\\\/\\\/welem.com\\\/enr\\\/#\\\/schema\\\/logo\\\/image\\\/\"},\"sameAs\":[\"https:\\\/\\\/www.facebook.com\\\/WELEM-105304956191421\",\"https:\\\/\\\/x.com\\\/societewelem\",\"https:\\\/\\\/www.youtube.com\\\/channel\\\/UCx7WBxMNWO_SgykAVYK0xzQ\"]}]}<\/script>\n<!-- \/ Yoast SEO plugin. -->","yoast_head_json":{"title":"HSP 6 HELENA 465.32 C RLU perle anthr, c\u00e9ramique blanche lisse 2-8kW (pellets) - WELEM","robots":{"index":"index","follow":"follow","max-snippet":"max-snippet:-1","max-image-preview":"max-image-preview:large","max-video-preview":"max-video-preview:-1"},"canonical":"https:\/\/welem.com\/enr\/produit\/hsp-6-helena-465-32-c-rlu-perle-anthr-ceramique-blanche-lisse-2-8kw-pellets\/","og_locale":"fr_FR","og_type":"article","og_title":"HSP 6 HELENA 465.32 C RLU perle anthr, c\u00e9ramique blanche lisse 2-8kW (pellets) - WELEM","og_description":"Po\u00eale \u00e0 pellets Etanche , couleur noir\/ perle anthrFonctionnement ind\u00e9pendant de l&rsquo;air ambiant, certifi\u00e9 selon la Norme sur les maisons passives et \u00e0 basse consommation d&rsquo;\u00e9nergie.Certifiaction DIBt : Z-43.12-330Extr\u00eamement silencieux fonctionne sans ventilateur d&rsquo;air ambiantR\u00e9gulation enti\u00e8rement automatique de la temp\u00e9rature ambiante, avec une sonde d&rsquo;ambiance int\u00e9gr\u00e9eRaccordement \u00e0 l&rsquo;air ext\u00e9rieur pour une combustion propre et une...","og_url":"https:\/\/welem.com\/enr\/produit\/hsp-6-helena-465-32-c-rlu-perle-anthr-ceramique-blanche-lisse-2-8kw-pellets\/","og_site_name":"WELEM","article_publisher":"https:\/\/www.facebook.com\/WELEM-105304956191421","article_modified_time":"2024-07-09T08:38:25+00:00","og_image":[{"width":651,"height":559,"url":"https:\/\/welem.com\/enr\/wp-content\/uploads\/HasHelenaRlu465CCeramBlanc.jpg","type":"image\/jpeg"}],"twitter_card":"summary_large_image","twitter_site":"@societewelem","schema":{"@context":"https:\/\/schema.org","@graph":[{"@type":"WebPage","@id":"https:\/\/welem.com\/enr\/produit\/hsp-6-helena-465-32-c-rlu-perle-anthr-ceramique-blanche-lisse-2-8kw-pellets\/","url":"https:\/\/welem.com\/enr\/produit\/hsp-6-helena-465-32-c-rlu-perle-anthr-ceramique-blanche-lisse-2-8kw-pellets\/","name":"HSP 6 HELENA 465.32 C RLU perle anthr, c\u00e9ramique blanche lisse 2-8kW (pellets) - WELEM","isPartOf":{"@id":"https:\/\/welem.com\/enr\/#website"},"primaryImageOfPage":{"@id":"https:\/\/welem.com\/enr\/produit\/hsp-6-helena-465-32-c-rlu-perle-anthr-ceramique-blanche-lisse-2-8kw-pellets\/#primaryimage"},"image":{"@id":"https:\/\/welem.com\/enr\/produit\/hsp-6-helena-465-32-c-rlu-perle-anthr-ceramique-blanche-lisse-2-8kw-pellets\/#primaryimage"},"thumbnailUrl":"https:\/\/welem.com\/enr\/wp-content\/uploads\/HasHelenaRlu465CCeramBlanc.jpg","datePublished":"2015-10-30T23:00:00+00:00","dateModified":"2024-07-09T08:38:25+00:00","breadcrumb":{"@id":"https:\/\/welem.com\/enr\/produit\/hsp-6-helena-465-32-c-rlu-perle-anthr-ceramique-blanche-lisse-2-8kw-pellets\/#breadcrumb"},"inLanguage":"fr-FR","potentialAction":[{"@type":"ReadAction","target":["https:\/\/welem.com\/enr\/produit\/hsp-6-helena-465-32-c-rlu-perle-anthr-ceramique-blanche-lisse-2-8kw-pellets\/"]}]},{"@type":"ImageObject","inLanguage":"fr-FR","@id":"https:\/\/welem.com\/enr\/produit\/hsp-6-helena-465-32-c-rlu-perle-anthr-ceramique-blanche-lisse-2-8kw-pellets\/#primaryimage","url":"https:\/\/welem.com\/enr\/wp-content\/uploads\/HasHelenaRlu465CCeramBlanc.jpg","contentUrl":"https:\/\/welem.com\/enr\/wp-content\/uploads\/HasHelenaRlu465CCeramBlanc.jpg","width":651,"height":559},{"@type":"BreadcrumbList","@id":"https:\/\/welem.com\/enr\/produit\/hsp-6-helena-465-32-c-rlu-perle-anthr-ceramique-blanche-lisse-2-8kw-pellets\/#breadcrumb","itemListElement":[{"@type":"ListItem","position":1,"name":"Accueil","item":"https:\/\/welem.com\/enr\/"},{"@type":"ListItem","position":2,"name":"Boutique","item":"https:\/\/welem.com\/enr\/shop\/"},{"@type":"ListItem","position":3,"name":"HSP 6 HELENA 465.32 C RLU perle anthr, c\u00e9ramique blanche lisse 2-8kW (pellets)"}]},{"@type":"WebSite","@id":"https:\/\/welem.com\/enr\/#website","url":"https:\/\/welem.com\/enr\/","name":"WELEM - L'\u00e9nergie autrement","description":"La r\u00e9novation \u00e9nerg\u00e9tique globale","publisher":{"@id":"https:\/\/welem.com\/enr\/#organization"},"potentialAction":[{"@type":"SearchAction","target":{"@type":"EntryPoint","urlTemplate":"https:\/\/welem.com\/enr\/?s={search_term_string}"},"query-input":{"@type":"PropertyValueSpecification","valueRequired":true,"valueName":"search_term_string"}}],"inLanguage":"fr-FR"},{"@type":"Organization","@id":"https:\/\/welem.com\/enr\/#organization","name":"WELEM","url":"https:\/\/welem.com\/enr\/","logo":{"@type":"ImageObject","inLanguage":"fr-FR","@id":"https:\/\/welem.com\/enr\/#\/schema\/logo\/image\/","url":"https:\/\/welem.com\/enr\/wp-content\/uploads\/logoWelemRetina.png","contentUrl":"https:\/\/welem.com\/enr\/wp-content\/uploads\/logoWelemRetina.png","width":900,"height":311,"caption":"WELEM"},"image":{"@id":"https:\/\/welem.com\/enr\/#\/schema\/logo\/image\/"},"sameAs":["https:\/\/www.facebook.com\/WELEM-105304956191421","https:\/\/x.com\/societewelem","https:\/\/www.youtube.com\/channel\/UCx7WBxMNWO_SgykAVYK0xzQ"]}]}},"_links":{"self":[{"href":"https:\/\/welem.com\/enr\/wp-json\/wp\/v2\/product\/21423","targetHints":{"allow":["GET"]}}],"collection":[{"href":"https:\/\/welem.com\/enr\/wp-json\/wp\/v2\/product"}],"about":[{"href":"https:\/\/welem.com\/enr\/wp-json\/wp\/v2\/types\/product"}],"replies":[{"embeddable":true,"href":"https:\/\/welem.com\/enr\/wp-json\/wp\/v2\/comments?post=21423"}],"wp:featuredmedia":[{"embeddable":true,"href":"https:\/\/welem.com\/enr\/wp-json\/wp\/v2\/media\/71789"}],"wp:attachment":[{"href":"https:\/\/welem.com\/enr\/wp-json\/wp\/v2\/media?parent=21423"}],"wp:term":[{"taxonomy":"product_brand","embeddable":true,"href":"https:\/\/welem.com\/enr\/wp-json\/wp\/v2\/product_brand?post=21423"},{"taxonomy":"product_cat","embeddable":true,"href":"https:\/\/welem.com\/enr\/wp-json\/wp\/v2\/product_cat?post=21423"},{"taxonomy":"product_tag","embeddable":true,"href":"https:\/\/welem.com\/enr\/wp-json\/wp\/v2\/product_tag?post=21423"}],"curies":[{"name":"wp","href":"https:\/\/api.w.org\/{rel}","templated":true}]}}