{"id":21494,"date":"2015-10-31T00:00:00","date_gmt":"2015-10-30T23:00:00","guid":{"rendered":"http:\/\/welem.com\/enr\/shop\/non%20class\u00e9\/dorica-ceramique-bordeaux-92-kw-pellets\/"},"modified":"2024-07-09T10:39:22","modified_gmt":"2024-07-09T08:39:22","slug":"aruba-220-17-st-perle-noir-pierre-woodstone-25-5kw-buches","status":"publish","type":"product","link":"https:\/\/welem.com\/enr\/produit\/aruba-220-17-st-perle-noir-pierre-woodstone-25-5kw-buches\/","title":{"rendered":"ARUBA 220.17-ST perle noir, pierre woodstone 2,5-5kW (b\u00fbches)"},"content":{"rendered":"<style type=\"text\/css\"><\/style><p>Po\u00eale B\u00fbches avec r\u00e9gulation de l&rsquo;air <b>Easy Control<\/b> au moyen d&rsquo;un simple levier<br \/>Appareil pouvant \u00eatre pos\u00e9 \u00e0 2 cm de la paroi<br \/>Raccordement \u00e0 l&rsquo;air ext\u00e9rieur pour une combustion propre et une r\u00e9duction des frais de chauffage.<br \/>Puissance : modulable de 3 \u00e0 6 kW<br \/>Rendement : 80% <br \/>\u00d8 conduit : 150mm<\/p>\n","protected":false},"excerpt":{"rendered":"<p>Po\u00eale B\u00fbches avec r\u00e9gulation de l&rsquo;air Easy Control au moyen d&rsquo;un simple levierAppareil pouvant \u00eatre pos\u00e9 \u00e0 2 cm de la paroiRaccordement \u00e0 l&rsquo;air ext\u00e9rieur pour une combustion propre et une r\u00e9duction des frais de chauffage.Puissance : modulable de 3 \u00e0 6 kWRendement : 80% \u00d8 conduit : 150mm<\/p>\n","protected":false},"featured_media":71842,"comment_status":"closed","ping_status":"closed","template":"","meta":[],"product_brand":[],"product_cat":[7],"product_tag":[57],"class_list":{"0":"post-21494","1":"product","2":"type-product","3":"status-publish","4":"has-post-thumbnail","6":"product_cat-poeles","7":"product_tag-buches","8":"product_shipping_class-transport-produits-welem","9":"pa_supplier-haas-sohn","11":"first","12":"instock","13":"taxable","14":"shipping-taxable","15":"purchasable","16":"product-type-simple"},"yoast_head":"<!-- This site is optimized with the Yoast SEO plugin v27.3 - https:\/\/yoast.com\/product\/yoast-seo-wordpress\/ -->\n<title>ARUBA 220.17-ST perle noir, pierre woodstone 2,5-5kW (b\u00fbches) - WELEM<\/title>\n<meta name=\"robots\" content=\"index, follow, max-snippet:-1, max-image-preview:large, max-video-preview:-1\" \/>\n<link rel=\"canonical\" href=\"https:\/\/welem.com\/enr\/produit\/aruba-220-17-st-perle-noir-pierre-woodstone-25-5kw-buches\/\" \/>\n<meta property=\"og:locale\" content=\"fr_FR\" \/>\n<meta property=\"og:type\" content=\"article\" \/>\n<meta property=\"og:title\" content=\"ARUBA 220.17-ST perle noir, pierre woodstone 2,5-5kW (b\u00fbches) - WELEM\" \/>\n<meta property=\"og:description\" content=\"Po\u00eale B\u00fbches avec r\u00e9gulation de l&rsquo;air Easy Control au moyen d&rsquo;un simple levierAppareil pouvant \u00eatre pos\u00e9 \u00e0 2 cm de la paroiRaccordement \u00e0 l&rsquo;air ext\u00e9rieur pour une combustion propre et une r\u00e9duction des frais de chauffage.Puissance : modulable de 3 \u00e0 6 kWRendement : 80% \u00d8 conduit : 150mm\" \/>\n<meta property=\"og:url\" content=\"https:\/\/welem.com\/enr\/produit\/aruba-220-17-st-perle-noir-pierre-woodstone-25-5kw-buches\/\" \/>\n<meta property=\"og:site_name\" content=\"WELEM\" \/>\n<meta property=\"article:publisher\" content=\"https:\/\/www.facebook.com\/WELEM-105304956191421\" \/>\n<meta property=\"article:modified_time\" content=\"2024-07-09T08:39:22+00:00\" \/>\n<meta property=\"og:image\" content=\"https:\/\/welem.com\/enr\/wp-content\/uploads\/HasAruba220Woodstone.jpg\" \/>\n\t<meta property=\"og:image:width\" content=\"500\" \/>\n\t<meta property=\"og:image:height\" content=\"400\" \/>\n\t<meta property=\"og:image:type\" content=\"image\/jpeg\" \/>\n<meta name=\"twitter:card\" content=\"summary_large_image\" \/>\n<meta name=\"twitter:site\" content=\"@societewelem\" \/>\n<script type=\"application\/ld+json\" class=\"yoast-schema-graph\">{\"@context\":\"https:\\\/\\\/schema.org\",\"@graph\":[{\"@type\":\"WebPage\",\"@id\":\"https:\\\/\\\/welem.com\\\/enr\\\/produit\\\/aruba-220-17-st-perle-noir-pierre-woodstone-25-5kw-buches\\\/\",\"url\":\"https:\\\/\\\/welem.com\\\/enr\\\/produit\\\/aruba-220-17-st-perle-noir-pierre-woodstone-25-5kw-buches\\\/\",\"name\":\"ARUBA 220.17-ST perle noir, pierre woodstone 2,5-5kW (b\u00fbches) - WELEM\",\"isPartOf\":{\"@id\":\"https:\\\/\\\/welem.com\\\/enr\\\/#website\"},\"primaryImageOfPage\":{\"@id\":\"https:\\\/\\\/welem.com\\\/enr\\\/produit\\\/aruba-220-17-st-perle-noir-pierre-woodstone-25-5kw-buches\\\/#primaryimage\"},\"image\":{\"@id\":\"https:\\\/\\\/welem.com\\\/enr\\\/produit\\\/aruba-220-17-st-perle-noir-pierre-woodstone-25-5kw-buches\\\/#primaryimage\"},\"thumbnailUrl\":\"https:\\\/\\\/welem.com\\\/enr\\\/wp-content\\\/uploads\\\/HasAruba220Woodstone.jpg\",\"datePublished\":\"2015-10-30T23:00:00+00:00\",\"dateModified\":\"2024-07-09T08:39:22+00:00\",\"breadcrumb\":{\"@id\":\"https:\\\/\\\/welem.com\\\/enr\\\/produit\\\/aruba-220-17-st-perle-noir-pierre-woodstone-25-5kw-buches\\\/#breadcrumb\"},\"inLanguage\":\"fr-FR\",\"potentialAction\":[{\"@type\":\"ReadAction\",\"target\":[\"https:\\\/\\\/welem.com\\\/enr\\\/produit\\\/aruba-220-17-st-perle-noir-pierre-woodstone-25-5kw-buches\\\/\"]}]},{\"@type\":\"ImageObject\",\"inLanguage\":\"fr-FR\",\"@id\":\"https:\\\/\\\/welem.com\\\/enr\\\/produit\\\/aruba-220-17-st-perle-noir-pierre-woodstone-25-5kw-buches\\\/#primaryimage\",\"url\":\"https:\\\/\\\/welem.com\\\/enr\\\/wp-content\\\/uploads\\\/HasAruba220Woodstone.jpg\",\"contentUrl\":\"https:\\\/\\\/welem.com\\\/enr\\\/wp-content\\\/uploads\\\/HasAruba220Woodstone.jpg\",\"width\":500,\"height\":400},{\"@type\":\"BreadcrumbList\",\"@id\":\"https:\\\/\\\/welem.com\\\/enr\\\/produit\\\/aruba-220-17-st-perle-noir-pierre-woodstone-25-5kw-buches\\\/#breadcrumb\",\"itemListElement\":[{\"@type\":\"ListItem\",\"position\":1,\"name\":\"Accueil\",\"item\":\"https:\\\/\\\/welem.com\\\/enr\\\/\"},{\"@type\":\"ListItem\",\"position\":2,\"name\":\"Boutique\",\"item\":\"https:\\\/\\\/welem.com\\\/enr\\\/shop\\\/\"},{\"@type\":\"ListItem\",\"position\":3,\"name\":\"ARUBA 220.17-ST perle noir, pierre woodstone 2,5-5kW (b\u00fbches)\"}]},{\"@type\":\"WebSite\",\"@id\":\"https:\\\/\\\/welem.com\\\/enr\\\/#website\",\"url\":\"https:\\\/\\\/welem.com\\\/enr\\\/\",\"name\":\"WELEM - L'\u00e9nergie autrement\",\"description\":\"La r\u00e9novation \u00e9nerg\u00e9tique globale\",\"publisher\":{\"@id\":\"https:\\\/\\\/welem.com\\\/enr\\\/#organization\"},\"potentialAction\":[{\"@type\":\"SearchAction\",\"target\":{\"@type\":\"EntryPoint\",\"urlTemplate\":\"https:\\\/\\\/welem.com\\\/enr\\\/?s={search_term_string}\"},\"query-input\":{\"@type\":\"PropertyValueSpecification\",\"valueRequired\":true,\"valueName\":\"search_term_string\"}}],\"inLanguage\":\"fr-FR\"},{\"@type\":\"Organization\",\"@id\":\"https:\\\/\\\/welem.com\\\/enr\\\/#organization\",\"name\":\"WELEM\",\"url\":\"https:\\\/\\\/welem.com\\\/enr\\\/\",\"logo\":{\"@type\":\"ImageObject\",\"inLanguage\":\"fr-FR\",\"@id\":\"https:\\\/\\\/welem.com\\\/enr\\\/#\\\/schema\\\/logo\\\/image\\\/\",\"url\":\"https:\\\/\\\/welem.com\\\/enr\\\/wp-content\\\/uploads\\\/logoWelemRetina.png\",\"contentUrl\":\"https:\\\/\\\/welem.com\\\/enr\\\/wp-content\\\/uploads\\\/logoWelemRetina.png\",\"width\":900,\"height\":311,\"caption\":\"WELEM\"},\"image\":{\"@id\":\"https:\\\/\\\/welem.com\\\/enr\\\/#\\\/schema\\\/logo\\\/image\\\/\"},\"sameAs\":[\"https:\\\/\\\/www.facebook.com\\\/WELEM-105304956191421\",\"https:\\\/\\\/x.com\\\/societewelem\",\"https:\\\/\\\/www.youtube.com\\\/channel\\\/UCx7WBxMNWO_SgykAVYK0xzQ\"]}]}<\/script>\n<!-- \/ Yoast SEO plugin. -->","yoast_head_json":{"title":"ARUBA 220.17-ST perle noir, pierre woodstone 2,5-5kW (b\u00fbches) - WELEM","robots":{"index":"index","follow":"follow","max-snippet":"max-snippet:-1","max-image-preview":"max-image-preview:large","max-video-preview":"max-video-preview:-1"},"canonical":"https:\/\/welem.com\/enr\/produit\/aruba-220-17-st-perle-noir-pierre-woodstone-25-5kw-buches\/","og_locale":"fr_FR","og_type":"article","og_title":"ARUBA 220.17-ST perle noir, pierre woodstone 2,5-5kW (b\u00fbches) - WELEM","og_description":"Po\u00eale B\u00fbches avec r\u00e9gulation de l&rsquo;air Easy Control au moyen d&rsquo;un simple levierAppareil pouvant \u00eatre pos\u00e9 \u00e0 2 cm de la paroiRaccordement \u00e0 l&rsquo;air ext\u00e9rieur pour une combustion propre et une r\u00e9duction des frais de chauffage.Puissance : modulable de 3 \u00e0 6 kWRendement : 80% \u00d8 conduit : 150mm","og_url":"https:\/\/welem.com\/enr\/produit\/aruba-220-17-st-perle-noir-pierre-woodstone-25-5kw-buches\/","og_site_name":"WELEM","article_publisher":"https:\/\/www.facebook.com\/WELEM-105304956191421","article_modified_time":"2024-07-09T08:39:22+00:00","og_image":[{"width":500,"height":400,"url":"https:\/\/welem.com\/enr\/wp-content\/uploads\/HasAruba220Woodstone.jpg","type":"image\/jpeg"}],"twitter_card":"summary_large_image","twitter_site":"@societewelem","schema":{"@context":"https:\/\/schema.org","@graph":[{"@type":"WebPage","@id":"https:\/\/welem.com\/enr\/produit\/aruba-220-17-st-perle-noir-pierre-woodstone-25-5kw-buches\/","url":"https:\/\/welem.com\/enr\/produit\/aruba-220-17-st-perle-noir-pierre-woodstone-25-5kw-buches\/","name":"ARUBA 220.17-ST perle noir, pierre woodstone 2,5-5kW (b\u00fbches) - WELEM","isPartOf":{"@id":"https:\/\/welem.com\/enr\/#website"},"primaryImageOfPage":{"@id":"https:\/\/welem.com\/enr\/produit\/aruba-220-17-st-perle-noir-pierre-woodstone-25-5kw-buches\/#primaryimage"},"image":{"@id":"https:\/\/welem.com\/enr\/produit\/aruba-220-17-st-perle-noir-pierre-woodstone-25-5kw-buches\/#primaryimage"},"thumbnailUrl":"https:\/\/welem.com\/enr\/wp-content\/uploads\/HasAruba220Woodstone.jpg","datePublished":"2015-10-30T23:00:00+00:00","dateModified":"2024-07-09T08:39:22+00:00","breadcrumb":{"@id":"https:\/\/welem.com\/enr\/produit\/aruba-220-17-st-perle-noir-pierre-woodstone-25-5kw-buches\/#breadcrumb"},"inLanguage":"fr-FR","potentialAction":[{"@type":"ReadAction","target":["https:\/\/welem.com\/enr\/produit\/aruba-220-17-st-perle-noir-pierre-woodstone-25-5kw-buches\/"]}]},{"@type":"ImageObject","inLanguage":"fr-FR","@id":"https:\/\/welem.com\/enr\/produit\/aruba-220-17-st-perle-noir-pierre-woodstone-25-5kw-buches\/#primaryimage","url":"https:\/\/welem.com\/enr\/wp-content\/uploads\/HasAruba220Woodstone.jpg","contentUrl":"https:\/\/welem.com\/enr\/wp-content\/uploads\/HasAruba220Woodstone.jpg","width":500,"height":400},{"@type":"BreadcrumbList","@id":"https:\/\/welem.com\/enr\/produit\/aruba-220-17-st-perle-noir-pierre-woodstone-25-5kw-buches\/#breadcrumb","itemListElement":[{"@type":"ListItem","position":1,"name":"Accueil","item":"https:\/\/welem.com\/enr\/"},{"@type":"ListItem","position":2,"name":"Boutique","item":"https:\/\/welem.com\/enr\/shop\/"},{"@type":"ListItem","position":3,"name":"ARUBA 220.17-ST perle noir, pierre woodstone 2,5-5kW (b\u00fbches)"}]},{"@type":"WebSite","@id":"https:\/\/welem.com\/enr\/#website","url":"https:\/\/welem.com\/enr\/","name":"WELEM - L'\u00e9nergie autrement","description":"La r\u00e9novation \u00e9nerg\u00e9tique globale","publisher":{"@id":"https:\/\/welem.com\/enr\/#organization"},"potentialAction":[{"@type":"SearchAction","target":{"@type":"EntryPoint","urlTemplate":"https:\/\/welem.com\/enr\/?s={search_term_string}"},"query-input":{"@type":"PropertyValueSpecification","valueRequired":true,"valueName":"search_term_string"}}],"inLanguage":"fr-FR"},{"@type":"Organization","@id":"https:\/\/welem.com\/enr\/#organization","name":"WELEM","url":"https:\/\/welem.com\/enr\/","logo":{"@type":"ImageObject","inLanguage":"fr-FR","@id":"https:\/\/welem.com\/enr\/#\/schema\/logo\/image\/","url":"https:\/\/welem.com\/enr\/wp-content\/uploads\/logoWelemRetina.png","contentUrl":"https:\/\/welem.com\/enr\/wp-content\/uploads\/logoWelemRetina.png","width":900,"height":311,"caption":"WELEM"},"image":{"@id":"https:\/\/welem.com\/enr\/#\/schema\/logo\/image\/"},"sameAs":["https:\/\/www.facebook.com\/WELEM-105304956191421","https:\/\/x.com\/societewelem","https:\/\/www.youtube.com\/channel\/UCx7WBxMNWO_SgykAVYK0xzQ"]}]}},"_links":{"self":[{"href":"https:\/\/welem.com\/enr\/wp-json\/wp\/v2\/product\/21494","targetHints":{"allow":["GET"]}}],"collection":[{"href":"https:\/\/welem.com\/enr\/wp-json\/wp\/v2\/product"}],"about":[{"href":"https:\/\/welem.com\/enr\/wp-json\/wp\/v2\/types\/product"}],"replies":[{"embeddable":true,"href":"https:\/\/welem.com\/enr\/wp-json\/wp\/v2\/comments?post=21494"}],"wp:featuredmedia":[{"embeddable":true,"href":"https:\/\/welem.com\/enr\/wp-json\/wp\/v2\/media\/71842"}],"wp:attachment":[{"href":"https:\/\/welem.com\/enr\/wp-json\/wp\/v2\/media?parent=21494"}],"wp:term":[{"taxonomy":"product_brand","embeddable":true,"href":"https:\/\/welem.com\/enr\/wp-json\/wp\/v2\/product_brand?post=21494"},{"taxonomy":"product_cat","embeddable":true,"href":"https:\/\/welem.com\/enr\/wp-json\/wp\/v2\/product_cat?post=21494"},{"taxonomy":"product_tag","embeddable":true,"href":"https:\/\/welem.com\/enr\/wp-json\/wp\/v2\/product_tag?post=21494"}],"curies":[{"name":"wp","href":"https:\/\/api.w.org\/{rel}","templated":true}]}}