{"id":21560,"date":"2015-11-30T00:00:00","date_gmt":"2015-11-29T23:00:00","guid":{"rendered":"http:\/\/welem.com\/enr\/shop\/non%20class\u00e9\/telecommande-thermostart\/"},"modified":"2024-07-10T16:58:40","modified_gmt":"2024-07-10T14:58:40","slug":"pop-metalcolor-gris-anthracite-8-kw-pellets","status":"publish","type":"product","link":"https:\/\/welem.com\/enr\/produit\/pop-metalcolor-gris-anthracite-8-kw-pellets\/","title":{"rendered":"POP m\u00e9talcolor gris anthracite 8 kW (pellets)"},"content":{"rendered":"<style type=\"text\/css\"><\/style><p>Po\u00eale \u00e0 pellet compact au design cylindrique permettant principalement une configuration d&rsquo;appoint dans des grands volumes ou chauffage principal dans maisons nouvelles normes.<br \/>Extr\u00eamement performant, il b\u00e9n\u00e9ficie de la finition THERMOROSSI alliant br\u00fbleur en fonte, fond de foyer en fonte et structure en acier de haute qualit\u00e9.<br \/>Chrono-thermostat radio Thermoconfort ou Thermostart au choix<br \/>Puissance de 3,0 \u00e0 8,1 kW<br \/>r\u00e9servoir : 17kg<\/p>\n","protected":false},"excerpt":{"rendered":"<p>Po\u00eale \u00e0 pellet compact au design cylindrique permettant principalement une configuration d&rsquo;appoint dans des grands volumes ou chauffage principal dans maisons nouvelles normes.Extr\u00eamement performant, il b\u00e9n\u00e9ficie de la finition THERMOROSSI alliant br\u00fbleur en fonte, fond de foyer en fonte et structure en acier de haute qualit\u00e9.Chrono-thermostat radio Thermoconfort ou Thermostart au choixPuissance de 3,0 \u00e0&#8230;<\/p>\n","protected":false},"featured_media":72201,"comment_status":"closed","ping_status":"closed","template":"","meta":[],"product_brand":[],"product_cat":[7],"product_tag":[56],"class_list":{"0":"post-21560","1":"product","2":"type-product","3":"status-publish","4":"has-post-thumbnail","6":"product_cat-poeles","7":"product_tag-pellets","8":"product_shipping_class-transport-produits-welem","9":"pa_supplier-thermorossi","11":"first","12":"instock","13":"taxable","14":"shipping-taxable","15":"purchasable","16":"product-type-simple"},"yoast_head":"<!-- This site is optimized with the Yoast SEO plugin v27.3 - https:\/\/yoast.com\/product\/yoast-seo-wordpress\/ -->\n<title>POP m\u00e9talcolor gris anthracite 8 kW (pellets) - WELEM<\/title>\n<meta name=\"robots\" content=\"index, follow, max-snippet:-1, max-image-preview:large, max-video-preview:-1\" \/>\n<link rel=\"canonical\" href=\"https:\/\/welem.com\/enr\/produit\/pop-metalcolor-gris-anthracite-8-kw-pellets\/\" \/>\n<meta property=\"og:locale\" content=\"fr_FR\" \/>\n<meta property=\"og:type\" content=\"article\" \/>\n<meta property=\"og:title\" content=\"POP m\u00e9talcolor gris anthracite 8 kW (pellets) - WELEM\" \/>\n<meta property=\"og:description\" content=\"Po\u00eale \u00e0 pellet compact au design cylindrique permettant principalement une configuration d&rsquo;appoint dans des grands volumes ou chauffage principal dans maisons nouvelles normes.Extr\u00eamement performant, il b\u00e9n\u00e9ficie de la finition THERMOROSSI alliant br\u00fbleur en fonte, fond de foyer en fonte et structure en acier de haute qualit\u00e9.Chrono-thermostat radio Thermoconfort ou Thermostart au choixPuissance de 3,0 \u00e0...\" \/>\n<meta property=\"og:url\" content=\"https:\/\/welem.com\/enr\/produit\/pop-metalcolor-gris-anthracite-8-kw-pellets\/\" \/>\n<meta property=\"og:site_name\" content=\"WELEM\" \/>\n<meta property=\"article:publisher\" content=\"https:\/\/www.facebook.com\/WELEM-105304956191421\" \/>\n<meta property=\"article:modified_time\" content=\"2024-07-10T14:58:40+00:00\" \/>\n<meta property=\"og:image\" content=\"https:\/\/welem.com\/enr\/wp-content\/uploads\/ThrPopGris.jpg\" \/>\n\t<meta property=\"og:image:width\" content=\"739\" \/>\n\t<meta property=\"og:image:height\" content=\"645\" \/>\n\t<meta property=\"og:image:type\" content=\"image\/jpeg\" \/>\n<meta name=\"twitter:card\" content=\"summary_large_image\" \/>\n<meta name=\"twitter:site\" content=\"@societewelem\" \/>\n<script type=\"application\/ld+json\" class=\"yoast-schema-graph\">{\"@context\":\"https:\\\/\\\/schema.org\",\"@graph\":[{\"@type\":\"WebPage\",\"@id\":\"https:\\\/\\\/welem.com\\\/enr\\\/produit\\\/pop-metalcolor-gris-anthracite-8-kw-pellets\\\/\",\"url\":\"https:\\\/\\\/welem.com\\\/enr\\\/produit\\\/pop-metalcolor-gris-anthracite-8-kw-pellets\\\/\",\"name\":\"POP m\u00e9talcolor gris anthracite 8 kW (pellets) - WELEM\",\"isPartOf\":{\"@id\":\"https:\\\/\\\/welem.com\\\/enr\\\/#website\"},\"primaryImageOfPage\":{\"@id\":\"https:\\\/\\\/welem.com\\\/enr\\\/produit\\\/pop-metalcolor-gris-anthracite-8-kw-pellets\\\/#primaryimage\"},\"image\":{\"@id\":\"https:\\\/\\\/welem.com\\\/enr\\\/produit\\\/pop-metalcolor-gris-anthracite-8-kw-pellets\\\/#primaryimage\"},\"thumbnailUrl\":\"https:\\\/\\\/welem.com\\\/enr\\\/wp-content\\\/uploads\\\/ThrPopGris.jpg\",\"datePublished\":\"2015-11-29T23:00:00+00:00\",\"dateModified\":\"2024-07-10T14:58:40+00:00\",\"breadcrumb\":{\"@id\":\"https:\\\/\\\/welem.com\\\/enr\\\/produit\\\/pop-metalcolor-gris-anthracite-8-kw-pellets\\\/#breadcrumb\"},\"inLanguage\":\"fr-FR\",\"potentialAction\":[{\"@type\":\"ReadAction\",\"target\":[\"https:\\\/\\\/welem.com\\\/enr\\\/produit\\\/pop-metalcolor-gris-anthracite-8-kw-pellets\\\/\"]}]},{\"@type\":\"ImageObject\",\"inLanguage\":\"fr-FR\",\"@id\":\"https:\\\/\\\/welem.com\\\/enr\\\/produit\\\/pop-metalcolor-gris-anthracite-8-kw-pellets\\\/#primaryimage\",\"url\":\"https:\\\/\\\/welem.com\\\/enr\\\/wp-content\\\/uploads\\\/ThrPopGris.jpg\",\"contentUrl\":\"https:\\\/\\\/welem.com\\\/enr\\\/wp-content\\\/uploads\\\/ThrPopGris.jpg\",\"width\":739,\"height\":645},{\"@type\":\"BreadcrumbList\",\"@id\":\"https:\\\/\\\/welem.com\\\/enr\\\/produit\\\/pop-metalcolor-gris-anthracite-8-kw-pellets\\\/#breadcrumb\",\"itemListElement\":[{\"@type\":\"ListItem\",\"position\":1,\"name\":\"Accueil\",\"item\":\"https:\\\/\\\/welem.com\\\/enr\\\/\"},{\"@type\":\"ListItem\",\"position\":2,\"name\":\"Boutique\",\"item\":\"https:\\\/\\\/welem.com\\\/enr\\\/shop\\\/\"},{\"@type\":\"ListItem\",\"position\":3,\"name\":\"POP m\u00e9talcolor gris anthracite 8 kW (pellets)\"}]},{\"@type\":\"WebSite\",\"@id\":\"https:\\\/\\\/welem.com\\\/enr\\\/#website\",\"url\":\"https:\\\/\\\/welem.com\\\/enr\\\/\",\"name\":\"WELEM - L'\u00e9nergie autrement\",\"description\":\"La r\u00e9novation \u00e9nerg\u00e9tique globale\",\"publisher\":{\"@id\":\"https:\\\/\\\/welem.com\\\/enr\\\/#organization\"},\"potentialAction\":[{\"@type\":\"SearchAction\",\"target\":{\"@type\":\"EntryPoint\",\"urlTemplate\":\"https:\\\/\\\/welem.com\\\/enr\\\/?s={search_term_string}\"},\"query-input\":{\"@type\":\"PropertyValueSpecification\",\"valueRequired\":true,\"valueName\":\"search_term_string\"}}],\"inLanguage\":\"fr-FR\"},{\"@type\":\"Organization\",\"@id\":\"https:\\\/\\\/welem.com\\\/enr\\\/#organization\",\"name\":\"WELEM\",\"url\":\"https:\\\/\\\/welem.com\\\/enr\\\/\",\"logo\":{\"@type\":\"ImageObject\",\"inLanguage\":\"fr-FR\",\"@id\":\"https:\\\/\\\/welem.com\\\/enr\\\/#\\\/schema\\\/logo\\\/image\\\/\",\"url\":\"https:\\\/\\\/welem.com\\\/enr\\\/wp-content\\\/uploads\\\/logoWelemRetina.png\",\"contentUrl\":\"https:\\\/\\\/welem.com\\\/enr\\\/wp-content\\\/uploads\\\/logoWelemRetina.png\",\"width\":900,\"height\":311,\"caption\":\"WELEM\"},\"image\":{\"@id\":\"https:\\\/\\\/welem.com\\\/enr\\\/#\\\/schema\\\/logo\\\/image\\\/\"},\"sameAs\":[\"https:\\\/\\\/www.facebook.com\\\/WELEM-105304956191421\",\"https:\\\/\\\/x.com\\\/societewelem\",\"https:\\\/\\\/www.youtube.com\\\/channel\\\/UCx7WBxMNWO_SgykAVYK0xzQ\"]}]}<\/script>\n<!-- \/ Yoast SEO plugin. -->","yoast_head_json":{"title":"POP m\u00e9talcolor gris anthracite 8 kW (pellets) - WELEM","robots":{"index":"index","follow":"follow","max-snippet":"max-snippet:-1","max-image-preview":"max-image-preview:large","max-video-preview":"max-video-preview:-1"},"canonical":"https:\/\/welem.com\/enr\/produit\/pop-metalcolor-gris-anthracite-8-kw-pellets\/","og_locale":"fr_FR","og_type":"article","og_title":"POP m\u00e9talcolor gris anthracite 8 kW (pellets) - WELEM","og_description":"Po\u00eale \u00e0 pellet compact au design cylindrique permettant principalement une configuration d&rsquo;appoint dans des grands volumes ou chauffage principal dans maisons nouvelles normes.Extr\u00eamement performant, il b\u00e9n\u00e9ficie de la finition THERMOROSSI alliant br\u00fbleur en fonte, fond de foyer en fonte et structure en acier de haute qualit\u00e9.Chrono-thermostat radio Thermoconfort ou Thermostart au choixPuissance de 3,0 \u00e0...","og_url":"https:\/\/welem.com\/enr\/produit\/pop-metalcolor-gris-anthracite-8-kw-pellets\/","og_site_name":"WELEM","article_publisher":"https:\/\/www.facebook.com\/WELEM-105304956191421","article_modified_time":"2024-07-10T14:58:40+00:00","og_image":[{"width":739,"height":645,"url":"https:\/\/welem.com\/enr\/wp-content\/uploads\/ThrPopGris.jpg","type":"image\/jpeg"}],"twitter_card":"summary_large_image","twitter_site":"@societewelem","schema":{"@context":"https:\/\/schema.org","@graph":[{"@type":"WebPage","@id":"https:\/\/welem.com\/enr\/produit\/pop-metalcolor-gris-anthracite-8-kw-pellets\/","url":"https:\/\/welem.com\/enr\/produit\/pop-metalcolor-gris-anthracite-8-kw-pellets\/","name":"POP m\u00e9talcolor gris anthracite 8 kW (pellets) - WELEM","isPartOf":{"@id":"https:\/\/welem.com\/enr\/#website"},"primaryImageOfPage":{"@id":"https:\/\/welem.com\/enr\/produit\/pop-metalcolor-gris-anthracite-8-kw-pellets\/#primaryimage"},"image":{"@id":"https:\/\/welem.com\/enr\/produit\/pop-metalcolor-gris-anthracite-8-kw-pellets\/#primaryimage"},"thumbnailUrl":"https:\/\/welem.com\/enr\/wp-content\/uploads\/ThrPopGris.jpg","datePublished":"2015-11-29T23:00:00+00:00","dateModified":"2024-07-10T14:58:40+00:00","breadcrumb":{"@id":"https:\/\/welem.com\/enr\/produit\/pop-metalcolor-gris-anthracite-8-kw-pellets\/#breadcrumb"},"inLanguage":"fr-FR","potentialAction":[{"@type":"ReadAction","target":["https:\/\/welem.com\/enr\/produit\/pop-metalcolor-gris-anthracite-8-kw-pellets\/"]}]},{"@type":"ImageObject","inLanguage":"fr-FR","@id":"https:\/\/welem.com\/enr\/produit\/pop-metalcolor-gris-anthracite-8-kw-pellets\/#primaryimage","url":"https:\/\/welem.com\/enr\/wp-content\/uploads\/ThrPopGris.jpg","contentUrl":"https:\/\/welem.com\/enr\/wp-content\/uploads\/ThrPopGris.jpg","width":739,"height":645},{"@type":"BreadcrumbList","@id":"https:\/\/welem.com\/enr\/produit\/pop-metalcolor-gris-anthracite-8-kw-pellets\/#breadcrumb","itemListElement":[{"@type":"ListItem","position":1,"name":"Accueil","item":"https:\/\/welem.com\/enr\/"},{"@type":"ListItem","position":2,"name":"Boutique","item":"https:\/\/welem.com\/enr\/shop\/"},{"@type":"ListItem","position":3,"name":"POP m\u00e9talcolor gris anthracite 8 kW (pellets)"}]},{"@type":"WebSite","@id":"https:\/\/welem.com\/enr\/#website","url":"https:\/\/welem.com\/enr\/","name":"WELEM - L'\u00e9nergie autrement","description":"La r\u00e9novation \u00e9nerg\u00e9tique globale","publisher":{"@id":"https:\/\/welem.com\/enr\/#organization"},"potentialAction":[{"@type":"SearchAction","target":{"@type":"EntryPoint","urlTemplate":"https:\/\/welem.com\/enr\/?s={search_term_string}"},"query-input":{"@type":"PropertyValueSpecification","valueRequired":true,"valueName":"search_term_string"}}],"inLanguage":"fr-FR"},{"@type":"Organization","@id":"https:\/\/welem.com\/enr\/#organization","name":"WELEM","url":"https:\/\/welem.com\/enr\/","logo":{"@type":"ImageObject","inLanguage":"fr-FR","@id":"https:\/\/welem.com\/enr\/#\/schema\/logo\/image\/","url":"https:\/\/welem.com\/enr\/wp-content\/uploads\/logoWelemRetina.png","contentUrl":"https:\/\/welem.com\/enr\/wp-content\/uploads\/logoWelemRetina.png","width":900,"height":311,"caption":"WELEM"},"image":{"@id":"https:\/\/welem.com\/enr\/#\/schema\/logo\/image\/"},"sameAs":["https:\/\/www.facebook.com\/WELEM-105304956191421","https:\/\/x.com\/societewelem","https:\/\/www.youtube.com\/channel\/UCx7WBxMNWO_SgykAVYK0xzQ"]}]}},"_links":{"self":[{"href":"https:\/\/welem.com\/enr\/wp-json\/wp\/v2\/product\/21560","targetHints":{"allow":["GET"]}}],"collection":[{"href":"https:\/\/welem.com\/enr\/wp-json\/wp\/v2\/product"}],"about":[{"href":"https:\/\/welem.com\/enr\/wp-json\/wp\/v2\/types\/product"}],"replies":[{"embeddable":true,"href":"https:\/\/welem.com\/enr\/wp-json\/wp\/v2\/comments?post=21560"}],"wp:featuredmedia":[{"embeddable":true,"href":"https:\/\/welem.com\/enr\/wp-json\/wp\/v2\/media\/72201"}],"wp:attachment":[{"href":"https:\/\/welem.com\/enr\/wp-json\/wp\/v2\/media?parent=21560"}],"wp:term":[{"taxonomy":"product_brand","embeddable":true,"href":"https:\/\/welem.com\/enr\/wp-json\/wp\/v2\/product_brand?post=21560"},{"taxonomy":"product_cat","embeddable":true,"href":"https:\/\/welem.com\/enr\/wp-json\/wp\/v2\/product_cat?post=21560"},{"taxonomy":"product_tag","embeddable":true,"href":"https:\/\/welem.com\/enr\/wp-json\/wp\/v2\/product_tag?post=21560"}],"curies":[{"name":"wp","href":"https:\/\/api.w.org\/{rel}","templated":true}]}}