{"id":21565,"date":"2015-11-30T00:00:00","date_gmt":"2015-11-29T23:00:00","guid":{"rendered":"http:\/\/welem.com\/enr\/shop\/non%20class\u00e9\/dorica-wood-8-ceramique-noir-85-kw-buches\/"},"modified":"2024-07-10T15:20:13","modified_gmt":"2024-07-10T13:20:13","slug":"dorica-metal-moka-11-kw-pellets","status":"publish","type":"product","link":"https:\/\/welem.com\/enr\/produit\/dorica-metal-moka-11-kw-pellets\/","title":{"rendered":"DORICA m\u00e9tal moka 11 kW (pellets)"},"content":{"rendered":"<style type=\"text\/css\"><\/style><p>Po\u00eale \u00e0 pellet design cylindrique permettant principalement une configuration d&rsquo;appoint dans des grands volumes ou chauffage principal dans maisons nouvelles normes.<br \/><b>Compatible Maison BBC<\/b><br \/>Extr\u00eamement performant, il b\u00e9n\u00e9ficie de la finition THERMOROSSI alliant br\u00fbleur en fonte, fond de foyer en fonte et structure en acier de haute qualit\u00e9.<br \/>El\u00e9ment de style de votre int\u00e9rieur, ses lignes modernes lui conf\u00e8rent une originalit\u00e9 indiscutable.<br \/>Chrono-thermostat radio Thermoconfort ou Thermostart au choix<br \/>Puissance de 4,3 \u00e0 11,4 kW<br \/>r\u00e9servoir : 16kg<\/p>\n","protected":false},"excerpt":{"rendered":"<p>Po\u00eale \u00e0 pellet design cylindrique permettant principalement une configuration d&rsquo;appoint dans des grands volumes ou chauffage principal dans maisons nouvelles normes.Compatible Maison BBCExtr\u00eamement performant, il b\u00e9n\u00e9ficie de la finition THERMOROSSI alliant br\u00fbleur en fonte, fond de foyer en fonte et structure en acier de haute qualit\u00e9.El\u00e9ment de style de votre int\u00e9rieur, ses lignes modernes lui&#8230;<\/p>\n","protected":false},"featured_media":72165,"comment_status":"closed","ping_status":"closed","template":"","meta":[],"product_brand":[],"product_cat":[7],"product_tag":[56],"class_list":{"0":"post-21565","1":"product","2":"type-product","3":"status-publish","4":"has-post-thumbnail","6":"product_cat-poeles","7":"product_tag-pellets","8":"product_shipping_class-transport-produits-welem","9":"pa_supplier-thermorossi","11":"first","12":"instock","13":"taxable","14":"shipping-taxable","15":"purchasable","16":"product-type-simple"},"yoast_head":"<!-- This site is optimized with the Yoast SEO plugin v27.5 - https:\/\/yoast.com\/product\/yoast-seo-wordpress\/ -->\n<title>DORICA m\u00e9tal moka 11 kW (pellets) - WELEM<\/title>\n<meta name=\"robots\" content=\"index, follow, max-snippet:-1, max-image-preview:large, max-video-preview:-1\" \/>\n<link rel=\"canonical\" href=\"https:\/\/welem.com\/enr\/produit\/dorica-metal-moka-11-kw-pellets\/\" \/>\n<meta property=\"og:locale\" content=\"fr_FR\" \/>\n<meta property=\"og:type\" content=\"article\" \/>\n<meta property=\"og:title\" content=\"DORICA m\u00e9tal moka 11 kW (pellets) - WELEM\" \/>\n<meta property=\"og:description\" content=\"Po\u00eale \u00e0 pellet design cylindrique permettant principalement une configuration d&rsquo;appoint dans des grands volumes ou chauffage principal dans maisons nouvelles normes.Compatible Maison BBCExtr\u00eamement performant, il b\u00e9n\u00e9ficie de la finition THERMOROSSI alliant br\u00fbleur en fonte, fond de foyer en fonte et structure en acier de haute qualit\u00e9.El\u00e9ment de style de votre int\u00e9rieur, ses lignes modernes lui...\" \/>\n<meta property=\"og:url\" content=\"https:\/\/welem.com\/enr\/produit\/dorica-metal-moka-11-kw-pellets\/\" \/>\n<meta property=\"og:site_name\" content=\"WELEM\" \/>\n<meta property=\"article:publisher\" content=\"https:\/\/www.facebook.com\/WELEM-105304956191421\" \/>\n<meta property=\"article:modified_time\" content=\"2024-07-10T13:20:13+00:00\" \/>\n<meta property=\"og:image\" content=\"https:\/\/welem.com\/enr\/wp-content\/uploads\/ThrDoricaMetalMoka.jpg\" \/>\n\t<meta property=\"og:image:width\" content=\"215\" \/>\n\t<meta property=\"og:image:height\" content=\"181\" \/>\n\t<meta property=\"og:image:type\" content=\"image\/jpeg\" \/>\n<meta name=\"twitter:card\" content=\"summary_large_image\" \/>\n<meta name=\"twitter:site\" content=\"@societewelem\" \/>\n<script type=\"application\/ld+json\" class=\"yoast-schema-graph\">{\"@context\":\"https:\\\/\\\/schema.org\",\"@graph\":[{\"@type\":\"WebPage\",\"@id\":\"https:\\\/\\\/welem.com\\\/enr\\\/produit\\\/dorica-metal-moka-11-kw-pellets\\\/\",\"url\":\"https:\\\/\\\/welem.com\\\/enr\\\/produit\\\/dorica-metal-moka-11-kw-pellets\\\/\",\"name\":\"DORICA m\u00e9tal moka 11 kW (pellets) - WELEM\",\"isPartOf\":{\"@id\":\"https:\\\/\\\/welem.com\\\/enr\\\/#website\"},\"primaryImageOfPage\":{\"@id\":\"https:\\\/\\\/welem.com\\\/enr\\\/produit\\\/dorica-metal-moka-11-kw-pellets\\\/#primaryimage\"},\"image\":{\"@id\":\"https:\\\/\\\/welem.com\\\/enr\\\/produit\\\/dorica-metal-moka-11-kw-pellets\\\/#primaryimage\"},\"thumbnailUrl\":\"https:\\\/\\\/welem.com\\\/enr\\\/wp-content\\\/uploads\\\/ThrDoricaMetalMoka.jpg\",\"datePublished\":\"2015-11-29T23:00:00+00:00\",\"dateModified\":\"2024-07-10T13:20:13+00:00\",\"breadcrumb\":{\"@id\":\"https:\\\/\\\/welem.com\\\/enr\\\/produit\\\/dorica-metal-moka-11-kw-pellets\\\/#breadcrumb\"},\"inLanguage\":\"fr-FR\",\"potentialAction\":[{\"@type\":\"ReadAction\",\"target\":[\"https:\\\/\\\/welem.com\\\/enr\\\/produit\\\/dorica-metal-moka-11-kw-pellets\\\/\"]}]},{\"@type\":\"ImageObject\",\"inLanguage\":\"fr-FR\",\"@id\":\"https:\\\/\\\/welem.com\\\/enr\\\/produit\\\/dorica-metal-moka-11-kw-pellets\\\/#primaryimage\",\"url\":\"https:\\\/\\\/welem.com\\\/enr\\\/wp-content\\\/uploads\\\/ThrDoricaMetalMoka.jpg\",\"contentUrl\":\"https:\\\/\\\/welem.com\\\/enr\\\/wp-content\\\/uploads\\\/ThrDoricaMetalMoka.jpg\",\"width\":215,\"height\":181},{\"@type\":\"BreadcrumbList\",\"@id\":\"https:\\\/\\\/welem.com\\\/enr\\\/produit\\\/dorica-metal-moka-11-kw-pellets\\\/#breadcrumb\",\"itemListElement\":[{\"@type\":\"ListItem\",\"position\":1,\"name\":\"Accueil\",\"item\":\"https:\\\/\\\/welem.com\\\/enr\\\/\"},{\"@type\":\"ListItem\",\"position\":2,\"name\":\"Boutique\",\"item\":\"https:\\\/\\\/welem.com\\\/enr\\\/shop\\\/\"},{\"@type\":\"ListItem\",\"position\":3,\"name\":\"DORICA m\u00e9tal moka 11 kW (pellets)\"}]},{\"@type\":\"WebSite\",\"@id\":\"https:\\\/\\\/welem.com\\\/enr\\\/#website\",\"url\":\"https:\\\/\\\/welem.com\\\/enr\\\/\",\"name\":\"WELEM - L'\u00e9nergie autrement\",\"description\":\"La r\u00e9novation \u00e9nerg\u00e9tique globale\",\"publisher\":{\"@id\":\"https:\\\/\\\/welem.com\\\/enr\\\/#organization\"},\"potentialAction\":[{\"@type\":\"SearchAction\",\"target\":{\"@type\":\"EntryPoint\",\"urlTemplate\":\"https:\\\/\\\/welem.com\\\/enr\\\/?s={search_term_string}\"},\"query-input\":{\"@type\":\"PropertyValueSpecification\",\"valueRequired\":true,\"valueName\":\"search_term_string\"}}],\"inLanguage\":\"fr-FR\"},{\"@type\":\"Organization\",\"@id\":\"https:\\\/\\\/welem.com\\\/enr\\\/#organization\",\"name\":\"WELEM\",\"url\":\"https:\\\/\\\/welem.com\\\/enr\\\/\",\"logo\":{\"@type\":\"ImageObject\",\"inLanguage\":\"fr-FR\",\"@id\":\"https:\\\/\\\/welem.com\\\/enr\\\/#\\\/schema\\\/logo\\\/image\\\/\",\"url\":\"https:\\\/\\\/welem.com\\\/enr\\\/wp-content\\\/uploads\\\/logoWelemRetina.png\",\"contentUrl\":\"https:\\\/\\\/welem.com\\\/enr\\\/wp-content\\\/uploads\\\/logoWelemRetina.png\",\"width\":900,\"height\":311,\"caption\":\"WELEM\"},\"image\":{\"@id\":\"https:\\\/\\\/welem.com\\\/enr\\\/#\\\/schema\\\/logo\\\/image\\\/\"},\"sameAs\":[\"https:\\\/\\\/www.facebook.com\\\/WELEM-105304956191421\",\"https:\\\/\\\/x.com\\\/societewelem\",\"https:\\\/\\\/www.youtube.com\\\/channel\\\/UCx7WBxMNWO_SgykAVYK0xzQ\"]}]}<\/script>\n<!-- \/ Yoast SEO plugin. -->","yoast_head_json":{"title":"DORICA m\u00e9tal moka 11 kW (pellets) - WELEM","robots":{"index":"index","follow":"follow","max-snippet":"max-snippet:-1","max-image-preview":"max-image-preview:large","max-video-preview":"max-video-preview:-1"},"canonical":"https:\/\/welem.com\/enr\/produit\/dorica-metal-moka-11-kw-pellets\/","og_locale":"fr_FR","og_type":"article","og_title":"DORICA m\u00e9tal moka 11 kW (pellets) - WELEM","og_description":"Po\u00eale \u00e0 pellet design cylindrique permettant principalement une configuration d&rsquo;appoint dans des grands volumes ou chauffage principal dans maisons nouvelles normes.Compatible Maison BBCExtr\u00eamement performant, il b\u00e9n\u00e9ficie de la finition THERMOROSSI alliant br\u00fbleur en fonte, fond de foyer en fonte et structure en acier de haute qualit\u00e9.El\u00e9ment de style de votre int\u00e9rieur, ses lignes modernes lui...","og_url":"https:\/\/welem.com\/enr\/produit\/dorica-metal-moka-11-kw-pellets\/","og_site_name":"WELEM","article_publisher":"https:\/\/www.facebook.com\/WELEM-105304956191421","article_modified_time":"2024-07-10T13:20:13+00:00","og_image":[{"width":215,"height":181,"url":"https:\/\/welem.com\/enr\/wp-content\/uploads\/ThrDoricaMetalMoka.jpg","type":"image\/jpeg"}],"twitter_card":"summary_large_image","twitter_site":"@societewelem","schema":{"@context":"https:\/\/schema.org","@graph":[{"@type":"WebPage","@id":"https:\/\/welem.com\/enr\/produit\/dorica-metal-moka-11-kw-pellets\/","url":"https:\/\/welem.com\/enr\/produit\/dorica-metal-moka-11-kw-pellets\/","name":"DORICA m\u00e9tal moka 11 kW (pellets) - WELEM","isPartOf":{"@id":"https:\/\/welem.com\/enr\/#website"},"primaryImageOfPage":{"@id":"https:\/\/welem.com\/enr\/produit\/dorica-metal-moka-11-kw-pellets\/#primaryimage"},"image":{"@id":"https:\/\/welem.com\/enr\/produit\/dorica-metal-moka-11-kw-pellets\/#primaryimage"},"thumbnailUrl":"https:\/\/welem.com\/enr\/wp-content\/uploads\/ThrDoricaMetalMoka.jpg","datePublished":"2015-11-29T23:00:00+00:00","dateModified":"2024-07-10T13:20:13+00:00","breadcrumb":{"@id":"https:\/\/welem.com\/enr\/produit\/dorica-metal-moka-11-kw-pellets\/#breadcrumb"},"inLanguage":"fr-FR","potentialAction":[{"@type":"ReadAction","target":["https:\/\/welem.com\/enr\/produit\/dorica-metal-moka-11-kw-pellets\/"]}]},{"@type":"ImageObject","inLanguage":"fr-FR","@id":"https:\/\/welem.com\/enr\/produit\/dorica-metal-moka-11-kw-pellets\/#primaryimage","url":"https:\/\/welem.com\/enr\/wp-content\/uploads\/ThrDoricaMetalMoka.jpg","contentUrl":"https:\/\/welem.com\/enr\/wp-content\/uploads\/ThrDoricaMetalMoka.jpg","width":215,"height":181},{"@type":"BreadcrumbList","@id":"https:\/\/welem.com\/enr\/produit\/dorica-metal-moka-11-kw-pellets\/#breadcrumb","itemListElement":[{"@type":"ListItem","position":1,"name":"Accueil","item":"https:\/\/welem.com\/enr\/"},{"@type":"ListItem","position":2,"name":"Boutique","item":"https:\/\/welem.com\/enr\/shop\/"},{"@type":"ListItem","position":3,"name":"DORICA m\u00e9tal moka 11 kW (pellets)"}]},{"@type":"WebSite","@id":"https:\/\/welem.com\/enr\/#website","url":"https:\/\/welem.com\/enr\/","name":"WELEM - L'\u00e9nergie autrement","description":"La r\u00e9novation \u00e9nerg\u00e9tique globale","publisher":{"@id":"https:\/\/welem.com\/enr\/#organization"},"potentialAction":[{"@type":"SearchAction","target":{"@type":"EntryPoint","urlTemplate":"https:\/\/welem.com\/enr\/?s={search_term_string}"},"query-input":{"@type":"PropertyValueSpecification","valueRequired":true,"valueName":"search_term_string"}}],"inLanguage":"fr-FR"},{"@type":"Organization","@id":"https:\/\/welem.com\/enr\/#organization","name":"WELEM","url":"https:\/\/welem.com\/enr\/","logo":{"@type":"ImageObject","inLanguage":"fr-FR","@id":"https:\/\/welem.com\/enr\/#\/schema\/logo\/image\/","url":"https:\/\/welem.com\/enr\/wp-content\/uploads\/logoWelemRetina.png","contentUrl":"https:\/\/welem.com\/enr\/wp-content\/uploads\/logoWelemRetina.png","width":900,"height":311,"caption":"WELEM"},"image":{"@id":"https:\/\/welem.com\/enr\/#\/schema\/logo\/image\/"},"sameAs":["https:\/\/www.facebook.com\/WELEM-105304956191421","https:\/\/x.com\/societewelem","https:\/\/www.youtube.com\/channel\/UCx7WBxMNWO_SgykAVYK0xzQ"]}]}},"_links":{"self":[{"href":"https:\/\/welem.com\/enr\/wp-json\/wp\/v2\/product\/21565","targetHints":{"allow":["GET"]}}],"collection":[{"href":"https:\/\/welem.com\/enr\/wp-json\/wp\/v2\/product"}],"about":[{"href":"https:\/\/welem.com\/enr\/wp-json\/wp\/v2\/types\/product"}],"replies":[{"embeddable":true,"href":"https:\/\/welem.com\/enr\/wp-json\/wp\/v2\/comments?post=21565"}],"wp:featuredmedia":[{"embeddable":true,"href":"https:\/\/welem.com\/enr\/wp-json\/wp\/v2\/media\/72165"}],"wp:attachment":[{"href":"https:\/\/welem.com\/enr\/wp-json\/wp\/v2\/media?parent=21565"}],"wp:term":[{"taxonomy":"product_brand","embeddable":true,"href":"https:\/\/welem.com\/enr\/wp-json\/wp\/v2\/product_brand?post=21565"},{"taxonomy":"product_cat","embeddable":true,"href":"https:\/\/welem.com\/enr\/wp-json\/wp\/v2\/product_cat?post=21565"},{"taxonomy":"product_tag","embeddable":true,"href":"https:\/\/welem.com\/enr\/wp-json\/wp\/v2\/product_tag?post=21565"}],"curies":[{"name":"wp","href":"https:\/\/api.w.org\/{rel}","templated":true}]}}