{"id":21610,"date":"2018-05-01T00:00:00","date_gmt":"2018-04-30T22:00:00","guid":{"rendered":"http:\/\/welem.com\/enr\/shop\/non%20class\u00e9\/ionica-idra-ceramique-blanc-65-a-257-kw-pellet\/"},"modified":"2025-10-21T18:51:43","modified_gmt":"2025-10-21T16:51:43","slug":"pe1-30-kw-pellets","status":"publish","type":"product","link":"https:\/\/welem.com\/enr\/produit\/pe1-30-kw-pellets\/","title":{"rendered":"PE1 30 kW (pellets)"},"content":{"rendered":"<style type=\"text\/css\"><\/style><p>Chaudi\u00e8re FROLING tr\u00e9s haute performance de classe 5 selon norme EN 303.5<br \/>Flamme Verte 7*, ETAS: 84%<br \/>Corps de chauffe basse temp\u00e9rature \u00e0 fonctionnement automatique \u00e9quip\u00e9e d&rsquo;un ventilateur d&rsquo;extraction et l&rsquo;alimentation du combustible modulante par sonde lambda.<br \/>&#8211; Foyer sp\u00e9cial avec bruleur \u00e0 grille autonettoyante et bac \u00e0 cendre<br \/>&#8211; Allumage automatique basse consommation<br \/>&#8211; Technologie WOS (Systeme d&rsquo;optimisation de rendement) pour le nettoyage et d\u00e9cendrage automatique de l&rsquo;\u00e9changeur.<br \/>&#8211; Double syst\u00e8me de clapet de s\u00e9curit\u00e9, br\u00fbleur et r\u00e9servoir.<br \/>&#8211; R\u00e9servoir journalier de travail capacit\u00e9 32L<br \/>&#8211; Module d&rsquo;aspiration pour silo grande capacit\u00e9<br \/>&#8211; R\u00e9hausse de temp\u00e9rature du retour int\u00e9gr\u00e9e dans le corps de la chaudi\u00e8re.<br \/>&#8211; Possibilit\u00e9 de fonctionnnement ind\u00e9pendant de l&rsquo;air ambiant (maison BBC)<br \/>R\u00e9gulation de chauffage Lambdatronic P3200 touch de classe 7, intuitive pour une gestion optimale.<\/p>\n","protected":false},"excerpt":{"rendered":"<p>Chaudi\u00e8re FROLING tr\u00e9s haute performance de classe 5 selon norme EN 303.5Flamme Verte 7*, ETAS: 84%Corps de chauffe basse temp\u00e9rature \u00e0 fonctionnement automatique \u00e9quip\u00e9e d&rsquo;un ventilateur d&rsquo;extraction et l&rsquo;alimentation du combustible modulante par sonde lambda.&#8211; Foyer sp\u00e9cial avec bruleur \u00e0 grille autonettoyante et bac \u00e0 cendre&#8211; Allumage automatique basse consommation&#8211; Technologie WOS (Systeme d&rsquo;optimisation de&#8230;<\/p>\n","protected":false},"featured_media":89098,"comment_status":"closed","ping_status":"closed","template":"","meta":[],"product_brand":[],"product_cat":[37],"product_tag":[56],"class_list":{"0":"post-21610","1":"product","2":"type-product","3":"status-publish","4":"has-post-thumbnail","6":"product_cat-chaudieres-froling","7":"product_tag-pellets","8":"product_shipping_class-transport-produits-welem","9":"pa_supplier-froling","11":"first","12":"outofstock","13":"taxable","14":"shipping-taxable","15":"purchasable","16":"product-type-simple"},"yoast_head":"<!-- This site is optimized with the Yoast SEO plugin v27.3 - https:\/\/yoast.com\/product\/yoast-seo-wordpress\/ -->\n<title>PE1 30 kW (pellets) - WELEM<\/title>\n<meta name=\"robots\" content=\"index, follow, max-snippet:-1, max-image-preview:large, max-video-preview:-1\" \/>\n<link rel=\"canonical\" href=\"https:\/\/welem.com\/enr\/produit\/pe1-30-kw-pellets\/\" \/>\n<meta property=\"og:locale\" content=\"fr_FR\" \/>\n<meta property=\"og:type\" content=\"article\" \/>\n<meta property=\"og:title\" content=\"PE1 30 kW (pellets) - WELEM\" \/>\n<meta property=\"og:description\" content=\"Chaudi\u00e8re FROLING tr\u00e9s haute performance de classe 5 selon norme EN 303.5Flamme Verte 7*, ETAS: 84%Corps de chauffe basse temp\u00e9rature \u00e0 fonctionnement automatique \u00e9quip\u00e9e d&rsquo;un ventilateur d&rsquo;extraction et l&rsquo;alimentation du combustible modulante par sonde lambda.&#8211; Foyer sp\u00e9cial avec bruleur \u00e0 grille autonettoyante et bac \u00e0 cendre&#8211; Allumage automatique basse consommation&#8211; Technologie WOS (Systeme d&rsquo;optimisation de...\" \/>\n<meta property=\"og:url\" content=\"https:\/\/welem.com\/enr\/produit\/pe1-30-kw-pellets\/\" \/>\n<meta property=\"og:site_name\" content=\"WELEM\" \/>\n<meta property=\"article:publisher\" content=\"https:\/\/www.facebook.com\/WELEM-105304956191421\" \/>\n<meta property=\"article:modified_time\" content=\"2025-10-21T16:51:43+00:00\" \/>\n<meta property=\"og:image\" content=\"https:\/\/welem.com\/enr\/wp-content\/uploads\/FrlPE1.jpg\" \/>\n\t<meta property=\"og:image:width\" content=\"533\" \/>\n\t<meta property=\"og:image:height\" content=\"400\" \/>\n\t<meta property=\"og:image:type\" content=\"image\/jpeg\" \/>\n<meta name=\"twitter:card\" content=\"summary_large_image\" \/>\n<meta name=\"twitter:site\" content=\"@societewelem\" \/>\n<meta name=\"twitter:label1\" content=\"Dur\u00e9e de lecture estim\u00e9e\" \/>\n\t<meta name=\"twitter:data1\" content=\"1 minute\" \/>\n<script type=\"application\/ld+json\" class=\"yoast-schema-graph\">{\"@context\":\"https:\\\/\\\/schema.org\",\"@graph\":[{\"@type\":\"WebPage\",\"@id\":\"https:\\\/\\\/welem.com\\\/enr\\\/produit\\\/pe1-30-kw-pellets\\\/\",\"url\":\"https:\\\/\\\/welem.com\\\/enr\\\/produit\\\/pe1-30-kw-pellets\\\/\",\"name\":\"PE1 30 kW (pellets) - WELEM\",\"isPartOf\":{\"@id\":\"https:\\\/\\\/welem.com\\\/enr\\\/#website\"},\"primaryImageOfPage\":{\"@id\":\"https:\\\/\\\/welem.com\\\/enr\\\/produit\\\/pe1-30-kw-pellets\\\/#primaryimage\"},\"image\":{\"@id\":\"https:\\\/\\\/welem.com\\\/enr\\\/produit\\\/pe1-30-kw-pellets\\\/#primaryimage\"},\"thumbnailUrl\":\"https:\\\/\\\/welem.com\\\/enr\\\/wp-content\\\/uploads\\\/FrlPE1.jpg\",\"datePublished\":\"2018-04-30T22:00:00+00:00\",\"dateModified\":\"2025-10-21T16:51:43+00:00\",\"breadcrumb\":{\"@id\":\"https:\\\/\\\/welem.com\\\/enr\\\/produit\\\/pe1-30-kw-pellets\\\/#breadcrumb\"},\"inLanguage\":\"fr-FR\",\"potentialAction\":[{\"@type\":\"ReadAction\",\"target\":[\"https:\\\/\\\/welem.com\\\/enr\\\/produit\\\/pe1-30-kw-pellets\\\/\"]}]},{\"@type\":\"ImageObject\",\"inLanguage\":\"fr-FR\",\"@id\":\"https:\\\/\\\/welem.com\\\/enr\\\/produit\\\/pe1-30-kw-pellets\\\/#primaryimage\",\"url\":\"https:\\\/\\\/welem.com\\\/enr\\\/wp-content\\\/uploads\\\/FrlPE1.jpg\",\"contentUrl\":\"https:\\\/\\\/welem.com\\\/enr\\\/wp-content\\\/uploads\\\/FrlPE1.jpg\",\"width\":533,\"height\":400},{\"@type\":\"BreadcrumbList\",\"@id\":\"https:\\\/\\\/welem.com\\\/enr\\\/produit\\\/pe1-30-kw-pellets\\\/#breadcrumb\",\"itemListElement\":[{\"@type\":\"ListItem\",\"position\":1,\"name\":\"Accueil\",\"item\":\"https:\\\/\\\/welem.com\\\/enr\\\/\"},{\"@type\":\"ListItem\",\"position\":2,\"name\":\"Boutique\",\"item\":\"https:\\\/\\\/welem.com\\\/enr\\\/shop\\\/\"},{\"@type\":\"ListItem\",\"position\":3,\"name\":\"PE1 30 kW (pellets)\"}]},{\"@type\":\"WebSite\",\"@id\":\"https:\\\/\\\/welem.com\\\/enr\\\/#website\",\"url\":\"https:\\\/\\\/welem.com\\\/enr\\\/\",\"name\":\"WELEM - L'\u00e9nergie autrement\",\"description\":\"La r\u00e9novation \u00e9nerg\u00e9tique globale\",\"publisher\":{\"@id\":\"https:\\\/\\\/welem.com\\\/enr\\\/#organization\"},\"potentialAction\":[{\"@type\":\"SearchAction\",\"target\":{\"@type\":\"EntryPoint\",\"urlTemplate\":\"https:\\\/\\\/welem.com\\\/enr\\\/?s={search_term_string}\"},\"query-input\":{\"@type\":\"PropertyValueSpecification\",\"valueRequired\":true,\"valueName\":\"search_term_string\"}}],\"inLanguage\":\"fr-FR\"},{\"@type\":\"Organization\",\"@id\":\"https:\\\/\\\/welem.com\\\/enr\\\/#organization\",\"name\":\"WELEM\",\"url\":\"https:\\\/\\\/welem.com\\\/enr\\\/\",\"logo\":{\"@type\":\"ImageObject\",\"inLanguage\":\"fr-FR\",\"@id\":\"https:\\\/\\\/welem.com\\\/enr\\\/#\\\/schema\\\/logo\\\/image\\\/\",\"url\":\"https:\\\/\\\/welem.com\\\/enr\\\/wp-content\\\/uploads\\\/logoWelemRetina.png\",\"contentUrl\":\"https:\\\/\\\/welem.com\\\/enr\\\/wp-content\\\/uploads\\\/logoWelemRetina.png\",\"width\":900,\"height\":311,\"caption\":\"WELEM\"},\"image\":{\"@id\":\"https:\\\/\\\/welem.com\\\/enr\\\/#\\\/schema\\\/logo\\\/image\\\/\"},\"sameAs\":[\"https:\\\/\\\/www.facebook.com\\\/WELEM-105304956191421\",\"https:\\\/\\\/x.com\\\/societewelem\",\"https:\\\/\\\/www.youtube.com\\\/channel\\\/UCx7WBxMNWO_SgykAVYK0xzQ\"]}]}<\/script>\n<!-- \/ Yoast SEO plugin. -->","yoast_head_json":{"title":"PE1 30 kW (pellets) - WELEM","robots":{"index":"index","follow":"follow","max-snippet":"max-snippet:-1","max-image-preview":"max-image-preview:large","max-video-preview":"max-video-preview:-1"},"canonical":"https:\/\/welem.com\/enr\/produit\/pe1-30-kw-pellets\/","og_locale":"fr_FR","og_type":"article","og_title":"PE1 30 kW (pellets) - WELEM","og_description":"Chaudi\u00e8re FROLING tr\u00e9s haute performance de classe 5 selon norme EN 303.5Flamme Verte 7*, ETAS: 84%Corps de chauffe basse temp\u00e9rature \u00e0 fonctionnement automatique \u00e9quip\u00e9e d&rsquo;un ventilateur d&rsquo;extraction et l&rsquo;alimentation du combustible modulante par sonde lambda.&#8211; Foyer sp\u00e9cial avec bruleur \u00e0 grille autonettoyante et bac \u00e0 cendre&#8211; Allumage automatique basse consommation&#8211; Technologie WOS (Systeme d&rsquo;optimisation de...","og_url":"https:\/\/welem.com\/enr\/produit\/pe1-30-kw-pellets\/","og_site_name":"WELEM","article_publisher":"https:\/\/www.facebook.com\/WELEM-105304956191421","article_modified_time":"2025-10-21T16:51:43+00:00","og_image":[{"width":533,"height":400,"url":"https:\/\/welem.com\/enr\/wp-content\/uploads\/FrlPE1.jpg","type":"image\/jpeg"}],"twitter_card":"summary_large_image","twitter_site":"@societewelem","twitter_misc":{"Dur\u00e9e de lecture estim\u00e9e":"1 minute"},"schema":{"@context":"https:\/\/schema.org","@graph":[{"@type":"WebPage","@id":"https:\/\/welem.com\/enr\/produit\/pe1-30-kw-pellets\/","url":"https:\/\/welem.com\/enr\/produit\/pe1-30-kw-pellets\/","name":"PE1 30 kW (pellets) - WELEM","isPartOf":{"@id":"https:\/\/welem.com\/enr\/#website"},"primaryImageOfPage":{"@id":"https:\/\/welem.com\/enr\/produit\/pe1-30-kw-pellets\/#primaryimage"},"image":{"@id":"https:\/\/welem.com\/enr\/produit\/pe1-30-kw-pellets\/#primaryimage"},"thumbnailUrl":"https:\/\/welem.com\/enr\/wp-content\/uploads\/FrlPE1.jpg","datePublished":"2018-04-30T22:00:00+00:00","dateModified":"2025-10-21T16:51:43+00:00","breadcrumb":{"@id":"https:\/\/welem.com\/enr\/produit\/pe1-30-kw-pellets\/#breadcrumb"},"inLanguage":"fr-FR","potentialAction":[{"@type":"ReadAction","target":["https:\/\/welem.com\/enr\/produit\/pe1-30-kw-pellets\/"]}]},{"@type":"ImageObject","inLanguage":"fr-FR","@id":"https:\/\/welem.com\/enr\/produit\/pe1-30-kw-pellets\/#primaryimage","url":"https:\/\/welem.com\/enr\/wp-content\/uploads\/FrlPE1.jpg","contentUrl":"https:\/\/welem.com\/enr\/wp-content\/uploads\/FrlPE1.jpg","width":533,"height":400},{"@type":"BreadcrumbList","@id":"https:\/\/welem.com\/enr\/produit\/pe1-30-kw-pellets\/#breadcrumb","itemListElement":[{"@type":"ListItem","position":1,"name":"Accueil","item":"https:\/\/welem.com\/enr\/"},{"@type":"ListItem","position":2,"name":"Boutique","item":"https:\/\/welem.com\/enr\/shop\/"},{"@type":"ListItem","position":3,"name":"PE1 30 kW (pellets)"}]},{"@type":"WebSite","@id":"https:\/\/welem.com\/enr\/#website","url":"https:\/\/welem.com\/enr\/","name":"WELEM - L'\u00e9nergie autrement","description":"La r\u00e9novation \u00e9nerg\u00e9tique globale","publisher":{"@id":"https:\/\/welem.com\/enr\/#organization"},"potentialAction":[{"@type":"SearchAction","target":{"@type":"EntryPoint","urlTemplate":"https:\/\/welem.com\/enr\/?s={search_term_string}"},"query-input":{"@type":"PropertyValueSpecification","valueRequired":true,"valueName":"search_term_string"}}],"inLanguage":"fr-FR"},{"@type":"Organization","@id":"https:\/\/welem.com\/enr\/#organization","name":"WELEM","url":"https:\/\/welem.com\/enr\/","logo":{"@type":"ImageObject","inLanguage":"fr-FR","@id":"https:\/\/welem.com\/enr\/#\/schema\/logo\/image\/","url":"https:\/\/welem.com\/enr\/wp-content\/uploads\/logoWelemRetina.png","contentUrl":"https:\/\/welem.com\/enr\/wp-content\/uploads\/logoWelemRetina.png","width":900,"height":311,"caption":"WELEM"},"image":{"@id":"https:\/\/welem.com\/enr\/#\/schema\/logo\/image\/"},"sameAs":["https:\/\/www.facebook.com\/WELEM-105304956191421","https:\/\/x.com\/societewelem","https:\/\/www.youtube.com\/channel\/UCx7WBxMNWO_SgykAVYK0xzQ"]}]}},"_links":{"self":[{"href":"https:\/\/welem.com\/enr\/wp-json\/wp\/v2\/product\/21610","targetHints":{"allow":["GET"]}}],"collection":[{"href":"https:\/\/welem.com\/enr\/wp-json\/wp\/v2\/product"}],"about":[{"href":"https:\/\/welem.com\/enr\/wp-json\/wp\/v2\/types\/product"}],"replies":[{"embeddable":true,"href":"https:\/\/welem.com\/enr\/wp-json\/wp\/v2\/comments?post=21610"}],"wp:featuredmedia":[{"embeddable":true,"href":"https:\/\/welem.com\/enr\/wp-json\/wp\/v2\/media\/89098"}],"wp:attachment":[{"href":"https:\/\/welem.com\/enr\/wp-json\/wp\/v2\/media?parent=21610"}],"wp:term":[{"taxonomy":"product_brand","embeddable":true,"href":"https:\/\/welem.com\/enr\/wp-json\/wp\/v2\/product_brand?post=21610"},{"taxonomy":"product_cat","embeddable":true,"href":"https:\/\/welem.com\/enr\/wp-json\/wp\/v2\/product_cat?post=21610"},{"taxonomy":"product_tag","embeddable":true,"href":"https:\/\/welem.com\/enr\/wp-json\/wp\/v2\/product_tag?post=21610"}],"curies":[{"name":"wp","href":"https:\/\/api.w.org\/{rel}","templated":true}]}}