{"id":3181,"date":"2020-12-31T00:00:00","date_gmt":"2020-12-30T23:00:00","guid":{"rendered":"http:\/\/welem.com\/enr\/produit\/demy-verre-blanc-10kw-mixte-buche-pellet\/"},"modified":"2025-04-05T15:58:23","modified_gmt":"2025-04-05T13:58:23","slug":"celia-atc-magic-verre-blanc-7kw-pellets","status":"publish","type":"product","link":"https:\/\/welem.com\/enr\/produit\/celia-atc-magic-verre-blanc-7kw-pellets\/","title":{"rendered":"CELIA ATC Magic verre blanc 7kW (pellets)"},"content":{"rendered":"<style type=\"text\/css\"><\/style><p>Po\u00eale \u00e0 pellets \u00e9tanche<br \/>Lorsque le po\u00eale fonctionne, la vitre Magic laisse appara\u00eetre la vision de la flamme. Une fois \u00e9teint, la vitre Magic reste totalement noire, \u00e9vitant ainsi de voir l\u2019int\u00e9rieur du foyer<br \/>Top coulissant en fonte pour le chargement du granul\u00e9s.<br \/>foyer en fonte<br \/>sortie des fum\u00e9es coaxial \u00d8 8\/13 cm vers le haut, femelle<br \/>Radiocommande &lsquo;Mind remote&rsquo;<br \/>programmation journali\u00e8re\/hebdomadaire<br \/>fonction RELAX (ventilation air chaud d\u00e9sactivable)<br \/>Rendement: 92,8%<\/p>\n","protected":false},"excerpt":{"rendered":"<p>Po\u00eale \u00e0 pellets \u00e9tancheLorsque le po\u00eale fonctionne, la vitre Magic laisse appara\u00eetre la vision de la flamme. Une fois \u00e9teint, la vitre Magic reste totalement noire, \u00e9vitant ainsi de voir l\u2019int\u00e9rieur du foyerTop coulissant en fonte pour le chargement du granul\u00e9s.foyer en fontesortie des fum\u00e9es coaxial \u00d8 8\/13 cm vers le haut, femelleRadiocommande &lsquo;Mind remote&rsquo;programmation&#8230;<\/p>\n","protected":false},"featured_media":82951,"comment_status":"closed","ping_status":"closed","template":"","meta":[],"product_brand":[],"product_cat":[7],"product_tag":[56],"class_list":{"0":"post-3181","1":"product","2":"type-product","3":"status-publish","4":"has-post-thumbnail","6":"product_cat-poeles","7":"product_tag-pellets","8":"product_shipping_class-transport-produits-welem","9":"pa_supplier-edilkamin","11":"first","12":"instock","13":"taxable","14":"shipping-taxable","15":"purchasable","16":"product-type-simple"},"yoast_head":"<!-- This site is optimized with the Yoast SEO plugin v27.5 - https:\/\/yoast.com\/product\/yoast-seo-wordpress\/ -->\n<title>CELIA ATC Magic verre blanc 7kW (pellets) - WELEM<\/title>\n<meta name=\"robots\" content=\"index, follow, max-snippet:-1, max-image-preview:large, max-video-preview:-1\" \/>\n<link rel=\"canonical\" href=\"https:\/\/welem.com\/enr\/produit\/celia-atc-magic-verre-blanc-7kw-pellets\/\" \/>\n<meta property=\"og:locale\" content=\"fr_FR\" \/>\n<meta property=\"og:type\" content=\"article\" \/>\n<meta property=\"og:title\" content=\"CELIA ATC Magic verre blanc 7kW (pellets) - WELEM\" \/>\n<meta property=\"og:description\" content=\"Po\u00eale \u00e0 pellets \u00e9tancheLorsque le po\u00eale fonctionne, la vitre Magic laisse appara\u00eetre la vision de la flamme. Une fois \u00e9teint, la vitre Magic reste totalement noire, \u00e9vitant ainsi de voir l\u2019int\u00e9rieur du foyerTop coulissant en fonte pour le chargement du granul\u00e9s.foyer en fontesortie des fum\u00e9es coaxial \u00d8 8\/13 cm vers le haut, femelleRadiocommande &lsquo;Mind remote&rsquo;programmation...\" \/>\n<meta property=\"og:url\" content=\"https:\/\/welem.com\/enr\/produit\/celia-atc-magic-verre-blanc-7kw-pellets\/\" \/>\n<meta property=\"og:site_name\" content=\"WELEM\" \/>\n<meta property=\"article:publisher\" content=\"https:\/\/www.facebook.com\/WELEM-105304956191421\" \/>\n<meta property=\"article:modified_time\" content=\"2025-04-05T13:58:23+00:00\" \/>\n<meta property=\"og:image\" content=\"https:\/\/welem.com\/enr\/wp-content\/uploads\/EdkCeliaATCMVerreBlanc.jpg\" \/>\n\t<meta property=\"og:image:width\" content=\"500\" \/>\n\t<meta property=\"og:image:height\" content=\"384\" \/>\n\t<meta property=\"og:image:type\" content=\"image\/jpeg\" \/>\n<meta name=\"twitter:card\" content=\"summary_large_image\" \/>\n<meta name=\"twitter:site\" content=\"@societewelem\" \/>\n<script type=\"application\/ld+json\" class=\"yoast-schema-graph\">{\"@context\":\"https:\\\/\\\/schema.org\",\"@graph\":[{\"@type\":\"WebPage\",\"@id\":\"https:\\\/\\\/welem.com\\\/enr\\\/produit\\\/celia-atc-magic-verre-blanc-7kw-pellets\\\/\",\"url\":\"https:\\\/\\\/welem.com\\\/enr\\\/produit\\\/celia-atc-magic-verre-blanc-7kw-pellets\\\/\",\"name\":\"CELIA ATC Magic verre blanc 7kW (pellets) - WELEM\",\"isPartOf\":{\"@id\":\"https:\\\/\\\/welem.com\\\/enr\\\/#website\"},\"primaryImageOfPage\":{\"@id\":\"https:\\\/\\\/welem.com\\\/enr\\\/produit\\\/celia-atc-magic-verre-blanc-7kw-pellets\\\/#primaryimage\"},\"image\":{\"@id\":\"https:\\\/\\\/welem.com\\\/enr\\\/produit\\\/celia-atc-magic-verre-blanc-7kw-pellets\\\/#primaryimage\"},\"thumbnailUrl\":\"https:\\\/\\\/welem.com\\\/enr\\\/wp-content\\\/uploads\\\/EdkCeliaATCMVerreBlanc.jpg\",\"datePublished\":\"2020-12-30T23:00:00+00:00\",\"dateModified\":\"2025-04-05T13:58:23+00:00\",\"breadcrumb\":{\"@id\":\"https:\\\/\\\/welem.com\\\/enr\\\/produit\\\/celia-atc-magic-verre-blanc-7kw-pellets\\\/#breadcrumb\"},\"inLanguage\":\"fr-FR\",\"potentialAction\":[{\"@type\":\"ReadAction\",\"target\":[\"https:\\\/\\\/welem.com\\\/enr\\\/produit\\\/celia-atc-magic-verre-blanc-7kw-pellets\\\/\"]}]},{\"@type\":\"ImageObject\",\"inLanguage\":\"fr-FR\",\"@id\":\"https:\\\/\\\/welem.com\\\/enr\\\/produit\\\/celia-atc-magic-verre-blanc-7kw-pellets\\\/#primaryimage\",\"url\":\"https:\\\/\\\/welem.com\\\/enr\\\/wp-content\\\/uploads\\\/EdkCeliaATCMVerreBlanc.jpg\",\"contentUrl\":\"https:\\\/\\\/welem.com\\\/enr\\\/wp-content\\\/uploads\\\/EdkCeliaATCMVerreBlanc.jpg\",\"width\":500,\"height\":384},{\"@type\":\"BreadcrumbList\",\"@id\":\"https:\\\/\\\/welem.com\\\/enr\\\/produit\\\/celia-atc-magic-verre-blanc-7kw-pellets\\\/#breadcrumb\",\"itemListElement\":[{\"@type\":\"ListItem\",\"position\":1,\"name\":\"Accueil\",\"item\":\"https:\\\/\\\/welem.com\\\/enr\\\/\"},{\"@type\":\"ListItem\",\"position\":2,\"name\":\"Boutique\",\"item\":\"https:\\\/\\\/welem.com\\\/enr\\\/shop\\\/\"},{\"@type\":\"ListItem\",\"position\":3,\"name\":\"CELIA ATC Magic verre blanc 7kW (pellets)\"}]},{\"@type\":\"WebSite\",\"@id\":\"https:\\\/\\\/welem.com\\\/enr\\\/#website\",\"url\":\"https:\\\/\\\/welem.com\\\/enr\\\/\",\"name\":\"WELEM - L'\u00e9nergie autrement\",\"description\":\"La r\u00e9novation \u00e9nerg\u00e9tique globale\",\"publisher\":{\"@id\":\"https:\\\/\\\/welem.com\\\/enr\\\/#organization\"},\"potentialAction\":[{\"@type\":\"SearchAction\",\"target\":{\"@type\":\"EntryPoint\",\"urlTemplate\":\"https:\\\/\\\/welem.com\\\/enr\\\/?s={search_term_string}\"},\"query-input\":{\"@type\":\"PropertyValueSpecification\",\"valueRequired\":true,\"valueName\":\"search_term_string\"}}],\"inLanguage\":\"fr-FR\"},{\"@type\":\"Organization\",\"@id\":\"https:\\\/\\\/welem.com\\\/enr\\\/#organization\",\"name\":\"WELEM\",\"url\":\"https:\\\/\\\/welem.com\\\/enr\\\/\",\"logo\":{\"@type\":\"ImageObject\",\"inLanguage\":\"fr-FR\",\"@id\":\"https:\\\/\\\/welem.com\\\/enr\\\/#\\\/schema\\\/logo\\\/image\\\/\",\"url\":\"https:\\\/\\\/welem.com\\\/enr\\\/wp-content\\\/uploads\\\/logoWelemRetina.png\",\"contentUrl\":\"https:\\\/\\\/welem.com\\\/enr\\\/wp-content\\\/uploads\\\/logoWelemRetina.png\",\"width\":900,\"height\":311,\"caption\":\"WELEM\"},\"image\":{\"@id\":\"https:\\\/\\\/welem.com\\\/enr\\\/#\\\/schema\\\/logo\\\/image\\\/\"},\"sameAs\":[\"https:\\\/\\\/www.facebook.com\\\/WELEM-105304956191421\",\"https:\\\/\\\/x.com\\\/societewelem\",\"https:\\\/\\\/www.youtube.com\\\/channel\\\/UCx7WBxMNWO_SgykAVYK0xzQ\"]}]}<\/script>\n<!-- \/ Yoast SEO plugin. -->","yoast_head_json":{"title":"CELIA ATC Magic verre blanc 7kW (pellets) - WELEM","robots":{"index":"index","follow":"follow","max-snippet":"max-snippet:-1","max-image-preview":"max-image-preview:large","max-video-preview":"max-video-preview:-1"},"canonical":"https:\/\/welem.com\/enr\/produit\/celia-atc-magic-verre-blanc-7kw-pellets\/","og_locale":"fr_FR","og_type":"article","og_title":"CELIA ATC Magic verre blanc 7kW (pellets) - WELEM","og_description":"Po\u00eale \u00e0 pellets \u00e9tancheLorsque le po\u00eale fonctionne, la vitre Magic laisse appara\u00eetre la vision de la flamme. Une fois \u00e9teint, la vitre Magic reste totalement noire, \u00e9vitant ainsi de voir l\u2019int\u00e9rieur du foyerTop coulissant en fonte pour le chargement du granul\u00e9s.foyer en fontesortie des fum\u00e9es coaxial \u00d8 8\/13 cm vers le haut, femelleRadiocommande &lsquo;Mind remote&rsquo;programmation...","og_url":"https:\/\/welem.com\/enr\/produit\/celia-atc-magic-verre-blanc-7kw-pellets\/","og_site_name":"WELEM","article_publisher":"https:\/\/www.facebook.com\/WELEM-105304956191421","article_modified_time":"2025-04-05T13:58:23+00:00","og_image":[{"width":500,"height":384,"url":"https:\/\/welem.com\/enr\/wp-content\/uploads\/EdkCeliaATCMVerreBlanc.jpg","type":"image\/jpeg"}],"twitter_card":"summary_large_image","twitter_site":"@societewelem","schema":{"@context":"https:\/\/schema.org","@graph":[{"@type":"WebPage","@id":"https:\/\/welem.com\/enr\/produit\/celia-atc-magic-verre-blanc-7kw-pellets\/","url":"https:\/\/welem.com\/enr\/produit\/celia-atc-magic-verre-blanc-7kw-pellets\/","name":"CELIA ATC Magic verre blanc 7kW (pellets) - WELEM","isPartOf":{"@id":"https:\/\/welem.com\/enr\/#website"},"primaryImageOfPage":{"@id":"https:\/\/welem.com\/enr\/produit\/celia-atc-magic-verre-blanc-7kw-pellets\/#primaryimage"},"image":{"@id":"https:\/\/welem.com\/enr\/produit\/celia-atc-magic-verre-blanc-7kw-pellets\/#primaryimage"},"thumbnailUrl":"https:\/\/welem.com\/enr\/wp-content\/uploads\/EdkCeliaATCMVerreBlanc.jpg","datePublished":"2020-12-30T23:00:00+00:00","dateModified":"2025-04-05T13:58:23+00:00","breadcrumb":{"@id":"https:\/\/welem.com\/enr\/produit\/celia-atc-magic-verre-blanc-7kw-pellets\/#breadcrumb"},"inLanguage":"fr-FR","potentialAction":[{"@type":"ReadAction","target":["https:\/\/welem.com\/enr\/produit\/celia-atc-magic-verre-blanc-7kw-pellets\/"]}]},{"@type":"ImageObject","inLanguage":"fr-FR","@id":"https:\/\/welem.com\/enr\/produit\/celia-atc-magic-verre-blanc-7kw-pellets\/#primaryimage","url":"https:\/\/welem.com\/enr\/wp-content\/uploads\/EdkCeliaATCMVerreBlanc.jpg","contentUrl":"https:\/\/welem.com\/enr\/wp-content\/uploads\/EdkCeliaATCMVerreBlanc.jpg","width":500,"height":384},{"@type":"BreadcrumbList","@id":"https:\/\/welem.com\/enr\/produit\/celia-atc-magic-verre-blanc-7kw-pellets\/#breadcrumb","itemListElement":[{"@type":"ListItem","position":1,"name":"Accueil","item":"https:\/\/welem.com\/enr\/"},{"@type":"ListItem","position":2,"name":"Boutique","item":"https:\/\/welem.com\/enr\/shop\/"},{"@type":"ListItem","position":3,"name":"CELIA ATC Magic verre blanc 7kW (pellets)"}]},{"@type":"WebSite","@id":"https:\/\/welem.com\/enr\/#website","url":"https:\/\/welem.com\/enr\/","name":"WELEM - L'\u00e9nergie autrement","description":"La r\u00e9novation \u00e9nerg\u00e9tique globale","publisher":{"@id":"https:\/\/welem.com\/enr\/#organization"},"potentialAction":[{"@type":"SearchAction","target":{"@type":"EntryPoint","urlTemplate":"https:\/\/welem.com\/enr\/?s={search_term_string}"},"query-input":{"@type":"PropertyValueSpecification","valueRequired":true,"valueName":"search_term_string"}}],"inLanguage":"fr-FR"},{"@type":"Organization","@id":"https:\/\/welem.com\/enr\/#organization","name":"WELEM","url":"https:\/\/welem.com\/enr\/","logo":{"@type":"ImageObject","inLanguage":"fr-FR","@id":"https:\/\/welem.com\/enr\/#\/schema\/logo\/image\/","url":"https:\/\/welem.com\/enr\/wp-content\/uploads\/logoWelemRetina.png","contentUrl":"https:\/\/welem.com\/enr\/wp-content\/uploads\/logoWelemRetina.png","width":900,"height":311,"caption":"WELEM"},"image":{"@id":"https:\/\/welem.com\/enr\/#\/schema\/logo\/image\/"},"sameAs":["https:\/\/www.facebook.com\/WELEM-105304956191421","https:\/\/x.com\/societewelem","https:\/\/www.youtube.com\/channel\/UCx7WBxMNWO_SgykAVYK0xzQ"]}]}},"_links":{"self":[{"href":"https:\/\/welem.com\/enr\/wp-json\/wp\/v2\/product\/3181","targetHints":{"allow":["GET"]}}],"collection":[{"href":"https:\/\/welem.com\/enr\/wp-json\/wp\/v2\/product"}],"about":[{"href":"https:\/\/welem.com\/enr\/wp-json\/wp\/v2\/types\/product"}],"replies":[{"embeddable":true,"href":"https:\/\/welem.com\/enr\/wp-json\/wp\/v2\/comments?post=3181"}],"wp:featuredmedia":[{"embeddable":true,"href":"https:\/\/welem.com\/enr\/wp-json\/wp\/v2\/media\/82951"}],"wp:attachment":[{"href":"https:\/\/welem.com\/enr\/wp-json\/wp\/v2\/media?parent=3181"}],"wp:term":[{"taxonomy":"product_brand","embeddable":true,"href":"https:\/\/welem.com\/enr\/wp-json\/wp\/v2\/product_brand?post=3181"},{"taxonomy":"product_cat","embeddable":true,"href":"https:\/\/welem.com\/enr\/wp-json\/wp\/v2\/product_cat?post=3181"},{"taxonomy":"product_tag","embeddable":true,"href":"https:\/\/welem.com\/enr\/wp-json\/wp\/v2\/product_tag?post=3181"}],"curies":[{"name":"wp","href":"https:\/\/api.w.org\/{rel}","templated":true}]}}