{"id":3344,"date":"2015-12-30T00:00:00","date_gmt":"2015-12-29T23:00:00","guid":{"rendered":"http:\/\/welem.com\/enr\/produit\/cristal-45-ventilation-naturelle-13-kw-buches\/"},"modified":"2025-04-05T15:59:40","modified_gmt":"2025-04-05T13:59:40","slug":"tally-evo-pierre-ollaire-8kw-buches","status":"publish","type":"product","link":"https:\/\/welem.com\/enr\/produit\/tally-evo-pierre-ollaire-8kw-buches\/","title":{"rendered":"TALLY Evo pierre ollaire 8kW (b\u00fbches)"},"content":{"rendered":"<style type=\"text\/css\"><\/style><p>Porte galb\u00e9e en fonte avec grande vitre plate.<br \/> foyer en vermiculite<br \/>sortie des fum\u00e9es 15cm femelle sup\u00e9rieure ou post\u00e9rieure<br \/>porte \u00e0 fermeture automatique avec amortisseur <br \/>air chaud \u00e0 convection naturelle <br \/>r\u00e9glage de l\u2019air de combustion au moyen de la commande<br \/>B\u00fbches de bois jusqu\u2019\u00e0 33 cm verticalement et 25 cm horizontalement <br \/>Rendement 85,6%<br \/>EN OPTION :  kit tiroir pour le rangement du bois<\/p>\n","protected":false},"excerpt":{"rendered":"<p>Porte galb\u00e9e en fonte avec grande vitre plate. foyer en vermiculitesortie des fum\u00e9es 15cm femelle sup\u00e9rieure ou post\u00e9rieureporte \u00e0 fermeture automatique avec amortisseur air chaud \u00e0 convection naturelle r\u00e9glage de l\u2019air de combustion au moyen de la commandeB\u00fbches de bois jusqu\u2019\u00e0 33 cm verticalement et 25 cm horizontalement Rendement 85,6%EN OPTION : kit tiroir pour&#8230;<\/p>\n","protected":false},"featured_media":82995,"comment_status":"closed","ping_status":"closed","template":"","meta":[],"product_brand":[],"product_cat":[7],"product_tag":[57],"class_list":{"0":"post-3344","1":"product","2":"type-product","3":"status-publish","4":"has-post-thumbnail","6":"product_cat-poeles","7":"product_tag-buches","8":"product_shipping_class-transport-produits-welem","9":"pa_supplier-edilkamin","11":"first","12":"instock","13":"taxable","14":"shipping-taxable","15":"purchasable","16":"product-type-simple"},"yoast_head":"<!-- This site is optimized with the Yoast SEO plugin v27.3 - https:\/\/yoast.com\/product\/yoast-seo-wordpress\/ -->\n<title>TALLY Evo pierre ollaire 8kW (b\u00fbches) - WELEM<\/title>\n<meta name=\"robots\" content=\"index, follow, max-snippet:-1, max-image-preview:large, max-video-preview:-1\" \/>\n<link rel=\"canonical\" href=\"https:\/\/welem.com\/enr\/produit\/tally-evo-pierre-ollaire-8kw-buches\/\" \/>\n<meta property=\"og:locale\" content=\"fr_FR\" \/>\n<meta property=\"og:type\" content=\"article\" \/>\n<meta property=\"og:title\" content=\"TALLY Evo pierre ollaire 8kW (b\u00fbches) - WELEM\" \/>\n<meta property=\"og:description\" content=\"Porte galb\u00e9e en fonte avec grande vitre plate. foyer en vermiculitesortie des fum\u00e9es 15cm femelle sup\u00e9rieure ou post\u00e9rieureporte \u00e0 fermeture automatique avec amortisseur air chaud \u00e0 convection naturelle r\u00e9glage de l\u2019air de combustion au moyen de la commandeB\u00fbches de bois jusqu\u2019\u00e0 33 cm verticalement et 25 cm horizontalement Rendement 85,6%EN OPTION : kit tiroir pour...\" \/>\n<meta property=\"og:url\" content=\"https:\/\/welem.com\/enr\/produit\/tally-evo-pierre-ollaire-8kw-buches\/\" \/>\n<meta property=\"og:site_name\" content=\"WELEM\" \/>\n<meta property=\"article:publisher\" content=\"https:\/\/www.facebook.com\/WELEM-105304956191421\" \/>\n<meta property=\"article:modified_time\" content=\"2025-04-05T13:59:40+00:00\" \/>\n<meta property=\"og:image\" content=\"https:\/\/welem.com\/enr\/wp-content\/uploads\/EdkTallyPierre.jpg\" \/>\n\t<meta property=\"og:image:width\" content=\"429\" \/>\n\t<meta property=\"og:image:height\" content=\"347\" \/>\n\t<meta property=\"og:image:type\" content=\"image\/jpeg\" \/>\n<meta name=\"twitter:card\" content=\"summary_large_image\" \/>\n<meta name=\"twitter:site\" content=\"@societewelem\" \/>\n<script type=\"application\/ld+json\" class=\"yoast-schema-graph\">{\"@context\":\"https:\\\/\\\/schema.org\",\"@graph\":[{\"@type\":\"WebPage\",\"@id\":\"https:\\\/\\\/welem.com\\\/enr\\\/produit\\\/tally-evo-pierre-ollaire-8kw-buches\\\/\",\"url\":\"https:\\\/\\\/welem.com\\\/enr\\\/produit\\\/tally-evo-pierre-ollaire-8kw-buches\\\/\",\"name\":\"TALLY Evo pierre ollaire 8kW (b\u00fbches) - WELEM\",\"isPartOf\":{\"@id\":\"https:\\\/\\\/welem.com\\\/enr\\\/#website\"},\"primaryImageOfPage\":{\"@id\":\"https:\\\/\\\/welem.com\\\/enr\\\/produit\\\/tally-evo-pierre-ollaire-8kw-buches\\\/#primaryimage\"},\"image\":{\"@id\":\"https:\\\/\\\/welem.com\\\/enr\\\/produit\\\/tally-evo-pierre-ollaire-8kw-buches\\\/#primaryimage\"},\"thumbnailUrl\":\"https:\\\/\\\/welem.com\\\/enr\\\/wp-content\\\/uploads\\\/EdkTallyPierre.jpg\",\"datePublished\":\"2015-12-29T23:00:00+00:00\",\"dateModified\":\"2025-04-05T13:59:40+00:00\",\"breadcrumb\":{\"@id\":\"https:\\\/\\\/welem.com\\\/enr\\\/produit\\\/tally-evo-pierre-ollaire-8kw-buches\\\/#breadcrumb\"},\"inLanguage\":\"fr-FR\",\"potentialAction\":[{\"@type\":\"ReadAction\",\"target\":[\"https:\\\/\\\/welem.com\\\/enr\\\/produit\\\/tally-evo-pierre-ollaire-8kw-buches\\\/\"]}]},{\"@type\":\"ImageObject\",\"inLanguage\":\"fr-FR\",\"@id\":\"https:\\\/\\\/welem.com\\\/enr\\\/produit\\\/tally-evo-pierre-ollaire-8kw-buches\\\/#primaryimage\",\"url\":\"https:\\\/\\\/welem.com\\\/enr\\\/wp-content\\\/uploads\\\/EdkTallyPierre.jpg\",\"contentUrl\":\"https:\\\/\\\/welem.com\\\/enr\\\/wp-content\\\/uploads\\\/EdkTallyPierre.jpg\",\"width\":429,\"height\":347},{\"@type\":\"BreadcrumbList\",\"@id\":\"https:\\\/\\\/welem.com\\\/enr\\\/produit\\\/tally-evo-pierre-ollaire-8kw-buches\\\/#breadcrumb\",\"itemListElement\":[{\"@type\":\"ListItem\",\"position\":1,\"name\":\"Accueil\",\"item\":\"https:\\\/\\\/welem.com\\\/enr\\\/\"},{\"@type\":\"ListItem\",\"position\":2,\"name\":\"Boutique\",\"item\":\"https:\\\/\\\/welem.com\\\/enr\\\/shop\\\/\"},{\"@type\":\"ListItem\",\"position\":3,\"name\":\"TALLY Evo pierre ollaire 8kW (b\u00fbches)\"}]},{\"@type\":\"WebSite\",\"@id\":\"https:\\\/\\\/welem.com\\\/enr\\\/#website\",\"url\":\"https:\\\/\\\/welem.com\\\/enr\\\/\",\"name\":\"WELEM - L'\u00e9nergie autrement\",\"description\":\"La r\u00e9novation \u00e9nerg\u00e9tique globale\",\"publisher\":{\"@id\":\"https:\\\/\\\/welem.com\\\/enr\\\/#organization\"},\"potentialAction\":[{\"@type\":\"SearchAction\",\"target\":{\"@type\":\"EntryPoint\",\"urlTemplate\":\"https:\\\/\\\/welem.com\\\/enr\\\/?s={search_term_string}\"},\"query-input\":{\"@type\":\"PropertyValueSpecification\",\"valueRequired\":true,\"valueName\":\"search_term_string\"}}],\"inLanguage\":\"fr-FR\"},{\"@type\":\"Organization\",\"@id\":\"https:\\\/\\\/welem.com\\\/enr\\\/#organization\",\"name\":\"WELEM\",\"url\":\"https:\\\/\\\/welem.com\\\/enr\\\/\",\"logo\":{\"@type\":\"ImageObject\",\"inLanguage\":\"fr-FR\",\"@id\":\"https:\\\/\\\/welem.com\\\/enr\\\/#\\\/schema\\\/logo\\\/image\\\/\",\"url\":\"https:\\\/\\\/welem.com\\\/enr\\\/wp-content\\\/uploads\\\/logoWelemRetina.png\",\"contentUrl\":\"https:\\\/\\\/welem.com\\\/enr\\\/wp-content\\\/uploads\\\/logoWelemRetina.png\",\"width\":900,\"height\":311,\"caption\":\"WELEM\"},\"image\":{\"@id\":\"https:\\\/\\\/welem.com\\\/enr\\\/#\\\/schema\\\/logo\\\/image\\\/\"},\"sameAs\":[\"https:\\\/\\\/www.facebook.com\\\/WELEM-105304956191421\",\"https:\\\/\\\/x.com\\\/societewelem\",\"https:\\\/\\\/www.youtube.com\\\/channel\\\/UCx7WBxMNWO_SgykAVYK0xzQ\"]}]}<\/script>\n<!-- \/ Yoast SEO plugin. -->","yoast_head_json":{"title":"TALLY Evo pierre ollaire 8kW (b\u00fbches) - WELEM","robots":{"index":"index","follow":"follow","max-snippet":"max-snippet:-1","max-image-preview":"max-image-preview:large","max-video-preview":"max-video-preview:-1"},"canonical":"https:\/\/welem.com\/enr\/produit\/tally-evo-pierre-ollaire-8kw-buches\/","og_locale":"fr_FR","og_type":"article","og_title":"TALLY Evo pierre ollaire 8kW (b\u00fbches) - WELEM","og_description":"Porte galb\u00e9e en fonte avec grande vitre plate. foyer en vermiculitesortie des fum\u00e9es 15cm femelle sup\u00e9rieure ou post\u00e9rieureporte \u00e0 fermeture automatique avec amortisseur air chaud \u00e0 convection naturelle r\u00e9glage de l\u2019air de combustion au moyen de la commandeB\u00fbches de bois jusqu\u2019\u00e0 33 cm verticalement et 25 cm horizontalement Rendement 85,6%EN OPTION : kit tiroir pour...","og_url":"https:\/\/welem.com\/enr\/produit\/tally-evo-pierre-ollaire-8kw-buches\/","og_site_name":"WELEM","article_publisher":"https:\/\/www.facebook.com\/WELEM-105304956191421","article_modified_time":"2025-04-05T13:59:40+00:00","og_image":[{"width":429,"height":347,"url":"https:\/\/welem.com\/enr\/wp-content\/uploads\/EdkTallyPierre.jpg","type":"image\/jpeg"}],"twitter_card":"summary_large_image","twitter_site":"@societewelem","schema":{"@context":"https:\/\/schema.org","@graph":[{"@type":"WebPage","@id":"https:\/\/welem.com\/enr\/produit\/tally-evo-pierre-ollaire-8kw-buches\/","url":"https:\/\/welem.com\/enr\/produit\/tally-evo-pierre-ollaire-8kw-buches\/","name":"TALLY Evo pierre ollaire 8kW (b\u00fbches) - WELEM","isPartOf":{"@id":"https:\/\/welem.com\/enr\/#website"},"primaryImageOfPage":{"@id":"https:\/\/welem.com\/enr\/produit\/tally-evo-pierre-ollaire-8kw-buches\/#primaryimage"},"image":{"@id":"https:\/\/welem.com\/enr\/produit\/tally-evo-pierre-ollaire-8kw-buches\/#primaryimage"},"thumbnailUrl":"https:\/\/welem.com\/enr\/wp-content\/uploads\/EdkTallyPierre.jpg","datePublished":"2015-12-29T23:00:00+00:00","dateModified":"2025-04-05T13:59:40+00:00","breadcrumb":{"@id":"https:\/\/welem.com\/enr\/produit\/tally-evo-pierre-ollaire-8kw-buches\/#breadcrumb"},"inLanguage":"fr-FR","potentialAction":[{"@type":"ReadAction","target":["https:\/\/welem.com\/enr\/produit\/tally-evo-pierre-ollaire-8kw-buches\/"]}]},{"@type":"ImageObject","inLanguage":"fr-FR","@id":"https:\/\/welem.com\/enr\/produit\/tally-evo-pierre-ollaire-8kw-buches\/#primaryimage","url":"https:\/\/welem.com\/enr\/wp-content\/uploads\/EdkTallyPierre.jpg","contentUrl":"https:\/\/welem.com\/enr\/wp-content\/uploads\/EdkTallyPierre.jpg","width":429,"height":347},{"@type":"BreadcrumbList","@id":"https:\/\/welem.com\/enr\/produit\/tally-evo-pierre-ollaire-8kw-buches\/#breadcrumb","itemListElement":[{"@type":"ListItem","position":1,"name":"Accueil","item":"https:\/\/welem.com\/enr\/"},{"@type":"ListItem","position":2,"name":"Boutique","item":"https:\/\/welem.com\/enr\/shop\/"},{"@type":"ListItem","position":3,"name":"TALLY Evo pierre ollaire 8kW (b\u00fbches)"}]},{"@type":"WebSite","@id":"https:\/\/welem.com\/enr\/#website","url":"https:\/\/welem.com\/enr\/","name":"WELEM - L'\u00e9nergie autrement","description":"La r\u00e9novation \u00e9nerg\u00e9tique globale","publisher":{"@id":"https:\/\/welem.com\/enr\/#organization"},"potentialAction":[{"@type":"SearchAction","target":{"@type":"EntryPoint","urlTemplate":"https:\/\/welem.com\/enr\/?s={search_term_string}"},"query-input":{"@type":"PropertyValueSpecification","valueRequired":true,"valueName":"search_term_string"}}],"inLanguage":"fr-FR"},{"@type":"Organization","@id":"https:\/\/welem.com\/enr\/#organization","name":"WELEM","url":"https:\/\/welem.com\/enr\/","logo":{"@type":"ImageObject","inLanguage":"fr-FR","@id":"https:\/\/welem.com\/enr\/#\/schema\/logo\/image\/","url":"https:\/\/welem.com\/enr\/wp-content\/uploads\/logoWelemRetina.png","contentUrl":"https:\/\/welem.com\/enr\/wp-content\/uploads\/logoWelemRetina.png","width":900,"height":311,"caption":"WELEM"},"image":{"@id":"https:\/\/welem.com\/enr\/#\/schema\/logo\/image\/"},"sameAs":["https:\/\/www.facebook.com\/WELEM-105304956191421","https:\/\/x.com\/societewelem","https:\/\/www.youtube.com\/channel\/UCx7WBxMNWO_SgykAVYK0xzQ"]}]}},"_links":{"self":[{"href":"https:\/\/welem.com\/enr\/wp-json\/wp\/v2\/product\/3344","targetHints":{"allow":["GET"]}}],"collection":[{"href":"https:\/\/welem.com\/enr\/wp-json\/wp\/v2\/product"}],"about":[{"href":"https:\/\/welem.com\/enr\/wp-json\/wp\/v2\/types\/product"}],"replies":[{"embeddable":true,"href":"https:\/\/welem.com\/enr\/wp-json\/wp\/v2\/comments?post=3344"}],"wp:featuredmedia":[{"embeddable":true,"href":"https:\/\/welem.com\/enr\/wp-json\/wp\/v2\/media\/82995"}],"wp:attachment":[{"href":"https:\/\/welem.com\/enr\/wp-json\/wp\/v2\/media?parent=3344"}],"wp:term":[{"taxonomy":"product_brand","embeddable":true,"href":"https:\/\/welem.com\/enr\/wp-json\/wp\/v2\/product_brand?post=3344"},{"taxonomy":"product_cat","embeddable":true,"href":"https:\/\/welem.com\/enr\/wp-json\/wp\/v2\/product_cat?post=3344"},{"taxonomy":"product_tag","embeddable":true,"href":"https:\/\/welem.com\/enr\/wp-json\/wp\/v2\/product_tag?post=3344"}],"curies":[{"name":"wp","href":"https:\/\/api.w.org\/{rel}","templated":true}]}}