{"id":3380,"date":"2015-12-30T00:00:00","date_gmt":"2015-12-29T23:00:00","guid":{"rendered":"http:\/\/welem.com\/enr\/produit\/emplacement-libre-pour-inserts-pellet-edilkamin-4\/"},"modified":"2025-04-05T16:31:18","modified_gmt":"2025-04-05T14:31:18","slug":"bench-54-convection-naturelle-10kw-buches","status":"publish","type":"product","link":"https:\/\/welem.com\/enr\/produit\/bench-54-convection-naturelle-10kw-buches\/","title":{"rendered":"BENCH 54 convection naturelle 10kW (b\u00fbches)"},"content":{"rendered":"<style type=\"text\/css\"><\/style><p>A la fois po\u00eale et chemin\u00e9e modulable avec les modules support<br \/>Foyer en Ecokeram avec porte totalement vitr\u00e9e<br \/>Syst\u00e8me de postcombustion permettant de bruler tous les r\u00e9sidus des gaz de combustion<br \/>Sortie de fum\u00e9e vers le haut: \u00d8 15 cm <br \/>Rendement : 85,4%<\/p>\n","protected":false},"excerpt":{"rendered":"<p>A la fois po\u00eale et chemin\u00e9e modulable avec les modules supportFoyer en Ecokeram avec porte totalement vitr\u00e9eSyst\u00e8me de postcombustion permettant de bruler tous les r\u00e9sidus des gaz de combustionSortie de fum\u00e9e vers le haut: \u00d8 15 cm Rendement : 85,4%<\/p>\n","protected":false},"featured_media":83042,"comment_status":"closed","ping_status":"closed","template":"","meta":[],"product_brand":[],"product_cat":[22],"product_tag":[57],"class_list":{"0":"post-3380","1":"product","2":"type-product","3":"status-publish","4":"has-post-thumbnail","6":"product_cat-inserts","7":"product_tag-buches","8":"product_shipping_class-transport-produits-welem","9":"pa_supplier-edilkamin","11":"first","12":"instock","13":"taxable","14":"shipping-taxable","15":"purchasable","16":"product-type-simple"},"yoast_head":"<!-- This site is optimized with the Yoast SEO plugin v27.6 - https:\/\/yoast.com\/product\/yoast-seo-wordpress\/ -->\n<title>BENCH 54 convection naturelle 10kW (b\u00fbches) - WELEM<\/title>\n<meta name=\"robots\" content=\"index, follow, max-snippet:-1, max-image-preview:large, max-video-preview:-1\" \/>\n<link rel=\"canonical\" href=\"https:\/\/welem.com\/enr\/produit\/bench-54-convection-naturelle-10kw-buches\/\" \/>\n<meta property=\"og:locale\" content=\"fr_FR\" \/>\n<meta property=\"og:type\" content=\"article\" \/>\n<meta property=\"og:title\" content=\"BENCH 54 convection naturelle 10kW (b\u00fbches) - WELEM\" \/>\n<meta property=\"og:description\" content=\"A la fois po\u00eale et chemin\u00e9e modulable avec les modules supportFoyer en Ecokeram avec porte totalement vitr\u00e9eSyst\u00e8me de postcombustion permettant de bruler tous les r\u00e9sidus des gaz de combustionSortie de fum\u00e9e vers le haut: \u00d8 15 cm Rendement : 85,4%\" \/>\n<meta property=\"og:url\" content=\"https:\/\/welem.com\/enr\/produit\/bench-54-convection-naturelle-10kw-buches\/\" \/>\n<meta property=\"og:site_name\" content=\"WELEM\" \/>\n<meta property=\"article:publisher\" content=\"https:\/\/www.facebook.com\/WELEM-105304956191421\" \/>\n<meta property=\"article:modified_time\" content=\"2025-04-05T14:31:18+00:00\" \/>\n<meta property=\"og:image\" content=\"https:\/\/welem.com\/enr\/wp-content\/uploads\/EdkBench54.jpg\" \/>\n\t<meta property=\"og:image:width\" content=\"718\" \/>\n\t<meta property=\"og:image:height\" content=\"578\" \/>\n\t<meta property=\"og:image:type\" content=\"image\/jpeg\" \/>\n<meta name=\"twitter:card\" content=\"summary_large_image\" \/>\n<meta name=\"twitter:site\" content=\"@societewelem\" \/>\n<script type=\"application\/ld+json\" class=\"yoast-schema-graph\">{\"@context\":\"https:\\\/\\\/schema.org\",\"@graph\":[{\"@type\":\"WebPage\",\"@id\":\"https:\\\/\\\/welem.com\\\/enr\\\/produit\\\/bench-54-convection-naturelle-10kw-buches\\\/\",\"url\":\"https:\\\/\\\/welem.com\\\/enr\\\/produit\\\/bench-54-convection-naturelle-10kw-buches\\\/\",\"name\":\"BENCH 54 convection naturelle 10kW (b\u00fbches) - WELEM\",\"isPartOf\":{\"@id\":\"https:\\\/\\\/welem.com\\\/enr\\\/#website\"},\"primaryImageOfPage\":{\"@id\":\"https:\\\/\\\/welem.com\\\/enr\\\/produit\\\/bench-54-convection-naturelle-10kw-buches\\\/#primaryimage\"},\"image\":{\"@id\":\"https:\\\/\\\/welem.com\\\/enr\\\/produit\\\/bench-54-convection-naturelle-10kw-buches\\\/#primaryimage\"},\"thumbnailUrl\":\"https:\\\/\\\/welem.com\\\/enr\\\/wp-content\\\/uploads\\\/EdkBench54.jpg\",\"datePublished\":\"2015-12-29T23:00:00+00:00\",\"dateModified\":\"2025-04-05T14:31:18+00:00\",\"breadcrumb\":{\"@id\":\"https:\\\/\\\/welem.com\\\/enr\\\/produit\\\/bench-54-convection-naturelle-10kw-buches\\\/#breadcrumb\"},\"inLanguage\":\"fr-FR\",\"potentialAction\":[{\"@type\":\"ReadAction\",\"target\":[\"https:\\\/\\\/welem.com\\\/enr\\\/produit\\\/bench-54-convection-naturelle-10kw-buches\\\/\"]}]},{\"@type\":\"ImageObject\",\"inLanguage\":\"fr-FR\",\"@id\":\"https:\\\/\\\/welem.com\\\/enr\\\/produit\\\/bench-54-convection-naturelle-10kw-buches\\\/#primaryimage\",\"url\":\"https:\\\/\\\/welem.com\\\/enr\\\/wp-content\\\/uploads\\\/EdkBench54.jpg\",\"contentUrl\":\"https:\\\/\\\/welem.com\\\/enr\\\/wp-content\\\/uploads\\\/EdkBench54.jpg\",\"width\":718,\"height\":578},{\"@type\":\"BreadcrumbList\",\"@id\":\"https:\\\/\\\/welem.com\\\/enr\\\/produit\\\/bench-54-convection-naturelle-10kw-buches\\\/#breadcrumb\",\"itemListElement\":[{\"@type\":\"ListItem\",\"position\":1,\"name\":\"Accueil\",\"item\":\"https:\\\/\\\/welem.com\\\/enr\\\/\"},{\"@type\":\"ListItem\",\"position\":2,\"name\":\"Boutique\",\"item\":\"https:\\\/\\\/welem.com\\\/enr\\\/shop\\\/\"},{\"@type\":\"ListItem\",\"position\":3,\"name\":\"BENCH 54 convection naturelle 10kW (b\u00fbches)\"}]},{\"@type\":\"WebSite\",\"@id\":\"https:\\\/\\\/welem.com\\\/enr\\\/#website\",\"url\":\"https:\\\/\\\/welem.com\\\/enr\\\/\",\"name\":\"WELEM - L'\u00e9nergie autrement\",\"description\":\"La r\u00e9novation \u00e9nerg\u00e9tique globale\",\"publisher\":{\"@id\":\"https:\\\/\\\/welem.com\\\/enr\\\/#organization\"},\"potentialAction\":[{\"@type\":\"SearchAction\",\"target\":{\"@type\":\"EntryPoint\",\"urlTemplate\":\"https:\\\/\\\/welem.com\\\/enr\\\/?s={search_term_string}\"},\"query-input\":{\"@type\":\"PropertyValueSpecification\",\"valueRequired\":true,\"valueName\":\"search_term_string\"}}],\"inLanguage\":\"fr-FR\"},{\"@type\":\"Organization\",\"@id\":\"https:\\\/\\\/welem.com\\\/enr\\\/#organization\",\"name\":\"WELEM\",\"url\":\"https:\\\/\\\/welem.com\\\/enr\\\/\",\"logo\":{\"@type\":\"ImageObject\",\"inLanguage\":\"fr-FR\",\"@id\":\"https:\\\/\\\/welem.com\\\/enr\\\/#\\\/schema\\\/logo\\\/image\\\/\",\"url\":\"https:\\\/\\\/welem.com\\\/enr\\\/wp-content\\\/uploads\\\/logoWelemRetina.png\",\"contentUrl\":\"https:\\\/\\\/welem.com\\\/enr\\\/wp-content\\\/uploads\\\/logoWelemRetina.png\",\"width\":900,\"height\":311,\"caption\":\"WELEM\"},\"image\":{\"@id\":\"https:\\\/\\\/welem.com\\\/enr\\\/#\\\/schema\\\/logo\\\/image\\\/\"},\"sameAs\":[\"https:\\\/\\\/www.facebook.com\\\/WELEM-105304956191421\",\"https:\\\/\\\/x.com\\\/societewelem\",\"https:\\\/\\\/www.youtube.com\\\/channel\\\/UCx7WBxMNWO_SgykAVYK0xzQ\"]}]}<\/script>\n<!-- \/ Yoast SEO plugin. -->","yoast_head_json":{"title":"BENCH 54 convection naturelle 10kW (b\u00fbches) - WELEM","robots":{"index":"index","follow":"follow","max-snippet":"max-snippet:-1","max-image-preview":"max-image-preview:large","max-video-preview":"max-video-preview:-1"},"canonical":"https:\/\/welem.com\/enr\/produit\/bench-54-convection-naturelle-10kw-buches\/","og_locale":"fr_FR","og_type":"article","og_title":"BENCH 54 convection naturelle 10kW (b\u00fbches) - WELEM","og_description":"A la fois po\u00eale et chemin\u00e9e modulable avec les modules supportFoyer en Ecokeram avec porte totalement vitr\u00e9eSyst\u00e8me de postcombustion permettant de bruler tous les r\u00e9sidus des gaz de combustionSortie de fum\u00e9e vers le haut: \u00d8 15 cm Rendement : 85,4%","og_url":"https:\/\/welem.com\/enr\/produit\/bench-54-convection-naturelle-10kw-buches\/","og_site_name":"WELEM","article_publisher":"https:\/\/www.facebook.com\/WELEM-105304956191421","article_modified_time":"2025-04-05T14:31:18+00:00","og_image":[{"width":718,"height":578,"url":"https:\/\/welem.com\/enr\/wp-content\/uploads\/EdkBench54.jpg","type":"image\/jpeg"}],"twitter_card":"summary_large_image","twitter_site":"@societewelem","schema":{"@context":"https:\/\/schema.org","@graph":[{"@type":"WebPage","@id":"https:\/\/welem.com\/enr\/produit\/bench-54-convection-naturelle-10kw-buches\/","url":"https:\/\/welem.com\/enr\/produit\/bench-54-convection-naturelle-10kw-buches\/","name":"BENCH 54 convection naturelle 10kW (b\u00fbches) - WELEM","isPartOf":{"@id":"https:\/\/welem.com\/enr\/#website"},"primaryImageOfPage":{"@id":"https:\/\/welem.com\/enr\/produit\/bench-54-convection-naturelle-10kw-buches\/#primaryimage"},"image":{"@id":"https:\/\/welem.com\/enr\/produit\/bench-54-convection-naturelle-10kw-buches\/#primaryimage"},"thumbnailUrl":"https:\/\/welem.com\/enr\/wp-content\/uploads\/EdkBench54.jpg","datePublished":"2015-12-29T23:00:00+00:00","dateModified":"2025-04-05T14:31:18+00:00","breadcrumb":{"@id":"https:\/\/welem.com\/enr\/produit\/bench-54-convection-naturelle-10kw-buches\/#breadcrumb"},"inLanguage":"fr-FR","potentialAction":[{"@type":"ReadAction","target":["https:\/\/welem.com\/enr\/produit\/bench-54-convection-naturelle-10kw-buches\/"]}]},{"@type":"ImageObject","inLanguage":"fr-FR","@id":"https:\/\/welem.com\/enr\/produit\/bench-54-convection-naturelle-10kw-buches\/#primaryimage","url":"https:\/\/welem.com\/enr\/wp-content\/uploads\/EdkBench54.jpg","contentUrl":"https:\/\/welem.com\/enr\/wp-content\/uploads\/EdkBench54.jpg","width":718,"height":578},{"@type":"BreadcrumbList","@id":"https:\/\/welem.com\/enr\/produit\/bench-54-convection-naturelle-10kw-buches\/#breadcrumb","itemListElement":[{"@type":"ListItem","position":1,"name":"Accueil","item":"https:\/\/welem.com\/enr\/"},{"@type":"ListItem","position":2,"name":"Boutique","item":"https:\/\/welem.com\/enr\/shop\/"},{"@type":"ListItem","position":3,"name":"BENCH 54 convection naturelle 10kW (b\u00fbches)"}]},{"@type":"WebSite","@id":"https:\/\/welem.com\/enr\/#website","url":"https:\/\/welem.com\/enr\/","name":"WELEM - L'\u00e9nergie autrement","description":"La r\u00e9novation \u00e9nerg\u00e9tique globale","publisher":{"@id":"https:\/\/welem.com\/enr\/#organization"},"potentialAction":[{"@type":"SearchAction","target":{"@type":"EntryPoint","urlTemplate":"https:\/\/welem.com\/enr\/?s={search_term_string}"},"query-input":{"@type":"PropertyValueSpecification","valueRequired":true,"valueName":"search_term_string"}}],"inLanguage":"fr-FR"},{"@type":"Organization","@id":"https:\/\/welem.com\/enr\/#organization","name":"WELEM","url":"https:\/\/welem.com\/enr\/","logo":{"@type":"ImageObject","inLanguage":"fr-FR","@id":"https:\/\/welem.com\/enr\/#\/schema\/logo\/image\/","url":"https:\/\/welem.com\/enr\/wp-content\/uploads\/logoWelemRetina.png","contentUrl":"https:\/\/welem.com\/enr\/wp-content\/uploads\/logoWelemRetina.png","width":900,"height":311,"caption":"WELEM"},"image":{"@id":"https:\/\/welem.com\/enr\/#\/schema\/logo\/image\/"},"sameAs":["https:\/\/www.facebook.com\/WELEM-105304956191421","https:\/\/x.com\/societewelem","https:\/\/www.youtube.com\/channel\/UCx7WBxMNWO_SgykAVYK0xzQ"]}]}},"_links":{"self":[{"href":"https:\/\/welem.com\/enr\/wp-json\/wp\/v2\/product\/3380","targetHints":{"allow":["GET"]}}],"collection":[{"href":"https:\/\/welem.com\/enr\/wp-json\/wp\/v2\/product"}],"about":[{"href":"https:\/\/welem.com\/enr\/wp-json\/wp\/v2\/types\/product"}],"replies":[{"embeddable":true,"href":"https:\/\/welem.com\/enr\/wp-json\/wp\/v2\/comments?post=3380"}],"wp:featuredmedia":[{"embeddable":true,"href":"https:\/\/welem.com\/enr\/wp-json\/wp\/v2\/media\/83042"}],"wp:attachment":[{"href":"https:\/\/welem.com\/enr\/wp-json\/wp\/v2\/media?parent=3380"}],"wp:term":[{"taxonomy":"product_brand","embeddable":true,"href":"https:\/\/welem.com\/enr\/wp-json\/wp\/v2\/product_brand?post=3380"},{"taxonomy":"product_cat","embeddable":true,"href":"https:\/\/welem.com\/enr\/wp-json\/wp\/v2\/product_cat?post=3380"},{"taxonomy":"product_tag","embeddable":true,"href":"https:\/\/welem.com\/enr\/wp-json\/wp\/v2\/product_tag?post=3380"}],"curies":[{"name":"wp","href":"https:\/\/api.w.org\/{rel}","templated":true}]}}