{"id":3693,"date":"2018-04-30T00:00:00","date_gmt":"2018-04-29T22:00:00","guid":{"rendered":"http:\/\/welem.com\/enr\/produit\/hsp6-palazza-iii-grande-parois-blanches-534-08-2-8kw-pellets\/"},"modified":"2025-10-21T18:51:51","modified_gmt":"2025-10-21T16:51:51","slug":"s1-turbo-15kw-avec-bride-buches","status":"publish","type":"product","link":"https:\/\/welem.com\/enr\/produit\/s1-turbo-15kw-avec-bride-buches\/","title":{"rendered":"S1 Turbo 15kW avec bride (b\u00fbches)"},"content":{"rendered":"<style type=\"text\/css\"><\/style><p>Chaudi\u00e8re FROLING haut rendement (92%) \u00e0 combustion invers\u00e9e de classe 5 selon EN 303.5<br \/>Flamme Verte 7*, ETAS: 80%<br \/>Chambre de remplissage pour b\u00fbches de 50cm<br \/>R\u00e9gulation de chauffage Lambdatronic S 3200 de classe 7.<br \/>Optimisation de la combustion par sonde Lambda pour la r\u00e9gulation pr\u00e9cise de la temp\u00e9rature de chaudi\u00e8re et des fum\u00e9es. <br \/><b>Commande automatique air primaire et air secondaire.<\/b><br \/>Ventilateur de tirage avec r\u00e9gulation de vitesse pour un confort de fonctionnement<br \/><b>Rev\u00eatement chaud pour une combustion efficace sans formation de goudron<\/b><br \/>R\u00e9gulation diff\u00e9rentielle de temp\u00e9rature du ballon tampon et du pr\u00e9parateur ECS. <br \/>R\u00e9gulation d&rsquo;un circuit m\u00e9lang\u00e9 ou direct selon l&rsquo;ext\u00e9rieur et\/ou l&rsquo;ambiance.<br \/>Bride lat\u00e9rale droite pour l\u2019option unit\u00e9 granul\u00e9s SP Dual compact.<\/p>\n","protected":false},"excerpt":{"rendered":"<p>Chaudi\u00e8re FROLING haut rendement (92%) \u00e0 combustion invers\u00e9e de classe 5 selon EN 303.5Flamme Verte 7*, ETAS: 80%Chambre de remplissage pour b\u00fbches de 50cmR\u00e9gulation de chauffage Lambdatronic S 3200 de classe 7.Optimisation de la combustion par sonde Lambda pour la r\u00e9gulation pr\u00e9cise de la temp\u00e9rature de chaudi\u00e8re et des fum\u00e9es. Commande automatique air primaire et&#8230;<\/p>\n","protected":false},"featured_media":89102,"comment_status":"closed","ping_status":"closed","template":"","meta":[],"product_brand":[],"product_cat":[37],"product_tag":[57],"class_list":{"0":"post-3693","1":"product","2":"type-product","3":"status-publish","4":"has-post-thumbnail","6":"product_cat-chaudieres-froling","7":"product_tag-buches","8":"product_shipping_class-transport-produits-welem","9":"pa_supplier-froling","11":"first","12":"instock","13":"taxable","14":"shipping-taxable","15":"purchasable","16":"product-type-simple"},"yoast_head":"<!-- This site is optimized with the Yoast SEO plugin v27.6 - https:\/\/yoast.com\/product\/yoast-seo-wordpress\/ -->\n<title>S1 Turbo 15kW avec bride (b\u00fbches) - WELEM<\/title>\n<meta name=\"robots\" content=\"index, follow, max-snippet:-1, max-image-preview:large, max-video-preview:-1\" \/>\n<link rel=\"canonical\" href=\"https:\/\/welem.com\/enr\/produit\/s1-turbo-15kw-avec-bride-buches\/\" \/>\n<meta property=\"og:locale\" content=\"fr_FR\" \/>\n<meta property=\"og:type\" content=\"article\" \/>\n<meta property=\"og:title\" content=\"S1 Turbo 15kW avec bride (b\u00fbches) - WELEM\" \/>\n<meta property=\"og:description\" content=\"Chaudi\u00e8re FROLING haut rendement (92%) \u00e0 combustion invers\u00e9e de classe 5 selon EN 303.5Flamme Verte 7*, ETAS: 80%Chambre de remplissage pour b\u00fbches de 50cmR\u00e9gulation de chauffage Lambdatronic S 3200 de classe 7.Optimisation de la combustion par sonde Lambda pour la r\u00e9gulation pr\u00e9cise de la temp\u00e9rature de chaudi\u00e8re et des fum\u00e9es. Commande automatique air primaire et...\" \/>\n<meta property=\"og:url\" content=\"https:\/\/welem.com\/enr\/produit\/s1-turbo-15kw-avec-bride-buches\/\" \/>\n<meta property=\"og:site_name\" content=\"WELEM\" \/>\n<meta property=\"article:publisher\" content=\"https:\/\/www.facebook.com\/WELEM-105304956191421\" \/>\n<meta property=\"article:modified_time\" content=\"2025-10-21T16:51:51+00:00\" \/>\n<meta property=\"og:image\" content=\"https:\/\/welem.com\/enr\/wp-content\/uploads\/FrlS1.jpg\" \/>\n\t<meta property=\"og:image:width\" content=\"576\" \/>\n\t<meta property=\"og:image:height\" content=\"384\" \/>\n\t<meta property=\"og:image:type\" content=\"image\/jpeg\" \/>\n<meta name=\"twitter:card\" content=\"summary_large_image\" \/>\n<meta name=\"twitter:site\" content=\"@societewelem\" \/>\n<meta name=\"twitter:label1\" content=\"Dur\u00e9e de lecture estim\u00e9e\" \/>\n\t<meta name=\"twitter:data1\" content=\"1 minute\" \/>\n<script type=\"application\/ld+json\" class=\"yoast-schema-graph\">{\"@context\":\"https:\\\/\\\/schema.org\",\"@graph\":[{\"@type\":\"WebPage\",\"@id\":\"https:\\\/\\\/welem.com\\\/enr\\\/produit\\\/s1-turbo-15kw-avec-bride-buches\\\/\",\"url\":\"https:\\\/\\\/welem.com\\\/enr\\\/produit\\\/s1-turbo-15kw-avec-bride-buches\\\/\",\"name\":\"S1 Turbo 15kW avec bride (b\u00fbches) - WELEM\",\"isPartOf\":{\"@id\":\"https:\\\/\\\/welem.com\\\/enr\\\/#website\"},\"primaryImageOfPage\":{\"@id\":\"https:\\\/\\\/welem.com\\\/enr\\\/produit\\\/s1-turbo-15kw-avec-bride-buches\\\/#primaryimage\"},\"image\":{\"@id\":\"https:\\\/\\\/welem.com\\\/enr\\\/produit\\\/s1-turbo-15kw-avec-bride-buches\\\/#primaryimage\"},\"thumbnailUrl\":\"https:\\\/\\\/welem.com\\\/enr\\\/wp-content\\\/uploads\\\/FrlS1.jpg\",\"datePublished\":\"2018-04-29T22:00:00+00:00\",\"dateModified\":\"2025-10-21T16:51:51+00:00\",\"breadcrumb\":{\"@id\":\"https:\\\/\\\/welem.com\\\/enr\\\/produit\\\/s1-turbo-15kw-avec-bride-buches\\\/#breadcrumb\"},\"inLanguage\":\"fr-FR\",\"potentialAction\":[{\"@type\":\"ReadAction\",\"target\":[\"https:\\\/\\\/welem.com\\\/enr\\\/produit\\\/s1-turbo-15kw-avec-bride-buches\\\/\"]}]},{\"@type\":\"ImageObject\",\"inLanguage\":\"fr-FR\",\"@id\":\"https:\\\/\\\/welem.com\\\/enr\\\/produit\\\/s1-turbo-15kw-avec-bride-buches\\\/#primaryimage\",\"url\":\"https:\\\/\\\/welem.com\\\/enr\\\/wp-content\\\/uploads\\\/FrlS1.jpg\",\"contentUrl\":\"https:\\\/\\\/welem.com\\\/enr\\\/wp-content\\\/uploads\\\/FrlS1.jpg\",\"width\":576,\"height\":384},{\"@type\":\"BreadcrumbList\",\"@id\":\"https:\\\/\\\/welem.com\\\/enr\\\/produit\\\/s1-turbo-15kw-avec-bride-buches\\\/#breadcrumb\",\"itemListElement\":[{\"@type\":\"ListItem\",\"position\":1,\"name\":\"Accueil\",\"item\":\"https:\\\/\\\/welem.com\\\/enr\\\/\"},{\"@type\":\"ListItem\",\"position\":2,\"name\":\"Boutique\",\"item\":\"https:\\\/\\\/welem.com\\\/enr\\\/shop\\\/\"},{\"@type\":\"ListItem\",\"position\":3,\"name\":\"S1 Turbo 15kW avec bride (b\u00fbches)\"}]},{\"@type\":\"WebSite\",\"@id\":\"https:\\\/\\\/welem.com\\\/enr\\\/#website\",\"url\":\"https:\\\/\\\/welem.com\\\/enr\\\/\",\"name\":\"WELEM - L'\u00e9nergie autrement\",\"description\":\"La r\u00e9novation \u00e9nerg\u00e9tique globale\",\"publisher\":{\"@id\":\"https:\\\/\\\/welem.com\\\/enr\\\/#organization\"},\"potentialAction\":[{\"@type\":\"SearchAction\",\"target\":{\"@type\":\"EntryPoint\",\"urlTemplate\":\"https:\\\/\\\/welem.com\\\/enr\\\/?s={search_term_string}\"},\"query-input\":{\"@type\":\"PropertyValueSpecification\",\"valueRequired\":true,\"valueName\":\"search_term_string\"}}],\"inLanguage\":\"fr-FR\"},{\"@type\":\"Organization\",\"@id\":\"https:\\\/\\\/welem.com\\\/enr\\\/#organization\",\"name\":\"WELEM\",\"url\":\"https:\\\/\\\/welem.com\\\/enr\\\/\",\"logo\":{\"@type\":\"ImageObject\",\"inLanguage\":\"fr-FR\",\"@id\":\"https:\\\/\\\/welem.com\\\/enr\\\/#\\\/schema\\\/logo\\\/image\\\/\",\"url\":\"https:\\\/\\\/welem.com\\\/enr\\\/wp-content\\\/uploads\\\/logoWelemRetina.png\",\"contentUrl\":\"https:\\\/\\\/welem.com\\\/enr\\\/wp-content\\\/uploads\\\/logoWelemRetina.png\",\"width\":900,\"height\":311,\"caption\":\"WELEM\"},\"image\":{\"@id\":\"https:\\\/\\\/welem.com\\\/enr\\\/#\\\/schema\\\/logo\\\/image\\\/\"},\"sameAs\":[\"https:\\\/\\\/www.facebook.com\\\/WELEM-105304956191421\",\"https:\\\/\\\/x.com\\\/societewelem\",\"https:\\\/\\\/www.youtube.com\\\/channel\\\/UCx7WBxMNWO_SgykAVYK0xzQ\"]}]}<\/script>\n<!-- \/ Yoast SEO plugin. -->","yoast_head_json":{"title":"S1 Turbo 15kW avec bride (b\u00fbches) - WELEM","robots":{"index":"index","follow":"follow","max-snippet":"max-snippet:-1","max-image-preview":"max-image-preview:large","max-video-preview":"max-video-preview:-1"},"canonical":"https:\/\/welem.com\/enr\/produit\/s1-turbo-15kw-avec-bride-buches\/","og_locale":"fr_FR","og_type":"article","og_title":"S1 Turbo 15kW avec bride (b\u00fbches) - WELEM","og_description":"Chaudi\u00e8re FROLING haut rendement (92%) \u00e0 combustion invers\u00e9e de classe 5 selon EN 303.5Flamme Verte 7*, ETAS: 80%Chambre de remplissage pour b\u00fbches de 50cmR\u00e9gulation de chauffage Lambdatronic S 3200 de classe 7.Optimisation de la combustion par sonde Lambda pour la r\u00e9gulation pr\u00e9cise de la temp\u00e9rature de chaudi\u00e8re et des fum\u00e9es. Commande automatique air primaire et...","og_url":"https:\/\/welem.com\/enr\/produit\/s1-turbo-15kw-avec-bride-buches\/","og_site_name":"WELEM","article_publisher":"https:\/\/www.facebook.com\/WELEM-105304956191421","article_modified_time":"2025-10-21T16:51:51+00:00","og_image":[{"width":576,"height":384,"url":"https:\/\/welem.com\/enr\/wp-content\/uploads\/FrlS1.jpg","type":"image\/jpeg"}],"twitter_card":"summary_large_image","twitter_site":"@societewelem","twitter_misc":{"Dur\u00e9e de lecture estim\u00e9e":"1 minute"},"schema":{"@context":"https:\/\/schema.org","@graph":[{"@type":"WebPage","@id":"https:\/\/welem.com\/enr\/produit\/s1-turbo-15kw-avec-bride-buches\/","url":"https:\/\/welem.com\/enr\/produit\/s1-turbo-15kw-avec-bride-buches\/","name":"S1 Turbo 15kW avec bride (b\u00fbches) - WELEM","isPartOf":{"@id":"https:\/\/welem.com\/enr\/#website"},"primaryImageOfPage":{"@id":"https:\/\/welem.com\/enr\/produit\/s1-turbo-15kw-avec-bride-buches\/#primaryimage"},"image":{"@id":"https:\/\/welem.com\/enr\/produit\/s1-turbo-15kw-avec-bride-buches\/#primaryimage"},"thumbnailUrl":"https:\/\/welem.com\/enr\/wp-content\/uploads\/FrlS1.jpg","datePublished":"2018-04-29T22:00:00+00:00","dateModified":"2025-10-21T16:51:51+00:00","breadcrumb":{"@id":"https:\/\/welem.com\/enr\/produit\/s1-turbo-15kw-avec-bride-buches\/#breadcrumb"},"inLanguage":"fr-FR","potentialAction":[{"@type":"ReadAction","target":["https:\/\/welem.com\/enr\/produit\/s1-turbo-15kw-avec-bride-buches\/"]}]},{"@type":"ImageObject","inLanguage":"fr-FR","@id":"https:\/\/welem.com\/enr\/produit\/s1-turbo-15kw-avec-bride-buches\/#primaryimage","url":"https:\/\/welem.com\/enr\/wp-content\/uploads\/FrlS1.jpg","contentUrl":"https:\/\/welem.com\/enr\/wp-content\/uploads\/FrlS1.jpg","width":576,"height":384},{"@type":"BreadcrumbList","@id":"https:\/\/welem.com\/enr\/produit\/s1-turbo-15kw-avec-bride-buches\/#breadcrumb","itemListElement":[{"@type":"ListItem","position":1,"name":"Accueil","item":"https:\/\/welem.com\/enr\/"},{"@type":"ListItem","position":2,"name":"Boutique","item":"https:\/\/welem.com\/enr\/shop\/"},{"@type":"ListItem","position":3,"name":"S1 Turbo 15kW avec bride (b\u00fbches)"}]},{"@type":"WebSite","@id":"https:\/\/welem.com\/enr\/#website","url":"https:\/\/welem.com\/enr\/","name":"WELEM - L'\u00e9nergie autrement","description":"La r\u00e9novation \u00e9nerg\u00e9tique globale","publisher":{"@id":"https:\/\/welem.com\/enr\/#organization"},"potentialAction":[{"@type":"SearchAction","target":{"@type":"EntryPoint","urlTemplate":"https:\/\/welem.com\/enr\/?s={search_term_string}"},"query-input":{"@type":"PropertyValueSpecification","valueRequired":true,"valueName":"search_term_string"}}],"inLanguage":"fr-FR"},{"@type":"Organization","@id":"https:\/\/welem.com\/enr\/#organization","name":"WELEM","url":"https:\/\/welem.com\/enr\/","logo":{"@type":"ImageObject","inLanguage":"fr-FR","@id":"https:\/\/welem.com\/enr\/#\/schema\/logo\/image\/","url":"https:\/\/welem.com\/enr\/wp-content\/uploads\/logoWelemRetina.png","contentUrl":"https:\/\/welem.com\/enr\/wp-content\/uploads\/logoWelemRetina.png","width":900,"height":311,"caption":"WELEM"},"image":{"@id":"https:\/\/welem.com\/enr\/#\/schema\/logo\/image\/"},"sameAs":["https:\/\/www.facebook.com\/WELEM-105304956191421","https:\/\/x.com\/societewelem","https:\/\/www.youtube.com\/channel\/UCx7WBxMNWO_SgykAVYK0xzQ"]}]}},"_links":{"self":[{"href":"https:\/\/welem.com\/enr\/wp-json\/wp\/v2\/product\/3693","targetHints":{"allow":["GET"]}}],"collection":[{"href":"https:\/\/welem.com\/enr\/wp-json\/wp\/v2\/product"}],"about":[{"href":"https:\/\/welem.com\/enr\/wp-json\/wp\/v2\/types\/product"}],"replies":[{"embeddable":true,"href":"https:\/\/welem.com\/enr\/wp-json\/wp\/v2\/comments?post=3693"}],"wp:featuredmedia":[{"embeddable":true,"href":"https:\/\/welem.com\/enr\/wp-json\/wp\/v2\/media\/89102"}],"wp:attachment":[{"href":"https:\/\/welem.com\/enr\/wp-json\/wp\/v2\/media?parent=3693"}],"wp:term":[{"taxonomy":"product_brand","embeddable":true,"href":"https:\/\/welem.com\/enr\/wp-json\/wp\/v2\/product_brand?post=3693"},{"taxonomy":"product_cat","embeddable":true,"href":"https:\/\/welem.com\/enr\/wp-json\/wp\/v2\/product_cat?post=3693"},{"taxonomy":"product_tag","embeddable":true,"href":"https:\/\/welem.com\/enr\/wp-json\/wp\/v2\/product_tag?post=3693"}],"curies":[{"name":"wp","href":"https:\/\/api.w.org\/{rel}","templated":true}]}}