{"id":3771,"date":"2015-06-30T00:00:00","date_gmt":"2015-06-29T22:00:00","guid":{"rendered":"http:\/\/welem.com\/enr\/produit\/vitorre-275-15-35-7-kw-buches\/"},"modified":"2024-07-09T13:00:10","modified_gmt":"2024-07-09T11:00:10","slug":"raccordement-poele-o130mm-tubage-inox-o150mm","status":"publish","type":"product","link":"https:\/\/welem.com\/enr\/produit\/raccordement-poele-o130mm-tubage-inox-o150mm\/","title":{"rendered":"Raccordement po\u00eale \u00d8130mm \/ tubage inox \u00d8150mm"},"content":{"rendered":"<style type=\"text\/css\"><\/style><p>\u00d8po\u00eale 130 \u00d8tubage 150 \u00d8A 123 \u00d8C 138 H290<br \/>Double parois cot\u00e9 tubage et cot\u00e9 tuyau po\u00eale pour permettre le montage et d\u00e9montage des tuyaux<br \/> Blocage du tubage par clips<br \/>Assure sens fum\u00e9es et sens condensation<\/p>\n","protected":false},"excerpt":{"rendered":"<p>\u00d8po\u00eale 130 \u00d8tubage 150 \u00d8A 123 \u00d8C 138 H290Double parois cot\u00e9 tubage et cot\u00e9 tuyau po\u00eale pour permettre le montage et d\u00e9montage des tuyaux Blocage du tubage par clipsAssure sens fum\u00e9es et sens condensation<\/p>\n","protected":false},"featured_media":71974,"comment_status":"closed","ping_status":"closed","template":"","meta":[],"product_brand":[],"product_cat":[1032],"product_tag":[],"class_list":{"0":"post-3771","1":"product","2":"type-product","3":"status-publish","4":"has-post-thumbnail","6":"product_cat-poelerie","7":"product_shipping_class-transport-produits-welem","8":"pa_supplier-dixneuf","10":"first","11":"instock","12":"taxable","13":"shipping-taxable","14":"purchasable","15":"product-type-simple"},"yoast_head":"<!-- This site is optimized with the Yoast SEO plugin v27.3 - https:\/\/yoast.com\/product\/yoast-seo-wordpress\/ -->\n<title>Raccordement po\u00eale \u00d8130mm \/ tubage inox \u00d8150mm - WELEM<\/title>\n<meta name=\"robots\" content=\"index, follow, max-snippet:-1, max-image-preview:large, max-video-preview:-1\" \/>\n<link rel=\"canonical\" href=\"https:\/\/welem.com\/enr\/produit\/raccordement-poele-o130mm-tubage-inox-o150mm\/\" \/>\n<meta property=\"og:locale\" content=\"fr_FR\" \/>\n<meta property=\"og:type\" content=\"article\" \/>\n<meta property=\"og:title\" content=\"Raccordement po\u00eale \u00d8130mm \/ tubage inox \u00d8150mm - WELEM\" \/>\n<meta property=\"og:description\" content=\"\u00d8po\u00eale 130 \u00d8tubage 150 \u00d8A 123 \u00d8C 138 H290Double parois cot\u00e9 tubage et cot\u00e9 tuyau po\u00eale pour permettre le montage et d\u00e9montage des tuyaux Blocage du tubage par clipsAssure sens fum\u00e9es et sens condensation\" \/>\n<meta property=\"og:url\" content=\"https:\/\/welem.com\/enr\/produit\/raccordement-poele-o130mm-tubage-inox-o150mm\/\" \/>\n<meta property=\"og:site_name\" content=\"WELEM\" \/>\n<meta property=\"article:publisher\" content=\"https:\/\/www.facebook.com\/WELEM-105304956191421\" \/>\n<meta property=\"article:modified_time\" content=\"2024-07-09T11:00:10+00:00\" \/>\n<meta property=\"og:image\" content=\"https:\/\/welem.com\/enr\/wp-content\/uploads\/DxnRaccordement.jpg\" \/>\n\t<meta property=\"og:image:width\" content=\"471\" \/>\n\t<meta property=\"og:image:height\" content=\"368\" \/>\n\t<meta property=\"og:image:type\" content=\"image\/jpeg\" \/>\n<meta name=\"twitter:card\" content=\"summary_large_image\" \/>\n<meta name=\"twitter:site\" content=\"@societewelem\" \/>\n<script type=\"application\/ld+json\" class=\"yoast-schema-graph\">{\"@context\":\"https:\\\/\\\/schema.org\",\"@graph\":[{\"@type\":\"WebPage\",\"@id\":\"https:\\\/\\\/welem.com\\\/enr\\\/produit\\\/raccordement-poele-o130mm-tubage-inox-o150mm\\\/\",\"url\":\"https:\\\/\\\/welem.com\\\/enr\\\/produit\\\/raccordement-poele-o130mm-tubage-inox-o150mm\\\/\",\"name\":\"Raccordement po\u00eale \u00d8130mm \\\/ tubage inox \u00d8150mm - WELEM\",\"isPartOf\":{\"@id\":\"https:\\\/\\\/welem.com\\\/enr\\\/#website\"},\"primaryImageOfPage\":{\"@id\":\"https:\\\/\\\/welem.com\\\/enr\\\/produit\\\/raccordement-poele-o130mm-tubage-inox-o150mm\\\/#primaryimage\"},\"image\":{\"@id\":\"https:\\\/\\\/welem.com\\\/enr\\\/produit\\\/raccordement-poele-o130mm-tubage-inox-o150mm\\\/#primaryimage\"},\"thumbnailUrl\":\"https:\\\/\\\/welem.com\\\/enr\\\/wp-content\\\/uploads\\\/DxnRaccordement.jpg\",\"datePublished\":\"2015-06-29T22:00:00+00:00\",\"dateModified\":\"2024-07-09T11:00:10+00:00\",\"breadcrumb\":{\"@id\":\"https:\\\/\\\/welem.com\\\/enr\\\/produit\\\/raccordement-poele-o130mm-tubage-inox-o150mm\\\/#breadcrumb\"},\"inLanguage\":\"fr-FR\",\"potentialAction\":[{\"@type\":\"ReadAction\",\"target\":[\"https:\\\/\\\/welem.com\\\/enr\\\/produit\\\/raccordement-poele-o130mm-tubage-inox-o150mm\\\/\"]}]},{\"@type\":\"ImageObject\",\"inLanguage\":\"fr-FR\",\"@id\":\"https:\\\/\\\/welem.com\\\/enr\\\/produit\\\/raccordement-poele-o130mm-tubage-inox-o150mm\\\/#primaryimage\",\"url\":\"https:\\\/\\\/welem.com\\\/enr\\\/wp-content\\\/uploads\\\/DxnRaccordement.jpg\",\"contentUrl\":\"https:\\\/\\\/welem.com\\\/enr\\\/wp-content\\\/uploads\\\/DxnRaccordement.jpg\",\"width\":471,\"height\":368},{\"@type\":\"BreadcrumbList\",\"@id\":\"https:\\\/\\\/welem.com\\\/enr\\\/produit\\\/raccordement-poele-o130mm-tubage-inox-o150mm\\\/#breadcrumb\",\"itemListElement\":[{\"@type\":\"ListItem\",\"position\":1,\"name\":\"Accueil\",\"item\":\"https:\\\/\\\/welem.com\\\/enr\\\/\"},{\"@type\":\"ListItem\",\"position\":2,\"name\":\"Boutique\",\"item\":\"https:\\\/\\\/welem.com\\\/enr\\\/shop\\\/\"},{\"@type\":\"ListItem\",\"position\":3,\"name\":\"Raccordement po\u00eale \u00d8130mm \\\/ tubage inox \u00d8150mm\"}]},{\"@type\":\"WebSite\",\"@id\":\"https:\\\/\\\/welem.com\\\/enr\\\/#website\",\"url\":\"https:\\\/\\\/welem.com\\\/enr\\\/\",\"name\":\"WELEM - L'\u00e9nergie autrement\",\"description\":\"La r\u00e9novation \u00e9nerg\u00e9tique globale\",\"publisher\":{\"@id\":\"https:\\\/\\\/welem.com\\\/enr\\\/#organization\"},\"potentialAction\":[{\"@type\":\"SearchAction\",\"target\":{\"@type\":\"EntryPoint\",\"urlTemplate\":\"https:\\\/\\\/welem.com\\\/enr\\\/?s={search_term_string}\"},\"query-input\":{\"@type\":\"PropertyValueSpecification\",\"valueRequired\":true,\"valueName\":\"search_term_string\"}}],\"inLanguage\":\"fr-FR\"},{\"@type\":\"Organization\",\"@id\":\"https:\\\/\\\/welem.com\\\/enr\\\/#organization\",\"name\":\"WELEM\",\"url\":\"https:\\\/\\\/welem.com\\\/enr\\\/\",\"logo\":{\"@type\":\"ImageObject\",\"inLanguage\":\"fr-FR\",\"@id\":\"https:\\\/\\\/welem.com\\\/enr\\\/#\\\/schema\\\/logo\\\/image\\\/\",\"url\":\"https:\\\/\\\/welem.com\\\/enr\\\/wp-content\\\/uploads\\\/logoWelemRetina.png\",\"contentUrl\":\"https:\\\/\\\/welem.com\\\/enr\\\/wp-content\\\/uploads\\\/logoWelemRetina.png\",\"width\":900,\"height\":311,\"caption\":\"WELEM\"},\"image\":{\"@id\":\"https:\\\/\\\/welem.com\\\/enr\\\/#\\\/schema\\\/logo\\\/image\\\/\"},\"sameAs\":[\"https:\\\/\\\/www.facebook.com\\\/WELEM-105304956191421\",\"https:\\\/\\\/x.com\\\/societewelem\",\"https:\\\/\\\/www.youtube.com\\\/channel\\\/UCx7WBxMNWO_SgykAVYK0xzQ\"]}]}<\/script>\n<!-- \/ Yoast SEO plugin. -->","yoast_head_json":{"title":"Raccordement po\u00eale \u00d8130mm \/ tubage inox \u00d8150mm - WELEM","robots":{"index":"index","follow":"follow","max-snippet":"max-snippet:-1","max-image-preview":"max-image-preview:large","max-video-preview":"max-video-preview:-1"},"canonical":"https:\/\/welem.com\/enr\/produit\/raccordement-poele-o130mm-tubage-inox-o150mm\/","og_locale":"fr_FR","og_type":"article","og_title":"Raccordement po\u00eale \u00d8130mm \/ tubage inox \u00d8150mm - WELEM","og_description":"\u00d8po\u00eale 130 \u00d8tubage 150 \u00d8A 123 \u00d8C 138 H290Double parois cot\u00e9 tubage et cot\u00e9 tuyau po\u00eale pour permettre le montage et d\u00e9montage des tuyaux Blocage du tubage par clipsAssure sens fum\u00e9es et sens condensation","og_url":"https:\/\/welem.com\/enr\/produit\/raccordement-poele-o130mm-tubage-inox-o150mm\/","og_site_name":"WELEM","article_publisher":"https:\/\/www.facebook.com\/WELEM-105304956191421","article_modified_time":"2024-07-09T11:00:10+00:00","og_image":[{"width":471,"height":368,"url":"https:\/\/welem.com\/enr\/wp-content\/uploads\/DxnRaccordement.jpg","type":"image\/jpeg"}],"twitter_card":"summary_large_image","twitter_site":"@societewelem","schema":{"@context":"https:\/\/schema.org","@graph":[{"@type":"WebPage","@id":"https:\/\/welem.com\/enr\/produit\/raccordement-poele-o130mm-tubage-inox-o150mm\/","url":"https:\/\/welem.com\/enr\/produit\/raccordement-poele-o130mm-tubage-inox-o150mm\/","name":"Raccordement po\u00eale \u00d8130mm \/ tubage inox \u00d8150mm - WELEM","isPartOf":{"@id":"https:\/\/welem.com\/enr\/#website"},"primaryImageOfPage":{"@id":"https:\/\/welem.com\/enr\/produit\/raccordement-poele-o130mm-tubage-inox-o150mm\/#primaryimage"},"image":{"@id":"https:\/\/welem.com\/enr\/produit\/raccordement-poele-o130mm-tubage-inox-o150mm\/#primaryimage"},"thumbnailUrl":"https:\/\/welem.com\/enr\/wp-content\/uploads\/DxnRaccordement.jpg","datePublished":"2015-06-29T22:00:00+00:00","dateModified":"2024-07-09T11:00:10+00:00","breadcrumb":{"@id":"https:\/\/welem.com\/enr\/produit\/raccordement-poele-o130mm-tubage-inox-o150mm\/#breadcrumb"},"inLanguage":"fr-FR","potentialAction":[{"@type":"ReadAction","target":["https:\/\/welem.com\/enr\/produit\/raccordement-poele-o130mm-tubage-inox-o150mm\/"]}]},{"@type":"ImageObject","inLanguage":"fr-FR","@id":"https:\/\/welem.com\/enr\/produit\/raccordement-poele-o130mm-tubage-inox-o150mm\/#primaryimage","url":"https:\/\/welem.com\/enr\/wp-content\/uploads\/DxnRaccordement.jpg","contentUrl":"https:\/\/welem.com\/enr\/wp-content\/uploads\/DxnRaccordement.jpg","width":471,"height":368},{"@type":"BreadcrumbList","@id":"https:\/\/welem.com\/enr\/produit\/raccordement-poele-o130mm-tubage-inox-o150mm\/#breadcrumb","itemListElement":[{"@type":"ListItem","position":1,"name":"Accueil","item":"https:\/\/welem.com\/enr\/"},{"@type":"ListItem","position":2,"name":"Boutique","item":"https:\/\/welem.com\/enr\/shop\/"},{"@type":"ListItem","position":3,"name":"Raccordement po\u00eale \u00d8130mm \/ tubage inox \u00d8150mm"}]},{"@type":"WebSite","@id":"https:\/\/welem.com\/enr\/#website","url":"https:\/\/welem.com\/enr\/","name":"WELEM - L'\u00e9nergie autrement","description":"La r\u00e9novation \u00e9nerg\u00e9tique globale","publisher":{"@id":"https:\/\/welem.com\/enr\/#organization"},"potentialAction":[{"@type":"SearchAction","target":{"@type":"EntryPoint","urlTemplate":"https:\/\/welem.com\/enr\/?s={search_term_string}"},"query-input":{"@type":"PropertyValueSpecification","valueRequired":true,"valueName":"search_term_string"}}],"inLanguage":"fr-FR"},{"@type":"Organization","@id":"https:\/\/welem.com\/enr\/#organization","name":"WELEM","url":"https:\/\/welem.com\/enr\/","logo":{"@type":"ImageObject","inLanguage":"fr-FR","@id":"https:\/\/welem.com\/enr\/#\/schema\/logo\/image\/","url":"https:\/\/welem.com\/enr\/wp-content\/uploads\/logoWelemRetina.png","contentUrl":"https:\/\/welem.com\/enr\/wp-content\/uploads\/logoWelemRetina.png","width":900,"height":311,"caption":"WELEM"},"image":{"@id":"https:\/\/welem.com\/enr\/#\/schema\/logo\/image\/"},"sameAs":["https:\/\/www.facebook.com\/WELEM-105304956191421","https:\/\/x.com\/societewelem","https:\/\/www.youtube.com\/channel\/UCx7WBxMNWO_SgykAVYK0xzQ"]}]}},"_links":{"self":[{"href":"https:\/\/welem.com\/enr\/wp-json\/wp\/v2\/product\/3771","targetHints":{"allow":["GET"]}}],"collection":[{"href":"https:\/\/welem.com\/enr\/wp-json\/wp\/v2\/product"}],"about":[{"href":"https:\/\/welem.com\/enr\/wp-json\/wp\/v2\/types\/product"}],"replies":[{"embeddable":true,"href":"https:\/\/welem.com\/enr\/wp-json\/wp\/v2\/comments?post=3771"}],"wp:featuredmedia":[{"embeddable":true,"href":"https:\/\/welem.com\/enr\/wp-json\/wp\/v2\/media\/71974"}],"wp:attachment":[{"href":"https:\/\/welem.com\/enr\/wp-json\/wp\/v2\/media?parent=3771"}],"wp:term":[{"taxonomy":"product_brand","embeddable":true,"href":"https:\/\/welem.com\/enr\/wp-json\/wp\/v2\/product_brand?post=3771"},{"taxonomy":"product_cat","embeddable":true,"href":"https:\/\/welem.com\/enr\/wp-json\/wp\/v2\/product_cat?post=3771"},{"taxonomy":"product_tag","embeddable":true,"href":"https:\/\/welem.com\/enr\/wp-json\/wp\/v2\/product_tag?post=3771"}],"curies":[{"name":"wp","href":"https:\/\/api.w.org\/{rel}","templated":true}]}}