{"id":3780,"date":"2015-06-30T00:00:00","date_gmt":"2015-06-29T22:00:00","guid":{"rendered":"http:\/\/welem.com\/enr\/produit\/nordic-2687kw-buches\/"},"modified":"2024-07-09T13:00:14","modified_gmt":"2024-07-09T11:00:14","slug":"plaque-de-proprete-ventilee-boisseau20x40-opoele-150mm","status":"publish","type":"product","link":"https:\/\/welem.com\/enr\/produit\/plaque-de-proprete-ventilee-boisseau20x40-opoele-150mm\/","title":{"rendered":"Plaque de propret\u00e9 ventil\u00e9e Boisseau20x40 \u00d8po\u00eale 150mm"},"content":{"rendered":"<style type=\"text\/css\"><\/style><p>Section boisseau 20&#215;20 \u00d8po\u00eale 150 A300 B500<br \/>Inox + acier \u00e9lectro-zingu\u00e9 ep 1mm, rev\u00eatement epoxy couleur blanc.<\/p>\n","protected":false},"excerpt":{"rendered":"<p>Section boisseau 20&#215;20 \u00d8po\u00eale 150 A300 B500Inox + acier \u00e9lectro-zingu\u00e9 ep 1mm, rev\u00eatement epoxy couleur blanc.<\/p>\n","protected":false},"featured_media":71975,"comment_status":"closed","ping_status":"closed","template":"","meta":[],"product_brand":[],"product_cat":[1032],"product_tag":[],"class_list":{"0":"post-3780","1":"product","2":"type-product","3":"status-publish","4":"has-post-thumbnail","6":"product_cat-poelerie","7":"product_shipping_class-transport-produits-welem","8":"pa_supplier-dixneuf","10":"first","11":"instock","12":"taxable","13":"shipping-taxable","14":"purchasable","15":"product-type-simple"},"yoast_head":"<!-- This site is optimized with the Yoast SEO plugin v27.3 - https:\/\/yoast.com\/product\/yoast-seo-wordpress\/ -->\n<title>Plaque de propret\u00e9 ventil\u00e9e Boisseau20x40 \u00d8po\u00eale 150mm - WELEM<\/title>\n<meta name=\"robots\" content=\"index, follow, max-snippet:-1, max-image-preview:large, max-video-preview:-1\" \/>\n<link rel=\"canonical\" href=\"https:\/\/welem.com\/enr\/produit\/plaque-de-proprete-ventilee-boisseau20x40-opoele-150mm\/\" \/>\n<meta property=\"og:locale\" content=\"fr_FR\" \/>\n<meta property=\"og:type\" content=\"article\" \/>\n<meta property=\"og:title\" content=\"Plaque de propret\u00e9 ventil\u00e9e Boisseau20x40 \u00d8po\u00eale 150mm - WELEM\" \/>\n<meta property=\"og:description\" content=\"Section boisseau 20&#215;20 \u00d8po\u00eale 150 A300 B500Inox + acier \u00e9lectro-zingu\u00e9 ep 1mm, rev\u00eatement epoxy couleur blanc.\" \/>\n<meta property=\"og:url\" content=\"https:\/\/welem.com\/enr\/produit\/plaque-de-proprete-ventilee-boisseau20x40-opoele-150mm\/\" \/>\n<meta property=\"og:site_name\" content=\"WELEM\" \/>\n<meta property=\"article:publisher\" content=\"https:\/\/www.facebook.com\/WELEM-105304956191421\" \/>\n<meta property=\"article:modified_time\" content=\"2024-07-09T11:00:14+00:00\" \/>\n<meta property=\"og:image\" content=\"https:\/\/welem.com\/enr\/wp-content\/uploads\/DxnPlaquePropreteVentile.jpg\" \/>\n\t<meta property=\"og:image:width\" content=\"500\" \/>\n\t<meta property=\"og:image:height\" content=\"350\" \/>\n\t<meta property=\"og:image:type\" content=\"image\/jpeg\" \/>\n<meta name=\"twitter:card\" content=\"summary_large_image\" \/>\n<meta name=\"twitter:site\" content=\"@societewelem\" \/>\n<script type=\"application\/ld+json\" class=\"yoast-schema-graph\">{\"@context\":\"https:\\\/\\\/schema.org\",\"@graph\":[{\"@type\":\"WebPage\",\"@id\":\"https:\\\/\\\/welem.com\\\/enr\\\/produit\\\/plaque-de-proprete-ventilee-boisseau20x40-opoele-150mm\\\/\",\"url\":\"https:\\\/\\\/welem.com\\\/enr\\\/produit\\\/plaque-de-proprete-ventilee-boisseau20x40-opoele-150mm\\\/\",\"name\":\"Plaque de propret\u00e9 ventil\u00e9e Boisseau20x40 \u00d8po\u00eale 150mm - WELEM\",\"isPartOf\":{\"@id\":\"https:\\\/\\\/welem.com\\\/enr\\\/#website\"},\"primaryImageOfPage\":{\"@id\":\"https:\\\/\\\/welem.com\\\/enr\\\/produit\\\/plaque-de-proprete-ventilee-boisseau20x40-opoele-150mm\\\/#primaryimage\"},\"image\":{\"@id\":\"https:\\\/\\\/welem.com\\\/enr\\\/produit\\\/plaque-de-proprete-ventilee-boisseau20x40-opoele-150mm\\\/#primaryimage\"},\"thumbnailUrl\":\"https:\\\/\\\/welem.com\\\/enr\\\/wp-content\\\/uploads\\\/DxnPlaquePropreteVentile.jpg\",\"datePublished\":\"2015-06-29T22:00:00+00:00\",\"dateModified\":\"2024-07-09T11:00:14+00:00\",\"breadcrumb\":{\"@id\":\"https:\\\/\\\/welem.com\\\/enr\\\/produit\\\/plaque-de-proprete-ventilee-boisseau20x40-opoele-150mm\\\/#breadcrumb\"},\"inLanguage\":\"fr-FR\",\"potentialAction\":[{\"@type\":\"ReadAction\",\"target\":[\"https:\\\/\\\/welem.com\\\/enr\\\/produit\\\/plaque-de-proprete-ventilee-boisseau20x40-opoele-150mm\\\/\"]}]},{\"@type\":\"ImageObject\",\"inLanguage\":\"fr-FR\",\"@id\":\"https:\\\/\\\/welem.com\\\/enr\\\/produit\\\/plaque-de-proprete-ventilee-boisseau20x40-opoele-150mm\\\/#primaryimage\",\"url\":\"https:\\\/\\\/welem.com\\\/enr\\\/wp-content\\\/uploads\\\/DxnPlaquePropreteVentile.jpg\",\"contentUrl\":\"https:\\\/\\\/welem.com\\\/enr\\\/wp-content\\\/uploads\\\/DxnPlaquePropreteVentile.jpg\",\"width\":500,\"height\":350},{\"@type\":\"BreadcrumbList\",\"@id\":\"https:\\\/\\\/welem.com\\\/enr\\\/produit\\\/plaque-de-proprete-ventilee-boisseau20x40-opoele-150mm\\\/#breadcrumb\",\"itemListElement\":[{\"@type\":\"ListItem\",\"position\":1,\"name\":\"Accueil\",\"item\":\"https:\\\/\\\/welem.com\\\/enr\\\/\"},{\"@type\":\"ListItem\",\"position\":2,\"name\":\"Boutique\",\"item\":\"https:\\\/\\\/welem.com\\\/enr\\\/shop\\\/\"},{\"@type\":\"ListItem\",\"position\":3,\"name\":\"Plaque de propret\u00e9 ventil\u00e9e Boisseau20x40 \u00d8po\u00eale 150mm\"}]},{\"@type\":\"WebSite\",\"@id\":\"https:\\\/\\\/welem.com\\\/enr\\\/#website\",\"url\":\"https:\\\/\\\/welem.com\\\/enr\\\/\",\"name\":\"WELEM - L'\u00e9nergie autrement\",\"description\":\"La r\u00e9novation \u00e9nerg\u00e9tique globale\",\"publisher\":{\"@id\":\"https:\\\/\\\/welem.com\\\/enr\\\/#organization\"},\"potentialAction\":[{\"@type\":\"SearchAction\",\"target\":{\"@type\":\"EntryPoint\",\"urlTemplate\":\"https:\\\/\\\/welem.com\\\/enr\\\/?s={search_term_string}\"},\"query-input\":{\"@type\":\"PropertyValueSpecification\",\"valueRequired\":true,\"valueName\":\"search_term_string\"}}],\"inLanguage\":\"fr-FR\"},{\"@type\":\"Organization\",\"@id\":\"https:\\\/\\\/welem.com\\\/enr\\\/#organization\",\"name\":\"WELEM\",\"url\":\"https:\\\/\\\/welem.com\\\/enr\\\/\",\"logo\":{\"@type\":\"ImageObject\",\"inLanguage\":\"fr-FR\",\"@id\":\"https:\\\/\\\/welem.com\\\/enr\\\/#\\\/schema\\\/logo\\\/image\\\/\",\"url\":\"https:\\\/\\\/welem.com\\\/enr\\\/wp-content\\\/uploads\\\/logoWelemRetina.png\",\"contentUrl\":\"https:\\\/\\\/welem.com\\\/enr\\\/wp-content\\\/uploads\\\/logoWelemRetina.png\",\"width\":900,\"height\":311,\"caption\":\"WELEM\"},\"image\":{\"@id\":\"https:\\\/\\\/welem.com\\\/enr\\\/#\\\/schema\\\/logo\\\/image\\\/\"},\"sameAs\":[\"https:\\\/\\\/www.facebook.com\\\/WELEM-105304956191421\",\"https:\\\/\\\/x.com\\\/societewelem\",\"https:\\\/\\\/www.youtube.com\\\/channel\\\/UCx7WBxMNWO_SgykAVYK0xzQ\"]}]}<\/script>\n<!-- \/ Yoast SEO plugin. -->","yoast_head_json":{"title":"Plaque de propret\u00e9 ventil\u00e9e Boisseau20x40 \u00d8po\u00eale 150mm - WELEM","robots":{"index":"index","follow":"follow","max-snippet":"max-snippet:-1","max-image-preview":"max-image-preview:large","max-video-preview":"max-video-preview:-1"},"canonical":"https:\/\/welem.com\/enr\/produit\/plaque-de-proprete-ventilee-boisseau20x40-opoele-150mm\/","og_locale":"fr_FR","og_type":"article","og_title":"Plaque de propret\u00e9 ventil\u00e9e Boisseau20x40 \u00d8po\u00eale 150mm - WELEM","og_description":"Section boisseau 20&#215;20 \u00d8po\u00eale 150 A300 B500Inox + acier \u00e9lectro-zingu\u00e9 ep 1mm, rev\u00eatement epoxy couleur blanc.","og_url":"https:\/\/welem.com\/enr\/produit\/plaque-de-proprete-ventilee-boisseau20x40-opoele-150mm\/","og_site_name":"WELEM","article_publisher":"https:\/\/www.facebook.com\/WELEM-105304956191421","article_modified_time":"2024-07-09T11:00:14+00:00","og_image":[{"width":500,"height":350,"url":"https:\/\/welem.com\/enr\/wp-content\/uploads\/DxnPlaquePropreteVentile.jpg","type":"image\/jpeg"}],"twitter_card":"summary_large_image","twitter_site":"@societewelem","schema":{"@context":"https:\/\/schema.org","@graph":[{"@type":"WebPage","@id":"https:\/\/welem.com\/enr\/produit\/plaque-de-proprete-ventilee-boisseau20x40-opoele-150mm\/","url":"https:\/\/welem.com\/enr\/produit\/plaque-de-proprete-ventilee-boisseau20x40-opoele-150mm\/","name":"Plaque de propret\u00e9 ventil\u00e9e Boisseau20x40 \u00d8po\u00eale 150mm - WELEM","isPartOf":{"@id":"https:\/\/welem.com\/enr\/#website"},"primaryImageOfPage":{"@id":"https:\/\/welem.com\/enr\/produit\/plaque-de-proprete-ventilee-boisseau20x40-opoele-150mm\/#primaryimage"},"image":{"@id":"https:\/\/welem.com\/enr\/produit\/plaque-de-proprete-ventilee-boisseau20x40-opoele-150mm\/#primaryimage"},"thumbnailUrl":"https:\/\/welem.com\/enr\/wp-content\/uploads\/DxnPlaquePropreteVentile.jpg","datePublished":"2015-06-29T22:00:00+00:00","dateModified":"2024-07-09T11:00:14+00:00","breadcrumb":{"@id":"https:\/\/welem.com\/enr\/produit\/plaque-de-proprete-ventilee-boisseau20x40-opoele-150mm\/#breadcrumb"},"inLanguage":"fr-FR","potentialAction":[{"@type":"ReadAction","target":["https:\/\/welem.com\/enr\/produit\/plaque-de-proprete-ventilee-boisseau20x40-opoele-150mm\/"]}]},{"@type":"ImageObject","inLanguage":"fr-FR","@id":"https:\/\/welem.com\/enr\/produit\/plaque-de-proprete-ventilee-boisseau20x40-opoele-150mm\/#primaryimage","url":"https:\/\/welem.com\/enr\/wp-content\/uploads\/DxnPlaquePropreteVentile.jpg","contentUrl":"https:\/\/welem.com\/enr\/wp-content\/uploads\/DxnPlaquePropreteVentile.jpg","width":500,"height":350},{"@type":"BreadcrumbList","@id":"https:\/\/welem.com\/enr\/produit\/plaque-de-proprete-ventilee-boisseau20x40-opoele-150mm\/#breadcrumb","itemListElement":[{"@type":"ListItem","position":1,"name":"Accueil","item":"https:\/\/welem.com\/enr\/"},{"@type":"ListItem","position":2,"name":"Boutique","item":"https:\/\/welem.com\/enr\/shop\/"},{"@type":"ListItem","position":3,"name":"Plaque de propret\u00e9 ventil\u00e9e Boisseau20x40 \u00d8po\u00eale 150mm"}]},{"@type":"WebSite","@id":"https:\/\/welem.com\/enr\/#website","url":"https:\/\/welem.com\/enr\/","name":"WELEM - L'\u00e9nergie autrement","description":"La r\u00e9novation \u00e9nerg\u00e9tique globale","publisher":{"@id":"https:\/\/welem.com\/enr\/#organization"},"potentialAction":[{"@type":"SearchAction","target":{"@type":"EntryPoint","urlTemplate":"https:\/\/welem.com\/enr\/?s={search_term_string}"},"query-input":{"@type":"PropertyValueSpecification","valueRequired":true,"valueName":"search_term_string"}}],"inLanguage":"fr-FR"},{"@type":"Organization","@id":"https:\/\/welem.com\/enr\/#organization","name":"WELEM","url":"https:\/\/welem.com\/enr\/","logo":{"@type":"ImageObject","inLanguage":"fr-FR","@id":"https:\/\/welem.com\/enr\/#\/schema\/logo\/image\/","url":"https:\/\/welem.com\/enr\/wp-content\/uploads\/logoWelemRetina.png","contentUrl":"https:\/\/welem.com\/enr\/wp-content\/uploads\/logoWelemRetina.png","width":900,"height":311,"caption":"WELEM"},"image":{"@id":"https:\/\/welem.com\/enr\/#\/schema\/logo\/image\/"},"sameAs":["https:\/\/www.facebook.com\/WELEM-105304956191421","https:\/\/x.com\/societewelem","https:\/\/www.youtube.com\/channel\/UCx7WBxMNWO_SgykAVYK0xzQ"]}]}},"_links":{"self":[{"href":"https:\/\/welem.com\/enr\/wp-json\/wp\/v2\/product\/3780","targetHints":{"allow":["GET"]}}],"collection":[{"href":"https:\/\/welem.com\/enr\/wp-json\/wp\/v2\/product"}],"about":[{"href":"https:\/\/welem.com\/enr\/wp-json\/wp\/v2\/types\/product"}],"replies":[{"embeddable":true,"href":"https:\/\/welem.com\/enr\/wp-json\/wp\/v2\/comments?post=3780"}],"wp:featuredmedia":[{"embeddable":true,"href":"https:\/\/welem.com\/enr\/wp-json\/wp\/v2\/media\/71975"}],"wp:attachment":[{"href":"https:\/\/welem.com\/enr\/wp-json\/wp\/v2\/media?parent=3780"}],"wp:term":[{"taxonomy":"product_brand","embeddable":true,"href":"https:\/\/welem.com\/enr\/wp-json\/wp\/v2\/product_brand?post=3780"},{"taxonomy":"product_cat","embeddable":true,"href":"https:\/\/welem.com\/enr\/wp-json\/wp\/v2\/product_cat?post=3780"},{"taxonomy":"product_tag","embeddable":true,"href":"https:\/\/welem.com\/enr\/wp-json\/wp\/v2\/product_tag?post=3780"}],"curies":[{"name":"wp","href":"https:\/\/api.w.org\/{rel}","templated":true}]}}