{"id":4146,"date":"2015-03-31T00:00:00","date_gmt":"2015-03-30T22:00:00","guid":{"rendered":"http:\/\/welem.com\/enr\/produit\/niche-enduite-de-raccordement-pour-boisseau-adosse-20x40cm\/"},"modified":"2024-07-09T13:06:14","modified_gmt":"2024-07-09T11:06:14","slug":"sortie-de-toit-metallique-pour-vmc-o200mm","status":"publish","type":"product","link":"https:\/\/welem.com\/enr\/produit\/sortie-de-toit-metallique-pour-vmc-o200mm\/","title":{"rendered":"Sortie de toit M\u00e9tallique pour VMC \u00d8200mm"},"content":{"rendered":"<style type=\"text\/css\"><\/style><p>Chapeau de toiture m\u00e9tallique pare-pluie simple \u00e0 poser, pourvu d\u2019une feuille de plomb permettant d\u2019\u00e9pouser la forme du toit et d\u2019apporter une bonne \u00e9tanch\u00e9it\u00e9. Il s\u2019adaptepratiquement \u00e0 tous les syst\u00e8mes de couverture tuile ou ardoise, et assure une bonne \u00e9tanch\u00e9it\u00e9. Couleur ardoise<\/p>\n","protected":false},"excerpt":{"rendered":"<p>Chapeau de toiture m\u00e9tallique pare-pluie simple \u00e0 poser, pourvu d\u2019une feuille de plomb permettant d\u2019\u00e9pouser la forme du toit et d\u2019apporter une bonne \u00e9tanch\u00e9it\u00e9. Il s\u2019adaptepratiquement \u00e0 tous les syst\u00e8mes de couverture tuile ou ardoise, et assure une bonne \u00e9tanch\u00e9it\u00e9. Couleur ardoise<\/p>\n","protected":false},"featured_media":72044,"comment_status":"closed","ping_status":"closed","template":"","meta":[],"product_brand":[],"product_cat":[1317],"product_tag":[],"class_list":{"0":"post-4146","1":"product","2":"type-product","3":"status-publish","4":"has-post-thumbnail","6":"product_cat-aeraulique","7":"product_shipping_class-transport-produits-welem","8":"pa_supplier-ouestisol","10":"first","11":"instock","12":"taxable","13":"shipping-taxable","14":"purchasable","15":"product-type-simple"},"yoast_head":"<!-- This site is optimized with the Yoast SEO plugin v27.5 - https:\/\/yoast.com\/product\/yoast-seo-wordpress\/ -->\n<title>Sortie de toit M\u00e9tallique pour VMC \u00d8200mm - WELEM<\/title>\n<meta name=\"robots\" content=\"index, follow, max-snippet:-1, max-image-preview:large, max-video-preview:-1\" \/>\n<link rel=\"canonical\" href=\"https:\/\/welem.com\/enr\/produit\/sortie-de-toit-metallique-pour-vmc-o200mm\/\" \/>\n<meta property=\"og:locale\" content=\"fr_FR\" \/>\n<meta property=\"og:type\" content=\"article\" \/>\n<meta property=\"og:title\" content=\"Sortie de toit M\u00e9tallique pour VMC \u00d8200mm - WELEM\" \/>\n<meta property=\"og:description\" content=\"Chapeau de toiture m\u00e9tallique pare-pluie simple \u00e0 poser, pourvu d\u2019une feuille de plomb permettant d\u2019\u00e9pouser la forme du toit et d\u2019apporter une bonne \u00e9tanch\u00e9it\u00e9. Il s\u2019adaptepratiquement \u00e0 tous les syst\u00e8mes de couverture tuile ou ardoise, et assure une bonne \u00e9tanch\u00e9it\u00e9. Couleur ardoise\" \/>\n<meta property=\"og:url\" content=\"https:\/\/welem.com\/enr\/produit\/sortie-de-toit-metallique-pour-vmc-o200mm\/\" \/>\n<meta property=\"og:site_name\" content=\"WELEM\" \/>\n<meta property=\"article:publisher\" content=\"https:\/\/www.facebook.com\/WELEM-105304956191421\" \/>\n<meta property=\"article:modified_time\" content=\"2024-07-09T11:06:14+00:00\" \/>\n<meta property=\"og:image\" content=\"https:\/\/welem.com\/enr\/wp-content\/uploads\/OuiSortieToitMettalliqueCTM.jpg\" \/>\n\t<meta property=\"og:image:width\" content=\"600\" \/>\n\t<meta property=\"og:image:height\" content=\"450\" \/>\n\t<meta property=\"og:image:type\" content=\"image\/jpeg\" \/>\n<meta name=\"twitter:card\" content=\"summary_large_image\" \/>\n<meta name=\"twitter:site\" content=\"@societewelem\" \/>\n<meta name=\"twitter:label1\" content=\"Dur\u00e9e de lecture estim\u00e9e\" \/>\n\t<meta name=\"twitter:data1\" content=\"1 minute\" \/>\n<script type=\"application\/ld+json\" class=\"yoast-schema-graph\">{\"@context\":\"https:\\\/\\\/schema.org\",\"@graph\":[{\"@type\":\"WebPage\",\"@id\":\"https:\\\/\\\/welem.com\\\/enr\\\/produit\\\/sortie-de-toit-metallique-pour-vmc-o200mm\\\/\",\"url\":\"https:\\\/\\\/welem.com\\\/enr\\\/produit\\\/sortie-de-toit-metallique-pour-vmc-o200mm\\\/\",\"name\":\"Sortie de toit M\u00e9tallique pour VMC \u00d8200mm - WELEM\",\"isPartOf\":{\"@id\":\"https:\\\/\\\/welem.com\\\/enr\\\/#website\"},\"primaryImageOfPage\":{\"@id\":\"https:\\\/\\\/welem.com\\\/enr\\\/produit\\\/sortie-de-toit-metallique-pour-vmc-o200mm\\\/#primaryimage\"},\"image\":{\"@id\":\"https:\\\/\\\/welem.com\\\/enr\\\/produit\\\/sortie-de-toit-metallique-pour-vmc-o200mm\\\/#primaryimage\"},\"thumbnailUrl\":\"https:\\\/\\\/welem.com\\\/enr\\\/wp-content\\\/uploads\\\/OuiSortieToitMettalliqueCTM.jpg\",\"datePublished\":\"2015-03-30T22:00:00+00:00\",\"dateModified\":\"2024-07-09T11:06:14+00:00\",\"breadcrumb\":{\"@id\":\"https:\\\/\\\/welem.com\\\/enr\\\/produit\\\/sortie-de-toit-metallique-pour-vmc-o200mm\\\/#breadcrumb\"},\"inLanguage\":\"fr-FR\",\"potentialAction\":[{\"@type\":\"ReadAction\",\"target\":[\"https:\\\/\\\/welem.com\\\/enr\\\/produit\\\/sortie-de-toit-metallique-pour-vmc-o200mm\\\/\"]}]},{\"@type\":\"ImageObject\",\"inLanguage\":\"fr-FR\",\"@id\":\"https:\\\/\\\/welem.com\\\/enr\\\/produit\\\/sortie-de-toit-metallique-pour-vmc-o200mm\\\/#primaryimage\",\"url\":\"https:\\\/\\\/welem.com\\\/enr\\\/wp-content\\\/uploads\\\/OuiSortieToitMettalliqueCTM.jpg\",\"contentUrl\":\"https:\\\/\\\/welem.com\\\/enr\\\/wp-content\\\/uploads\\\/OuiSortieToitMettalliqueCTM.jpg\",\"width\":600,\"height\":450},{\"@type\":\"BreadcrumbList\",\"@id\":\"https:\\\/\\\/welem.com\\\/enr\\\/produit\\\/sortie-de-toit-metallique-pour-vmc-o200mm\\\/#breadcrumb\",\"itemListElement\":[{\"@type\":\"ListItem\",\"position\":1,\"name\":\"Accueil\",\"item\":\"https:\\\/\\\/welem.com\\\/enr\\\/\"},{\"@type\":\"ListItem\",\"position\":2,\"name\":\"Boutique\",\"item\":\"https:\\\/\\\/welem.com\\\/enr\\\/shop\\\/\"},{\"@type\":\"ListItem\",\"position\":3,\"name\":\"Sortie de toit M\u00e9tallique pour VMC \u00d8200mm\"}]},{\"@type\":\"WebSite\",\"@id\":\"https:\\\/\\\/welem.com\\\/enr\\\/#website\",\"url\":\"https:\\\/\\\/welem.com\\\/enr\\\/\",\"name\":\"WELEM - L'\u00e9nergie autrement\",\"description\":\"La r\u00e9novation \u00e9nerg\u00e9tique globale\",\"publisher\":{\"@id\":\"https:\\\/\\\/welem.com\\\/enr\\\/#organization\"},\"potentialAction\":[{\"@type\":\"SearchAction\",\"target\":{\"@type\":\"EntryPoint\",\"urlTemplate\":\"https:\\\/\\\/welem.com\\\/enr\\\/?s={search_term_string}\"},\"query-input\":{\"@type\":\"PropertyValueSpecification\",\"valueRequired\":true,\"valueName\":\"search_term_string\"}}],\"inLanguage\":\"fr-FR\"},{\"@type\":\"Organization\",\"@id\":\"https:\\\/\\\/welem.com\\\/enr\\\/#organization\",\"name\":\"WELEM\",\"url\":\"https:\\\/\\\/welem.com\\\/enr\\\/\",\"logo\":{\"@type\":\"ImageObject\",\"inLanguage\":\"fr-FR\",\"@id\":\"https:\\\/\\\/welem.com\\\/enr\\\/#\\\/schema\\\/logo\\\/image\\\/\",\"url\":\"https:\\\/\\\/welem.com\\\/enr\\\/wp-content\\\/uploads\\\/logoWelemRetina.png\",\"contentUrl\":\"https:\\\/\\\/welem.com\\\/enr\\\/wp-content\\\/uploads\\\/logoWelemRetina.png\",\"width\":900,\"height\":311,\"caption\":\"WELEM\"},\"image\":{\"@id\":\"https:\\\/\\\/welem.com\\\/enr\\\/#\\\/schema\\\/logo\\\/image\\\/\"},\"sameAs\":[\"https:\\\/\\\/www.facebook.com\\\/WELEM-105304956191421\",\"https:\\\/\\\/x.com\\\/societewelem\",\"https:\\\/\\\/www.youtube.com\\\/channel\\\/UCx7WBxMNWO_SgykAVYK0xzQ\"]}]}<\/script>\n<!-- \/ Yoast SEO plugin. -->","yoast_head_json":{"title":"Sortie de toit M\u00e9tallique pour VMC \u00d8200mm - WELEM","robots":{"index":"index","follow":"follow","max-snippet":"max-snippet:-1","max-image-preview":"max-image-preview:large","max-video-preview":"max-video-preview:-1"},"canonical":"https:\/\/welem.com\/enr\/produit\/sortie-de-toit-metallique-pour-vmc-o200mm\/","og_locale":"fr_FR","og_type":"article","og_title":"Sortie de toit M\u00e9tallique pour VMC \u00d8200mm - WELEM","og_description":"Chapeau de toiture m\u00e9tallique pare-pluie simple \u00e0 poser, pourvu d\u2019une feuille de plomb permettant d\u2019\u00e9pouser la forme du toit et d\u2019apporter une bonne \u00e9tanch\u00e9it\u00e9. Il s\u2019adaptepratiquement \u00e0 tous les syst\u00e8mes de couverture tuile ou ardoise, et assure une bonne \u00e9tanch\u00e9it\u00e9. Couleur ardoise","og_url":"https:\/\/welem.com\/enr\/produit\/sortie-de-toit-metallique-pour-vmc-o200mm\/","og_site_name":"WELEM","article_publisher":"https:\/\/www.facebook.com\/WELEM-105304956191421","article_modified_time":"2024-07-09T11:06:14+00:00","og_image":[{"width":600,"height":450,"url":"https:\/\/welem.com\/enr\/wp-content\/uploads\/OuiSortieToitMettalliqueCTM.jpg","type":"image\/jpeg"}],"twitter_card":"summary_large_image","twitter_site":"@societewelem","twitter_misc":{"Dur\u00e9e de lecture estim\u00e9e":"1 minute"},"schema":{"@context":"https:\/\/schema.org","@graph":[{"@type":"WebPage","@id":"https:\/\/welem.com\/enr\/produit\/sortie-de-toit-metallique-pour-vmc-o200mm\/","url":"https:\/\/welem.com\/enr\/produit\/sortie-de-toit-metallique-pour-vmc-o200mm\/","name":"Sortie de toit M\u00e9tallique pour VMC \u00d8200mm - WELEM","isPartOf":{"@id":"https:\/\/welem.com\/enr\/#website"},"primaryImageOfPage":{"@id":"https:\/\/welem.com\/enr\/produit\/sortie-de-toit-metallique-pour-vmc-o200mm\/#primaryimage"},"image":{"@id":"https:\/\/welem.com\/enr\/produit\/sortie-de-toit-metallique-pour-vmc-o200mm\/#primaryimage"},"thumbnailUrl":"https:\/\/welem.com\/enr\/wp-content\/uploads\/OuiSortieToitMettalliqueCTM.jpg","datePublished":"2015-03-30T22:00:00+00:00","dateModified":"2024-07-09T11:06:14+00:00","breadcrumb":{"@id":"https:\/\/welem.com\/enr\/produit\/sortie-de-toit-metallique-pour-vmc-o200mm\/#breadcrumb"},"inLanguage":"fr-FR","potentialAction":[{"@type":"ReadAction","target":["https:\/\/welem.com\/enr\/produit\/sortie-de-toit-metallique-pour-vmc-o200mm\/"]}]},{"@type":"ImageObject","inLanguage":"fr-FR","@id":"https:\/\/welem.com\/enr\/produit\/sortie-de-toit-metallique-pour-vmc-o200mm\/#primaryimage","url":"https:\/\/welem.com\/enr\/wp-content\/uploads\/OuiSortieToitMettalliqueCTM.jpg","contentUrl":"https:\/\/welem.com\/enr\/wp-content\/uploads\/OuiSortieToitMettalliqueCTM.jpg","width":600,"height":450},{"@type":"BreadcrumbList","@id":"https:\/\/welem.com\/enr\/produit\/sortie-de-toit-metallique-pour-vmc-o200mm\/#breadcrumb","itemListElement":[{"@type":"ListItem","position":1,"name":"Accueil","item":"https:\/\/welem.com\/enr\/"},{"@type":"ListItem","position":2,"name":"Boutique","item":"https:\/\/welem.com\/enr\/shop\/"},{"@type":"ListItem","position":3,"name":"Sortie de toit M\u00e9tallique pour VMC \u00d8200mm"}]},{"@type":"WebSite","@id":"https:\/\/welem.com\/enr\/#website","url":"https:\/\/welem.com\/enr\/","name":"WELEM - L'\u00e9nergie autrement","description":"La r\u00e9novation \u00e9nerg\u00e9tique globale","publisher":{"@id":"https:\/\/welem.com\/enr\/#organization"},"potentialAction":[{"@type":"SearchAction","target":{"@type":"EntryPoint","urlTemplate":"https:\/\/welem.com\/enr\/?s={search_term_string}"},"query-input":{"@type":"PropertyValueSpecification","valueRequired":true,"valueName":"search_term_string"}}],"inLanguage":"fr-FR"},{"@type":"Organization","@id":"https:\/\/welem.com\/enr\/#organization","name":"WELEM","url":"https:\/\/welem.com\/enr\/","logo":{"@type":"ImageObject","inLanguage":"fr-FR","@id":"https:\/\/welem.com\/enr\/#\/schema\/logo\/image\/","url":"https:\/\/welem.com\/enr\/wp-content\/uploads\/logoWelemRetina.png","contentUrl":"https:\/\/welem.com\/enr\/wp-content\/uploads\/logoWelemRetina.png","width":900,"height":311,"caption":"WELEM"},"image":{"@id":"https:\/\/welem.com\/enr\/#\/schema\/logo\/image\/"},"sameAs":["https:\/\/www.facebook.com\/WELEM-105304956191421","https:\/\/x.com\/societewelem","https:\/\/www.youtube.com\/channel\/UCx7WBxMNWO_SgykAVYK0xzQ"]}]}},"_links":{"self":[{"href":"https:\/\/welem.com\/enr\/wp-json\/wp\/v2\/product\/4146","targetHints":{"allow":["GET"]}}],"collection":[{"href":"https:\/\/welem.com\/enr\/wp-json\/wp\/v2\/product"}],"about":[{"href":"https:\/\/welem.com\/enr\/wp-json\/wp\/v2\/types\/product"}],"replies":[{"embeddable":true,"href":"https:\/\/welem.com\/enr\/wp-json\/wp\/v2\/comments?post=4146"}],"wp:featuredmedia":[{"embeddable":true,"href":"https:\/\/welem.com\/enr\/wp-json\/wp\/v2\/media\/72044"}],"wp:attachment":[{"href":"https:\/\/welem.com\/enr\/wp-json\/wp\/v2\/media?parent=4146"}],"wp:term":[{"taxonomy":"product_brand","embeddable":true,"href":"https:\/\/welem.com\/enr\/wp-json\/wp\/v2\/product_brand?post=4146"},{"taxonomy":"product_cat","embeddable":true,"href":"https:\/\/welem.com\/enr\/wp-json\/wp\/v2\/product_cat?post=4146"},{"taxonomy":"product_tag","embeddable":true,"href":"https:\/\/welem.com\/enr\/wp-json\/wp\/v2\/product_tag?post=4146"}],"curies":[{"name":"wp","href":"https:\/\/api.w.org\/{rel}","templated":true}]}}